{"id":10395,"date":"2024-01-11T10:55:11","date_gmt":"2024-01-11T09:55:11","guid":{"rendered":"https:\/\/oikon.hr\/zavodi\/department-of-sustainability-and-climate-resiliency\/"},"modified":"2024-03-05T09:26:23","modified_gmt":"2024-03-05T08:26:23","slug":"zavod-za-odrzivost-i-klimatsku-otpornost","status":"publish","type":"page","link":"https:\/\/oikon.hr\/hr\/zavodi\/zavod-za-odrzivost-i-klimatsku-otpornost\/","title":{"rendered":"Zavod za odr\u017eivost i klimatsku otpornost"},"content":{"rendered":"\n<p><strong>Voditeljica Zavoda:&nbsp;<\/strong>Andreja Pavlovi\u0107<\/p>\n\n\n\n<p><strong>Kontakt:&nbsp;<\/strong><a href=\"mailto:apavlovic@oikon.hr\">e-mail<\/a><\/p>\n\n\n\n<hr class=\"wp-block-separator has-text-color has-cyan-bluish-gray-color has-alpha-channel-opacity has-cyan-bluish-gray-background-color has-background is-style-wide\"\/>\n\n\n\n<p>Dobrodo\u0161li u Zavod za odr\u017eivost i klimatsku otpornost u Oikonu d.o.o.\u2013 Institutu za primijenjenu ekologiju, gdje protresamo svijet odr\u017eivosti \u2013 korak po korak. Usred Europskog zelenog plana i Akcijskog plana o financiranju odr\u017eivog rasta, na\u0161 tim je ovdje da vodi organizacije kroz labirint propisa i pretvori ih u prilike za trajnu promjenu.<\/p>\n\n\n\n<p><strong>Prihva\u0107anje izazova i iskori\u0161tavanje prilika<\/strong><\/p>\n\n\n\n<p>U Oikonu razumijemo razli\u010dite osje\u0107aje koji prate najnoviji val propisa usmjerenih na odr\u017eivost. Neki tih vide kao zastra\u0161uju\u0107i tsunami, ali mi ih vidimo kao priliku za preoblikovanje uzusa &#8220;uobi\u010dajenog na\u010dina poslovanja&#8221;. Na\u0161 je posao opremiti tvrtke stru\u010dno\u0161\u0107u, profesionalnom strogo\u0161\u0107u i alatima koji su im potrebni za uspje\u0161no snala\u017eenje u slo\u017eenostima odr\u017eivosti i klimatske otpornosti.<\/p>\n\n\n\n<p><strong>Prednost Oikona<\/strong><\/p>\n\n\n\n<ul class=\"wp-block-list\">\n<li><strong>Znanstvena izvrsnost<\/strong><\/li>\n<\/ul>\n\n\n\n<p>Na\u0161 pristup temelji se na znanstveno utemeljenim metodologijama uskla\u0111enim s ambicioznim ciljem ograni\u010davanja globalnog zagrijavanja na 1,5\u00b0C i postizanja neto nula emisija do 2050. U svijetu koji se suo\u010dava s porastom temperatura i ozbiljnim gubitkom bioraznolikosti, na\u0161a stalna i strastvena predanost znanstvenoj utemeljenosti i profesionalnoj strogo\u0107i \u010dini nas posebnima.<\/p>\n\n\n\n<ul class=\"wp-block-list\">\n<li><strong>Odlu\u010divanje temeljeno na podacima<\/strong><\/li>\n<\/ul>\n\n\n\n<p>Koristimo opse\u017ene baze podataka i javne analize podataka kako bismo upravlja\u010dkim i nadzornim tijelima osigurali klju\u010dne informacije za informirano dono\u0161enje odluka o stvarnim i o\u010dekivanim posljedicama materijalnih utjecaja, rizika i prilika na njihov poslovni model, lanac vrijednosti i strategiji. Na\u0161 fokus nije samo na kvalitativnim procjenama, ve\u0107 i na kvantificiranju utjecaja, rizika i prilika u podru\u010djima okoli\u0161a, dru\u0161tva i upravljanja te vi\u0161estrukim lancima vrijednosti.<\/p>\n\n\n\n<ul class=\"wp-block-list\">\n<li><strong>Pojednostavljivanje ESG abecede<\/strong><\/li>\n<\/ul>\n\n\n\n<p>ESG abeceda mo\u017ee biti slo\u017eena, ali s Oikonom postaje jednostavnija i upravljiva. Dekodiramo \u017eargon SDG-a, ESG-a, CSRD-a, ESRS-a, EU taksonomije, DNSH-a, IFRS-a i vi\u0161e, poma\u017eu\u0107i organizacijama da s jasno\u0107om &nbsp;primjenjuju odr\u017eivost.<\/p>\n\n\n\n<p><strong>Partnerstvo s Oikonom<\/strong><\/p>\n\n\n\n<p>Zavod za odr\u017eivosti i klimatsku otpornost u Oikonu va\u0161 je strate\u0161ki partner u snala\u017eenju krajolikom odr\u017eivosti. Izgradimo zajedno otpornu i odr\u017eivu budu\u0107nost \u2013 korak po korak.<\/p>\n\n\n\n<p>Za vi\u0161e informacija o na\u0161im uslugama za odr\u017eivost posjetite: <a href=\"https:\/\/oikon.hr\/hr\/usluge-za-odrzivost\/\">https:\/\/oikon.hr\/hr\/usluge-za-odrzivost\/<\/a> <\/p>\n\n\n\n<p>Pogledajte neke od na\u0161ih referenci <a href=\"https:\/\/oikon.hr\/hr\/topic\/projekti\/odrzivost\/\" target=\"_blank\" rel=\"noreferrer noopener\">OVDJE<\/a>.<\/p>\n","protected":false},"excerpt":{"rendered":"<p>Voditeljica Zavoda:&nbsp;Andreja Pavlovi\u0107 Kontakt:&nbsp;e-mail Dobrodo\u0161li u Zavod za odr\u017eivost i klimatsku otpornost u Oikonu d.o.o.\u2013 Institutu za primijenjenu ekologiju, gdje protresamo svijet odr\u017eivosti \u2013 korak po korak. Usred Europskog zelenog plana i Akcijskog plana o financiranju odr\u017eivog rasta, na\u0161 tim je ovdje da vodi organizacije kroz labirint propisa i pretvori ih u prilike za trajnu &hellip; <a href=\"https:\/\/oikon.hr\/hr\/zavodi\/zavod-za-odrzivost-i-klimatsku-otpornost\/\">Saznajte vi\u0161e<\/a><\/p>\n","protected":false},"author":2,"featured_media":0,"parent":2063,"menu_order":0,"comment_status":"closed","ping_status":"closed","template":"","meta":{"_acf_changed":false,"footnotes":""},"class_list":["post-10395","page","type-page","status-publish","hentry"],"acf":[],"yoast_head":"<!-- This site is optimized with the Yoast SEO plugin v27.0 - https:\/\/yoast.com\/product\/yoast-seo-wordpress\/ -->\n<title>Zavod za odr\u017eivost i klimatsku otpornost &#8211; Oikon d.o.o.<\/title>\n<meta name=\"description\" content=\"Voditeljica Zavoda:&nbsp;Andreja Pavlovi\u0107 Kontakt:&nbsp;e-mail Dobrodo\u0161li u Zavod za odr\u017eivost i klimatsku otpornost u Oikonu d.o.o.\u2013 Institutu za\" \/>\n<meta name=\"robots\" content=\"index, follow, max-snippet:-1, max-image-preview:large, max-video-preview:-1\" \/>\n<link rel=\"canonical\" href=\"https:\/\/oikon.hr\/hr\/zavodi\/zavod-za-odrzivost-i-klimatsku-otpornost\/\" \/>\n<meta property=\"og:locale\" content=\"hr_HR\" \/>\n<meta property=\"og:type\" content=\"article\" \/>\n<meta property=\"og:title\" content=\"Zavod za odr\u017eivost i klimatsku otpornost &#8211; Oikon d.o.o.\" \/>\n<meta property=\"og:description\" content=\"Voditeljica Zavoda:&nbsp;Andreja Pavlovi\u0107 Kontakt:&nbsp;e-mail Dobrodo\u0161li u Zavod za odr\u017eivost i klimatsku otpornost u Oikonu d.o.o.\u2013 Institutu za\" \/>\n<meta property=\"og:url\" content=\"https:\/\/oikon.hr\/hr\/zavodi\/zavod-za-odrzivost-i-klimatsku-otpornost\/\" \/>\n<meta property=\"og:site_name\" content=\"Oikon d.o.o.\" \/>\n<meta property=\"article:publisher\" content=\"http:\/\/www.facebook.com\/OikonLtd\/\" \/>\n<meta property=\"article:modified_time\" content=\"2024-03-05T08:26:23+00:00\" \/>\n<meta name=\"twitter:card\" content=\"summary_large_image\" \/>\n<meta name=\"twitter:site\" content=\"@OikonLtd\" \/>\n<meta name=\"twitter:label1\" content=\"Est. reading time\" \/>\n\t<meta name=\"twitter:data1\" content=\"2 minutes\" \/>\n<script type=\"application\/ld+json\" class=\"yoast-schema-graph\">{\"@context\":\"https:\/\/schema.org\",\"@graph\":[{\"@type\":\"WebPage\",\"@id\":\"https:\/\/oikon.hr\/hr\/zavodi\/zavod-za-odrzivost-i-klimatsku-otpornost\/\",\"url\":\"https:\/\/oikon.hr\/hr\/zavodi\/zavod-za-odrzivost-i-klimatsku-otpornost\/\",\"name\":\"Zavod za odr\u017eivost i klimatsku otpornost &#8211; Oikon d.o.o.\",\"isPartOf\":{\"@id\":\"https:\/\/oikon.hr\/#website\"},\"datePublished\":\"2024-01-11T09:55:11+00:00\",\"dateModified\":\"2024-03-05T08:26:23+00:00\",\"description\":\"Voditeljica Zavoda:&nbsp;Andreja Pavlovi\u0107 Kontakt:&nbsp;e-mail Dobrodo\u0161li u Zavod za odr\u017eivost i klimatsku otpornost u Oikonu d.o.o.\u2013 Institutu za\",\"breadcrumb\":{\"@id\":\"https:\/\/oikon.hr\/hr\/zavodi\/zavod-za-odrzivost-i-klimatsku-otpornost\/#breadcrumb\"},\"inLanguage\":\"hr-HR\",\"potentialAction\":[{\"@type\":\"ReadAction\",\"target\":[\"https:\/\/oikon.hr\/hr\/zavodi\/zavod-za-odrzivost-i-klimatsku-otpornost\/\"]}]},{\"@type\":\"BreadcrumbList\",\"@id\":\"https:\/\/oikon.hr\/hr\/zavodi\/zavod-za-odrzivost-i-klimatsku-otpornost\/#breadcrumb\",\"itemListElement\":[{\"@type\":\"ListItem\",\"position\":1,\"name\":\"\",\"item\":\"https:\/\/oikon.hr\/hr\/\"},{\"@type\":\"ListItem\",\"position\":2,\"name\":\"ZAVODI\",\"item\":\"https:\/\/oikon.hr\/hr\/zavodi\/\"},{\"@type\":\"ListItem\",\"position\":3,\"name\":\"Zavod za odr\u017eivost i klimatsku otpornost\"}]},{\"@type\":\"WebSite\",\"@id\":\"https:\/\/oikon.hr\/#website\",\"url\":\"https:\/\/oikon.hr\/\",\"name\":\"Oikon d.o.o.\",\"description\":\"Institut za primijenjenu ekologiju\",\"publisher\":{\"@id\":\"https:\/\/oikon.hr\/#organization\"},\"alternateName\":\"OIKON\",\"potentialAction\":[{\"@type\":\"SearchAction\",\"target\":{\"@type\":\"EntryPoint\",\"urlTemplate\":\"https:\/\/oikon.hr\/?s={search_term_string}\"},\"query-input\":{\"@type\":\"PropertyValueSpecification\",\"valueRequired\":true,\"valueName\":\"search_term_string\"}}],\"inLanguage\":\"hr-HR\"},{\"@type\":\"Organization\",\"@id\":\"https:\/\/oikon.hr\/#organization\",\"name\":\"Oikon d.o.o. - Institut za primijenjenu ekologiju\",\"alternateName\":\"OIKON\",\"url\":\"https:\/\/oikon.hr\/\",\"logo\":{\"@type\":\"ImageObject\",\"inLanguage\":\"hr-HR\",\"@id\":\"https:\/\/oikon.hr\/#\/schema\/logo\/image\/\",\"url\":\"https:\/\/oikon.hr\/cms\/wp-content\/uploads\/2021\/01\/OIKON_R_logo_transparent.png\",\"contentUrl\":\"https:\/\/oikon.hr\/cms\/wp-content\/uploads\/2021\/01\/OIKON_R_logo_transparent.png\",\"width\":1660,\"height\":541,\"caption\":\"Oikon d.o.o. - Institut za primijenjenu ekologiju\"},\"image\":{\"@id\":\"https:\/\/oikon.hr\/#\/schema\/logo\/image\/\"},\"sameAs\":[\"http:\/\/www.facebook.com\/OikonLtd\/\",\"https:\/\/x.com\/OikonLtd\",\"https:\/\/www.instagram.com\/oikon_ltd\/\",\"https:\/\/www.linkedin.com\/company\/oikon---institute-for-applied-technology\/\",\"https:\/\/www.youtube.com\/channel\/UCu_eJ0ct90AEN8D85KWcRHQ\"]}]}<\/script>\n<!-- \/ Yoast SEO plugin. -->","yoast_head_json":{"title":"Zavod za odr\u017eivost i klimatsku otpornost &#8211; Oikon d.o.o.","description":"Voditeljica Zavoda:&nbsp;Andreja Pavlovi\u0107 Kontakt:&nbsp;e-mail Dobrodo\u0161li u Zavod za odr\u017eivost i klimatsku otpornost u Oikonu d.o.o.\u2013 Institutu za","robots":{"index":"index","follow":"follow","max-snippet":"max-snippet:-1","max-image-preview":"max-image-preview:large","max-video-preview":"max-video-preview:-1"},"canonical":"https:\/\/oikon.hr\/hr\/zavodi\/zavod-za-odrzivost-i-klimatsku-otpornost\/","og_locale":"hr_HR","og_type":"article","og_title":"Zavod za odr\u017eivost i klimatsku otpornost &#8211; Oikon d.o.o.","og_description":"Voditeljica Zavoda:&nbsp;Andreja Pavlovi\u0107 Kontakt:&nbsp;e-mail Dobrodo\u0161li u Zavod za odr\u017eivost i klimatsku otpornost u Oikonu d.o.o.\u2013 Institutu za","og_url":"https:\/\/oikon.hr\/hr\/zavodi\/zavod-za-odrzivost-i-klimatsku-otpornost\/","og_site_name":"Oikon d.o.o.","article_publisher":"http:\/\/www.facebook.com\/OikonLtd\/","article_modified_time":"2024-03-05T08:26:23+00:00","twitter_card":"summary_large_image","twitter_site":"@OikonLtd","twitter_misc":{"Est. reading time":"2 minutes"},"schema":{"@context":"https:\/\/schema.org","@graph":[{"@type":"WebPage","@id":"https:\/\/oikon.hr\/hr\/zavodi\/zavod-za-odrzivost-i-klimatsku-otpornost\/","url":"https:\/\/oikon.hr\/hr\/zavodi\/zavod-za-odrzivost-i-klimatsku-otpornost\/","name":"Zavod za odr\u017eivost i klimatsku otpornost &#8211; Oikon d.o.o.","isPartOf":{"@id":"https:\/\/oikon.hr\/#website"},"datePublished":"2024-01-11T09:55:11+00:00","dateModified":"2024-03-05T08:26:23+00:00","description":"Voditeljica Zavoda:&nbsp;Andreja Pavlovi\u0107 Kontakt:&nbsp;e-mail Dobrodo\u0161li u Zavod za odr\u017eivost i klimatsku otpornost u Oikonu d.o.o.\u2013 Institutu za","breadcrumb":{"@id":"https:\/\/oikon.hr\/hr\/zavodi\/zavod-za-odrzivost-i-klimatsku-otpornost\/#breadcrumb"},"inLanguage":"hr-HR","potentialAction":[{"@type":"ReadAction","target":["https:\/\/oikon.hr\/hr\/zavodi\/zavod-za-odrzivost-i-klimatsku-otpornost\/"]}]},{"@type":"BreadcrumbList","@id":"https:\/\/oikon.hr\/hr\/zavodi\/zavod-za-odrzivost-i-klimatsku-otpornost\/#breadcrumb","itemListElement":[{"@type":"ListItem","position":1,"name":"","item":"https:\/\/oikon.hr\/hr\/"},{"@type":"ListItem","position":2,"name":"ZAVODI","item":"https:\/\/oikon.hr\/hr\/zavodi\/"},{"@type":"ListItem","position":3,"name":"Zavod za odr\u017eivost i klimatsku otpornost"}]},{"@type":"WebSite","@id":"https:\/\/oikon.hr\/#website","url":"https:\/\/oikon.hr\/","name":"Oikon d.o.o.","description":"Institut za primijenjenu ekologiju","publisher":{"@id":"https:\/\/oikon.hr\/#organization"},"alternateName":"OIKON","potentialAction":[{"@type":"SearchAction","target":{"@type":"EntryPoint","urlTemplate":"https:\/\/oikon.hr\/?s={search_term_string}"},"query-input":{"@type":"PropertyValueSpecification","valueRequired":true,"valueName":"search_term_string"}}],"inLanguage":"hr-HR"},{"@type":"Organization","@id":"https:\/\/oikon.hr\/#organization","name":"Oikon d.o.o. - Institut za primijenjenu ekologiju","alternateName":"OIKON","url":"https:\/\/oikon.hr\/","logo":{"@type":"ImageObject","inLanguage":"hr-HR","@id":"https:\/\/oikon.hr\/#\/schema\/logo\/image\/","url":"https:\/\/oikon.hr\/cms\/wp-content\/uploads\/2021\/01\/OIKON_R_logo_transparent.png","contentUrl":"https:\/\/oikon.hr\/cms\/wp-content\/uploads\/2021\/01\/OIKON_R_logo_transparent.png","width":1660,"height":541,"caption":"Oikon d.o.o. - Institut za primijenjenu ekologiju"},"image":{"@id":"https:\/\/oikon.hr\/#\/schema\/logo\/image\/"},"sameAs":["http:\/\/www.facebook.com\/OikonLtd\/","https:\/\/x.com\/OikonLtd","https:\/\/www.instagram.com\/oikon_ltd\/","https:\/\/www.linkedin.com\/company\/oikon---institute-for-applied-technology\/","https:\/\/www.youtube.com\/channel\/UCu_eJ0ct90AEN8D85KWcRHQ"]}]}},"_links":{"self":[{"href":"https:\/\/oikon.hr\/hr\/wp-json\/wp\/v2\/pages\/10395","targetHints":{"allow":["GET"]}}],"collection":[{"href":"https:\/\/oikon.hr\/hr\/wp-json\/wp\/v2\/pages"}],"about":[{"href":"https:\/\/oikon.hr\/hr\/wp-json\/wp\/v2\/types\/page"}],"author":[{"embeddable":true,"href":"https:\/\/oikon.hr\/hr\/wp-json\/wp\/v2\/users\/2"}],"replies":[{"embeddable":true,"href":"https:\/\/oikon.hr\/hr\/wp-json\/wp\/v2\/comments?post=10395"}],"version-history":[{"count":2,"href":"https:\/\/oikon.hr\/hr\/wp-json\/wp\/v2\/pages\/10395\/revisions"}],"predecessor-version":[{"id":10530,"href":"https:\/\/oikon.hr\/hr\/wp-json\/wp\/v2\/pages\/10395\/revisions\/10530"}],"up":[{"embeddable":true,"href":"https:\/\/oikon.hr\/hr\/wp-json\/wp\/v2\/pages\/2063"}],"wp:attachment":[{"href":"https:\/\/oikon.hr\/hr\/wp-json\/wp\/v2\/media?parent=10395"}],"curies":[{"name":"wp","href":"https:\/\/api.w.org\/{rel}","templated":true}]}}