{"id":2061,"date":"2017-07-11T18:45:15","date_gmt":"2017-07-11T16:45:15","guid":{"rendered":"http:\/\/localhost\/oikon\/kontakt\/"},"modified":"2018-06-18T13:47:52","modified_gmt":"2018-06-18T11:47:52","slug":"kontakt","status":"publish","type":"page","link":"https:\/\/oikon.hr\/hr\/kontakt\/","title":{"rendered":"KONTAKT"},"content":{"rendered":"<div id=\"panel-806-1-0-0\" class=\"so-panel widget widget_sow-editor panel-first-child\" data-index=\"0\">\n<div class=\"so-widget-sow-editor so-widget-sow-editor-base\">\n<div class=\"siteorigin-widget-tinymce textwidget\">\n<p>Kao jedna od vode\u0107ih konzultantskih ku\u0107a u podru\u010dju za\u0161tite okoli\u0161a i prirode u Hrvatskoj i regiji mo\u017eemo Vam pru\u017eiti visokostru\u010dne i inovativne usluge i rje\u0161enja.<\/p>\n<p>Slobodno nas\u00a0<a href=\"mailto:oikon@oikon.hr\" data-slimstat=\"5\">kontaktirajte<\/a>\u00a0za vi\u0161e informacija ili za ponudu. Veselimo se suradnji i novim izazovima.<\/p>\n<\/div>\n<\/div>\n<\/div>\n<div id=\"panel-806-1-0-1\" class=\"so-panel widget widget_sow-editor\" data-index=\"1\">\n<div class=\"so-widget-sow-editor so-widget-sow-editor-base\">\n<div class=\"siteorigin-widget-tinymce textwidget\">\n<p><strong>Oikon d.o.o. &#8211; Institut za primijenjenu ekologiju<\/strong><br \/>\nTrg senjskih uskoka 1-2<br \/>\nHR-10020 Zagreb<\/p>\n<p>T +385 1 5507 100<br \/>\nF +385 1 5507 101<\/p>\n<\/div>\n<\/div>\n<\/div>\n<p><iframe loading=\"lazy\" style=\"border: 0;\" src=\"https:\/\/www.google.com\/maps\/embed?pb=!1m14!1m8!1m3!1d11131.597865110014!2d15.972886999999998!3d45.773205!3m2!1i1024!2i768!4f13.1!3m3!1m2!1s0x4765d6787b83cc03%3A0xb853f9aa0b732979!2sTrg+Senjskih+uskoka+1%2C+10000%2C+Zagreb%2C+Croatia!5e0!3m2!1sen!2shr!4v1499887456099\" width=\"100%\" height=\"450\" frameborder=\"0\" allowfullscreen=\"allowfullscreen\"><\/iframe><\/p>\n<p>&nbsp;<\/p>\n","protected":false},"excerpt":{"rendered":"<p>Kao jedna od vode\u0107ih konzultantskih ku\u0107a u podru\u010dju za\u0161tite okoli\u0161a i prirode u Hrvatskoj i regiji mo\u017eemo Vam pru\u017eiti visokostru\u010dne i inovativne usluge i rje\u0161enja. Slobodno nas\u00a0kontaktirajte\u00a0za vi\u0161e informacija ili za ponudu. Veselimo se suradnji i novim izazovima. Oikon d.o.o. &#8211; Institut za primijenjenu ekologiju Trg senjskih uskoka 1-2 HR-10020 Zagreb T +385 1 5507 &hellip; <a href=\"https:\/\/oikon.hr\/hr\/kontakt\/\">Saznajte vi\u0161e<\/a><\/p>\n","protected":false},"author":1,"featured_media":0,"parent":0,"menu_order":0,"comment_status":"closed","ping_status":"closed","template":"template-kontakt.php","meta":{"_acf_changed":false,"footnotes":""},"class_list":["post-2061","page","type-page","status-publish","hentry"],"acf":[],"yoast_head":"<!-- This site is optimized with the Yoast SEO plugin v27.0 - https:\/\/yoast.com\/product\/yoast-seo-wordpress\/ -->\n<title>KONTAKT &#8211; Oikon d.o.o.<\/title>\n<meta name=\"description\" content=\"Kao jedna od vode\u0107ih konzultantskih ku\u0107a u podru\u010dju za\u0161tite okoli\u0161a i prirode u Hrvatskoj i regiji mo\u017eemo Vam pru\u017eiti visokostru\u010dne i inovativne usluge i\" \/>\n<meta name=\"robots\" content=\"index, follow, max-snippet:-1, max-image-preview:large, max-video-preview:-1\" \/>\n<link rel=\"canonical\" href=\"https:\/\/oikon.hr\/hr\/kontakt\/\" \/>\n<meta property=\"og:locale\" content=\"hr_HR\" \/>\n<meta property=\"og:type\" content=\"article\" \/>\n<meta property=\"og:title\" content=\"KONTAKT &#8211; Oikon d.o.o.\" \/>\n<meta property=\"og:description\" content=\"Kao jedna od vode\u0107ih konzultantskih ku\u0107a u podru\u010dju za\u0161tite okoli\u0161a i prirode u Hrvatskoj i regiji mo\u017eemo Vam pru\u017eiti visokostru\u010dne i inovativne usluge i\" \/>\n<meta property=\"og:url\" content=\"https:\/\/oikon.hr\/hr\/kontakt\/\" \/>\n<meta property=\"og:site_name\" content=\"Oikon d.o.o.\" \/>\n<meta property=\"article:publisher\" content=\"http:\/\/www.facebook.com\/OikonLtd\/\" \/>\n<meta property=\"article:modified_time\" content=\"2018-06-18T11:47:52+00:00\" \/>\n<meta name=\"twitter:card\" content=\"summary_large_image\" \/>\n<meta name=\"twitter:site\" content=\"@OikonLtd\" \/>\n<script type=\"application\/ld+json\" class=\"yoast-schema-graph\">{\"@context\":\"https:\/\/schema.org\",\"@graph\":[{\"@type\":\"WebPage\",\"@id\":\"https:\/\/oikon.hr\/hr\/kontakt\/\",\"url\":\"https:\/\/oikon.hr\/hr\/kontakt\/\",\"name\":\"KONTAKT &#8211; Oikon d.o.o.\",\"isPartOf\":{\"@id\":\"https:\/\/oikon.hr\/#website\"},\"datePublished\":\"2017-07-11T16:45:15+00:00\",\"dateModified\":\"2018-06-18T11:47:52+00:00\",\"description\":\"Kao jedna od vode\u0107ih konzultantskih ku\u0107a u podru\u010dju za\u0161tite okoli\u0161a i prirode u Hrvatskoj i regiji mo\u017eemo Vam pru\u017eiti visokostru\u010dne i inovativne usluge i\",\"breadcrumb\":{\"@id\":\"https:\/\/oikon.hr\/hr\/kontakt\/#breadcrumb\"},\"inLanguage\":\"hr-HR\",\"potentialAction\":[{\"@type\":\"ReadAction\",\"target\":[\"https:\/\/oikon.hr\/hr\/kontakt\/\"]}]},{\"@type\":\"BreadcrumbList\",\"@id\":\"https:\/\/oikon.hr\/hr\/kontakt\/#breadcrumb\",\"itemListElement\":[{\"@type\":\"ListItem\",\"position\":1,\"name\":\"\",\"item\":\"https:\/\/oikon.hr\/hr\/\"},{\"@type\":\"ListItem\",\"position\":2,\"name\":\"KONTAKT\"}]},{\"@type\":\"WebSite\",\"@id\":\"https:\/\/oikon.hr\/#website\",\"url\":\"https:\/\/oikon.hr\/\",\"name\":\"Oikon d.o.o.\",\"description\":\"Institut za primijenjenu ekologiju\",\"publisher\":{\"@id\":\"https:\/\/oikon.hr\/#organization\"},\"alternateName\":\"OIKON\",\"potentialAction\":[{\"@type\":\"SearchAction\",\"target\":{\"@type\":\"EntryPoint\",\"urlTemplate\":\"https:\/\/oikon.hr\/?s={search_term_string}\"},\"query-input\":{\"@type\":\"PropertyValueSpecification\",\"valueRequired\":true,\"valueName\":\"search_term_string\"}}],\"inLanguage\":\"hr-HR\"},{\"@type\":\"Organization\",\"@id\":\"https:\/\/oikon.hr\/#organization\",\"name\":\"Oikon d.o.o. - Institut za primijenjenu ekologiju\",\"alternateName\":\"OIKON\",\"url\":\"https:\/\/oikon.hr\/\",\"logo\":{\"@type\":\"ImageObject\",\"inLanguage\":\"hr-HR\",\"@id\":\"https:\/\/oikon.hr\/#\/schema\/logo\/image\/\",\"url\":\"https:\/\/oikon.hr\/cms\/wp-content\/uploads\/2021\/01\/OIKON_R_logo_transparent.png\",\"contentUrl\":\"https:\/\/oikon.hr\/cms\/wp-content\/uploads\/2021\/01\/OIKON_R_logo_transparent.png\",\"width\":1660,\"height\":541,\"caption\":\"Oikon d.o.o. - Institut za primijenjenu ekologiju\"},\"image\":{\"@id\":\"https:\/\/oikon.hr\/#\/schema\/logo\/image\/\"},\"sameAs\":[\"http:\/\/www.facebook.com\/OikonLtd\/\",\"https:\/\/x.com\/OikonLtd\",\"https:\/\/www.instagram.com\/oikon_ltd\/\",\"https:\/\/www.linkedin.com\/company\/oikon---institute-for-applied-technology\/\",\"https:\/\/www.youtube.com\/channel\/UCu_eJ0ct90AEN8D85KWcRHQ\"]}]}<\/script>\n<!-- \/ Yoast SEO plugin. -->","yoast_head_json":{"title":"KONTAKT &#8211; Oikon d.o.o.","description":"Kao jedna od vode\u0107ih konzultantskih ku\u0107a u podru\u010dju za\u0161tite okoli\u0161a i prirode u Hrvatskoj i regiji mo\u017eemo Vam pru\u017eiti visokostru\u010dne i inovativne usluge i","robots":{"index":"index","follow":"follow","max-snippet":"max-snippet:-1","max-image-preview":"max-image-preview:large","max-video-preview":"max-video-preview:-1"},"canonical":"https:\/\/oikon.hr\/hr\/kontakt\/","og_locale":"hr_HR","og_type":"article","og_title":"KONTAKT &#8211; Oikon d.o.o.","og_description":"Kao jedna od vode\u0107ih konzultantskih ku\u0107a u podru\u010dju za\u0161tite okoli\u0161a i prirode u Hrvatskoj i regiji mo\u017eemo Vam pru\u017eiti visokostru\u010dne i inovativne usluge i","og_url":"https:\/\/oikon.hr\/hr\/kontakt\/","og_site_name":"Oikon d.o.o.","article_publisher":"http:\/\/www.facebook.com\/OikonLtd\/","article_modified_time":"2018-06-18T11:47:52+00:00","twitter_card":"summary_large_image","twitter_site":"@OikonLtd","schema":{"@context":"https:\/\/schema.org","@graph":[{"@type":"WebPage","@id":"https:\/\/oikon.hr\/hr\/kontakt\/","url":"https:\/\/oikon.hr\/hr\/kontakt\/","name":"KONTAKT &#8211; Oikon d.o.o.","isPartOf":{"@id":"https:\/\/oikon.hr\/#website"},"datePublished":"2017-07-11T16:45:15+00:00","dateModified":"2018-06-18T11:47:52+00:00","description":"Kao jedna od vode\u0107ih konzultantskih ku\u0107a u podru\u010dju za\u0161tite okoli\u0161a i prirode u Hrvatskoj i regiji mo\u017eemo Vam pru\u017eiti visokostru\u010dne i inovativne usluge i","breadcrumb":{"@id":"https:\/\/oikon.hr\/hr\/kontakt\/#breadcrumb"},"inLanguage":"hr-HR","potentialAction":[{"@type":"ReadAction","target":["https:\/\/oikon.hr\/hr\/kontakt\/"]}]},{"@type":"BreadcrumbList","@id":"https:\/\/oikon.hr\/hr\/kontakt\/#breadcrumb","itemListElement":[{"@type":"ListItem","position":1,"name":"","item":"https:\/\/oikon.hr\/hr\/"},{"@type":"ListItem","position":2,"name":"KONTAKT"}]},{"@type":"WebSite","@id":"https:\/\/oikon.hr\/#website","url":"https:\/\/oikon.hr\/","name":"Oikon d.o.o.","description":"Institut za primijenjenu ekologiju","publisher":{"@id":"https:\/\/oikon.hr\/#organization"},"alternateName":"OIKON","potentialAction":[{"@type":"SearchAction","target":{"@type":"EntryPoint","urlTemplate":"https:\/\/oikon.hr\/?s={search_term_string}"},"query-input":{"@type":"PropertyValueSpecification","valueRequired":true,"valueName":"search_term_string"}}],"inLanguage":"hr-HR"},{"@type":"Organization","@id":"https:\/\/oikon.hr\/#organization","name":"Oikon d.o.o. - Institut za primijenjenu ekologiju","alternateName":"OIKON","url":"https:\/\/oikon.hr\/","logo":{"@type":"ImageObject","inLanguage":"hr-HR","@id":"https:\/\/oikon.hr\/#\/schema\/logo\/image\/","url":"https:\/\/oikon.hr\/cms\/wp-content\/uploads\/2021\/01\/OIKON_R_logo_transparent.png","contentUrl":"https:\/\/oikon.hr\/cms\/wp-content\/uploads\/2021\/01\/OIKON_R_logo_transparent.png","width":1660,"height":541,"caption":"Oikon d.o.o. - Institut za primijenjenu ekologiju"},"image":{"@id":"https:\/\/oikon.hr\/#\/schema\/logo\/image\/"},"sameAs":["http:\/\/www.facebook.com\/OikonLtd\/","https:\/\/x.com\/OikonLtd","https:\/\/www.instagram.com\/oikon_ltd\/","https:\/\/www.linkedin.com\/company\/oikon---institute-for-applied-technology\/","https:\/\/www.youtube.com\/channel\/UCu_eJ0ct90AEN8D85KWcRHQ"]}]}},"_links":{"self":[{"href":"https:\/\/oikon.hr\/hr\/wp-json\/wp\/v2\/pages\/2061","targetHints":{"allow":["GET"]}}],"collection":[{"href":"https:\/\/oikon.hr\/hr\/wp-json\/wp\/v2\/pages"}],"about":[{"href":"https:\/\/oikon.hr\/hr\/wp-json\/wp\/v2\/types\/page"}],"author":[{"embeddable":true,"href":"https:\/\/oikon.hr\/hr\/wp-json\/wp\/v2\/users\/1"}],"replies":[{"embeddable":true,"href":"https:\/\/oikon.hr\/hr\/wp-json\/wp\/v2\/comments?post=2061"}],"version-history":[{"count":0,"href":"https:\/\/oikon.hr\/hr\/wp-json\/wp\/v2\/pages\/2061\/revisions"}],"wp:attachment":[{"href":"https:\/\/oikon.hr\/hr\/wp-json\/wp\/v2\/media?parent=2061"}],"curies":[{"name":"wp","href":"https:\/\/api.w.org\/{rel}","templated":true}]}}