{"id":2072,"date":"2017-09-22T11:40:22","date_gmt":"2017-09-22T09:40:22","guid":{"rendered":"http:\/\/localhost\/oikon\/informaticka-rjesenja-u-okolisu\/"},"modified":"2023-10-26T12:54:13","modified_gmt":"2023-10-26T10:54:13","slug":"informaticka-rjesenja-u-okolisu","status":"publish","type":"page","link":"https:\/\/oikon.hr\/hr\/zavodi\/informaticka-rjesenja-u-okolisu\/","title":{"rendered":"Informati\u010dka rje\u0161enja u okoli\u0161u"},"content":{"rendered":"<p style=\"text-align: justify;\">Za razliku od ve\u0107ine konzultantskih ku\u0107a na podru\u010dju za\u0161tite okoli\u0161a u regiji, u Oikonu inzistiramo na ulaganjima u razvoj informacijskih tehnologija i GIS-a, \u0161to svakodnevno koristimo interno kao potporu izvrsnosti na\u0161im konzultantskim uslugama, ali i pru\u017eamo klijentima kao neovisne savjetodavne i razvojne usluge. Na podru\u010dju primjene informati\u010dkih rje\u0161enja u okoli\u0161u specijalizirani smo za projektiranje, implementaciju i podr\u0161ku informacijskih sustava u za\u0161titi okoli\u0161a i prirode te u edukaciji i osposobljavanju na podru\u010dju vizualizacije\/GIS-a\/daljinskog istra\u017eivanja u za\u0161titi okoli\u0161a i prirode (open source, ESRI, RSI, 3D Nature LLC, MS Bing).<\/p>\n<p style=\"text-align: justify;\">Uspje\u0161no smo odradili vi\u0161e od <strong>165<\/strong>\u00a0daljinskih istra\u017eivanja i IT\/GIS projekata. Jedan od na\u0161ih glavnih proizvoda u ovom podru\u010dju je Registar one\u010di\u0161\u0107avanja okoli\u0161a (ROO) s Hrvatskim nacionalnim portalom Registra one\u010di\u0161\u0107avanja okoli\u0161a (HNPROO) koji je, sa \u010dak 14.000 korisnika u vrijeme najve\u0107e posje\u0107enosti i dostupnosti 24 sata na dan, sedam dana u tjednu, najve\u0107i informacijski sustav u za\u0161titi okoli\u0161a u Hrvatskoj.<\/p>\n<div id='gallery-1' class='gallery galleryid-2072 gallery-columns-3 gallery-size-wordpress-medium-gallery'><figure class='gallery-item'>\n\t\t\t<div class='gallery-icon landscape'>\n\t\t\t\t<a href='https:\/\/oikon.hr\/cms\/wp-content\/uploads\/2020\/03\/batimerija.jpg' title=\"\" data-rl_title=\"\" class=\"rl-gallery-link\" data-rl_caption=\"\" data-rel=\"lightbox-gallery-1\"><img loading=\"lazy\" decoding=\"async\" width=\"500\" height=\"250\" src=\"https:\/\/oikon.hr\/cms\/wp-content\/uploads\/2020\/03\/batimerija-500x250.jpg\" class=\"attachment-wordpress-medium-gallery size-wordpress-medium-gallery\" alt=\"\" \/><\/a>\n\t\t\t<\/div><\/figure><figure class='gallery-item'>\n\t\t\t<div class='gallery-icon landscape'>\n\t\t\t\t<a href='https:\/\/oikon.hr\/cms\/wp-content\/uploads\/2020\/03\/150_50_01_mala.jpg' title=\"\" data-rl_title=\"\" class=\"rl-gallery-link\" data-rl_caption=\"\" data-rel=\"lightbox-gallery-1\"><img loading=\"lazy\" decoding=\"async\" width=\"500\" height=\"205\" src=\"https:\/\/oikon.hr\/cms\/wp-content\/uploads\/2020\/03\/150_50_01_mala-500x205.jpg\" class=\"attachment-wordpress-medium-gallery size-wordpress-medium-gallery\" alt=\"\" \/><\/a>\n\t\t\t<\/div><\/figure><figure class='gallery-item'>\n\t\t\t<div class='gallery-icon portrait'>\n\t\t\t\t<a href='https:\/\/oikon.hr\/cms\/wp-content\/uploads\/2020\/03\/40_60_3_jpg_mala.jpg' title=\"\" data-rl_title=\"\" class=\"rl-gallery-link\" data-rl_caption=\"\" data-rel=\"lightbox-gallery-1\"><img loading=\"lazy\" decoding=\"async\" width=\"500\" height=\"250\" src=\"https:\/\/oikon.hr\/cms\/wp-content\/uploads\/2020\/03\/40_60_3_jpg_mala-500x250.jpg\" class=\"attachment-wordpress-medium-gallery size-wordpress-medium-gallery\" alt=\"\" \/><\/a>\n\t\t\t<\/div><\/figure>\n\t\t<\/div>\n\n","protected":false},"excerpt":{"rendered":"<p>Za razliku od ve\u0107ine konzultantskih ku\u0107a na podru\u010dju za\u0161tite okoli\u0161a u regiji, u Oikonu inzistiramo na ulaganjima u razvoj informacijskih tehnologija i GIS-a, \u0161to svakodnevno koristimo interno kao potporu izvrsnosti na\u0161im konzultantskim uslugama, ali i pru\u017eamo klijentima kao neovisne savjetodavne i razvojne usluge. Na podru\u010dju primjene informati\u010dkih rje\u0161enja u okoli\u0161u specijalizirani smo za projektiranje, implementaciju &hellip; <a href=\"https:\/\/oikon.hr\/hr\/zavodi\/informaticka-rjesenja-u-okolisu\/\">Saznajte vi\u0161e<\/a><\/p>\n","protected":false},"author":2,"featured_media":0,"parent":2063,"menu_order":4,"comment_status":"closed","ping_status":"closed","template":"","meta":{"_acf_changed":false,"footnotes":""},"class_list":["post-2072","page","type-page","status-publish","hentry"],"acf":[],"yoast_head":"<!-- This site is optimized with the Yoast SEO plugin v27.0 - https:\/\/yoast.com\/product\/yoast-seo-wordpress\/ -->\n<title>Informati\u010dka rje\u0161enja u okoli\u0161u &#8211; Oikon d.o.o.<\/title>\n<meta name=\"description\" content=\"Za razliku od ve\u0107ine konzultantskih ku\u0107a na podru\u010dju za\u0161tite okoli\u0161a u regiji, u Oikonu inzistiramo na ulaganjima u razvoj informacijskih tehnologija i\" \/>\n<meta name=\"robots\" content=\"index, follow, max-snippet:-1, max-image-preview:large, max-video-preview:-1\" \/>\n<link rel=\"canonical\" href=\"https:\/\/oikon.hr\/hr\/zavodi\/informaticka-rjesenja-u-okolisu\/\" \/>\n<meta property=\"og:locale\" content=\"hr_HR\" \/>\n<meta property=\"og:type\" content=\"article\" \/>\n<meta property=\"og:title\" content=\"Informati\u010dka rje\u0161enja u okoli\u0161u &#8211; Oikon d.o.o.\" \/>\n<meta property=\"og:description\" content=\"Za razliku od ve\u0107ine konzultantskih ku\u0107a na podru\u010dju za\u0161tite okoli\u0161a u regiji, u Oikonu inzistiramo na ulaganjima u razvoj informacijskih tehnologija i\" \/>\n<meta property=\"og:url\" content=\"https:\/\/oikon.hr\/hr\/zavodi\/informaticka-rjesenja-u-okolisu\/\" \/>\n<meta property=\"og:site_name\" content=\"Oikon d.o.o.\" \/>\n<meta property=\"article:publisher\" content=\"http:\/\/www.facebook.com\/OikonLtd\/\" \/>\n<meta property=\"article:modified_time\" content=\"2023-10-26T10:54:13+00:00\" \/>\n<meta property=\"og:image\" content=\"https:\/\/oikon.hr\/cms\/wp-content\/uploads\/2020\/03\/batimerija-500x250.jpg\" \/>\n<meta name=\"twitter:card\" content=\"summary_large_image\" \/>\n<meta name=\"twitter:site\" content=\"@OikonLtd\" \/>\n<meta name=\"twitter:label1\" content=\"Est. reading time\" \/>\n\t<meta name=\"twitter:data1\" content=\"1 minute\" \/>\n<script type=\"application\/ld+json\" class=\"yoast-schema-graph\">{\"@context\":\"https:\/\/schema.org\",\"@graph\":[{\"@type\":\"WebPage\",\"@id\":\"https:\/\/oikon.hr\/hr\/zavodi\/informaticka-rjesenja-u-okolisu\/\",\"url\":\"https:\/\/oikon.hr\/hr\/zavodi\/informaticka-rjesenja-u-okolisu\/\",\"name\":\"Informati\u010dka rje\u0161enja u okoli\u0161u &#8211; Oikon d.o.o.\",\"isPartOf\":{\"@id\":\"https:\/\/oikon.hr\/#website\"},\"datePublished\":\"2017-09-22T09:40:22+00:00\",\"dateModified\":\"2023-10-26T10:54:13+00:00\",\"description\":\"Za razliku od ve\u0107ine konzultantskih ku\u0107a na podru\u010dju za\u0161tite okoli\u0161a u regiji, u Oikonu inzistiramo na ulaganjima u razvoj informacijskih tehnologija i\",\"breadcrumb\":{\"@id\":\"https:\/\/oikon.hr\/hr\/zavodi\/informaticka-rjesenja-u-okolisu\/#breadcrumb\"},\"inLanguage\":\"hr-HR\",\"potentialAction\":[{\"@type\":\"ReadAction\",\"target\":[\"https:\/\/oikon.hr\/hr\/zavodi\/informaticka-rjesenja-u-okolisu\/\"]}]},{\"@type\":\"BreadcrumbList\",\"@id\":\"https:\/\/oikon.hr\/hr\/zavodi\/informaticka-rjesenja-u-okolisu\/#breadcrumb\",\"itemListElement\":[{\"@type\":\"ListItem\",\"position\":1,\"name\":\"\",\"item\":\"https:\/\/oikon.hr\/hr\/\"},{\"@type\":\"ListItem\",\"position\":2,\"name\":\"ZAVODI\",\"item\":\"https:\/\/oikon.hr\/hr\/zavodi\/\"},{\"@type\":\"ListItem\",\"position\":3,\"name\":\"Informati\u010dka rje\u0161enja u okoli\u0161u\"}]},{\"@type\":\"WebSite\",\"@id\":\"https:\/\/oikon.hr\/#website\",\"url\":\"https:\/\/oikon.hr\/\",\"name\":\"Oikon d.o.o.\",\"description\":\"Institut za primijenjenu ekologiju\",\"publisher\":{\"@id\":\"https:\/\/oikon.hr\/#organization\"},\"alternateName\":\"OIKON\",\"potentialAction\":[{\"@type\":\"SearchAction\",\"target\":{\"@type\":\"EntryPoint\",\"urlTemplate\":\"https:\/\/oikon.hr\/?s={search_term_string}\"},\"query-input\":{\"@type\":\"PropertyValueSpecification\",\"valueRequired\":true,\"valueName\":\"search_term_string\"}}],\"inLanguage\":\"hr-HR\"},{\"@type\":\"Organization\",\"@id\":\"https:\/\/oikon.hr\/#organization\",\"name\":\"Oikon d.o.o. - Institut za primijenjenu ekologiju\",\"alternateName\":\"OIKON\",\"url\":\"https:\/\/oikon.hr\/\",\"logo\":{\"@type\":\"ImageObject\",\"inLanguage\":\"hr-HR\",\"@id\":\"https:\/\/oikon.hr\/#\/schema\/logo\/image\/\",\"url\":\"https:\/\/oikon.hr\/cms\/wp-content\/uploads\/2021\/01\/OIKON_R_logo_transparent.png\",\"contentUrl\":\"https:\/\/oikon.hr\/cms\/wp-content\/uploads\/2021\/01\/OIKON_R_logo_transparent.png\",\"width\":1660,\"height\":541,\"caption\":\"Oikon d.o.o. - Institut za primijenjenu ekologiju\"},\"image\":{\"@id\":\"https:\/\/oikon.hr\/#\/schema\/logo\/image\/\"},\"sameAs\":[\"http:\/\/www.facebook.com\/OikonLtd\/\",\"https:\/\/x.com\/OikonLtd\",\"https:\/\/www.instagram.com\/oikon_ltd\/\",\"https:\/\/www.linkedin.com\/company\/oikon---institute-for-applied-technology\/\",\"https:\/\/www.youtube.com\/channel\/UCu_eJ0ct90AEN8D85KWcRHQ\"]}]}<\/script>\n<!-- \/ Yoast SEO plugin. -->","yoast_head_json":{"title":"Informati\u010dka rje\u0161enja u okoli\u0161u &#8211; Oikon d.o.o.","description":"Za razliku od ve\u0107ine konzultantskih ku\u0107a na podru\u010dju za\u0161tite okoli\u0161a u regiji, u Oikonu inzistiramo na ulaganjima u razvoj informacijskih tehnologija i","robots":{"index":"index","follow":"follow","max-snippet":"max-snippet:-1","max-image-preview":"max-image-preview:large","max-video-preview":"max-video-preview:-1"},"canonical":"https:\/\/oikon.hr\/hr\/zavodi\/informaticka-rjesenja-u-okolisu\/","og_locale":"hr_HR","og_type":"article","og_title":"Informati\u010dka rje\u0161enja u okoli\u0161u &#8211; Oikon d.o.o.","og_description":"Za razliku od ve\u0107ine konzultantskih ku\u0107a na podru\u010dju za\u0161tite okoli\u0161a u regiji, u Oikonu inzistiramo na ulaganjima u razvoj informacijskih tehnologija i","og_url":"https:\/\/oikon.hr\/hr\/zavodi\/informaticka-rjesenja-u-okolisu\/","og_site_name":"Oikon d.o.o.","article_publisher":"http:\/\/www.facebook.com\/OikonLtd\/","article_modified_time":"2023-10-26T10:54:13+00:00","og_image":[{"url":"https:\/\/oikon.hr\/cms\/wp-content\/uploads\/2020\/03\/batimerija-500x250.jpg","type":"","width":"","height":""}],"twitter_card":"summary_large_image","twitter_site":"@OikonLtd","twitter_misc":{"Est. reading time":"1 minute"},"schema":{"@context":"https:\/\/schema.org","@graph":[{"@type":"WebPage","@id":"https:\/\/oikon.hr\/hr\/zavodi\/informaticka-rjesenja-u-okolisu\/","url":"https:\/\/oikon.hr\/hr\/zavodi\/informaticka-rjesenja-u-okolisu\/","name":"Informati\u010dka rje\u0161enja u okoli\u0161u &#8211; Oikon d.o.o.","isPartOf":{"@id":"https:\/\/oikon.hr\/#website"},"datePublished":"2017-09-22T09:40:22+00:00","dateModified":"2023-10-26T10:54:13+00:00","description":"Za razliku od ve\u0107ine konzultantskih ku\u0107a na podru\u010dju za\u0161tite okoli\u0161a u regiji, u Oikonu inzistiramo na ulaganjima u razvoj informacijskih tehnologija i","breadcrumb":{"@id":"https:\/\/oikon.hr\/hr\/zavodi\/informaticka-rjesenja-u-okolisu\/#breadcrumb"},"inLanguage":"hr-HR","potentialAction":[{"@type":"ReadAction","target":["https:\/\/oikon.hr\/hr\/zavodi\/informaticka-rjesenja-u-okolisu\/"]}]},{"@type":"BreadcrumbList","@id":"https:\/\/oikon.hr\/hr\/zavodi\/informaticka-rjesenja-u-okolisu\/#breadcrumb","itemListElement":[{"@type":"ListItem","position":1,"name":"","item":"https:\/\/oikon.hr\/hr\/"},{"@type":"ListItem","position":2,"name":"ZAVODI","item":"https:\/\/oikon.hr\/hr\/zavodi\/"},{"@type":"ListItem","position":3,"name":"Informati\u010dka rje\u0161enja u okoli\u0161u"}]},{"@type":"WebSite","@id":"https:\/\/oikon.hr\/#website","url":"https:\/\/oikon.hr\/","name":"Oikon d.o.o.","description":"Institut za primijenjenu ekologiju","publisher":{"@id":"https:\/\/oikon.hr\/#organization"},"alternateName":"OIKON","potentialAction":[{"@type":"SearchAction","target":{"@type":"EntryPoint","urlTemplate":"https:\/\/oikon.hr\/?s={search_term_string}"},"query-input":{"@type":"PropertyValueSpecification","valueRequired":true,"valueName":"search_term_string"}}],"inLanguage":"hr-HR"},{"@type":"Organization","@id":"https:\/\/oikon.hr\/#organization","name":"Oikon d.o.o. - Institut za primijenjenu ekologiju","alternateName":"OIKON","url":"https:\/\/oikon.hr\/","logo":{"@type":"ImageObject","inLanguage":"hr-HR","@id":"https:\/\/oikon.hr\/#\/schema\/logo\/image\/","url":"https:\/\/oikon.hr\/cms\/wp-content\/uploads\/2021\/01\/OIKON_R_logo_transparent.png","contentUrl":"https:\/\/oikon.hr\/cms\/wp-content\/uploads\/2021\/01\/OIKON_R_logo_transparent.png","width":1660,"height":541,"caption":"Oikon d.o.o. - Institut za primijenjenu ekologiju"},"image":{"@id":"https:\/\/oikon.hr\/#\/schema\/logo\/image\/"},"sameAs":["http:\/\/www.facebook.com\/OikonLtd\/","https:\/\/x.com\/OikonLtd","https:\/\/www.instagram.com\/oikon_ltd\/","https:\/\/www.linkedin.com\/company\/oikon---institute-for-applied-technology\/","https:\/\/www.youtube.com\/channel\/UCu_eJ0ct90AEN8D85KWcRHQ"]}]}},"_links":{"self":[{"href":"https:\/\/oikon.hr\/hr\/wp-json\/wp\/v2\/pages\/2072","targetHints":{"allow":["GET"]}}],"collection":[{"href":"https:\/\/oikon.hr\/hr\/wp-json\/wp\/v2\/pages"}],"about":[{"href":"https:\/\/oikon.hr\/hr\/wp-json\/wp\/v2\/types\/page"}],"author":[{"embeddable":true,"href":"https:\/\/oikon.hr\/hr\/wp-json\/wp\/v2\/users\/2"}],"replies":[{"embeddable":true,"href":"https:\/\/oikon.hr\/hr\/wp-json\/wp\/v2\/comments?post=2072"}],"version-history":[{"count":1,"href":"https:\/\/oikon.hr\/hr\/wp-json\/wp\/v2\/pages\/2072\/revisions"}],"predecessor-version":[{"id":9014,"href":"https:\/\/oikon.hr\/hr\/wp-json\/wp\/v2\/pages\/2072\/revisions\/9014"}],"up":[{"embeddable":true,"href":"https:\/\/oikon.hr\/hr\/wp-json\/wp\/v2\/pages\/2063"}],"wp:attachment":[{"href":"https:\/\/oikon.hr\/hr\/wp-json\/wp\/v2\/media?parent=2072"}],"curies":[{"name":"wp","href":"https:\/\/api.w.org\/{rel}","templated":true}]}}