{"id":2074,"date":"2017-09-22T11:40:44","date_gmt":"2017-09-22T09:40:44","guid":{"rendered":"http:\/\/localhost\/oikon\/zavod-za-upravljanje-prirodnim-resursima\/"},"modified":"2026-01-28T16:13:08","modified_gmt":"2026-01-28T15:13:08","slug":"zavod-za-upravljanje-prirodnim-resursima","status":"publish","type":"page","link":"https:\/\/oikon.hr\/hr\/zavodi\/zavod-za-upravljanje-prirodnim-resursima\/","title":{"rendered":"Zavod za upravljanje prirodnim resursima"},"content":{"rendered":"<p><strong>Voditelj Zavoda:\u00a0<\/strong>dr. sc. Ivan Teki\u0107<\/p>\n<p><strong>Kontakt: <\/strong><a href=\"mailto:itekic@oikon.hr\">e-mail<\/a><\/p>\n<hr \/>\n<p style=\"text-align: justify;\">S vi\u0161e od <strong>225<\/strong>\u00a0zavr\u0161enih projekata, Oikon je glavni pru\u017eatelj usluga u svim segmentima \u0161umarstva, poljoprivrede i vegetacije, spremnika ugljika, kori\u0161tenja zemlji\u0161ta i kartiranja pokrova zemlji\u0161ta u Hrvatskoj.<\/p>\n<p style=\"text-align: justify;\">Na\u0161e usluge uklju\u010duju razvoj planova gospodarenja \u0161umama (razvili smo PG\u0160-ove za 15% hrvatskih \u0161uma u privatnom vlasni\u0161tvu), opse\u017ene prora\u010dune biomase i spremnika ugljika, studije izvodljivosti (biomasa, poljoprivreda, \u0161umarstvo i kulture kratke ophodnje), dendrokronolo\u0161ke studije itd.<\/p>\n<p style=\"text-align: justify;\">Oikon ima bogato iskustvo i znanje u kartiranju pokrova zemlji\u0161ta. Razvili smo CORINE bazu pokrova zemlji\u0161ta (CLC) i analizu promjena, uklju\u010duju\u0107i izvje\u0161tavanje cjelokupnog hrvatskog dr\u017eavnog podru\u010dja za referentne godine: 1980., 1990., 2000., 2006. (za \u0161to smo od revizora dobili vrlo dobru ocjenu, a do tada se to dogodilo samo jednom u povijesti kartiranja CLC-a na europskoj razini) 2012. i 2018. Na\u0161e metode prate i promi\u010du kriterije i smjernice najbolje prakse te imaju za cilj osigurati to\u010dnost, kvalitetu i dosljednost karata i prate\u0107ih baza podataka.<\/p>\n<p>Na\u0161 interdisciplinarni tim visoko obu\u010denih stru\u010dnjaka mo\u017ee provesti opse\u017ene terenske kampanje za prikupljanje relevantnih podataka na nacionalnoj razini, kao i za primjenu svih relevantnih tehnologija poput <strong>daljinskih istra\u017eivanja, sustava za opa\u017eanje Zemlje, GIS-a i geostatisti\u010dkih tehnika i tehnologija (UAV fotogrametrija, satelitska i UAV multispektralna analiza podataka, obrada satelitskih SAR podataka, LIDAR). <\/strong>Na\u0161 je profesionalan fokus na preciznom i ekonomi\u010dnom pristupu rje\u0161avanju problema na svim na\u0161im projektima, odr\u017eavaju\u0107i pritom potrebnu razinu to\u010dnosti prostornih podataka i tematskih detalja.<\/p>\n<p style=\"text-align: justify;\">Tako\u0111er, neprestano \u0161irimo i razvijamo svoje znanje formalnim i neformalnim obrazovanjem kadrova, kao \u0161to su sudjelovanja na konferencijama, te\u010dajevima, ljetnim \u0161kolama i sl. To je vrlo va\u017eno jer se GIS, daljinska istra\u017eivanja i druge tehnologije razvijaju ubrzano, a mi \u017eelimo zadr\u017eati vode\u0107u poziciju u kori\u0161tenju te tehnologije.<\/p>\n<div id='gallery-1' class='gallery galleryid-2074 gallery-columns-4 gallery-size-wordpress-medium-gallery'><figure class='gallery-item'>\n\t\t\t<div class='gallery-icon landscape'>\n\t\t\t\t<img loading=\"lazy\" decoding=\"async\" width=\"500\" height=\"250\" src=\"https:\/\/oikon.hr\/cms\/wp-content\/uploads\/2017\/07\/DSC01182-500x250.jpg\" class=\"attachment-wordpress-medium-gallery size-wordpress-medium-gallery\" alt=\"\" srcset=\"https:\/\/oikon.hr\/cms\/wp-content\/uploads\/2017\/07\/DSC01182-500x250.jpg 500w, https:\/\/oikon.hr\/cms\/wp-content\/uploads\/2017\/07\/DSC01182-2000x1000.jpg 2000w\" sizes=\"auto, (max-width: 500px) 100vw, 500px\" \/>\n\t\t\t<\/div><\/figure><figure class='gallery-item'>\n\t\t\t<div class='gallery-icon landscape'>\n\t\t\t\t<img loading=\"lazy\" decoding=\"async\" width=\"500\" height=\"250\" src=\"https:\/\/oikon.hr\/cms\/wp-content\/uploads\/2017\/07\/DSCN1853-500x250.jpg\" class=\"attachment-wordpress-medium-gallery size-wordpress-medium-gallery\" alt=\"\" srcset=\"https:\/\/oikon.hr\/cms\/wp-content\/uploads\/2017\/07\/DSCN1853-500x250.jpg 500w, https:\/\/oikon.hr\/cms\/wp-content\/uploads\/2017\/07\/DSCN1853-2000x1000.jpg 2000w\" sizes=\"auto, (max-width: 500px) 100vw, 500px\" \/>\n\t\t\t<\/div><\/figure><figure class='gallery-item'>\n\t\t\t<div class='gallery-icon landscape'>\n\t\t\t\t<img loading=\"lazy\" decoding=\"async\" width=\"500\" height=\"250\" src=\"https:\/\/oikon.hr\/cms\/wp-content\/uploads\/2017\/07\/hidroel-Korana02-500x250.jpg\" class=\"attachment-wordpress-medium-gallery size-wordpress-medium-gallery\" alt=\"\" srcset=\"https:\/\/oikon.hr\/cms\/wp-content\/uploads\/2017\/07\/hidroel-Korana02-500x250.jpg 500w, https:\/\/oikon.hr\/cms\/wp-content\/uploads\/2017\/07\/hidroel-Korana02-2000x1000.jpg 2000w\" sizes=\"auto, (max-width: 500px) 100vw, 500px\" \/>\n\t\t\t<\/div><\/figure><figure class='gallery-item'>\n\t\t\t<div class='gallery-icon landscape'>\n\t\t\t\t<img loading=\"lazy\" decoding=\"async\" width=\"500\" height=\"250\" src=\"https:\/\/oikon.hr\/cms\/wp-content\/uploads\/2017\/07\/IMG_0207-500x250.jpg\" class=\"attachment-wordpress-medium-gallery size-wordpress-medium-gallery\" alt=\"\" \/>\n\t\t\t<\/div><\/figure><figure class='gallery-item'>\n\t\t\t<div class='gallery-icon landscape'>\n\t\t\t\t<img loading=\"lazy\" decoding=\"async\" width=\"500\" height=\"250\" src=\"https:\/\/oikon.hr\/cms\/wp-content\/uploads\/2017\/07\/mk_0214-500x250.jpg\" class=\"attachment-wordpress-medium-gallery size-wordpress-medium-gallery\" alt=\"\" srcset=\"https:\/\/oikon.hr\/cms\/wp-content\/uploads\/2017\/07\/mk_0214-500x250.jpg 500w, https:\/\/oikon.hr\/cms\/wp-content\/uploads\/2017\/07\/mk_0214-2000x1000.jpg 2000w\" sizes=\"auto, (max-width: 500px) 100vw, 500px\" \/>\n\t\t\t<\/div><\/figure><figure class='gallery-item'>\n\t\t\t<div class='gallery-icon landscape'>\n\t\t\t\t<img loading=\"lazy\" decoding=\"async\" width=\"500\" height=\"250\" src=\"https:\/\/oikon.hr\/cms\/wp-content\/uploads\/2017\/07\/mk_0658-500x250.jpg\" class=\"attachment-wordpress-medium-gallery size-wordpress-medium-gallery\" alt=\"\" srcset=\"https:\/\/oikon.hr\/cms\/wp-content\/uploads\/2017\/07\/mk_0658-500x250.jpg 500w, https:\/\/oikon.hr\/cms\/wp-content\/uploads\/2017\/07\/mk_0658-2000x1000.jpg 2000w\" sizes=\"auto, (max-width: 500px) 100vw, 500px\" \/>\n\t\t\t<\/div><\/figure><figure class='gallery-item'>\n\t\t\t<div class='gallery-icon landscape'>\n\t\t\t\t<img loading=\"lazy\" decoding=\"async\" width=\"500\" height=\"250\" src=\"https:\/\/oikon.hr\/cms\/wp-content\/uploads\/2017\/07\/P4180122-500x250.jpg\" class=\"attachment-wordpress-medium-gallery size-wordpress-medium-gallery\" alt=\"\" \/>\n\t\t\t<\/div><\/figure><figure class='gallery-item'>\n\t\t\t<div class='gallery-icon landscape'>\n\t\t\t\t<img loading=\"lazy\" decoding=\"async\" width=\"500\" height=\"250\" src=\"https:\/\/oikon.hr\/cms\/wp-content\/uploads\/2017\/07\/PICT0402-500x250.jpg\" class=\"attachment-wordpress-medium-gallery size-wordpress-medium-gallery\" alt=\"\" srcset=\"https:\/\/oikon.hr\/cms\/wp-content\/uploads\/2017\/07\/PICT0402-500x250.jpg 500w, https:\/\/oikon.hr\/cms\/wp-content\/uploads\/2017\/07\/PICT0402-2000x1000.jpg 2000w\" sizes=\"auto, (max-width: 500px) 100vw, 500px\" \/>\n\t\t\t<\/div><\/figure>\n\t\t<\/div>\n\n","protected":false},"excerpt":{"rendered":"<p>Voditelj Zavoda:\u00a0dr. sc. Ivan Teki\u0107 Kontakt: e-mail S vi\u0161e od 225\u00a0zavr\u0161enih projekata, Oikon je glavni pru\u017eatelj usluga u svim segmentima \u0161umarstva, poljoprivrede i vegetacije, spremnika ugljika, kori\u0161tenja zemlji\u0161ta i kartiranja pokrova zemlji\u0161ta u Hrvatskoj. Na\u0161e usluge uklju\u010duju razvoj planova gospodarenja \u0161umama (razvili smo PG\u0160-ove za 15% hrvatskih \u0161uma u privatnom vlasni\u0161tvu), opse\u017ene prora\u010dune biomase i &hellip; <a href=\"https:\/\/oikon.hr\/hr\/zavodi\/zavod-za-upravljanje-prirodnim-resursima\/\">Saznajte vi\u0161e<\/a><\/p>\n","protected":false},"author":2,"featured_media":0,"parent":2063,"menu_order":3,"comment_status":"closed","ping_status":"closed","template":"","meta":{"_acf_changed":false,"footnotes":""},"class_list":["post-2074","page","type-page","status-publish","hentry"],"acf":[],"yoast_head":"<!-- This site is optimized with the Yoast SEO plugin v27.0 - https:\/\/yoast.com\/product\/yoast-seo-wordpress\/ -->\n<title>Zavod za upravljanje prirodnim resursima &#8211; Oikon d.o.o.<\/title>\n<meta name=\"description\" content=\"Voditelj Zavoda:\u00a0dr. sc. Ivan Teki\u0107 Kontakt: e-mail S vi\u0161e od 225\u00a0zavr\u0161enih projekata, Oikon je glavni pru\u017eatelj usluga u svim segmentima \u0161umarstva,\" \/>\n<meta name=\"robots\" content=\"index, follow, max-snippet:-1, max-image-preview:large, max-video-preview:-1\" \/>\n<link rel=\"canonical\" href=\"https:\/\/oikon.hr\/hr\/zavodi\/zavod-za-upravljanje-prirodnim-resursima\/\" \/>\n<meta property=\"og:locale\" content=\"hr_HR\" \/>\n<meta property=\"og:type\" content=\"article\" \/>\n<meta property=\"og:title\" content=\"Zavod za upravljanje prirodnim resursima &#8211; Oikon d.o.o.\" \/>\n<meta property=\"og:description\" content=\"Voditelj Zavoda:\u00a0dr. sc. Ivan Teki\u0107 Kontakt: e-mail S vi\u0161e od 225\u00a0zavr\u0161enih projekata, Oikon je glavni pru\u017eatelj usluga u svim segmentima \u0161umarstva,\" \/>\n<meta property=\"og:url\" content=\"https:\/\/oikon.hr\/hr\/zavodi\/zavod-za-upravljanje-prirodnim-resursima\/\" \/>\n<meta property=\"og:site_name\" content=\"Oikon d.o.o.\" \/>\n<meta property=\"article:publisher\" content=\"http:\/\/www.facebook.com\/OikonLtd\/\" \/>\n<meta property=\"article:modified_time\" content=\"2026-01-28T15:13:08+00:00\" \/>\n<meta property=\"og:image\" content=\"https:\/\/oikon.hr\/cms\/wp-content\/uploads\/2017\/07\/DSC01182-500x250.jpg\" \/>\n<meta name=\"twitter:card\" content=\"summary_large_image\" \/>\n<meta name=\"twitter:site\" content=\"@OikonLtd\" \/>\n<meta name=\"twitter:label1\" content=\"Est. reading time\" \/>\n\t<meta name=\"twitter:data1\" content=\"2 minutes\" \/>\n<script type=\"application\/ld+json\" class=\"yoast-schema-graph\">{\"@context\":\"https:\/\/schema.org\",\"@graph\":[{\"@type\":\"WebPage\",\"@id\":\"https:\/\/oikon.hr\/hr\/zavodi\/zavod-za-upravljanje-prirodnim-resursima\/\",\"url\":\"https:\/\/oikon.hr\/hr\/zavodi\/zavod-za-upravljanje-prirodnim-resursima\/\",\"name\":\"Zavod za upravljanje prirodnim resursima &#8211; Oikon d.o.o.\",\"isPartOf\":{\"@id\":\"https:\/\/oikon.hr\/#website\"},\"datePublished\":\"2017-09-22T09:40:44+00:00\",\"dateModified\":\"2026-01-28T15:13:08+00:00\",\"description\":\"Voditelj Zavoda:\u00a0dr. sc. Ivan Teki\u0107 Kontakt: e-mail S vi\u0161e od 225\u00a0zavr\u0161enih projekata, Oikon je glavni pru\u017eatelj usluga u svim segmentima \u0161umarstva,\",\"breadcrumb\":{\"@id\":\"https:\/\/oikon.hr\/hr\/zavodi\/zavod-za-upravljanje-prirodnim-resursima\/#breadcrumb\"},\"inLanguage\":\"hr-HR\",\"potentialAction\":[{\"@type\":\"ReadAction\",\"target\":[\"https:\/\/oikon.hr\/hr\/zavodi\/zavod-za-upravljanje-prirodnim-resursima\/\"]}]},{\"@type\":\"BreadcrumbList\",\"@id\":\"https:\/\/oikon.hr\/hr\/zavodi\/zavod-za-upravljanje-prirodnim-resursima\/#breadcrumb\",\"itemListElement\":[{\"@type\":\"ListItem\",\"position\":1,\"name\":\"\",\"item\":\"https:\/\/oikon.hr\/hr\/\"},{\"@type\":\"ListItem\",\"position\":2,\"name\":\"ZAVODI\",\"item\":\"https:\/\/oikon.hr\/hr\/zavodi\/\"},{\"@type\":\"ListItem\",\"position\":3,\"name\":\"Zavod za upravljanje prirodnim resursima\"}]},{\"@type\":\"WebSite\",\"@id\":\"https:\/\/oikon.hr\/#website\",\"url\":\"https:\/\/oikon.hr\/\",\"name\":\"Oikon d.o.o.\",\"description\":\"Institut za primijenjenu ekologiju\",\"publisher\":{\"@id\":\"https:\/\/oikon.hr\/#organization\"},\"alternateName\":\"OIKON\",\"potentialAction\":[{\"@type\":\"SearchAction\",\"target\":{\"@type\":\"EntryPoint\",\"urlTemplate\":\"https:\/\/oikon.hr\/?s={search_term_string}\"},\"query-input\":{\"@type\":\"PropertyValueSpecification\",\"valueRequired\":true,\"valueName\":\"search_term_string\"}}],\"inLanguage\":\"hr-HR\"},{\"@type\":\"Organization\",\"@id\":\"https:\/\/oikon.hr\/#organization\",\"name\":\"Oikon d.o.o. - Institut za primijenjenu ekologiju\",\"alternateName\":\"OIKON\",\"url\":\"https:\/\/oikon.hr\/\",\"logo\":{\"@type\":\"ImageObject\",\"inLanguage\":\"hr-HR\",\"@id\":\"https:\/\/oikon.hr\/#\/schema\/logo\/image\/\",\"url\":\"https:\/\/oikon.hr\/cms\/wp-content\/uploads\/2021\/01\/OIKON_R_logo_transparent.png\",\"contentUrl\":\"https:\/\/oikon.hr\/cms\/wp-content\/uploads\/2021\/01\/OIKON_R_logo_transparent.png\",\"width\":1660,\"height\":541,\"caption\":\"Oikon d.o.o. - Institut za primijenjenu ekologiju\"},\"image\":{\"@id\":\"https:\/\/oikon.hr\/#\/schema\/logo\/image\/\"},\"sameAs\":[\"http:\/\/www.facebook.com\/OikonLtd\/\",\"https:\/\/x.com\/OikonLtd\",\"https:\/\/www.instagram.com\/oikon_ltd\/\",\"https:\/\/www.linkedin.com\/company\/oikon---institute-for-applied-technology\/\",\"https:\/\/www.youtube.com\/channel\/UCu_eJ0ct90AEN8D85KWcRHQ\"]}]}<\/script>\n<!-- \/ Yoast SEO plugin. -->","yoast_head_json":{"title":"Zavod za upravljanje prirodnim resursima &#8211; Oikon d.o.o.","description":"Voditelj Zavoda:\u00a0dr. sc. Ivan Teki\u0107 Kontakt: e-mail S vi\u0161e od 225\u00a0zavr\u0161enih projekata, Oikon je glavni pru\u017eatelj usluga u svim segmentima \u0161umarstva,","robots":{"index":"index","follow":"follow","max-snippet":"max-snippet:-1","max-image-preview":"max-image-preview:large","max-video-preview":"max-video-preview:-1"},"canonical":"https:\/\/oikon.hr\/hr\/zavodi\/zavod-za-upravljanje-prirodnim-resursima\/","og_locale":"hr_HR","og_type":"article","og_title":"Zavod za upravljanje prirodnim resursima &#8211; Oikon d.o.o.","og_description":"Voditelj Zavoda:\u00a0dr. sc. Ivan Teki\u0107 Kontakt: e-mail S vi\u0161e od 225\u00a0zavr\u0161enih projekata, Oikon je glavni pru\u017eatelj usluga u svim segmentima \u0161umarstva,","og_url":"https:\/\/oikon.hr\/hr\/zavodi\/zavod-za-upravljanje-prirodnim-resursima\/","og_site_name":"Oikon d.o.o.","article_publisher":"http:\/\/www.facebook.com\/OikonLtd\/","article_modified_time":"2026-01-28T15:13:08+00:00","og_image":[{"url":"https:\/\/oikon.hr\/cms\/wp-content\/uploads\/2017\/07\/DSC01182-500x250.jpg","type":"","width":"","height":""}],"twitter_card":"summary_large_image","twitter_site":"@OikonLtd","twitter_misc":{"Est. reading time":"2 minutes"},"schema":{"@context":"https:\/\/schema.org","@graph":[{"@type":"WebPage","@id":"https:\/\/oikon.hr\/hr\/zavodi\/zavod-za-upravljanje-prirodnim-resursima\/","url":"https:\/\/oikon.hr\/hr\/zavodi\/zavod-za-upravljanje-prirodnim-resursima\/","name":"Zavod za upravljanje prirodnim resursima &#8211; Oikon d.o.o.","isPartOf":{"@id":"https:\/\/oikon.hr\/#website"},"datePublished":"2017-09-22T09:40:44+00:00","dateModified":"2026-01-28T15:13:08+00:00","description":"Voditelj Zavoda:\u00a0dr. sc. Ivan Teki\u0107 Kontakt: e-mail S vi\u0161e od 225\u00a0zavr\u0161enih projekata, Oikon je glavni pru\u017eatelj usluga u svim segmentima \u0161umarstva,","breadcrumb":{"@id":"https:\/\/oikon.hr\/hr\/zavodi\/zavod-za-upravljanje-prirodnim-resursima\/#breadcrumb"},"inLanguage":"hr-HR","potentialAction":[{"@type":"ReadAction","target":["https:\/\/oikon.hr\/hr\/zavodi\/zavod-za-upravljanje-prirodnim-resursima\/"]}]},{"@type":"BreadcrumbList","@id":"https:\/\/oikon.hr\/hr\/zavodi\/zavod-za-upravljanje-prirodnim-resursima\/#breadcrumb","itemListElement":[{"@type":"ListItem","position":1,"name":"","item":"https:\/\/oikon.hr\/hr\/"},{"@type":"ListItem","position":2,"name":"ZAVODI","item":"https:\/\/oikon.hr\/hr\/zavodi\/"},{"@type":"ListItem","position":3,"name":"Zavod za upravljanje prirodnim resursima"}]},{"@type":"WebSite","@id":"https:\/\/oikon.hr\/#website","url":"https:\/\/oikon.hr\/","name":"Oikon d.o.o.","description":"Institut za primijenjenu ekologiju","publisher":{"@id":"https:\/\/oikon.hr\/#organization"},"alternateName":"OIKON","potentialAction":[{"@type":"SearchAction","target":{"@type":"EntryPoint","urlTemplate":"https:\/\/oikon.hr\/?s={search_term_string}"},"query-input":{"@type":"PropertyValueSpecification","valueRequired":true,"valueName":"search_term_string"}}],"inLanguage":"hr-HR"},{"@type":"Organization","@id":"https:\/\/oikon.hr\/#organization","name":"Oikon d.o.o. - Institut za primijenjenu ekologiju","alternateName":"OIKON","url":"https:\/\/oikon.hr\/","logo":{"@type":"ImageObject","inLanguage":"hr-HR","@id":"https:\/\/oikon.hr\/#\/schema\/logo\/image\/","url":"https:\/\/oikon.hr\/cms\/wp-content\/uploads\/2021\/01\/OIKON_R_logo_transparent.png","contentUrl":"https:\/\/oikon.hr\/cms\/wp-content\/uploads\/2021\/01\/OIKON_R_logo_transparent.png","width":1660,"height":541,"caption":"Oikon d.o.o. - Institut za primijenjenu ekologiju"},"image":{"@id":"https:\/\/oikon.hr\/#\/schema\/logo\/image\/"},"sameAs":["http:\/\/www.facebook.com\/OikonLtd\/","https:\/\/x.com\/OikonLtd","https:\/\/www.instagram.com\/oikon_ltd\/","https:\/\/www.linkedin.com\/company\/oikon---institute-for-applied-technology\/","https:\/\/www.youtube.com\/channel\/UCu_eJ0ct90AEN8D85KWcRHQ"]}]}},"_links":{"self":[{"href":"https:\/\/oikon.hr\/hr\/wp-json\/wp\/v2\/pages\/2074","targetHints":{"allow":["GET"]}}],"collection":[{"href":"https:\/\/oikon.hr\/hr\/wp-json\/wp\/v2\/pages"}],"about":[{"href":"https:\/\/oikon.hr\/hr\/wp-json\/wp\/v2\/types\/page"}],"author":[{"embeddable":true,"href":"https:\/\/oikon.hr\/hr\/wp-json\/wp\/v2\/users\/2"}],"replies":[{"embeddable":true,"href":"https:\/\/oikon.hr\/hr\/wp-json\/wp\/v2\/comments?post=2074"}],"version-history":[{"count":2,"href":"https:\/\/oikon.hr\/hr\/wp-json\/wp\/v2\/pages\/2074\/revisions"}],"predecessor-version":[{"id":13189,"href":"https:\/\/oikon.hr\/hr\/wp-json\/wp\/v2\/pages\/2074\/revisions\/13189"}],"up":[{"embeddable":true,"href":"https:\/\/oikon.hr\/hr\/wp-json\/wp\/v2\/pages\/2063"}],"wp:attachment":[{"href":"https:\/\/oikon.hr\/hr\/wp-json\/wp\/v2\/media?parent=2074"}],"curies":[{"name":"wp","href":"https:\/\/api.w.org\/{rel}","templated":true}]}}