{"id":2076,"date":"2017-09-22T11:41:10","date_gmt":"2017-09-22T09:41:10","guid":{"rendered":"http:\/\/localhost\/oikon\/zavod-za-zastitu-prirode-i-krajobraz\/"},"modified":"2025-01-14T12:08:42","modified_gmt":"2025-01-14T11:08:42","slug":"zavod-za-zastitu-prirode","status":"publish","type":"page","link":"https:\/\/oikon.hr\/hr\/zavodi\/zavod-za-zastitu-prirode\/","title":{"rendered":"Zavod za za\u0161titu prirode\u00a0"},"content":{"rendered":"<p><strong>Voditeljica Zavoda:<\/strong>Ivana Lampek Pav\u010dnik<\/p>\n<p><strong>Kontakt: <\/strong><span style=\"text-decoration: underline;\"><a href=\"mailto:ilampek@oikon.hr\">e-mail<\/a><\/span><\/p>\n<hr \/>\n<p style=\"text-align: justify;\">Tijekom godina Oikon je tako\u0111er postao glavni pru\u017eatelj konzultantskih usluga i tehni\u010dke pomo\u0107i na projektima za\u0161tite prirode. Izradili smo vi\u0161e od:<\/p>\n<ul style=\"text-align: justify;\">\n<li><strong>250<\/strong>\u00a0projekata za\u0161tite prirode<\/li>\n<li><strong>120<\/strong> projekata pra\u0107enje stanja prirode i okoli\u0161a,<\/li>\n<li><strong>100<\/strong> specijalisti\u010dkih studija,<\/li>\n<li><strong>100<\/strong> glavnih ocjena prihvatljivosti zahvata za ekolo\u0161ku mre\u017eu,<\/li>\n<li><strong>30<\/strong> dugoro\u010dnih i znanstvenih projekata i<\/li>\n<li><strong>30<\/strong> planova upravljanja u Hrvatskoj i regiji.<\/li>\n<\/ul>\n<p style=\"text-align: justify;\">Oikon ima zna\u010dajno iskustvo u inventuri flore, faune i stani\u0161ta koriste\u0107i se pritom modernim tehnikama terenskih istra\u017eivanja (foto-zamke, ultrazvu\u010dni detektori, ornitolo\u0161ki radar, GPS ogrlice\/\u010dipove za obilje\u017eavanje i pra\u0107enje \u017eivotinja, razli\u010dita biolo\u0161ka istra\u017eivanja i uzorkovanja ovisno o ciljanoj taksonomskoj skupini) kao i tehnikama daljinskih istra\u017eivanja (aero\/satelitske snimke, razli\u010diti senzori i loggere), a sve u prostorno ekspliciranom obliku putem GIS-a i alata za analize daljinski prikupljanih podataka (RS). Posebno smo ponosni \u0161to smo bili dio projekta integracije u EU Natura 2000 (<strong>Croatia EU Natura 2000 Integration Project \u2013 NIP<\/strong>), koji je ujedno najve\u0107i projekt u Hrvatskoj vezan uz inventarizaciju faune, a na kojem smo mi pru\u017eali konzultantske usluge za terenska istra\u017eivanja i laboratorijsku obradu za inventuru 11 taksonomskih skupina: <em>Actinopterygii i<\/em> <em>Cephalaspidomorphi, Amphibia <\/em>i<em> Reptilia, Aves, Chiroptera, Decapoda, Lepidoptera, Odonata, Plecoptera, <\/em>i<em> Trichoptera<\/em>.<\/p>\n<p style=\"text-align: justify;\">Nadalje, imamo neusporedivo iskustvo na projektima <strong>kartiranja stani\u0161ta<\/strong> gdje smo prakti\u010dki postavili standarde, pru\u017eaju\u0107i sve \u0161to je potrebno za tu kompleksnu aktivnost. Osim provedbe kartiranja stani\u0161ta velikih razmjera na cijelom podru\u010dju Republike Hrvatske prije 15 godina (cijelo kopneno i morsko podru\u010dje) i detaljnog kartiranja gotovo svih hrvatskih za\u0161ti\u0107enih podru\u010dja (nacionalni parkovi i parkovi prirode), pru\u017eili smo treninge te potporu na podru\u010djima ICT-ja, daljinskih istra\u017eivanja i GIS-a na nizu sli\u010dnih projekata u susjednim zemljama. Nedavno smo na projektu u Turskoj pru\u017eali tehni\u010dku pomo\u0107 ja\u010danju nacionalnog sustava za\u0161tite prirode u implementaciji zahtjeva Nature 2000.<\/p>\n<div id='gallery-1' class='gallery galleryid-2076 gallery-columns-4 gallery-size-wordpress-medium-gallery'><figure class='gallery-item'>\n\t\t\t<div class='gallery-icon landscape'>\n\t\t\t\t<img loading=\"lazy\" decoding=\"async\" width=\"500\" height=\"250\" src=\"https:\/\/oikon.hr\/cms\/wp-content\/uploads\/2017\/07\/IMG_0763-500x250.jpg\" class=\"attachment-wordpress-medium-gallery size-wordpress-medium-gallery\" alt=\"\" srcset=\"https:\/\/oikon.hr\/cms\/wp-content\/uploads\/2017\/07\/IMG_0763-500x250.jpg 500w, https:\/\/oikon.hr\/cms\/wp-content\/uploads\/2017\/07\/IMG_0763-2000x1000.jpg 2000w\" sizes=\"auto, (max-width: 500px) 100vw, 500px\" \/>\n\t\t\t<\/div><\/figure><figure class='gallery-item'>\n\t\t\t<div class='gallery-icon landscape'>\n\t\t\t\t<img loading=\"lazy\" decoding=\"async\" width=\"500\" height=\"250\" src=\"https:\/\/oikon.hr\/cms\/wp-content\/uploads\/2017\/07\/DSC00750-1-500x250.jpg\" class=\"attachment-wordpress-medium-gallery size-wordpress-medium-gallery\" alt=\"\" srcset=\"https:\/\/oikon.hr\/cms\/wp-content\/uploads\/2017\/07\/DSC00750-1-500x250.jpg 500w, https:\/\/oikon.hr\/cms\/wp-content\/uploads\/2017\/07\/DSC00750-1-2000x1000.jpg 2000w\" sizes=\"auto, (max-width: 500px) 100vw, 500px\" \/>\n\t\t\t<\/div><\/figure><figure class='gallery-item'>\n\t\t\t<div class='gallery-icon landscape'>\n\t\t\t\t<img loading=\"lazy\" decoding=\"async\" width=\"500\" height=\"250\" src=\"https:\/\/oikon.hr\/cms\/wp-content\/uploads\/2017\/07\/DSC01007-1-500x250.jpg\" class=\"attachment-wordpress-medium-gallery size-wordpress-medium-gallery\" alt=\"\" srcset=\"https:\/\/oikon.hr\/cms\/wp-content\/uploads\/2017\/07\/DSC01007-1-500x250.jpg 500w, https:\/\/oikon.hr\/cms\/wp-content\/uploads\/2017\/07\/DSC01007-1-2000x1000.jpg 2000w\" sizes=\"auto, (max-width: 500px) 100vw, 500px\" \/>\n\t\t\t<\/div><\/figure><figure class='gallery-item'>\n\t\t\t<div class='gallery-icon landscape'>\n\t\t\t\t<img loading=\"lazy\" decoding=\"async\" width=\"500\" height=\"250\" src=\"https:\/\/oikon.hr\/cms\/wp-content\/uploads\/2017\/07\/DSC00746-2-500x250.jpg\" class=\"attachment-wordpress-medium-gallery size-wordpress-medium-gallery\" alt=\"\" srcset=\"https:\/\/oikon.hr\/cms\/wp-content\/uploads\/2017\/07\/DSC00746-2-500x250.jpg 500w, https:\/\/oikon.hr\/cms\/wp-content\/uploads\/2017\/07\/DSC00746-2-2000x1000.jpg 2000w\" sizes=\"auto, (max-width: 500px) 100vw, 500px\" \/>\n\t\t\t<\/div><\/figure><figure class='gallery-item'>\n\t\t\t<div class='gallery-icon landscape'>\n\t\t\t\t<img loading=\"lazy\" decoding=\"async\" width=\"500\" height=\"250\" src=\"https:\/\/oikon.hr\/cms\/wp-content\/uploads\/2017\/07\/Hrust-1-500x250.jpg\" class=\"attachment-wordpress-medium-gallery size-wordpress-medium-gallery\" alt=\"\" srcset=\"https:\/\/oikon.hr\/cms\/wp-content\/uploads\/2017\/07\/Hrust-1-500x250.jpg 500w, https:\/\/oikon.hr\/cms\/wp-content\/uploads\/2017\/07\/Hrust-1-2000x1000.jpg 2000w\" sizes=\"auto, (max-width: 500px) 100vw, 500px\" \/>\n\t\t\t<\/div><\/figure><figure class='gallery-item'>\n\t\t\t<div class='gallery-icon landscape'>\n\t\t\t\t<img loading=\"lazy\" decoding=\"async\" width=\"500\" height=\"250\" src=\"https:\/\/oikon.hr\/cms\/wp-content\/uploads\/2017\/07\/P5170305-500x250.jpg\" class=\"attachment-wordpress-medium-gallery size-wordpress-medium-gallery\" alt=\"\" srcset=\"https:\/\/oikon.hr\/cms\/wp-content\/uploads\/2017\/07\/P5170305-500x250.jpg 500w, https:\/\/oikon.hr\/cms\/wp-content\/uploads\/2017\/07\/P5170305-2000x1000.jpg 2000w\" sizes=\"auto, (max-width: 500px) 100vw, 500px\" \/>\n\t\t\t<\/div><\/figure><figure class='gallery-item'>\n\t\t\t<div class='gallery-icon landscape'>\n\t\t\t\t<img loading=\"lazy\" decoding=\"async\" width=\"500\" height=\"250\" src=\"https:\/\/oikon.hr\/cms\/wp-content\/uploads\/2017\/07\/DSC01052-500x250.jpg\" class=\"attachment-wordpress-medium-gallery size-wordpress-medium-gallery\" alt=\"\" srcset=\"https:\/\/oikon.hr\/cms\/wp-content\/uploads\/2017\/07\/DSC01052-500x250.jpg 500w, https:\/\/oikon.hr\/cms\/wp-content\/uploads\/2017\/07\/DSC01052-2000x1000.jpg 2000w\" sizes=\"auto, (max-width: 500px) 100vw, 500px\" \/>\n\t\t\t<\/div><\/figure><figure class='gallery-item'>\n\t\t\t<div class='gallery-icon landscape'>\n\t\t\t\t<img loading=\"lazy\" decoding=\"async\" width=\"500\" height=\"250\" src=\"https:\/\/oikon.hr\/cms\/wp-content\/uploads\/2017\/07\/DSC09615-500x250.jpg\" class=\"attachment-wordpress-medium-gallery size-wordpress-medium-gallery\" alt=\"\" srcset=\"https:\/\/oikon.hr\/cms\/wp-content\/uploads\/2017\/07\/DSC09615-500x250.jpg 500w, https:\/\/oikon.hr\/cms\/wp-content\/uploads\/2017\/07\/DSC09615-2000x1000.jpg 2000w\" sizes=\"auto, (max-width: 500px) 100vw, 500px\" \/>\n\t\t\t<\/div><\/figure>\n\t\t<\/div>\n\n","protected":false},"excerpt":{"rendered":"<p>Voditeljica Zavoda:Ivana Lampek Pav\u010dnik Kontakt: e-mail Tijekom godina Oikon je tako\u0111er postao glavni pru\u017eatelj konzultantskih usluga i tehni\u010dke pomo\u0107i na projektima za\u0161tite prirode. Izradili smo vi\u0161e od: 250\u00a0projekata za\u0161tite prirode 120 projekata pra\u0107enje stanja prirode i okoli\u0161a, 100 specijalisti\u010dkih studija, 100 glavnih ocjena prihvatljivosti zahvata za ekolo\u0161ku mre\u017eu, 30 dugoro\u010dnih i znanstvenih projekata i 30 &hellip; <a href=\"https:\/\/oikon.hr\/hr\/zavodi\/zavod-za-zastitu-prirode\/\">Saznajte vi\u0161e<\/a><\/p>\n","protected":false},"author":2,"featured_media":0,"parent":2063,"menu_order":2,"comment_status":"closed","ping_status":"closed","template":"","meta":{"_acf_changed":false,"footnotes":""},"class_list":["post-2076","page","type-page","status-publish","hentry"],"acf":[],"yoast_head":"<!-- This site is optimized with the Yoast SEO plugin v27.0 - https:\/\/yoast.com\/product\/yoast-seo-wordpress\/ -->\n<title>Zavod za za\u0161titu prirode\u00a0 &#8211; Oikon d.o.o.<\/title>\n<meta name=\"description\" content=\"Voditeljica Zavoda:Ivana Lampek Pav\u010dnik Kontakt: e-mail Tijekom godina Oikon je tako\u0111er postao glavni pru\u017eatelj konzultantskih usluga i tehni\u010dke pomo\u0107i na\" \/>\n<meta name=\"robots\" content=\"index, follow, max-snippet:-1, max-image-preview:large, max-video-preview:-1\" \/>\n<link rel=\"canonical\" href=\"https:\/\/oikon.hr\/hr\/zavodi\/zavod-za-zastitu-prirode\/\" \/>\n<meta property=\"og:locale\" content=\"hr_HR\" \/>\n<meta property=\"og:type\" content=\"article\" \/>\n<meta property=\"og:title\" content=\"Zavod za za\u0161titu prirode\u00a0 &#8211; Oikon d.o.o.\" \/>\n<meta property=\"og:description\" content=\"Voditeljica Zavoda:Ivana Lampek Pav\u010dnik Kontakt: e-mail Tijekom godina Oikon je tako\u0111er postao glavni pru\u017eatelj konzultantskih usluga i tehni\u010dke pomo\u0107i na\" \/>\n<meta property=\"og:url\" content=\"https:\/\/oikon.hr\/hr\/zavodi\/zavod-za-zastitu-prirode\/\" \/>\n<meta property=\"og:site_name\" content=\"Oikon d.o.o.\" \/>\n<meta property=\"article:publisher\" content=\"http:\/\/www.facebook.com\/OikonLtd\/\" \/>\n<meta property=\"article:modified_time\" content=\"2025-01-14T11:08:42+00:00\" \/>\n<meta property=\"og:image\" content=\"https:\/\/oikon.hr\/cms\/wp-content\/uploads\/2017\/07\/IMG_0763-500x250.jpg\" \/>\n<meta name=\"twitter:card\" content=\"summary_large_image\" \/>\n<meta name=\"twitter:site\" content=\"@OikonLtd\" \/>\n<meta name=\"twitter:label1\" content=\"Est. reading time\" \/>\n\t<meta name=\"twitter:data1\" content=\"2 minutes\" \/>\n<script type=\"application\/ld+json\" class=\"yoast-schema-graph\">{\"@context\":\"https:\/\/schema.org\",\"@graph\":[{\"@type\":\"WebPage\",\"@id\":\"https:\/\/oikon.hr\/hr\/zavodi\/zavod-za-zastitu-prirode\/\",\"url\":\"https:\/\/oikon.hr\/hr\/zavodi\/zavod-za-zastitu-prirode\/\",\"name\":\"Zavod za za\u0161titu prirode\u00a0 &#8211; Oikon d.o.o.\",\"isPartOf\":{\"@id\":\"https:\/\/oikon.hr\/#website\"},\"datePublished\":\"2017-09-22T09:41:10+00:00\",\"dateModified\":\"2025-01-14T11:08:42+00:00\",\"description\":\"Voditeljica Zavoda:Ivana Lampek Pav\u010dnik Kontakt: e-mail Tijekom godina Oikon je tako\u0111er postao glavni pru\u017eatelj konzultantskih usluga i tehni\u010dke pomo\u0107i na\",\"breadcrumb\":{\"@id\":\"https:\/\/oikon.hr\/hr\/zavodi\/zavod-za-zastitu-prirode\/#breadcrumb\"},\"inLanguage\":\"hr-HR\",\"potentialAction\":[{\"@type\":\"ReadAction\",\"target\":[\"https:\/\/oikon.hr\/hr\/zavodi\/zavod-za-zastitu-prirode\/\"]}]},{\"@type\":\"BreadcrumbList\",\"@id\":\"https:\/\/oikon.hr\/hr\/zavodi\/zavod-za-zastitu-prirode\/#breadcrumb\",\"itemListElement\":[{\"@type\":\"ListItem\",\"position\":1,\"name\":\"\",\"item\":\"https:\/\/oikon.hr\/hr\/\"},{\"@type\":\"ListItem\",\"position\":2,\"name\":\"ZAVODI\",\"item\":\"https:\/\/oikon.hr\/hr\/zavodi\/\"},{\"@type\":\"ListItem\",\"position\":3,\"name\":\"Zavod za za\u0161titu prirode\u00a0\"}]},{\"@type\":\"WebSite\",\"@id\":\"https:\/\/oikon.hr\/#website\",\"url\":\"https:\/\/oikon.hr\/\",\"name\":\"Oikon d.o.o.\",\"description\":\"Institut za primijenjenu ekologiju\",\"publisher\":{\"@id\":\"https:\/\/oikon.hr\/#organization\"},\"alternateName\":\"OIKON\",\"potentialAction\":[{\"@type\":\"SearchAction\",\"target\":{\"@type\":\"EntryPoint\",\"urlTemplate\":\"https:\/\/oikon.hr\/?s={search_term_string}\"},\"query-input\":{\"@type\":\"PropertyValueSpecification\",\"valueRequired\":true,\"valueName\":\"search_term_string\"}}],\"inLanguage\":\"hr-HR\"},{\"@type\":\"Organization\",\"@id\":\"https:\/\/oikon.hr\/#organization\",\"name\":\"Oikon d.o.o. - Institut za primijenjenu ekologiju\",\"alternateName\":\"OIKON\",\"url\":\"https:\/\/oikon.hr\/\",\"logo\":{\"@type\":\"ImageObject\",\"inLanguage\":\"hr-HR\",\"@id\":\"https:\/\/oikon.hr\/#\/schema\/logo\/image\/\",\"url\":\"https:\/\/oikon.hr\/cms\/wp-content\/uploads\/2021\/01\/OIKON_R_logo_transparent.png\",\"contentUrl\":\"https:\/\/oikon.hr\/cms\/wp-content\/uploads\/2021\/01\/OIKON_R_logo_transparent.png\",\"width\":1660,\"height\":541,\"caption\":\"Oikon d.o.o. - Institut za primijenjenu ekologiju\"},\"image\":{\"@id\":\"https:\/\/oikon.hr\/#\/schema\/logo\/image\/\"},\"sameAs\":[\"http:\/\/www.facebook.com\/OikonLtd\/\",\"https:\/\/x.com\/OikonLtd\",\"https:\/\/www.instagram.com\/oikon_ltd\/\",\"https:\/\/www.linkedin.com\/company\/oikon---institute-for-applied-technology\/\",\"https:\/\/www.youtube.com\/channel\/UCu_eJ0ct90AEN8D85KWcRHQ\"]}]}<\/script>\n<!-- \/ Yoast SEO plugin. -->","yoast_head_json":{"title":"Zavod za za\u0161titu prirode\u00a0 &#8211; Oikon d.o.o.","description":"Voditeljica Zavoda:Ivana Lampek Pav\u010dnik Kontakt: e-mail Tijekom godina Oikon je tako\u0111er postao glavni pru\u017eatelj konzultantskih usluga i tehni\u010dke pomo\u0107i na","robots":{"index":"index","follow":"follow","max-snippet":"max-snippet:-1","max-image-preview":"max-image-preview:large","max-video-preview":"max-video-preview:-1"},"canonical":"https:\/\/oikon.hr\/hr\/zavodi\/zavod-za-zastitu-prirode\/","og_locale":"hr_HR","og_type":"article","og_title":"Zavod za za\u0161titu prirode\u00a0 &#8211; Oikon d.o.o.","og_description":"Voditeljica Zavoda:Ivana Lampek Pav\u010dnik Kontakt: e-mail Tijekom godina Oikon je tako\u0111er postao glavni pru\u017eatelj konzultantskih usluga i tehni\u010dke pomo\u0107i na","og_url":"https:\/\/oikon.hr\/hr\/zavodi\/zavod-za-zastitu-prirode\/","og_site_name":"Oikon d.o.o.","article_publisher":"http:\/\/www.facebook.com\/OikonLtd\/","article_modified_time":"2025-01-14T11:08:42+00:00","og_image":[{"url":"https:\/\/oikon.hr\/cms\/wp-content\/uploads\/2017\/07\/IMG_0763-500x250.jpg","type":"","width":"","height":""}],"twitter_card":"summary_large_image","twitter_site":"@OikonLtd","twitter_misc":{"Est. reading time":"2 minutes"},"schema":{"@context":"https:\/\/schema.org","@graph":[{"@type":"WebPage","@id":"https:\/\/oikon.hr\/hr\/zavodi\/zavod-za-zastitu-prirode\/","url":"https:\/\/oikon.hr\/hr\/zavodi\/zavod-za-zastitu-prirode\/","name":"Zavod za za\u0161titu prirode\u00a0 &#8211; Oikon d.o.o.","isPartOf":{"@id":"https:\/\/oikon.hr\/#website"},"datePublished":"2017-09-22T09:41:10+00:00","dateModified":"2025-01-14T11:08:42+00:00","description":"Voditeljica Zavoda:Ivana Lampek Pav\u010dnik Kontakt: e-mail Tijekom godina Oikon je tako\u0111er postao glavni pru\u017eatelj konzultantskih usluga i tehni\u010dke pomo\u0107i na","breadcrumb":{"@id":"https:\/\/oikon.hr\/hr\/zavodi\/zavod-za-zastitu-prirode\/#breadcrumb"},"inLanguage":"hr-HR","potentialAction":[{"@type":"ReadAction","target":["https:\/\/oikon.hr\/hr\/zavodi\/zavod-za-zastitu-prirode\/"]}]},{"@type":"BreadcrumbList","@id":"https:\/\/oikon.hr\/hr\/zavodi\/zavod-za-zastitu-prirode\/#breadcrumb","itemListElement":[{"@type":"ListItem","position":1,"name":"","item":"https:\/\/oikon.hr\/hr\/"},{"@type":"ListItem","position":2,"name":"ZAVODI","item":"https:\/\/oikon.hr\/hr\/zavodi\/"},{"@type":"ListItem","position":3,"name":"Zavod za za\u0161titu prirode\u00a0"}]},{"@type":"WebSite","@id":"https:\/\/oikon.hr\/#website","url":"https:\/\/oikon.hr\/","name":"Oikon d.o.o.","description":"Institut za primijenjenu ekologiju","publisher":{"@id":"https:\/\/oikon.hr\/#organization"},"alternateName":"OIKON","potentialAction":[{"@type":"SearchAction","target":{"@type":"EntryPoint","urlTemplate":"https:\/\/oikon.hr\/?s={search_term_string}"},"query-input":{"@type":"PropertyValueSpecification","valueRequired":true,"valueName":"search_term_string"}}],"inLanguage":"hr-HR"},{"@type":"Organization","@id":"https:\/\/oikon.hr\/#organization","name":"Oikon d.o.o. - Institut za primijenjenu ekologiju","alternateName":"OIKON","url":"https:\/\/oikon.hr\/","logo":{"@type":"ImageObject","inLanguage":"hr-HR","@id":"https:\/\/oikon.hr\/#\/schema\/logo\/image\/","url":"https:\/\/oikon.hr\/cms\/wp-content\/uploads\/2021\/01\/OIKON_R_logo_transparent.png","contentUrl":"https:\/\/oikon.hr\/cms\/wp-content\/uploads\/2021\/01\/OIKON_R_logo_transparent.png","width":1660,"height":541,"caption":"Oikon d.o.o. - Institut za primijenjenu ekologiju"},"image":{"@id":"https:\/\/oikon.hr\/#\/schema\/logo\/image\/"},"sameAs":["http:\/\/www.facebook.com\/OikonLtd\/","https:\/\/x.com\/OikonLtd","https:\/\/www.instagram.com\/oikon_ltd\/","https:\/\/www.linkedin.com\/company\/oikon---institute-for-applied-technology\/","https:\/\/www.youtube.com\/channel\/UCu_eJ0ct90AEN8D85KWcRHQ"]}]}},"_links":{"self":[{"href":"https:\/\/oikon.hr\/hr\/wp-json\/wp\/v2\/pages\/2076","targetHints":{"allow":["GET"]}}],"collection":[{"href":"https:\/\/oikon.hr\/hr\/wp-json\/wp\/v2\/pages"}],"about":[{"href":"https:\/\/oikon.hr\/hr\/wp-json\/wp\/v2\/types\/page"}],"author":[{"embeddable":true,"href":"https:\/\/oikon.hr\/hr\/wp-json\/wp\/v2\/users\/2"}],"replies":[{"embeddable":true,"href":"https:\/\/oikon.hr\/hr\/wp-json\/wp\/v2\/comments?post=2076"}],"version-history":[{"count":4,"href":"https:\/\/oikon.hr\/hr\/wp-json\/wp\/v2\/pages\/2076\/revisions"}],"predecessor-version":[{"id":11798,"href":"https:\/\/oikon.hr\/hr\/wp-json\/wp\/v2\/pages\/2076\/revisions\/11798"}],"up":[{"embeddable":true,"href":"https:\/\/oikon.hr\/hr\/wp-json\/wp\/v2\/pages\/2063"}],"wp:attachment":[{"href":"https:\/\/oikon.hr\/hr\/wp-json\/wp\/v2\/media?parent=2076"}],"curies":[{"name":"wp","href":"https:\/\/api.w.org\/{rel}","templated":true}]}}