{"id":2078,"date":"2017-09-22T11:41:29","date_gmt":"2017-09-22T09:41:29","guid":{"rendered":"http:\/\/localhost\/oikon\/zavod-za-okolisno-inzenjerstvo\/"},"modified":"2024-01-11T11:53:15","modified_gmt":"2024-01-11T10:53:15","slug":"zavod-za-okolisno-inzenjerstvo-krajobraz","status":"publish","type":"page","link":"https:\/\/oikon.hr\/hr\/zavodi\/zavod-za-okolisno-inzenjerstvo-krajobraz\/","title":{"rendered":"Zavod za okoli\u0161no in\u017eenjerstvo i krajobraz\u00a0"},"content":{"rendered":"<p><strong>Voditeljica Zavoda:\u00a0<\/strong>dr. sc. Bo\u017eica \u0160orgi\u0107<\/p>\n<p><strong>Kontakt: <\/strong><a href=\"mailto:bsorgic@oikon.hr\">e-mail<\/a><\/p>\n<hr \/>\n<p style=\"text-align: justify;\">Oikon d.o.o. sa svojim Zavodom za okoli\u0161no in\u017eenjerstvo i krajobraz pokriva podru\u010dje za\u0161tite okoli\u0161a te je jedan od vode\u0107ih u Hrvatskoj i regiji. Primarni dokumenti koje izra\u0111uje su procjena utjecaja na okoli\u0161 (PUO), strate\u0161ka procjena utjecaja na okoli\u0161 (SPUO) te izrada programa pra\u0107enja stanja okoli\u0161a.<\/p>\n<p style=\"text-align: justify;\">Posebnost su veliki infrastrukturni razvojni projekti na kojima smo sudjelovali pru\u017eanjem brojnih usluga, kao \u0161to su:<\/p>\n<ul style=\"text-align: justify;\">\n<li>Procjene utjecaja na okoli\u0161 (PUO) za vi\u0161e od <strong>1.000<\/strong> km autocesta i njihovih ina\u010dica \u2013 pribli\u017eno <strong>80 %<\/strong> novoizgra\u0111enih autocesta u Hrvatskoj i BiH;<\/li>\n<li>Stotine kilometara magistralnih cesta \u2013 pribli\u017eno <strong>30 %<\/strong> novoizgra\u0111enih cesta;<\/li>\n<li>Stotine kilometara \u017eeljezni\u010dkih pruga \u2013 pribli\u017eno <strong>80 %<\/strong> novoizgra\u0111enih ili planiranih pruga;<\/li>\n<li>Gotovo <strong>1.000<\/strong> km magistralnog plinovoda;<\/li>\n<li>Vi\u0161e od <strong>135<\/strong>\u00a0projekata obnovljivih izvora energije;<\/li>\n<li>Vi\u0161e od <strong>60<\/strong> projekata marikulture;<\/li>\n<li>Veliki energetski zahvati, npr. dalekovodi;<\/li>\n<li>Vi\u0161e od <strong>40<\/strong> strate\u0161kih procjena o utjecaju na okoli\u0161 (SPUO);<\/li>\n<li>Vi\u0161e od <strong>700<\/strong> projekata za\u0161tite okoli\u0161a.<\/li>\n<\/ul>\n<p style=\"text-align: justify;\">\u0160to je ujedno i dokaz da imamo neusporedivo iskustvo u izradi procjena utjecaja na okoli\u0161 za velike razvojne projekte u Hrvatskoj i regiji.<\/p>\n<div id='gallery-1' class='gallery galleryid-2078 gallery-columns-4 gallery-size-wordpress-medium-gallery'><figure class='gallery-item'>\n\t\t\t<div class='gallery-icon portrait'>\n\t\t\t\t<img loading=\"lazy\" decoding=\"async\" width=\"500\" height=\"250\" src=\"https:\/\/oikon.hr\/cms\/wp-content\/uploads\/2017\/07\/dalekovodi-500x250.jpg\" class=\"attachment-wordpress-medium-gallery size-wordpress-medium-gallery\" alt=\"\" \/>\n\t\t\t<\/div><\/figure><figure class='gallery-item'>\n\t\t\t<div class='gallery-icon landscape'>\n\t\t\t\t<img loading=\"lazy\" decoding=\"async\" width=\"500\" height=\"250\" src=\"https:\/\/oikon.hr\/cms\/wp-content\/uploads\/2017\/07\/DSC_0076-500x250.jpg\" class=\"attachment-wordpress-medium-gallery size-wordpress-medium-gallery\" alt=\"\" srcset=\"https:\/\/oikon.hr\/cms\/wp-content\/uploads\/2017\/07\/DSC_0076-500x250.jpg 500w, https:\/\/oikon.hr\/cms\/wp-content\/uploads\/2017\/07\/DSC_0076-2000x1000.jpg 2000w\" sizes=\"auto, (max-width: 500px) 100vw, 500px\" \/>\n\t\t\t<\/div><\/figure><figure class='gallery-item'>\n\t\t\t<div class='gallery-icon landscape'>\n\t\t\t\t<img loading=\"lazy\" decoding=\"async\" width=\"500\" height=\"250\" src=\"https:\/\/oikon.hr\/cms\/wp-content\/uploads\/2017\/07\/DSC_0101-2-500x250.jpg\" class=\"attachment-wordpress-medium-gallery size-wordpress-medium-gallery\" alt=\"\" srcset=\"https:\/\/oikon.hr\/cms\/wp-content\/uploads\/2017\/07\/DSC_0101-2-500x250.jpg 500w, https:\/\/oikon.hr\/cms\/wp-content\/uploads\/2017\/07\/DSC_0101-2-2000x1000.jpg 2000w\" sizes=\"auto, (max-width: 500px) 100vw, 500px\" \/>\n\t\t\t<\/div><\/figure><figure class='gallery-item'>\n\t\t\t<div class='gallery-icon landscape'>\n\t\t\t\t<img loading=\"lazy\" decoding=\"async\" width=\"500\" height=\"250\" src=\"https:\/\/oikon.hr\/cms\/wp-content\/uploads\/2017\/07\/DSC06665-500x250.jpg\" class=\"attachment-wordpress-medium-gallery size-wordpress-medium-gallery\" alt=\"\" srcset=\"https:\/\/oikon.hr\/cms\/wp-content\/uploads\/2017\/07\/DSC06665-500x250.jpg 500w, https:\/\/oikon.hr\/cms\/wp-content\/uploads\/2017\/07\/DSC06665-2000x1000.jpg 2000w\" sizes=\"auto, (max-width: 500px) 100vw, 500px\" \/>\n\t\t\t<\/div><\/figure><figure class='gallery-item'>\n\t\t\t<div class='gallery-icon landscape'>\n\t\t\t\t<img loading=\"lazy\" decoding=\"async\" width=\"500\" height=\"250\" src=\"https:\/\/oikon.hr\/cms\/wp-content\/uploads\/2017\/07\/IMG_0171-500x250.jpg\" class=\"attachment-wordpress-medium-gallery size-wordpress-medium-gallery\" alt=\"\" srcset=\"https:\/\/oikon.hr\/cms\/wp-content\/uploads\/2017\/07\/IMG_0171-500x250.jpg 500w, https:\/\/oikon.hr\/cms\/wp-content\/uploads\/2017\/07\/IMG_0171-2000x1000.jpg 2000w\" sizes=\"auto, (max-width: 500px) 100vw, 500px\" \/>\n\t\t\t<\/div><\/figure><figure class='gallery-item'>\n\t\t\t<div class='gallery-icon landscape'>\n\t\t\t\t<img loading=\"lazy\" decoding=\"async\" width=\"500\" height=\"250\" src=\"https:\/\/oikon.hr\/cms\/wp-content\/uploads\/2017\/07\/IMG_8007-500x250.jpg\" class=\"attachment-wordpress-medium-gallery size-wordpress-medium-gallery\" alt=\"\" \/>\n\t\t\t<\/div><\/figure><figure class='gallery-item'>\n\t\t\t<div class='gallery-icon landscape'>\n\t\t\t\t<img loading=\"lazy\" decoding=\"async\" width=\"500\" height=\"250\" src=\"https:\/\/oikon.hr\/cms\/wp-content\/uploads\/2017\/07\/Sovjak-2-500x250.jpg\" class=\"attachment-wordpress-medium-gallery size-wordpress-medium-gallery\" alt=\"\" srcset=\"https:\/\/oikon.hr\/cms\/wp-content\/uploads\/2017\/07\/Sovjak-2-500x250.jpg 500w, https:\/\/oikon.hr\/cms\/wp-content\/uploads\/2017\/07\/Sovjak-2-2000x1000.jpg 2000w\" sizes=\"auto, (max-width: 500px) 100vw, 500px\" \/>\n\t\t\t<\/div><\/figure><figure class='gallery-item'>\n\t\t\t<div class='gallery-icon landscape'>\n\t\t\t\t<img loading=\"lazy\" decoding=\"async\" width=\"500\" height=\"250\" src=\"https:\/\/oikon.hr\/cms\/wp-content\/uploads\/2017\/07\/IMG_4727-1-500x250.jpg\" class=\"attachment-wordpress-medium-gallery size-wordpress-medium-gallery\" alt=\"\" srcset=\"https:\/\/oikon.hr\/cms\/wp-content\/uploads\/2017\/07\/IMG_4727-1-500x250.jpg 500w, https:\/\/oikon.hr\/cms\/wp-content\/uploads\/2017\/07\/IMG_4727-1-2000x1000.jpg 2000w\" sizes=\"auto, (max-width: 500px) 100vw, 500px\" \/>\n\t\t\t<\/div><\/figure>\n\t\t<\/div>\n\n<h4><\/h4>\n","protected":false},"excerpt":{"rendered":"<p>Voditeljica Zavoda:\u00a0dr. sc. Bo\u017eica \u0160orgi\u0107 Kontakt: e-mail Oikon d.o.o. sa svojim Zavodom za okoli\u0161no in\u017eenjerstvo i krajobraz pokriva podru\u010dje za\u0161tite okoli\u0161a te je jedan od vode\u0107ih u Hrvatskoj i regiji. Primarni dokumenti koje izra\u0111uje su procjena utjecaja na okoli\u0161 (PUO), strate\u0161ka procjena utjecaja na okoli\u0161 (SPUO) te izrada programa pra\u0107enja stanja okoli\u0161a. Posebnost su veliki &hellip; <a href=\"https:\/\/oikon.hr\/hr\/zavodi\/zavod-za-okolisno-inzenjerstvo-krajobraz\/\">Saznajte vi\u0161e<\/a><\/p>\n","protected":false},"author":2,"featured_media":0,"parent":2063,"menu_order":1,"comment_status":"closed","ping_status":"closed","template":"","meta":{"_acf_changed":false,"footnotes":""},"class_list":["post-2078","page","type-page","status-publish","hentry"],"acf":[],"yoast_head":"<!-- This site is optimized with the Yoast SEO plugin v27.0 - https:\/\/yoast.com\/product\/yoast-seo-wordpress\/ -->\n<title>Zavod za okoli\u0161no in\u017eenjerstvo i krajobraz\u00a0 &#8211; Oikon d.o.o.<\/title>\n<meta name=\"description\" content=\"Voditeljica Zavoda:\u00a0dr. sc. Bo\u017eica \u0160orgi\u0107 Kontakt: e-mail Oikon d.o.o. sa svojim Zavodom za okoli\u0161no in\u017eenjerstvo i krajobraz pokriva podru\u010dje za\u0161tite\" \/>\n<meta name=\"robots\" content=\"index, follow, max-snippet:-1, max-image-preview:large, max-video-preview:-1\" \/>\n<link rel=\"canonical\" href=\"https:\/\/oikon.hr\/hr\/zavodi\/zavod-za-okolisno-inzenjerstvo-krajobraz\/\" \/>\n<meta property=\"og:locale\" content=\"hr_HR\" \/>\n<meta property=\"og:type\" content=\"article\" \/>\n<meta property=\"og:title\" content=\"Zavod za okoli\u0161no in\u017eenjerstvo i krajobraz\u00a0 &#8211; Oikon d.o.o.\" \/>\n<meta property=\"og:description\" content=\"Voditeljica Zavoda:\u00a0dr. sc. Bo\u017eica \u0160orgi\u0107 Kontakt: e-mail Oikon d.o.o. sa svojim Zavodom za okoli\u0161no in\u017eenjerstvo i krajobraz pokriva podru\u010dje za\u0161tite\" \/>\n<meta property=\"og:url\" content=\"https:\/\/oikon.hr\/hr\/zavodi\/zavod-za-okolisno-inzenjerstvo-krajobraz\/\" \/>\n<meta property=\"og:site_name\" content=\"Oikon d.o.o.\" \/>\n<meta property=\"article:publisher\" content=\"http:\/\/www.facebook.com\/OikonLtd\/\" \/>\n<meta property=\"article:modified_time\" content=\"2024-01-11T10:53:15+00:00\" \/>\n<meta property=\"og:image\" content=\"https:\/\/oikon.hr\/cms\/wp-content\/uploads\/2017\/07\/dalekovodi-500x250.jpg\" \/>\n<meta name=\"twitter:card\" content=\"summary_large_image\" \/>\n<meta name=\"twitter:site\" content=\"@OikonLtd\" \/>\n<meta name=\"twitter:label1\" content=\"Est. reading time\" \/>\n\t<meta name=\"twitter:data1\" content=\"1 minute\" \/>\n<script type=\"application\/ld+json\" class=\"yoast-schema-graph\">{\"@context\":\"https:\/\/schema.org\",\"@graph\":[{\"@type\":\"WebPage\",\"@id\":\"https:\/\/oikon.hr\/hr\/zavodi\/zavod-za-okolisno-inzenjerstvo-krajobraz\/\",\"url\":\"https:\/\/oikon.hr\/hr\/zavodi\/zavod-za-okolisno-inzenjerstvo-krajobraz\/\",\"name\":\"Zavod za okoli\u0161no in\u017eenjerstvo i krajobraz\u00a0 &#8211; Oikon d.o.o.\",\"isPartOf\":{\"@id\":\"https:\/\/oikon.hr\/#website\"},\"datePublished\":\"2017-09-22T09:41:29+00:00\",\"dateModified\":\"2024-01-11T10:53:15+00:00\",\"description\":\"Voditeljica Zavoda:\u00a0dr. sc. Bo\u017eica \u0160orgi\u0107 Kontakt: e-mail Oikon d.o.o. sa svojim Zavodom za okoli\u0161no in\u017eenjerstvo i krajobraz pokriva podru\u010dje za\u0161tite\",\"breadcrumb\":{\"@id\":\"https:\/\/oikon.hr\/hr\/zavodi\/zavod-za-okolisno-inzenjerstvo-krajobraz\/#breadcrumb\"},\"inLanguage\":\"hr-HR\",\"potentialAction\":[{\"@type\":\"ReadAction\",\"target\":[\"https:\/\/oikon.hr\/hr\/zavodi\/zavod-za-okolisno-inzenjerstvo-krajobraz\/\"]}]},{\"@type\":\"BreadcrumbList\",\"@id\":\"https:\/\/oikon.hr\/hr\/zavodi\/zavod-za-okolisno-inzenjerstvo-krajobraz\/#breadcrumb\",\"itemListElement\":[{\"@type\":\"ListItem\",\"position\":1,\"name\":\"\",\"item\":\"https:\/\/oikon.hr\/hr\/\"},{\"@type\":\"ListItem\",\"position\":2,\"name\":\"ZAVODI\",\"item\":\"https:\/\/oikon.hr\/hr\/zavodi\/\"},{\"@type\":\"ListItem\",\"position\":3,\"name\":\"Zavod za okoli\u0161no in\u017eenjerstvo i krajobraz\u00a0\"}]},{\"@type\":\"WebSite\",\"@id\":\"https:\/\/oikon.hr\/#website\",\"url\":\"https:\/\/oikon.hr\/\",\"name\":\"Oikon d.o.o.\",\"description\":\"Institut za primijenjenu ekologiju\",\"publisher\":{\"@id\":\"https:\/\/oikon.hr\/#organization\"},\"alternateName\":\"OIKON\",\"potentialAction\":[{\"@type\":\"SearchAction\",\"target\":{\"@type\":\"EntryPoint\",\"urlTemplate\":\"https:\/\/oikon.hr\/?s={search_term_string}\"},\"query-input\":{\"@type\":\"PropertyValueSpecification\",\"valueRequired\":true,\"valueName\":\"search_term_string\"}}],\"inLanguage\":\"hr-HR\"},{\"@type\":\"Organization\",\"@id\":\"https:\/\/oikon.hr\/#organization\",\"name\":\"Oikon d.o.o. - Institut za primijenjenu ekologiju\",\"alternateName\":\"OIKON\",\"url\":\"https:\/\/oikon.hr\/\",\"logo\":{\"@type\":\"ImageObject\",\"inLanguage\":\"hr-HR\",\"@id\":\"https:\/\/oikon.hr\/#\/schema\/logo\/image\/\",\"url\":\"https:\/\/oikon.hr\/cms\/wp-content\/uploads\/2021\/01\/OIKON_R_logo_transparent.png\",\"contentUrl\":\"https:\/\/oikon.hr\/cms\/wp-content\/uploads\/2021\/01\/OIKON_R_logo_transparent.png\",\"width\":1660,\"height\":541,\"caption\":\"Oikon d.o.o. - Institut za primijenjenu ekologiju\"},\"image\":{\"@id\":\"https:\/\/oikon.hr\/#\/schema\/logo\/image\/\"},\"sameAs\":[\"http:\/\/www.facebook.com\/OikonLtd\/\",\"https:\/\/x.com\/OikonLtd\",\"https:\/\/www.instagram.com\/oikon_ltd\/\",\"https:\/\/www.linkedin.com\/company\/oikon---institute-for-applied-technology\/\",\"https:\/\/www.youtube.com\/channel\/UCu_eJ0ct90AEN8D85KWcRHQ\"]}]}<\/script>\n<!-- \/ Yoast SEO plugin. -->","yoast_head_json":{"title":"Zavod za okoli\u0161no in\u017eenjerstvo i krajobraz\u00a0 &#8211; Oikon d.o.o.","description":"Voditeljica Zavoda:\u00a0dr. sc. Bo\u017eica \u0160orgi\u0107 Kontakt: e-mail Oikon d.o.o. sa svojim Zavodom za okoli\u0161no in\u017eenjerstvo i krajobraz pokriva podru\u010dje za\u0161tite","robots":{"index":"index","follow":"follow","max-snippet":"max-snippet:-1","max-image-preview":"max-image-preview:large","max-video-preview":"max-video-preview:-1"},"canonical":"https:\/\/oikon.hr\/hr\/zavodi\/zavod-za-okolisno-inzenjerstvo-krajobraz\/","og_locale":"hr_HR","og_type":"article","og_title":"Zavod za okoli\u0161no in\u017eenjerstvo i krajobraz\u00a0 &#8211; Oikon d.o.o.","og_description":"Voditeljica Zavoda:\u00a0dr. sc. Bo\u017eica \u0160orgi\u0107 Kontakt: e-mail Oikon d.o.o. sa svojim Zavodom za okoli\u0161no in\u017eenjerstvo i krajobraz pokriva podru\u010dje za\u0161tite","og_url":"https:\/\/oikon.hr\/hr\/zavodi\/zavod-za-okolisno-inzenjerstvo-krajobraz\/","og_site_name":"Oikon d.o.o.","article_publisher":"http:\/\/www.facebook.com\/OikonLtd\/","article_modified_time":"2024-01-11T10:53:15+00:00","og_image":[{"url":"https:\/\/oikon.hr\/cms\/wp-content\/uploads\/2017\/07\/dalekovodi-500x250.jpg","type":"","width":"","height":""}],"twitter_card":"summary_large_image","twitter_site":"@OikonLtd","twitter_misc":{"Est. reading time":"1 minute"},"schema":{"@context":"https:\/\/schema.org","@graph":[{"@type":"WebPage","@id":"https:\/\/oikon.hr\/hr\/zavodi\/zavod-za-okolisno-inzenjerstvo-krajobraz\/","url":"https:\/\/oikon.hr\/hr\/zavodi\/zavod-za-okolisno-inzenjerstvo-krajobraz\/","name":"Zavod za okoli\u0161no in\u017eenjerstvo i krajobraz\u00a0 &#8211; Oikon d.o.o.","isPartOf":{"@id":"https:\/\/oikon.hr\/#website"},"datePublished":"2017-09-22T09:41:29+00:00","dateModified":"2024-01-11T10:53:15+00:00","description":"Voditeljica Zavoda:\u00a0dr. sc. Bo\u017eica \u0160orgi\u0107 Kontakt: e-mail Oikon d.o.o. sa svojim Zavodom za okoli\u0161no in\u017eenjerstvo i krajobraz pokriva podru\u010dje za\u0161tite","breadcrumb":{"@id":"https:\/\/oikon.hr\/hr\/zavodi\/zavod-za-okolisno-inzenjerstvo-krajobraz\/#breadcrumb"},"inLanguage":"hr-HR","potentialAction":[{"@type":"ReadAction","target":["https:\/\/oikon.hr\/hr\/zavodi\/zavod-za-okolisno-inzenjerstvo-krajobraz\/"]}]},{"@type":"BreadcrumbList","@id":"https:\/\/oikon.hr\/hr\/zavodi\/zavod-za-okolisno-inzenjerstvo-krajobraz\/#breadcrumb","itemListElement":[{"@type":"ListItem","position":1,"name":"","item":"https:\/\/oikon.hr\/hr\/"},{"@type":"ListItem","position":2,"name":"ZAVODI","item":"https:\/\/oikon.hr\/hr\/zavodi\/"},{"@type":"ListItem","position":3,"name":"Zavod za okoli\u0161no in\u017eenjerstvo i krajobraz\u00a0"}]},{"@type":"WebSite","@id":"https:\/\/oikon.hr\/#website","url":"https:\/\/oikon.hr\/","name":"Oikon d.o.o.","description":"Institut za primijenjenu ekologiju","publisher":{"@id":"https:\/\/oikon.hr\/#organization"},"alternateName":"OIKON","potentialAction":[{"@type":"SearchAction","target":{"@type":"EntryPoint","urlTemplate":"https:\/\/oikon.hr\/?s={search_term_string}"},"query-input":{"@type":"PropertyValueSpecification","valueRequired":true,"valueName":"search_term_string"}}],"inLanguage":"hr-HR"},{"@type":"Organization","@id":"https:\/\/oikon.hr\/#organization","name":"Oikon d.o.o. - Institut za primijenjenu ekologiju","alternateName":"OIKON","url":"https:\/\/oikon.hr\/","logo":{"@type":"ImageObject","inLanguage":"hr-HR","@id":"https:\/\/oikon.hr\/#\/schema\/logo\/image\/","url":"https:\/\/oikon.hr\/cms\/wp-content\/uploads\/2021\/01\/OIKON_R_logo_transparent.png","contentUrl":"https:\/\/oikon.hr\/cms\/wp-content\/uploads\/2021\/01\/OIKON_R_logo_transparent.png","width":1660,"height":541,"caption":"Oikon d.o.o. - Institut za primijenjenu ekologiju"},"image":{"@id":"https:\/\/oikon.hr\/#\/schema\/logo\/image\/"},"sameAs":["http:\/\/www.facebook.com\/OikonLtd\/","https:\/\/x.com\/OikonLtd","https:\/\/www.instagram.com\/oikon_ltd\/","https:\/\/www.linkedin.com\/company\/oikon---institute-for-applied-technology\/","https:\/\/www.youtube.com\/channel\/UCu_eJ0ct90AEN8D85KWcRHQ"]}]}},"_links":{"self":[{"href":"https:\/\/oikon.hr\/hr\/wp-json\/wp\/v2\/pages\/2078","targetHints":{"allow":["GET"]}}],"collection":[{"href":"https:\/\/oikon.hr\/hr\/wp-json\/wp\/v2\/pages"}],"about":[{"href":"https:\/\/oikon.hr\/hr\/wp-json\/wp\/v2\/types\/page"}],"author":[{"embeddable":true,"href":"https:\/\/oikon.hr\/hr\/wp-json\/wp\/v2\/users\/2"}],"replies":[{"embeddable":true,"href":"https:\/\/oikon.hr\/hr\/wp-json\/wp\/v2\/comments?post=2078"}],"version-history":[{"count":3,"href":"https:\/\/oikon.hr\/hr\/wp-json\/wp\/v2\/pages\/2078\/revisions"}],"predecessor-version":[{"id":10166,"href":"https:\/\/oikon.hr\/hr\/wp-json\/wp\/v2\/pages\/2078\/revisions\/10166"}],"up":[{"embeddable":true,"href":"https:\/\/oikon.hr\/hr\/wp-json\/wp\/v2\/pages\/2063"}],"wp:attachment":[{"href":"https:\/\/oikon.hr\/hr\/wp-json\/wp\/v2\/media?parent=2078"}],"curies":[{"name":"wp","href":"https:\/\/api.w.org\/{rel}","templated":true}]}}