{"id":2082,"date":"2017-10-03T13:24:03","date_gmt":"2017-10-03T11:24:03","guid":{"rendered":"http:\/\/localhost\/oikon\/osnovne-informacije\/"},"modified":"2026-03-19T16:57:10","modified_gmt":"2026-03-19T15:57:10","slug":"osnovne-informacije","status":"publish","type":"page","link":"https:\/\/oikon.hr\/hr\/osnovne-informacije\/","title":{"rendered":"Osnovne informacije"},"content":{"rendered":"<table style=\"height: 633px;\" width=\"646\">\n<tbody>\n<tr>\n<td width=\"132\">Tvrtka<\/td>\n<td width=\"310\"><strong>Oikon d.o.o. \u2013 Institut za primijenjenu ekologiju<\/strong><\/td>\n<\/tr>\n<tr>\n<td>Adresa<\/td>\n<td>Trg senjskih uskoka 1-2, HR-10020 Zagreb<\/td>\n<\/tr>\n<tr>\n<td>Telefon<\/td>\n<td>+385 1 5507 100<\/td>\n<\/tr>\n<tr>\n<td>Fax<\/td>\n<td>+385 1 5507 101<\/td>\n<\/tr>\n<tr>\n<td>E-po\u0161ta<\/td>\n<td>oikon@oikon.hr<\/td>\n<\/tr>\n<tr>\n<td>WEB<\/td>\n<td>www.oikon.hr<\/td>\n<\/tr>\n<tr>\n<td><\/td>\n<td><\/td>\n<\/tr>\n<tr>\n<td>Direktor<\/td>\n<td>Dalibor Hati\u0107, mag. ing. silv., CE<\/td>\n<\/tr>\n<tr>\n<td>Godina osnutka<\/td>\n<td>1997.<\/td>\n<\/tr>\n<tr>\n<td>Veli\u010dina tvrtke<\/td>\n<td>Mala<\/td>\n<\/tr>\n<tr>\n<td>MBS<\/td>\n<td>80183498<\/td>\n<\/tr>\n<tr>\n<td>MB<\/td>\n<td>1328042<\/td>\n<\/tr>\n<tr>\n<td>OIB<\/td>\n<td>63588853294<\/td>\n<\/tr>\n<tr>\n<td>Temeljni kapitalD-U-N-S<sup>\u00ae<\/sup> broj<\/td>\n<td>66.361,40 eura u cijelosti upla\u0107en499519981<\/td>\n<\/tr>\n<tr>\n<td><\/td>\n<td><script src=\"https:\/\/dunsregistered.dnb.com\" type=\"text\/javascript\"><\/script><\/td>\n<\/tr>\n<tr>\n<td><strong>Bankovni ra\u010dun<\/strong><\/td>\n<td><\/td>\n<\/tr>\n<tr>\n<td>Naziv ra\u010duna<\/td>\n<td>Oikon d.o.o. \u2013 Institut za primijenjenu ekologiju<\/td>\n<\/tr>\n<tr>\n<td>IBAN<\/td>\n<td>HR2623600001101330724<\/td>\n<\/tr>\n<tr>\n<td>Banka<\/td>\n<td>Zagreba\u010dka banka d.d.<\/td>\n<\/tr>\n<tr>\n<td>Adresa banke<\/td>\n<td>Damira Tomljanovi\u0107a Gavrana 17, Bundek centar, Zagreb<\/td>\n<\/tr>\n<tr>\n<td>SWIFT kod<\/td>\n<td>ZABAHR2X<\/td>\n<\/tr>\n<\/tbody>\n<\/table>\n","protected":false},"excerpt":{"rendered":"<p>Tvrtka Oikon d.o.o. \u2013 Institut za primijenjenu ekologiju Adresa Trg senjskih uskoka 1-2, HR-10020 Zagreb Telefon +385 1 5507 100 Fax +385 1 5507 101 E-po\u0161ta oikon@oikon.hr WEB www.oikon.hr Direktor Dalibor Hati\u0107, mag. ing. silv., CE Godina osnutka 1997. Veli\u010dina tvrtke Mala MBS 80183498 MB 1328042 OIB 63588853294 Temeljni kapitalD-U-N-S\u00ae broj 66.361,40 eura u cijelosti &hellip; <a href=\"https:\/\/oikon.hr\/hr\/osnovne-informacije\/\">Saznajte vi\u0161e<\/a><\/p>\n","protected":false},"author":2,"featured_media":0,"parent":0,"menu_order":0,"comment_status":"closed","ping_status":"closed","template":"","meta":{"_acf_changed":false,"footnotes":""},"class_list":["post-2082","page","type-page","status-publish","hentry"],"acf":[],"yoast_head":"<!-- This site is optimized with the Yoast SEO plugin v27.0 - https:\/\/yoast.com\/product\/yoast-seo-wordpress\/ -->\n<title>Osnovne informacije &#8211; Oikon d.o.o.<\/title>\n<meta name=\"description\" content=\"Tvrtka Oikon d.o.o. \u2013 Institut za primijenjenu ekologiju Adresa Trg senjskih uskoka 1-2, HR-10020 Zagreb Telefon +385 1 5507 100 Fax +385 1 5507 101\" \/>\n<meta name=\"robots\" content=\"index, follow, max-snippet:-1, max-image-preview:large, max-video-preview:-1\" \/>\n<link rel=\"canonical\" href=\"https:\/\/oikon.hr\/hr\/osnovne-informacije\/\" \/>\n<meta property=\"og:locale\" content=\"hr_HR\" \/>\n<meta property=\"og:type\" content=\"article\" \/>\n<meta property=\"og:title\" content=\"Osnovne informacije &#8211; Oikon d.o.o.\" \/>\n<meta property=\"og:description\" content=\"Tvrtka Oikon d.o.o. \u2013 Institut za primijenjenu ekologiju Adresa Trg senjskih uskoka 1-2, HR-10020 Zagreb Telefon +385 1 5507 100 Fax +385 1 5507 101\" \/>\n<meta property=\"og:url\" content=\"https:\/\/oikon.hr\/hr\/osnovne-informacije\/\" \/>\n<meta property=\"og:site_name\" content=\"Oikon d.o.o.\" \/>\n<meta property=\"article:publisher\" content=\"http:\/\/www.facebook.com\/OikonLtd\/\" \/>\n<meta property=\"article:modified_time\" content=\"2026-03-19T15:57:10+00:00\" \/>\n<meta name=\"twitter:card\" content=\"summary_large_image\" \/>\n<meta name=\"twitter:site\" content=\"@OikonLtd\" \/>\n<meta name=\"twitter:label1\" content=\"Est. reading time\" \/>\n\t<meta name=\"twitter:data1\" content=\"1 minute\" \/>\n<script type=\"application\/ld+json\" class=\"yoast-schema-graph\">{\"@context\":\"https:\/\/schema.org\",\"@graph\":[{\"@type\":\"WebPage\",\"@id\":\"https:\/\/oikon.hr\/hr\/osnovne-informacije\/\",\"url\":\"https:\/\/oikon.hr\/hr\/osnovne-informacije\/\",\"name\":\"Osnovne informacije &#8211; Oikon d.o.o.\",\"isPartOf\":{\"@id\":\"https:\/\/oikon.hr\/#website\"},\"datePublished\":\"2017-10-03T11:24:03+00:00\",\"dateModified\":\"2026-03-19T15:57:10+00:00\",\"description\":\"Tvrtka Oikon d.o.o. \u2013 Institut za primijenjenu ekologiju Adresa Trg senjskih uskoka 1-2, HR-10020 Zagreb Telefon +385 1 5507 100 Fax +385 1 5507 101\",\"breadcrumb\":{\"@id\":\"https:\/\/oikon.hr\/hr\/osnovne-informacije\/#breadcrumb\"},\"inLanguage\":\"hr-HR\",\"potentialAction\":[{\"@type\":\"ReadAction\",\"target\":[\"https:\/\/oikon.hr\/hr\/osnovne-informacije\/\"]}]},{\"@type\":\"BreadcrumbList\",\"@id\":\"https:\/\/oikon.hr\/hr\/osnovne-informacije\/#breadcrumb\",\"itemListElement\":[{\"@type\":\"ListItem\",\"position\":1,\"name\":\"\",\"item\":\"https:\/\/oikon.hr\/hr\/\"},{\"@type\":\"ListItem\",\"position\":2,\"name\":\"Osnovne informacije\"}]},{\"@type\":\"WebSite\",\"@id\":\"https:\/\/oikon.hr\/#website\",\"url\":\"https:\/\/oikon.hr\/\",\"name\":\"Oikon d.o.o.\",\"description\":\"Institut za primijenjenu ekologiju\",\"publisher\":{\"@id\":\"https:\/\/oikon.hr\/#organization\"},\"alternateName\":\"OIKON\",\"potentialAction\":[{\"@type\":\"SearchAction\",\"target\":{\"@type\":\"EntryPoint\",\"urlTemplate\":\"https:\/\/oikon.hr\/?s={search_term_string}\"},\"query-input\":{\"@type\":\"PropertyValueSpecification\",\"valueRequired\":true,\"valueName\":\"search_term_string\"}}],\"inLanguage\":\"hr-HR\"},{\"@type\":\"Organization\",\"@id\":\"https:\/\/oikon.hr\/#organization\",\"name\":\"Oikon d.o.o. - Institut za primijenjenu ekologiju\",\"alternateName\":\"OIKON\",\"url\":\"https:\/\/oikon.hr\/\",\"logo\":{\"@type\":\"ImageObject\",\"inLanguage\":\"hr-HR\",\"@id\":\"https:\/\/oikon.hr\/#\/schema\/logo\/image\/\",\"url\":\"https:\/\/oikon.hr\/cms\/wp-content\/uploads\/2021\/01\/OIKON_R_logo_transparent.png\",\"contentUrl\":\"https:\/\/oikon.hr\/cms\/wp-content\/uploads\/2021\/01\/OIKON_R_logo_transparent.png\",\"width\":1660,\"height\":541,\"caption\":\"Oikon d.o.o. - Institut za primijenjenu ekologiju\"},\"image\":{\"@id\":\"https:\/\/oikon.hr\/#\/schema\/logo\/image\/\"},\"sameAs\":[\"http:\/\/www.facebook.com\/OikonLtd\/\",\"https:\/\/x.com\/OikonLtd\",\"https:\/\/www.instagram.com\/oikon_ltd\/\",\"https:\/\/www.linkedin.com\/company\/oikon---institute-for-applied-technology\/\",\"https:\/\/www.youtube.com\/channel\/UCu_eJ0ct90AEN8D85KWcRHQ\"]}]}<\/script>\n<!-- \/ Yoast SEO plugin. -->","yoast_head_json":{"title":"Osnovne informacije &#8211; Oikon d.o.o.","description":"Tvrtka Oikon d.o.o. \u2013 Institut za primijenjenu ekologiju Adresa Trg senjskih uskoka 1-2, HR-10020 Zagreb Telefon +385 1 5507 100 Fax +385 1 5507 101","robots":{"index":"index","follow":"follow","max-snippet":"max-snippet:-1","max-image-preview":"max-image-preview:large","max-video-preview":"max-video-preview:-1"},"canonical":"https:\/\/oikon.hr\/hr\/osnovne-informacije\/","og_locale":"hr_HR","og_type":"article","og_title":"Osnovne informacije &#8211; Oikon d.o.o.","og_description":"Tvrtka Oikon d.o.o. \u2013 Institut za primijenjenu ekologiju Adresa Trg senjskih uskoka 1-2, HR-10020 Zagreb Telefon +385 1 5507 100 Fax +385 1 5507 101","og_url":"https:\/\/oikon.hr\/hr\/osnovne-informacije\/","og_site_name":"Oikon d.o.o.","article_publisher":"http:\/\/www.facebook.com\/OikonLtd\/","article_modified_time":"2026-03-19T15:57:10+00:00","twitter_card":"summary_large_image","twitter_site":"@OikonLtd","twitter_misc":{"Est. reading time":"1 minute"},"schema":{"@context":"https:\/\/schema.org","@graph":[{"@type":"WebPage","@id":"https:\/\/oikon.hr\/hr\/osnovne-informacije\/","url":"https:\/\/oikon.hr\/hr\/osnovne-informacije\/","name":"Osnovne informacije &#8211; Oikon d.o.o.","isPartOf":{"@id":"https:\/\/oikon.hr\/#website"},"datePublished":"2017-10-03T11:24:03+00:00","dateModified":"2026-03-19T15:57:10+00:00","description":"Tvrtka Oikon d.o.o. \u2013 Institut za primijenjenu ekologiju Adresa Trg senjskih uskoka 1-2, HR-10020 Zagreb Telefon +385 1 5507 100 Fax +385 1 5507 101","breadcrumb":{"@id":"https:\/\/oikon.hr\/hr\/osnovne-informacije\/#breadcrumb"},"inLanguage":"hr-HR","potentialAction":[{"@type":"ReadAction","target":["https:\/\/oikon.hr\/hr\/osnovne-informacije\/"]}]},{"@type":"BreadcrumbList","@id":"https:\/\/oikon.hr\/hr\/osnovne-informacije\/#breadcrumb","itemListElement":[{"@type":"ListItem","position":1,"name":"","item":"https:\/\/oikon.hr\/hr\/"},{"@type":"ListItem","position":2,"name":"Osnovne informacije"}]},{"@type":"WebSite","@id":"https:\/\/oikon.hr\/#website","url":"https:\/\/oikon.hr\/","name":"Oikon d.o.o.","description":"Institut za primijenjenu ekologiju","publisher":{"@id":"https:\/\/oikon.hr\/#organization"},"alternateName":"OIKON","potentialAction":[{"@type":"SearchAction","target":{"@type":"EntryPoint","urlTemplate":"https:\/\/oikon.hr\/?s={search_term_string}"},"query-input":{"@type":"PropertyValueSpecification","valueRequired":true,"valueName":"search_term_string"}}],"inLanguage":"hr-HR"},{"@type":"Organization","@id":"https:\/\/oikon.hr\/#organization","name":"Oikon d.o.o. - Institut za primijenjenu ekologiju","alternateName":"OIKON","url":"https:\/\/oikon.hr\/","logo":{"@type":"ImageObject","inLanguage":"hr-HR","@id":"https:\/\/oikon.hr\/#\/schema\/logo\/image\/","url":"https:\/\/oikon.hr\/cms\/wp-content\/uploads\/2021\/01\/OIKON_R_logo_transparent.png","contentUrl":"https:\/\/oikon.hr\/cms\/wp-content\/uploads\/2021\/01\/OIKON_R_logo_transparent.png","width":1660,"height":541,"caption":"Oikon d.o.o. - Institut za primijenjenu ekologiju"},"image":{"@id":"https:\/\/oikon.hr\/#\/schema\/logo\/image\/"},"sameAs":["http:\/\/www.facebook.com\/OikonLtd\/","https:\/\/x.com\/OikonLtd","https:\/\/www.instagram.com\/oikon_ltd\/","https:\/\/www.linkedin.com\/company\/oikon---institute-for-applied-technology\/","https:\/\/www.youtube.com\/channel\/UCu_eJ0ct90AEN8D85KWcRHQ"]}]}},"_links":{"self":[{"href":"https:\/\/oikon.hr\/hr\/wp-json\/wp\/v2\/pages\/2082","targetHints":{"allow":["GET"]}}],"collection":[{"href":"https:\/\/oikon.hr\/hr\/wp-json\/wp\/v2\/pages"}],"about":[{"href":"https:\/\/oikon.hr\/hr\/wp-json\/wp\/v2\/types\/page"}],"author":[{"embeddable":true,"href":"https:\/\/oikon.hr\/hr\/wp-json\/wp\/v2\/users\/2"}],"replies":[{"embeddable":true,"href":"https:\/\/oikon.hr\/hr\/wp-json\/wp\/v2\/comments?post=2082"}],"version-history":[{"count":5,"href":"https:\/\/oikon.hr\/hr\/wp-json\/wp\/v2\/pages\/2082\/revisions"}],"predecessor-version":[{"id":13381,"href":"https:\/\/oikon.hr\/hr\/wp-json\/wp\/v2\/pages\/2082\/revisions\/13381"}],"wp:attachment":[{"href":"https:\/\/oikon.hr\/hr\/wp-json\/wp\/v2\/media?parent=2082"}],"curies":[{"name":"wp","href":"https:\/\/api.w.org\/{rel}","templated":true}]}}