{"id":2086,"date":"2017-10-23T19:57:35","date_gmt":"2017-10-23T17:57:35","guid":{"rendered":"http:\/\/localhost\/oikon\/zaposljavanje\/"},"modified":"2023-11-17T14:33:27","modified_gmt":"2023-11-17T13:33:27","slug":"zaposljavanje","status":"publish","type":"page","link":"https:\/\/oikon.hr\/hr\/zaposljavanje\/","title":{"rendered":"ZAPO\u0160LJAVANJE"},"content":{"rendered":"<section style=\"background-color:#1e664d; padding-top:0;padding-bottom:0;padding-left:0;padding-right:0;\" class=\"align wp-block-acf-herosegment has-text-color has-white-color has-background\" >\n<figure>\n<img decoding=\"async\" style=\"opacity:0.1;\" src=\"https:\/\/oikon.hr\/cms\/wp-content\/uploads\/2023\/11\/highland-meadow-pyrenees-2000x500.jpg\" \/>\n<\/figure>\n<div class=\"headerWrap\">\n<div class=\"header\">\n<h1>ZAPO\u0160LJAVANJE<\/h1>\n<\/div><!--\/.header-->\n<\/div><!--\/.headerWrap-->\n<\/section>\n\n\n<div style=\"height:100px\" aria-hidden=\"true\" class=\"wp-block-spacer\"><\/div>\n\n\n\n<h4 class=\"wp-block-heading has-text-align-center has-text-color\" style=\"color:#3a3a3a;padding-right:var(--wp--preset--spacing--50);padding-left:var(--wp--preset--spacing--50);font-style:normal;font-weight:300\">\u017delite li biti dio tima i pridru\u017eiti nam se u vremenu velikih promjena kad za\u0161tita <\/h4>\n\n\n\n<h4 class=\"wp-block-heading has-text-align-center has-text-color\" style=\"color:#3a3a3a;padding-right:var(--wp--preset--spacing--50);padding-left:var(--wp--preset--spacing--50);font-style:normal;font-weight:300\">prirode i okoli\u0161a dolazi u prvi plan u izgradnji zelenijeg i odr\u017eivijeg dru\u0161tva?<\/h4>\n\n\n\n<h4 class=\"wp-block-heading has-text-align-center has-text-color\" style=\"color:#3a3a3a;padding-right:var(--wp--preset--spacing--50);padding-left:var(--wp--preset--spacing--50);font-style:normal;font-weight:300\">Odli\u010dno! Veselimo se upoznati Vas. \ud83d\ude42<\/h4>\n\n\n\n<div style=\"height:150px\" aria-hidden=\"true\" class=\"wp-block-spacer\"><\/div>\n\n\n<style>\nsection[class*=\"tristupcasfotkama\"] {\n    width: 1200px;\n    margin: 0 auto;\n    max-width: 100%;\n}\n<\/style>\n<section style=\"padding-top:0;padding-bottom:0;padding-left:0;padding-right:0;\" class=\"align wp-block-acf-tristupcasfotkama\" >\n<div class=\"row justify-content-center\">\n<div class=\"col-lg-4 col-md-6 col-12 outer\">\n<div class=\"innerWrap\">\n<div class=\"fotka\">\n<img decoding=\"async\" src=\"https:\/\/oikon.hr\/cms\/wp-content\/uploads\/2023\/11\/Tufa-monitoring_Krka_11-2022_Oikon_square-500x500.jpg\" \/>\n<\/div><!--\/.fotka-->\n<div class=\"naslov\">\n<h3>Kako je raditi u Oikonu?<\/h3>\n<\/div><!--\/.naslov-->\n<div class=\"opis\">\n<\/div><!--\/.opis-->\n<div class=\"tipkaWrap\">\n<a class=\"tipke\" href=\"https:\/\/oikon.hr\/hr\/rad-u-oikonu\/\">\nSaznaj vi\u0161e<\/a>\n<\/div><!--\/.tipkaWrap-->\n<\/div><!--\/.innerWrap-->\n<\/div><!--\/.outer-->\n<div class=\"col-lg-4 col-md-6 col-12 outer\">\n<div class=\"innerWrap\">\n<div class=\"fotka\">\n<img decoding=\"async\" src=\"https:\/\/oikon.hr\/cms\/wp-content\/uploads\/2023\/11\/Oikon_ured_3_square-500x500.jpg\" \/>\n<\/div><!--\/.fotka-->\n<div class=\"naslov\">\n<h3>Otvorena radna mjesta<\/h3>\n<\/div><!--\/.naslov-->\n<div class=\"opis\">\n<\/div><!--\/.opis-->\n<div class=\"tipkaWrap\">\n<a class=\"tipke\" href=\"https:\/\/oikon.hr\/hr\/zaposljavanje\/otvorena-radna-mjesta\/\">\nSaznaj vi\u0161e<\/a>\n<\/div><!--\/.tipkaWrap-->\n<\/div><!--\/.innerWrap-->\n<\/div><!--\/.outer-->\n<div class=\"col-lg-4 col-md-6 col-12 outer\">\n<div class=\"innerWrap\">\n<div class=\"fotka\">\n<img decoding=\"async\" src=\"https:\/\/oikon.hr\/cms\/wp-content\/uploads\/2023\/11\/Oikon_rad-u-GISu_23_square-500x500.jpg\" \/>\n<\/div><!--\/.fotka-->\n<div class=\"naslov\">\n<h3>Prijavi se za posao<\/h3>\n<\/div><!--\/.naslov-->\n<div class=\"opis\">\n<\/div><!--\/.opis-->\n<div class=\"tipkaWrap\">\n<a class=\"tipke\" href=\"https:\/\/oikon.hr\/hr\/zaposljavanje\/prijava-za-posao\/\">\nOvdje<\/a>\n<\/div><!--\/.tipkaWrap-->\n<\/div><!--\/.innerWrap-->\n<\/div><!--\/.outer-->\n<\/div><!--\/.row-->\n<\/section>","protected":false},"excerpt":{"rendered":"<p>\u017delite li biti dio tima i pridru\u017eiti nam se u vremenu velikih promjena kad za\u0161tita prirode i okoli\u0161a dolazi u prvi plan u izgradnji zelenijeg i odr\u017eivijeg dru\u0161tva? Odli\u010dno! Veselimo se upoznati Vas. \ud83d\ude42<\/p>\n","protected":false},"author":2,"featured_media":0,"parent":0,"menu_order":0,"comment_status":"closed","ping_status":"closed","template":"template-gutenberg.php","meta":{"_acf_changed":false,"footnotes":""},"class_list":["post-2086","page","type-page","status-publish","hentry"],"acf":[],"yoast_head":"<!-- This site is optimized with the Yoast SEO plugin v27.0 - https:\/\/yoast.com\/product\/yoast-seo-wordpress\/ -->\n<title>ZAPO\u0160LJAVANJE &#8211; Oikon d.o.o.<\/title>\n<meta name=\"description\" content=\"\u017delite li biti dio tima i pridru\u017eiti nam se u vremenu velikih promjena kad za\u0161tita prirode i okoli\u0161a dolazi u prvi plan u izgradnji zelenijeg i odr\u017eivijeg\" \/>\n<meta name=\"robots\" content=\"index, follow, max-snippet:-1, max-image-preview:large, max-video-preview:-1\" \/>\n<link rel=\"canonical\" href=\"https:\/\/oikon.hr\/hr\/zaposljavanje\/\" \/>\n<meta property=\"og:locale\" content=\"hr_HR\" \/>\n<meta property=\"og:type\" content=\"article\" \/>\n<meta property=\"og:title\" content=\"ZAPO\u0160LJAVANJE &#8211; Oikon d.o.o.\" \/>\n<meta property=\"og:description\" content=\"\u017delite li biti dio tima i pridru\u017eiti nam se u vremenu velikih promjena kad za\u0161tita prirode i okoli\u0161a dolazi u prvi plan u izgradnji zelenijeg i odr\u017eivijeg\" \/>\n<meta property=\"og:url\" content=\"https:\/\/oikon.hr\/hr\/zaposljavanje\/\" \/>\n<meta property=\"og:site_name\" content=\"Oikon d.o.o.\" \/>\n<meta property=\"article:publisher\" content=\"http:\/\/www.facebook.com\/OikonLtd\/\" \/>\n<meta property=\"article:modified_time\" content=\"2023-11-17T13:33:27+00:00\" \/>\n<meta name=\"twitter:card\" content=\"summary_large_image\" \/>\n<meta name=\"twitter:site\" content=\"@OikonLtd\" \/>\n<meta name=\"twitter:label1\" content=\"Est. reading time\" \/>\n\t<meta name=\"twitter:data1\" content=\"1 minute\" \/>\n<script type=\"application\/ld+json\" class=\"yoast-schema-graph\">{\"@context\":\"https:\/\/schema.org\",\"@graph\":[{\"@type\":\"WebPage\",\"@id\":\"https:\/\/oikon.hr\/hr\/zaposljavanje\/\",\"url\":\"https:\/\/oikon.hr\/hr\/zaposljavanje\/\",\"name\":\"ZAPO\u0160LJAVANJE &#8211; Oikon d.o.o.\",\"isPartOf\":{\"@id\":\"https:\/\/oikon.hr\/#website\"},\"datePublished\":\"2017-10-23T17:57:35+00:00\",\"dateModified\":\"2023-11-17T13:33:27+00:00\",\"description\":\"\u017delite li biti dio tima i pridru\u017eiti nam se u vremenu velikih promjena kad za\u0161tita prirode i okoli\u0161a dolazi u prvi plan u izgradnji zelenijeg i odr\u017eivijeg\",\"breadcrumb\":{\"@id\":\"https:\/\/oikon.hr\/hr\/zaposljavanje\/#breadcrumb\"},\"inLanguage\":\"hr-HR\",\"potentialAction\":[{\"@type\":\"ReadAction\",\"target\":[\"https:\/\/oikon.hr\/hr\/zaposljavanje\/\"]}]},{\"@type\":\"BreadcrumbList\",\"@id\":\"https:\/\/oikon.hr\/hr\/zaposljavanje\/#breadcrumb\",\"itemListElement\":[{\"@type\":\"ListItem\",\"position\":1,\"name\":\"\",\"item\":\"https:\/\/oikon.hr\/hr\/\"},{\"@type\":\"ListItem\",\"position\":2,\"name\":\"ZAPO\u0160LJAVANJE\"}]},{\"@type\":\"WebSite\",\"@id\":\"https:\/\/oikon.hr\/#website\",\"url\":\"https:\/\/oikon.hr\/\",\"name\":\"Oikon d.o.o.\",\"description\":\"Institut za primijenjenu ekologiju\",\"publisher\":{\"@id\":\"https:\/\/oikon.hr\/#organization\"},\"alternateName\":\"OIKON\",\"potentialAction\":[{\"@type\":\"SearchAction\",\"target\":{\"@type\":\"EntryPoint\",\"urlTemplate\":\"https:\/\/oikon.hr\/?s={search_term_string}\"},\"query-input\":{\"@type\":\"PropertyValueSpecification\",\"valueRequired\":true,\"valueName\":\"search_term_string\"}}],\"inLanguage\":\"hr-HR\"},{\"@type\":\"Organization\",\"@id\":\"https:\/\/oikon.hr\/#organization\",\"name\":\"Oikon d.o.o. - Institut za primijenjenu ekologiju\",\"alternateName\":\"OIKON\",\"url\":\"https:\/\/oikon.hr\/\",\"logo\":{\"@type\":\"ImageObject\",\"inLanguage\":\"hr-HR\",\"@id\":\"https:\/\/oikon.hr\/#\/schema\/logo\/image\/\",\"url\":\"https:\/\/oikon.hr\/cms\/wp-content\/uploads\/2021\/01\/OIKON_R_logo_transparent.png\",\"contentUrl\":\"https:\/\/oikon.hr\/cms\/wp-content\/uploads\/2021\/01\/OIKON_R_logo_transparent.png\",\"width\":1660,\"height\":541,\"caption\":\"Oikon d.o.o. - Institut za primijenjenu ekologiju\"},\"image\":{\"@id\":\"https:\/\/oikon.hr\/#\/schema\/logo\/image\/\"},\"sameAs\":[\"http:\/\/www.facebook.com\/OikonLtd\/\",\"https:\/\/x.com\/OikonLtd\",\"https:\/\/www.instagram.com\/oikon_ltd\/\",\"https:\/\/www.linkedin.com\/company\/oikon---institute-for-applied-technology\/\",\"https:\/\/www.youtube.com\/channel\/UCu_eJ0ct90AEN8D85KWcRHQ\"]}]}<\/script>\n<!-- \/ Yoast SEO plugin. -->","yoast_head_json":{"title":"ZAPO\u0160LJAVANJE &#8211; Oikon d.o.o.","description":"\u017delite li biti dio tima i pridru\u017eiti nam se u vremenu velikih promjena kad za\u0161tita prirode i okoli\u0161a dolazi u prvi plan u izgradnji zelenijeg i odr\u017eivijeg","robots":{"index":"index","follow":"follow","max-snippet":"max-snippet:-1","max-image-preview":"max-image-preview:large","max-video-preview":"max-video-preview:-1"},"canonical":"https:\/\/oikon.hr\/hr\/zaposljavanje\/","og_locale":"hr_HR","og_type":"article","og_title":"ZAPO\u0160LJAVANJE &#8211; Oikon d.o.o.","og_description":"\u017delite li biti dio tima i pridru\u017eiti nam se u vremenu velikih promjena kad za\u0161tita prirode i okoli\u0161a dolazi u prvi plan u izgradnji zelenijeg i odr\u017eivijeg","og_url":"https:\/\/oikon.hr\/hr\/zaposljavanje\/","og_site_name":"Oikon d.o.o.","article_publisher":"http:\/\/www.facebook.com\/OikonLtd\/","article_modified_time":"2023-11-17T13:33:27+00:00","twitter_card":"summary_large_image","twitter_site":"@OikonLtd","twitter_misc":{"Est. reading time":"1 minute"},"schema":{"@context":"https:\/\/schema.org","@graph":[{"@type":"WebPage","@id":"https:\/\/oikon.hr\/hr\/zaposljavanje\/","url":"https:\/\/oikon.hr\/hr\/zaposljavanje\/","name":"ZAPO\u0160LJAVANJE &#8211; Oikon d.o.o.","isPartOf":{"@id":"https:\/\/oikon.hr\/#website"},"datePublished":"2017-10-23T17:57:35+00:00","dateModified":"2023-11-17T13:33:27+00:00","description":"\u017delite li biti dio tima i pridru\u017eiti nam se u vremenu velikih promjena kad za\u0161tita prirode i okoli\u0161a dolazi u prvi plan u izgradnji zelenijeg i odr\u017eivijeg","breadcrumb":{"@id":"https:\/\/oikon.hr\/hr\/zaposljavanje\/#breadcrumb"},"inLanguage":"hr-HR","potentialAction":[{"@type":"ReadAction","target":["https:\/\/oikon.hr\/hr\/zaposljavanje\/"]}]},{"@type":"BreadcrumbList","@id":"https:\/\/oikon.hr\/hr\/zaposljavanje\/#breadcrumb","itemListElement":[{"@type":"ListItem","position":1,"name":"","item":"https:\/\/oikon.hr\/hr\/"},{"@type":"ListItem","position":2,"name":"ZAPO\u0160LJAVANJE"}]},{"@type":"WebSite","@id":"https:\/\/oikon.hr\/#website","url":"https:\/\/oikon.hr\/","name":"Oikon d.o.o.","description":"Institut za primijenjenu ekologiju","publisher":{"@id":"https:\/\/oikon.hr\/#organization"},"alternateName":"OIKON","potentialAction":[{"@type":"SearchAction","target":{"@type":"EntryPoint","urlTemplate":"https:\/\/oikon.hr\/?s={search_term_string}"},"query-input":{"@type":"PropertyValueSpecification","valueRequired":true,"valueName":"search_term_string"}}],"inLanguage":"hr-HR"},{"@type":"Organization","@id":"https:\/\/oikon.hr\/#organization","name":"Oikon d.o.o. - Institut za primijenjenu ekologiju","alternateName":"OIKON","url":"https:\/\/oikon.hr\/","logo":{"@type":"ImageObject","inLanguage":"hr-HR","@id":"https:\/\/oikon.hr\/#\/schema\/logo\/image\/","url":"https:\/\/oikon.hr\/cms\/wp-content\/uploads\/2021\/01\/OIKON_R_logo_transparent.png","contentUrl":"https:\/\/oikon.hr\/cms\/wp-content\/uploads\/2021\/01\/OIKON_R_logo_transparent.png","width":1660,"height":541,"caption":"Oikon d.o.o. - Institut za primijenjenu ekologiju"},"image":{"@id":"https:\/\/oikon.hr\/#\/schema\/logo\/image\/"},"sameAs":["http:\/\/www.facebook.com\/OikonLtd\/","https:\/\/x.com\/OikonLtd","https:\/\/www.instagram.com\/oikon_ltd\/","https:\/\/www.linkedin.com\/company\/oikon---institute-for-applied-technology\/","https:\/\/www.youtube.com\/channel\/UCu_eJ0ct90AEN8D85KWcRHQ"]}]}},"_links":{"self":[{"href":"https:\/\/oikon.hr\/hr\/wp-json\/wp\/v2\/pages\/2086","targetHints":{"allow":["GET"]}}],"collection":[{"href":"https:\/\/oikon.hr\/hr\/wp-json\/wp\/v2\/pages"}],"about":[{"href":"https:\/\/oikon.hr\/hr\/wp-json\/wp\/v2\/types\/page"}],"author":[{"embeddable":true,"href":"https:\/\/oikon.hr\/hr\/wp-json\/wp\/v2\/users\/2"}],"replies":[{"embeddable":true,"href":"https:\/\/oikon.hr\/hr\/wp-json\/wp\/v2\/comments?post=2086"}],"version-history":[{"count":10,"href":"https:\/\/oikon.hr\/hr\/wp-json\/wp\/v2\/pages\/2086\/revisions"}],"predecessor-version":[{"id":9460,"href":"https:\/\/oikon.hr\/hr\/wp-json\/wp\/v2\/pages\/2086\/revisions\/9460"}],"wp:attachment":[{"href":"https:\/\/oikon.hr\/hr\/wp-json\/wp\/v2\/media?parent=2086"}],"curies":[{"name":"wp","href":"https:\/\/api.w.org\/{rel}","templated":true}]}}