{"id":2088,"date":"2018-05-08T11:52:34","date_gmt":"2018-05-08T09:52:34","guid":{"rendered":"http:\/\/localhost\/oikon\/privatnost-podataka\/"},"modified":"2018-05-08T11:52:34","modified_gmt":"2018-05-08T09:52:34","slug":"privatnost-podataka","status":"publish","type":"page","link":"https:\/\/oikon.hr\/hr\/privatnost-podataka\/","title":{"rendered":"Privatnost podataka"},"content":{"rendered":"<p style=\"text-align: justify;\">Dobrodo\u0161li na na\u0161e web stranice i hvala Vam na interesu za Oikon d.o.o. &#8211; Institut za primijenjenu ekologiju.<\/p>\n<p style=\"text-align: justify;\">Kada nas kontaktirate putem obrasca za kontakt na na\u0161oj web stranici, dostavljate nam i prikupljamo osobne podatke kao \u0161to su va\u0161e ime, e-mail adresa i telefonski broj. Oikon d.o.o. se zala\u017ee za transparentnost o tome kako prikuplja i koristi te podatke i ispunjava svoje obveze za\u0161tite podataka.<\/p>\n<p style=\"text-align: justify;\">Imate pravo zatra\u017eiti kopiju podataka koje o vama dr\u017eimo na na\u0161im sustavima. Imajte na umu da ne\u0107emo dati sljede\u0107e vrste podataka kao odgovor na zahtjev za pristup podacima: informacije o drugim ljudima; mi\u0161ljenja dane u povjerenju; ponovljeni zahtjevi ili povla\u0161tene informacije. Ostale vrste informacija tako\u0111er mogu biti izuzete u skladu sa zakonima o za\u0161titi podataka.<\/p>\n<p style=\"text-align: justify;\"><strong>IZJAVA O PRIVATNOSTI PODNOSITELJA ZAHTJEVA ZA POSAO (uskla\u0111en s GDPR-om)<\/strong><\/p>\n<p style=\"text-align: justify;\">Kao dio bilo kojeg procesa zapo\u0161ljavanja, Oikon d.o.o. prikuplja i obra\u0111uje osobne podatke koji se odnose na prijavitelje zaposlenja. Na\u0161a organizacija se zala\u017ee za transparentnost o na\u010dinu na koji prikuplja i koristi te podatke i ispunjavanju obveza za\u0161tite podataka.<\/p>\n<p style=\"text-align: justify;\"><strong>Koje podatke prikupljamo?<\/strong><\/p>\n<p style=\"text-align: justify;\">Oikon d.o.o. prikuplja niz informacija o vama. To uklju\u010duje neke od sljede\u0107ih:<\/p>\n<ul style=\"text-align: justify;\">\n<li>va\u0161e ime, adresu i pojedinosti o kontaktu, uklju\u010duju\u0107i adresu e-po\u0161te i telefonski broj;<\/li>\n<li>pojedinosti o kvalifikacijama, vje\u0161tinama, iskustvu i povijesti zaposlenja;<\/li>\n<\/ul>\n<p style=\"text-align: justify;\">Oikon d.o.o. mo\u017ee prikupiti ove podatke na razli\u010dite na\u010dine. Na primjer, podaci mogu biti sadr\u017eani u prijavnim obrascima, \u017eivotopisima ili molbama, dobiveni iz putovnice ili drugih osobnih dokumenata ili prikupljeni putem intervjua ili drugih oblika procjene.<\/p>\n<p style=\"text-align: justify;\">Tako\u0111er mo\u017eemo prikupljati osobne podatke o vama od tre\u0107ih strana, kao \u0161to su reference koje ste dobili od biv\u0161ih poslodavaca. Tra\u017eit \u0107emo informacije od tre\u0107ih osoba samo onda kada vam se ponudi posao i obavijestit \u0107emo vas da to \u010dinimo.<\/p>\n<p style=\"text-align: justify;\">Podaci \u0107e biti pohranjeni na razli\u010ditim mjestima, uklju\u010duju\u0107i u zbirki \u017eivotopisa, u sustavima upravljanja ljudskim resursima i na drugim IT sustavima (uklju\u010duju\u0107i e-po\u0161tu).<\/p>\n<p style=\"text-align: justify;\"><strong>Za\u0161to Oikon d.o.o. obra\u0111uje osobne podatke?<\/strong><\/p>\n<p style=\"text-align: justify;\">Moramo obra\u0111ivati podatke da bismo poduzeli korake na va\u0161 zahtjev prije nego \u0161to s vama sklopimo ugovor.<\/p>\n<p style=\"text-align: justify;\">Mo\u017eda \u0107emo morati obraditi va\u0161e podatke kako bismo sklopili ugovor s vama.<\/p>\n<p style=\"text-align: justify;\">U nekim slu\u010dajevima moramo obraditi podatke kako bismo osigurali da se pridr\u017eavamo zakonskih obveza. Na primjer, obvezno je provjeriti ispunjava li podnositelja zahtjeva uvjete za rad u Hrvatskoj prije po\u010detka zapo\u0161ljavanja.<\/p>\n<p style=\"text-align: justify;\">Oikon d.o.o. ima legitiman interes za obradu osobnih podataka tijekom procesa zapo\u0161ljavanja i vo\u0111enja evidencije o procesu. Obrada podataka od kandidata za posao omogu\u0107uje nam upravljanje procesom zapo\u0161ljavanja, procjenu i potvrdu kandidatove prikladnosti za zapo\u0161ljavanje i odlu\u010divanje kome \u0107e ponuditi posao.<\/p>\n<p style=\"text-align: justify;\">Mo\u017eda \u0107emo tako\u0111er morati obraditi podatke od podnositelja zahtjeva za posao kako bismo odgovorili na pravne zahtjeve.<\/p>\n<p style=\"text-align: justify;\">Te informacije obra\u0111ujemo kako bismo izvr\u0161ili svoje obveze i ostvarili odre\u0111ena prava u vezi zapo\u0161ljavanja. Za pohranu podataka koristimo isklju\u010divo sigurne lokacije baze podataka.<\/p>\n<p style=\"text-align: justify;\">Ako va\u0161a prijava nije uspje\u0161na, Oikon d.o.o. \u0107e zadr\u017eati va\u0161e podatke koliko god je to neophodno kako bi se udovoljilo na\u0161im zakonskim i ugovornim obvezama i sukladno na\u0161im legitimnim interesima kao kontrolor podataka, kao i u slu\u010daju budu\u0107e mogu\u0107nosti zapo\u0161ljavanja.<\/p>\n<p style=\"text-align: justify;\">Slobodno mo\u017eete povu\u0107i va\u0161 pristanak u bilo kojem trenutku i ako \u017eelite da se va\u0161i podaci mijenjaju ili trajno bri\u0161u, obavijestite nas kako bismo bili sigurni da su podaci a\u017eurni ili u skladu s tim izbrisani.<\/p>\n<p style=\"text-align: justify;\"><strong>Curriculum Vitae (&#8220;CV&#8221;)<\/strong><\/p>\n<p style=\"text-align: justify;\">Slanjem svog \u017eivotopisa pristajete da Oikon d.o.o. obradi osobne podatke na gore opisani na\u010din.<\/p>\n<p style=\"text-align: justify;\"><strong>Zahtjev za pristup subjektu<\/strong><\/p>\n<p style=\"text-align: justify;\">Imate pravo zatra\u017eiti kopiju podataka koje o vama dr\u017eimo na na\u0161im sustavima. Imajte na umu da ne\u0107emo dati sljede\u0107e vrste podataka kao odgovor na zahtjev za pristup podacima: informacije o drugim ljudima; mi\u0161ljenja dane u povjerenju; ponovljeni zahtjevi ili povla\u0161tene informacije. Ostale vrste informacija tako\u0111er mogu biti izuzete u skladu sa zakonima o za\u0161titi podataka.<\/p>\n<p style=\"text-align: justify;\"><strong>POVREDA PODATAKA<\/strong><\/p>\n<p style=\"text-align: justify;\">U slu\u010daju povrijede va\u0161ih osobnih podataka iz na\u0161e baze obavijestit \u0107emo sve relevantne osobe i nadle\u017ena tijela u roku od 72 sata od kaznenog djela, ako je o\u010dito da su ukradeni podaci pohranjeni na na\u010din koji mo\u017ee otkriti identitet vlasnika podataka.<\/p>\n<p style=\"text-align: justify;\"><strong>IZJAVA O KORI\u0160TENJU KOLA\u010cI\u0106A (COOKIES)<\/strong><\/p>\n<p style=\"text-align: justify;\">Na na\u0161oj web stranici koristimo kola\u010di\u0107e. Pregledavanjem na\u0161e web stranice pristajete na kori\u0161tenje kola\u010di\u0107a.<\/p>\n<p style=\"text-align: justify;\">Na\u0161a pravila o kola\u010di\u0107ima obja\u0161njavaju \u0161to su kola\u010di\u0107i, kako ih koristimo, kako tre\u0107a strana s kojima mo\u017eemo biti partneri mo\u017ee koristiti kola\u010di\u0107e, va\u0161 izbor u vezi s kola\u010di\u0107ima i dodatne informacije o kola\u010di\u0107ima.<\/p>\n<p style=\"text-align: justify;\"><strong>\u0160to su kola\u010di\u0107i?<\/strong><\/p>\n<p style=\"text-align: justify;\">Kola\u010di\u0107i su mali dijelovi teksta koje va\u0161em web pregledniku \u0161alje web stranica koju posje\u0107ujete. Nakon \u0161to opet otvorite web stranicu, va\u0161 internetski preglednik \u0161alje natrag kola\u010di\u0107e koji pripadaju ovoj web stranici. To omogu\u0107uje stranici da prika\u017ee informacije prilago\u0111ene va\u0161im potrebama.<\/p>\n<p style=\"text-align: justify;\">Kola\u010di\u0107i mogu biti privremeni i stalni.<\/p>\n<p style=\"text-align: justify;\"><strong>Kako Oikon koristi kola\u010di\u0107e<\/strong><\/p>\n<p style=\"text-align: justify;\">Kada koristite i pristupite na\u0161oj web stranici, u va\u0161em web pregledniku mo\u017eemo postaviti brojne datoteke kola\u010di\u0107a.<\/p>\n<p style=\"text-align: justify;\">Kola\u010di\u0107e koristimo kako bi omogu\u0107iti odre\u0111ene funkcije Usluge, za potrebe analitike i za spremanje va\u0161ih postavki.<\/p>\n<p style=\"text-align: justify;\">Koristimo privremene i stalne kola\u010di\u0107e te razli\u010dite vrste kola\u010di\u0107a za pokretanje stranice, kao \u0161to su osnovni kola\u010di\u0107i koje koristimo za autentifikaciju korisnika i sprje\u010davanje prijevare kori\u0161tenja korisni\u010dkih ra\u010duna.<\/p>\n<p style=\"text-align: justify;\"><strong>Kola\u010di\u0107i tre\u0107e strane<\/strong><\/p>\n<p style=\"text-align: justify;\">Osim vlastitih kola\u010di\u0107a, mo\u017eemo koristiti i razne kola\u010di\u0107e tre\u0107ih strana kako bismo prijavili statistiku upotrebe web stranice, dostavili oglase na i putem web stranice i sli\u010dno.<\/p>\n<p style=\"text-align: justify;\"><strong>Koje su va\u0161e mogu\u0107nosti u vezi s kola\u010di\u0107ima?<\/strong><\/p>\n<p style=\"text-align: justify;\">Ako ne \u017eelite da se kola\u010di\u0107i spremaju na va\u0161e ra\u010dunalo, mo\u017eete ih izbrisati i blokirati. Kako bi isklju\u010dili kola\u010di\u0107e, potrebno je namjestiti postavke i konfiguracije va\u0161eg internetskog preglednika. No imajte na umu da bi blokiranje kola\u010di\u0107a moglo imati negativan u\u010dinak na kori\u0161tenje web stranice. Odnosno,\u00a0neke od na\u0161ih stranica mo\u017eda se ne\u0107e ispravno prikazivati.<\/p>\n<p style=\"text-align: justify;\">Zadnje a\u017euriranje: 8. svibnja 2018.<\/p>\n","protected":false},"excerpt":{"rendered":"<p>Dobrodo\u0161li na na\u0161e web stranice i hvala Vam na interesu za Oikon d.o.o. &#8211; Institut za primijenjenu ekologiju. Kada nas kontaktirate putem obrasca za kontakt na na\u0161oj web stranici, dostavljate nam i prikupljamo osobne podatke kao \u0161to su va\u0161e ime, e-mail adresa i telefonski broj. Oikon d.o.o. se zala\u017ee za transparentnost o tome kako prikuplja &hellip; <a href=\"https:\/\/oikon.hr\/hr\/privatnost-podataka\/\">Saznajte vi\u0161e<\/a><\/p>\n","protected":false},"author":2,"featured_media":0,"parent":0,"menu_order":0,"comment_status":"closed","ping_status":"closed","template":"","meta":{"_acf_changed":false,"footnotes":""},"class_list":["post-2088","page","type-page","status-publish","hentry"],"acf":[],"yoast_head":"<!-- This site is optimized with the Yoast SEO plugin v27.0 - https:\/\/yoast.com\/product\/yoast-seo-wordpress\/ -->\n<title>Privatnost podataka &#8211; Oikon d.o.o.<\/title>\n<meta name=\"description\" content=\"Dobrodo\u0161li na na\u0161e web stranice i hvala Vam na interesu za Oikon d.o.o. - Institut za primijenjenu ekologiju. Kada nas kontaktirate putem obrasca za\" \/>\n<meta name=\"robots\" content=\"index, follow, max-snippet:-1, max-image-preview:large, max-video-preview:-1\" \/>\n<link rel=\"canonical\" href=\"https:\/\/oikon.hr\/hr\/privatnost-podataka\/\" \/>\n<meta property=\"og:locale\" content=\"hr_HR\" \/>\n<meta property=\"og:type\" content=\"article\" \/>\n<meta property=\"og:title\" content=\"Privatnost podataka &#8211; Oikon d.o.o.\" \/>\n<meta property=\"og:description\" content=\"Dobrodo\u0161li na na\u0161e web stranice i hvala Vam na interesu za Oikon d.o.o. - Institut za primijenjenu ekologiju. Kada nas kontaktirate putem obrasca za\" \/>\n<meta property=\"og:url\" content=\"https:\/\/oikon.hr\/hr\/privatnost-podataka\/\" \/>\n<meta property=\"og:site_name\" content=\"Oikon d.o.o.\" \/>\n<meta property=\"article:publisher\" content=\"http:\/\/www.facebook.com\/OikonLtd\/\" \/>\n<meta name=\"twitter:card\" content=\"summary_large_image\" \/>\n<meta name=\"twitter:site\" content=\"@OikonLtd\" \/>\n<meta name=\"twitter:label1\" content=\"Est. reading time\" \/>\n\t<meta name=\"twitter:data1\" content=\"6 minutes\" \/>\n<script type=\"application\/ld+json\" class=\"yoast-schema-graph\">{\"@context\":\"https:\/\/schema.org\",\"@graph\":[{\"@type\":\"WebPage\",\"@id\":\"https:\/\/oikon.hr\/hr\/privatnost-podataka\/\",\"url\":\"https:\/\/oikon.hr\/hr\/privatnost-podataka\/\",\"name\":\"Privatnost podataka &#8211; Oikon d.o.o.\",\"isPartOf\":{\"@id\":\"https:\/\/oikon.hr\/#website\"},\"datePublished\":\"2018-05-08T09:52:34+00:00\",\"description\":\"Dobrodo\u0161li na na\u0161e web stranice i hvala Vam na interesu za Oikon d.o.o. - Institut za primijenjenu ekologiju. Kada nas kontaktirate putem obrasca za\",\"breadcrumb\":{\"@id\":\"https:\/\/oikon.hr\/hr\/privatnost-podataka\/#breadcrumb\"},\"inLanguage\":\"hr-HR\",\"potentialAction\":[{\"@type\":\"ReadAction\",\"target\":[\"https:\/\/oikon.hr\/hr\/privatnost-podataka\/\"]}]},{\"@type\":\"BreadcrumbList\",\"@id\":\"https:\/\/oikon.hr\/hr\/privatnost-podataka\/#breadcrumb\",\"itemListElement\":[{\"@type\":\"ListItem\",\"position\":1,\"name\":\"\",\"item\":\"https:\/\/oikon.hr\/hr\/\"},{\"@type\":\"ListItem\",\"position\":2,\"name\":\"Privatnost podataka\"}]},{\"@type\":\"WebSite\",\"@id\":\"https:\/\/oikon.hr\/#website\",\"url\":\"https:\/\/oikon.hr\/\",\"name\":\"Oikon d.o.o.\",\"description\":\"Institut za primijenjenu ekologiju\",\"publisher\":{\"@id\":\"https:\/\/oikon.hr\/#organization\"},\"alternateName\":\"OIKON\",\"potentialAction\":[{\"@type\":\"SearchAction\",\"target\":{\"@type\":\"EntryPoint\",\"urlTemplate\":\"https:\/\/oikon.hr\/?s={search_term_string}\"},\"query-input\":{\"@type\":\"PropertyValueSpecification\",\"valueRequired\":true,\"valueName\":\"search_term_string\"}}],\"inLanguage\":\"hr-HR\"},{\"@type\":\"Organization\",\"@id\":\"https:\/\/oikon.hr\/#organization\",\"name\":\"Oikon d.o.o. - Institut za primijenjenu ekologiju\",\"alternateName\":\"OIKON\",\"url\":\"https:\/\/oikon.hr\/\",\"logo\":{\"@type\":\"ImageObject\",\"inLanguage\":\"hr-HR\",\"@id\":\"https:\/\/oikon.hr\/#\/schema\/logo\/image\/\",\"url\":\"https:\/\/oikon.hr\/cms\/wp-content\/uploads\/2021\/01\/OIKON_R_logo_transparent.png\",\"contentUrl\":\"https:\/\/oikon.hr\/cms\/wp-content\/uploads\/2021\/01\/OIKON_R_logo_transparent.png\",\"width\":1660,\"height\":541,\"caption\":\"Oikon d.o.o. - Institut za primijenjenu ekologiju\"},\"image\":{\"@id\":\"https:\/\/oikon.hr\/#\/schema\/logo\/image\/\"},\"sameAs\":[\"http:\/\/www.facebook.com\/OikonLtd\/\",\"https:\/\/x.com\/OikonLtd\",\"https:\/\/www.instagram.com\/oikon_ltd\/\",\"https:\/\/www.linkedin.com\/company\/oikon---institute-for-applied-technology\/\",\"https:\/\/www.youtube.com\/channel\/UCu_eJ0ct90AEN8D85KWcRHQ\"]}]}<\/script>\n<!-- \/ Yoast SEO plugin. -->","yoast_head_json":{"title":"Privatnost podataka &#8211; Oikon d.o.o.","description":"Dobrodo\u0161li na na\u0161e web stranice i hvala Vam na interesu za Oikon d.o.o. - Institut za primijenjenu ekologiju. Kada nas kontaktirate putem obrasca za","robots":{"index":"index","follow":"follow","max-snippet":"max-snippet:-1","max-image-preview":"max-image-preview:large","max-video-preview":"max-video-preview:-1"},"canonical":"https:\/\/oikon.hr\/hr\/privatnost-podataka\/","og_locale":"hr_HR","og_type":"article","og_title":"Privatnost podataka &#8211; Oikon d.o.o.","og_description":"Dobrodo\u0161li na na\u0161e web stranice i hvala Vam na interesu za Oikon d.o.o. - Institut za primijenjenu ekologiju. Kada nas kontaktirate putem obrasca za","og_url":"https:\/\/oikon.hr\/hr\/privatnost-podataka\/","og_site_name":"Oikon d.o.o.","article_publisher":"http:\/\/www.facebook.com\/OikonLtd\/","twitter_card":"summary_large_image","twitter_site":"@OikonLtd","twitter_misc":{"Est. reading time":"6 minutes"},"schema":{"@context":"https:\/\/schema.org","@graph":[{"@type":"WebPage","@id":"https:\/\/oikon.hr\/hr\/privatnost-podataka\/","url":"https:\/\/oikon.hr\/hr\/privatnost-podataka\/","name":"Privatnost podataka &#8211; Oikon d.o.o.","isPartOf":{"@id":"https:\/\/oikon.hr\/#website"},"datePublished":"2018-05-08T09:52:34+00:00","description":"Dobrodo\u0161li na na\u0161e web stranice i hvala Vam na interesu za Oikon d.o.o. - Institut za primijenjenu ekologiju. Kada nas kontaktirate putem obrasca za","breadcrumb":{"@id":"https:\/\/oikon.hr\/hr\/privatnost-podataka\/#breadcrumb"},"inLanguage":"hr-HR","potentialAction":[{"@type":"ReadAction","target":["https:\/\/oikon.hr\/hr\/privatnost-podataka\/"]}]},{"@type":"BreadcrumbList","@id":"https:\/\/oikon.hr\/hr\/privatnost-podataka\/#breadcrumb","itemListElement":[{"@type":"ListItem","position":1,"name":"","item":"https:\/\/oikon.hr\/hr\/"},{"@type":"ListItem","position":2,"name":"Privatnost podataka"}]},{"@type":"WebSite","@id":"https:\/\/oikon.hr\/#website","url":"https:\/\/oikon.hr\/","name":"Oikon d.o.o.","description":"Institut za primijenjenu ekologiju","publisher":{"@id":"https:\/\/oikon.hr\/#organization"},"alternateName":"OIKON","potentialAction":[{"@type":"SearchAction","target":{"@type":"EntryPoint","urlTemplate":"https:\/\/oikon.hr\/?s={search_term_string}"},"query-input":{"@type":"PropertyValueSpecification","valueRequired":true,"valueName":"search_term_string"}}],"inLanguage":"hr-HR"},{"@type":"Organization","@id":"https:\/\/oikon.hr\/#organization","name":"Oikon d.o.o. - Institut za primijenjenu ekologiju","alternateName":"OIKON","url":"https:\/\/oikon.hr\/","logo":{"@type":"ImageObject","inLanguage":"hr-HR","@id":"https:\/\/oikon.hr\/#\/schema\/logo\/image\/","url":"https:\/\/oikon.hr\/cms\/wp-content\/uploads\/2021\/01\/OIKON_R_logo_transparent.png","contentUrl":"https:\/\/oikon.hr\/cms\/wp-content\/uploads\/2021\/01\/OIKON_R_logo_transparent.png","width":1660,"height":541,"caption":"Oikon d.o.o. - Institut za primijenjenu ekologiju"},"image":{"@id":"https:\/\/oikon.hr\/#\/schema\/logo\/image\/"},"sameAs":["http:\/\/www.facebook.com\/OikonLtd\/","https:\/\/x.com\/OikonLtd","https:\/\/www.instagram.com\/oikon_ltd\/","https:\/\/www.linkedin.com\/company\/oikon---institute-for-applied-technology\/","https:\/\/www.youtube.com\/channel\/UCu_eJ0ct90AEN8D85KWcRHQ"]}]}},"_links":{"self":[{"href":"https:\/\/oikon.hr\/hr\/wp-json\/wp\/v2\/pages\/2088","targetHints":{"allow":["GET"]}}],"collection":[{"href":"https:\/\/oikon.hr\/hr\/wp-json\/wp\/v2\/pages"}],"about":[{"href":"https:\/\/oikon.hr\/hr\/wp-json\/wp\/v2\/types\/page"}],"author":[{"embeddable":true,"href":"https:\/\/oikon.hr\/hr\/wp-json\/wp\/v2\/users\/2"}],"replies":[{"embeddable":true,"href":"https:\/\/oikon.hr\/hr\/wp-json\/wp\/v2\/comments?post=2088"}],"version-history":[{"count":0,"href":"https:\/\/oikon.hr\/hr\/wp-json\/wp\/v2\/pages\/2088\/revisions"}],"wp:attachment":[{"href":"https:\/\/oikon.hr\/hr\/wp-json\/wp\/v2\/media?parent=2088"}],"curies":[{"name":"wp","href":"https:\/\/api.w.org\/{rel}","templated":true}]}}