{"id":2090,"date":"2018-05-08T12:34:34","date_gmt":"2018-05-08T10:34:34","guid":{"rendered":"http:\/\/localhost\/oikon\/prijava-za-posao\/"},"modified":"2023-05-02T11:10:52","modified_gmt":"2023-05-02T09:10:52","slug":"prijava-za-posao","status":"publish","type":"page","link":"https:\/\/oikon.hr\/hr\/zaposljavanje\/prijava-za-posao\/","title":{"rendered":"Prijava za posao"},"content":{"rendered":"<p><span style=\"color: #008000;\">Molimo da je <strong>\u017eivotopis u Europass formatu<\/strong>!<\/span><\/p>\n<p>Predlo\u017eak mo\u017eete preuzeti ovdje -&gt; <a href=\"https:\/\/www.eea.europa.eu\/about-us\/jobs\/application-documents\/europass_cv_template.doc\" target=\"_blank\" rel=\"noopener noreferrer\"><span style=\"text-decoration: underline;\">link<\/span><\/a>.<\/p>\n<hr>\n<p style=\"text-align: justify;\"><strong>IZJAVA O PRIVATNOSTI PODNOSITELJA ZAHTJEVA ZA POSAO (uskla\u0111en s GDPR-om)<\/strong><\/p>\n<p style=\"text-align: justify;\">Kao dio bilo kojeg procesa zapo\u0161ljavanja, Oikon d.o.o. prikuplja i obra\u0111uje osobne podatke koji se odnose na prijavitelje zaposlenja. Na\u0161a organizacija se zala\u017ee za transparentnost o na\u010dinu na koji prikuplja i koristi te podatke i ispunjavanju obveza za\u0161tite podataka.<\/p>\n<p style=\"text-align: justify;\"><strong>Koje podatke prikupljamo?<\/strong><\/p>\n<p style=\"text-align: justify;\">Oikon d.o.o. prikuplja niz informacija o vama. To uklju\u010duje neke od sljede\u0107ih:<\/p>\n<ul style=\"text-align: justify;\">\n<li>va\u0161e ime, adresu i pojedinosti o kontaktu, uklju\u010duju\u0107i adresu e-po\u0161te i telefonski broj;<\/li>\n<li>pojedinosti o kvalifikacijama, vje\u0161tinama, iskustvu i povijesti zaposlenja;<\/li>\n<\/ul>\n<p style=\"text-align: justify;\">Oikon d.o.o. mo\u017ee prikupiti ove podatke na razli\u010dite na\u010dine. Na primjer, podaci mogu biti sadr\u017eani u prijavnim obrascima, \u017eivotopisima ili molbama, dobiveni iz putovnice ili drugih osobnih dokumenata ili prikupljeni putem intervjua ili drugih oblika procjene.<\/p>\n<p style=\"text-align: justify;\">Tako\u0111er mo\u017eemo prikupljati osobne podatke o vama od tre\u0107ih strana, kao \u0161to su reference koje ste dobili od biv\u0161ih poslodavaca. Tra\u017eit \u0107emo informacije od tre\u0107ih osoba samo onda kada vam se ponudi posao i obavijestit \u0107emo vas da to \u010dinimo.<\/p>\n<p style=\"text-align: justify;\">Podaci \u0107e biti pohranjeni na razli\u010ditim mjestima, uklju\u010duju\u0107i u zbirki \u017eivotopisa, u sustavima upravljanja ljudskim resursima i na drugim IT sustavima (uklju\u010duju\u0107i e-po\u0161tu).<\/p>\n<p style=\"text-align: justify;\"><strong>Za\u0161to Oikon d.o.o. obra\u0111uje osobne podatke?<\/strong><\/p>\n<p style=\"text-align: justify;\">Moramo obra\u0111ivati podatke da bismo poduzeli korake na va\u0161 zahtjev prije nego \u0161to s vama sklopimo ugovor.<\/p>\n<p style=\"text-align: justify;\">Mo\u017eda \u0107emo morati obraditi va\u0161e podatke kako bismo sklopili ugovor s vama.<\/p>\n<p style=\"text-align: justify;\">U nekim slu\u010dajevima moramo obraditi podatke kako bismo osigurali da se pridr\u017eavamo zakonskih obveza. Na primjer, obvezno je provjeriti ispunjava li podnositelja zahtjeva uvjete za rad u Hrvatskoj prije po\u010detka zapo\u0161ljavanja.<\/p>\n<p style=\"text-align: justify;\">Oikon d.o.o. ima legitiman interes za obradu osobnih podataka tijekom procesa zapo\u0161ljavanja i vo\u0111enja evidencije o procesu. Obrada podataka od kandidata za posao omogu\u0107uje nam upravljanje procesom zapo\u0161ljavanja, procjenu i potvrdu kandidatove prikladnosti za zapo\u0161ljavanje i odlu\u010divanje kome \u0107e ponuditi posao.<\/p>\n<p style=\"text-align: justify;\">Mo\u017eda \u0107emo tako\u0111er morati obraditi podatke od podnositelja zahtjeva za posao kako bismo odgovorili na pravne zahtjeve.<\/p>\n<p style=\"text-align: justify;\">Te informacije obra\u0111ujemo kako bismo izvr\u0161ili svoje obveze i ostvarili odre\u0111ena prava u vezi zapo\u0161ljavanja. Za pohranu podataka koristimo isklju\u010divo sigurne lokacije baze podataka.<\/p>\n<p style=\"text-align: justify;\">Ako va\u0161a prijava nije uspje\u0161na, Oikon d.o.o. \u0107e zadr\u017eati va\u0161e podatke koliko god je to neophodno kako bi se udovoljilo na\u0161im zakonskim i ugovornim obvezama i sukladno na\u0161im legitimnim interesima kao kontrolor podataka, kao i u slu\u010daju budu\u0107e mogu\u0107nosti zapo\u0161ljavanja.<\/p>\n<p style=\"text-align: justify;\">Slobodno mo\u017eete povu\u0107i va\u0161 pristanak u bilo kojem trenutku i ako \u017eelite da se va\u0161i podaci mijenjaju ili trajno bri\u0161u, obavijestite nas kako bismo bili sigurni da su podaci a\u017eurni ili u skladu s tim izbrisani.<\/p>\n<p style=\"text-align: justify;\"><strong>Curriculum Vitae (\u201cCV\u201d)<\/strong><\/p>\n<p style=\"text-align: justify;\">Slanjem svog \u017eivotopisa pristajete da Oikon d.o.o. obradi osobne podatke na gore opisani na\u010din.<\/p>\n<p style=\"text-align: justify;\"><strong>Zahtjev za pristup subjektu<\/strong><\/p>\n<p style=\"text-align: justify;\">Imate pravo zatra\u017eiti kopiju podataka koje o vama dr\u017eimo na na\u0161im sustavima. Imajte na umu da ne\u0107emo dati sljede\u0107e vrste podataka kao odgovor na zahtjev za pristup podacima: informacije o drugim ljudima; mi\u0161ljenja dane u povjerenju; ponovljeni zahtjevi ili povla\u0161tene informacije. Ostale vrste informacija tako\u0111er mogu biti izuzete u skladu sa zakonima o za\u0161titi podataka.<\/p>\n<p style=\"text-align: justify;\"><strong>POVREDA PODATAKA<\/strong><\/p>\n<p style=\"text-align: justify;\">U slu\u010daju povrijede va\u0161ih osobnih podataka iz na\u0161e baze obavijestit \u0107emo sve relevantne osobe i nadle\u017ena tijela u roku od 72 sata od kaznenog djela, ako je o\u010dito da su ukradeni podaci pohranjeni na na\u010din koji mo\u017ee otkriti identitet vlasnika podataka.<\/p>\n\n<div class=\"wpcf7 no-js\" id=\"wpcf7-f2380-o1\" lang=\"en-US\" dir=\"ltr\" data-wpcf7-id=\"2380\">\n<div class=\"screen-reader-response\"><p role=\"status\" aria-live=\"polite\" aria-atomic=\"true\"><\/p> <ul><\/ul><\/div>\n<form action=\"\/hr\/wp-json\/wp\/v2\/pages\/2090#wpcf7-f2380-o1\" method=\"post\" class=\"wpcf7-form init\" aria-label=\"Contact form\" enctype=\"multipart\/form-data\" novalidate=\"novalidate\" data-status=\"init\">\n<fieldset class=\"hidden-fields-container\"><input type=\"hidden\" name=\"_wpcf7\" value=\"2380\" \/><input type=\"hidden\" name=\"_wpcf7_version\" value=\"6.1.5\" \/><input type=\"hidden\" name=\"_wpcf7_locale\" value=\"en_US\" \/><input type=\"hidden\" name=\"_wpcf7_unit_tag\" value=\"wpcf7-f2380-o1\" \/><input type=\"hidden\" name=\"_wpcf7_container_post\" value=\"0\" \/><input type=\"hidden\" name=\"_wpcf7_posted_data_hash\" value=\"\" \/>\n<\/fieldset>\n<p><label> Ime i prezime:*<br \/>\n<span class=\"wpcf7-form-control-wrap\" data-name=\"Ime\"><input size=\"40\" maxlength=\"400\" class=\"wpcf7-form-control wpcf7-text wpcf7-validates-as-required\" aria-required=\"true\" aria-invalid=\"false\" value=\"\" type=\"text\" name=\"Ime\" \/><\/span> <\/label><br \/>\n<label> E-mail adresa:*<br \/>\n<span class=\"wpcf7-form-control-wrap\" data-name=\"email\"><input size=\"40\" maxlength=\"400\" class=\"wpcf7-form-control wpcf7-email wpcf7-validates-as-required wpcf7-text wpcf7-validates-as-email\" aria-required=\"true\" aria-invalid=\"false\" value=\"\" type=\"email\" name=\"email\" \/><\/span> <\/label><br \/>\n<label> Broj telefona:<br \/>\n<span class=\"wpcf7-form-control-wrap\" data-name=\"tel\"><input size=\"40\" maxlength=\"400\" class=\"wpcf7-form-control wpcf7-tel wpcf7-text wpcf7-validates-as-tel\" aria-invalid=\"false\" placeholder=\"+385-telefon\/mobitel\" value=\"\" type=\"tel\" name=\"tel\" \/><\/span> <\/label>\n<\/p>\n<p><label> Predmet:*<br \/>\n<span class=\"wpcf7-form-control-wrap\" data-name=\"predmet\"><select class=\"wpcf7-form-control wpcf7-select wpcf7-validates-as-required\" aria-required=\"true\" aria-invalid=\"false\" name=\"predmet\"><option value=\"Zapo\u0161ljavanje\">Zapo\u0161ljavanje<\/option><option value=\"Praksa \/ Volontiranje\">Praksa \/ Volontiranje<\/option><option value=\"Terenska istra\u017eivanja\">Terenska istra\u017eivanja<\/option><\/select><\/span><\/label><br \/>\n<label> Struka:*<br \/>\n<span class=\"wpcf7-form-control-wrap\" data-name=\"struka\"><input size=\"40\" maxlength=\"400\" class=\"wpcf7-form-control wpcf7-text wpcf7-validates-as-required\" aria-required=\"true\" aria-invalid=\"false\" value=\"\" type=\"text\" name=\"struka\" \/><\/span><br \/>\n<\/label><br \/>\n<label> Godine iskustva u struci:*<br \/>\n<span class=\"wpcf7-form-control-wrap\" data-name=\"godine-iskustva\"><input class=\"wpcf7-form-control wpcf7-number wpcf7-validates-as-required wpcf7-validates-as-number\" aria-required=\"true\" aria-invalid=\"false\" value=\"\" type=\"number\" name=\"godine-iskustva\" \/><\/span><br \/>\n<\/label>\n<\/p>\n<p><label> Va\u0161a poruka:*<br \/>\n<span class=\"wpcf7-form-control-wrap\" data-name=\"vasa-poruka\"><textarea cols=\"40\" rows=\"10\" maxlength=\"2000\" class=\"wpcf7-form-control wpcf7-textarea wpcf7-validates-as-required\" aria-required=\"true\" aria-invalid=\"false\" name=\"vasa-poruka\"><\/textarea><\/span> <\/label><br \/>\n<label> Prilozi (CV) <\/label><br \/>\n<span class=\"wpcf7-form-control-wrap\" data-name=\"CV\"><input size=\"40\" class=\"wpcf7-form-control wpcf7-file\" accept=\".pdf,.doc\" aria-invalid=\"false\" type=\"file\" name=\"CV\" \/><\/span>\n<\/p>\n<p><span class=\"wpcf7-form-control-wrap\" data-name=\"acceptance-264\"><span class=\"wpcf7-form-control wpcf7-acceptance\"><span class=\"wpcf7-list-item\"><label><input type=\"checkbox\" name=\"acceptance-264\" value=\"1\" aria-invalid=\"false\" \/><span class=\"wpcf7-list-item-label\">Potvr\u0111ujem da sam pro\u010ditao\/-la i da se sla\u017eem s time da Oikon d.o.o. pohrani i koristi moje osobne podatke u skladu s <a href=\" https:\/\/oikon.hr\/hr\/privatnost-podataka\/ \"> Izjavom o privatnosti (uskla\u0111enom s GDPR-om) <\/a><\/span><\/label><\/span><\/span><\/span>\n<\/p>\n<p><input class=\"wpcf7-form-control wpcf7-submit has-spinner\" type=\"submit\" value=\"Po\u0161alji\" \/>\n<\/p><div class=\"wpcf7-response-output\" aria-hidden=\"true\"><\/div>\n<\/form>\n<\/div>\n\n","protected":false},"excerpt":{"rendered":"<p>Molimo da je \u017eivotopis u Europass formatu! Predlo\u017eak mo\u017eete preuzeti ovdje -&gt; link. IZJAVA O PRIVATNOSTI PODNOSITELJA ZAHTJEVA ZA POSAO (uskla\u0111en s GDPR-om) Kao dio bilo kojeg procesa zapo\u0161ljavanja, Oikon d.o.o. prikuplja i obra\u0111uje osobne podatke koji se odnose na prijavitelje zaposlenja. Na\u0161a organizacija se zala\u017ee za transparentnost o na\u010dinu na koji prikuplja i koristi &hellip; <a href=\"https:\/\/oikon.hr\/hr\/zaposljavanje\/prijava-za-posao\/\">Saznajte vi\u0161e<\/a><\/p>\n","protected":false},"author":2,"featured_media":0,"parent":2086,"menu_order":0,"comment_status":"closed","ping_status":"closed","template":"","meta":{"_acf_changed":false,"footnotes":""},"class_list":["post-2090","page","type-page","status-publish","hentry"],"acf":[],"yoast_head":"<!-- This site is optimized with the Yoast SEO plugin v27.0 - https:\/\/yoast.com\/product\/yoast-seo-wordpress\/ -->\n<title>Prijava za posao &#8211; Oikon d.o.o.<\/title>\n<meta name=\"description\" content=\"Molimo da je \u017eivotopis u Europass formatu! Predlo\u017eak mo\u017eete preuzeti ovdje -&gt; link. IZJAVA O PRIVATNOSTI PODNOSITELJA ZAHTJEVA ZA POSAO (uskla\u0111en s\" \/>\n<meta name=\"robots\" content=\"index, follow, max-snippet:-1, max-image-preview:large, max-video-preview:-1\" \/>\n<link rel=\"canonical\" href=\"https:\/\/oikon.hr\/hr\/zaposljavanje\/prijava-za-posao\/\" \/>\n<meta property=\"og:locale\" content=\"hr_HR\" \/>\n<meta property=\"og:type\" content=\"article\" \/>\n<meta property=\"og:title\" content=\"Prijava za posao &#8211; Oikon d.o.o.\" \/>\n<meta property=\"og:description\" content=\"Molimo da je \u017eivotopis u Europass formatu! Predlo\u017eak mo\u017eete preuzeti ovdje -&gt; link. IZJAVA O PRIVATNOSTI PODNOSITELJA ZAHTJEVA ZA POSAO (uskla\u0111en s\" \/>\n<meta property=\"og:url\" content=\"https:\/\/oikon.hr\/hr\/zaposljavanje\/prijava-za-posao\/\" \/>\n<meta property=\"og:site_name\" content=\"Oikon d.o.o.\" \/>\n<meta property=\"article:publisher\" content=\"http:\/\/www.facebook.com\/OikonLtd\/\" \/>\n<meta property=\"article:modified_time\" content=\"2023-05-02T09:10:52+00:00\" \/>\n<meta name=\"twitter:card\" content=\"summary_large_image\" \/>\n<meta name=\"twitter:site\" content=\"@OikonLtd\" \/>\n<script type=\"application\/ld+json\" class=\"yoast-schema-graph\">{\"@context\":\"https:\/\/schema.org\",\"@graph\":[{\"@type\":\"WebPage\",\"@id\":\"https:\/\/oikon.hr\/hr\/zaposljavanje\/prijava-za-posao\/\",\"url\":\"https:\/\/oikon.hr\/hr\/zaposljavanje\/prijava-za-posao\/\",\"name\":\"Prijava za posao &#8211; Oikon d.o.o.\",\"isPartOf\":{\"@id\":\"https:\/\/oikon.hr\/#website\"},\"datePublished\":\"2018-05-08T10:34:34+00:00\",\"dateModified\":\"2023-05-02T09:10:52+00:00\",\"description\":\"Molimo da je \u017eivotopis u Europass formatu! Predlo\u017eak mo\u017eete preuzeti ovdje -&gt; link. IZJAVA O PRIVATNOSTI PODNOSITELJA ZAHTJEVA ZA POSAO (uskla\u0111en s\",\"breadcrumb\":{\"@id\":\"https:\/\/oikon.hr\/hr\/zaposljavanje\/prijava-za-posao\/#breadcrumb\"},\"inLanguage\":\"hr-HR\",\"potentialAction\":[{\"@type\":\"ReadAction\",\"target\":[\"https:\/\/oikon.hr\/hr\/zaposljavanje\/prijava-za-posao\/\"]}]},{\"@type\":\"BreadcrumbList\",\"@id\":\"https:\/\/oikon.hr\/hr\/zaposljavanje\/prijava-za-posao\/#breadcrumb\",\"itemListElement\":[{\"@type\":\"ListItem\",\"position\":1,\"name\":\"\",\"item\":\"https:\/\/oikon.hr\/hr\/\"},{\"@type\":\"ListItem\",\"position\":2,\"name\":\"ZAPO\u0160LJAVANJE\",\"item\":\"https:\/\/oikon.hr\/hr\/zaposljavanje\/\"},{\"@type\":\"ListItem\",\"position\":3,\"name\":\"Prijava za posao\"}]},{\"@type\":\"WebSite\",\"@id\":\"https:\/\/oikon.hr\/#website\",\"url\":\"https:\/\/oikon.hr\/\",\"name\":\"Oikon d.o.o.\",\"description\":\"Institut za primijenjenu ekologiju\",\"publisher\":{\"@id\":\"https:\/\/oikon.hr\/#organization\"},\"alternateName\":\"OIKON\",\"potentialAction\":[{\"@type\":\"SearchAction\",\"target\":{\"@type\":\"EntryPoint\",\"urlTemplate\":\"https:\/\/oikon.hr\/?s={search_term_string}\"},\"query-input\":{\"@type\":\"PropertyValueSpecification\",\"valueRequired\":true,\"valueName\":\"search_term_string\"}}],\"inLanguage\":\"hr-HR\"},{\"@type\":\"Organization\",\"@id\":\"https:\/\/oikon.hr\/#organization\",\"name\":\"Oikon d.o.o. - Institut za primijenjenu ekologiju\",\"alternateName\":\"OIKON\",\"url\":\"https:\/\/oikon.hr\/\",\"logo\":{\"@type\":\"ImageObject\",\"inLanguage\":\"hr-HR\",\"@id\":\"https:\/\/oikon.hr\/#\/schema\/logo\/image\/\",\"url\":\"https:\/\/oikon.hr\/cms\/wp-content\/uploads\/2021\/01\/OIKON_R_logo_transparent.png\",\"contentUrl\":\"https:\/\/oikon.hr\/cms\/wp-content\/uploads\/2021\/01\/OIKON_R_logo_transparent.png\",\"width\":1660,\"height\":541,\"caption\":\"Oikon d.o.o. - Institut za primijenjenu ekologiju\"},\"image\":{\"@id\":\"https:\/\/oikon.hr\/#\/schema\/logo\/image\/\"},\"sameAs\":[\"http:\/\/www.facebook.com\/OikonLtd\/\",\"https:\/\/x.com\/OikonLtd\",\"https:\/\/www.instagram.com\/oikon_ltd\/\",\"https:\/\/www.linkedin.com\/company\/oikon---institute-for-applied-technology\/\",\"https:\/\/www.youtube.com\/channel\/UCu_eJ0ct90AEN8D85KWcRHQ\"]}]}<\/script>\n<!-- \/ Yoast SEO plugin. -->","yoast_head_json":{"title":"Prijava za posao &#8211; Oikon d.o.o.","description":"Molimo da je \u017eivotopis u Europass formatu! Predlo\u017eak mo\u017eete preuzeti ovdje -&gt; link. IZJAVA O PRIVATNOSTI PODNOSITELJA ZAHTJEVA ZA POSAO (uskla\u0111en s","robots":{"index":"index","follow":"follow","max-snippet":"max-snippet:-1","max-image-preview":"max-image-preview:large","max-video-preview":"max-video-preview:-1"},"canonical":"https:\/\/oikon.hr\/hr\/zaposljavanje\/prijava-za-posao\/","og_locale":"hr_HR","og_type":"article","og_title":"Prijava za posao &#8211; Oikon d.o.o.","og_description":"Molimo da je \u017eivotopis u Europass formatu! Predlo\u017eak mo\u017eete preuzeti ovdje -&gt; link. IZJAVA O PRIVATNOSTI PODNOSITELJA ZAHTJEVA ZA POSAO (uskla\u0111en s","og_url":"https:\/\/oikon.hr\/hr\/zaposljavanje\/prijava-za-posao\/","og_site_name":"Oikon d.o.o.","article_publisher":"http:\/\/www.facebook.com\/OikonLtd\/","article_modified_time":"2023-05-02T09:10:52+00:00","twitter_card":"summary_large_image","twitter_site":"@OikonLtd","schema":{"@context":"https:\/\/schema.org","@graph":[{"@type":"WebPage","@id":"https:\/\/oikon.hr\/hr\/zaposljavanje\/prijava-za-posao\/","url":"https:\/\/oikon.hr\/hr\/zaposljavanje\/prijava-za-posao\/","name":"Prijava za posao &#8211; Oikon d.o.o.","isPartOf":{"@id":"https:\/\/oikon.hr\/#website"},"datePublished":"2018-05-08T10:34:34+00:00","dateModified":"2023-05-02T09:10:52+00:00","description":"Molimo da je \u017eivotopis u Europass formatu! Predlo\u017eak mo\u017eete preuzeti ovdje -&gt; link. IZJAVA O PRIVATNOSTI PODNOSITELJA ZAHTJEVA ZA POSAO (uskla\u0111en s","breadcrumb":{"@id":"https:\/\/oikon.hr\/hr\/zaposljavanje\/prijava-za-posao\/#breadcrumb"},"inLanguage":"hr-HR","potentialAction":[{"@type":"ReadAction","target":["https:\/\/oikon.hr\/hr\/zaposljavanje\/prijava-za-posao\/"]}]},{"@type":"BreadcrumbList","@id":"https:\/\/oikon.hr\/hr\/zaposljavanje\/prijava-za-posao\/#breadcrumb","itemListElement":[{"@type":"ListItem","position":1,"name":"","item":"https:\/\/oikon.hr\/hr\/"},{"@type":"ListItem","position":2,"name":"ZAPO\u0160LJAVANJE","item":"https:\/\/oikon.hr\/hr\/zaposljavanje\/"},{"@type":"ListItem","position":3,"name":"Prijava za posao"}]},{"@type":"WebSite","@id":"https:\/\/oikon.hr\/#website","url":"https:\/\/oikon.hr\/","name":"Oikon d.o.o.","description":"Institut za primijenjenu ekologiju","publisher":{"@id":"https:\/\/oikon.hr\/#organization"},"alternateName":"OIKON","potentialAction":[{"@type":"SearchAction","target":{"@type":"EntryPoint","urlTemplate":"https:\/\/oikon.hr\/?s={search_term_string}"},"query-input":{"@type":"PropertyValueSpecification","valueRequired":true,"valueName":"search_term_string"}}],"inLanguage":"hr-HR"},{"@type":"Organization","@id":"https:\/\/oikon.hr\/#organization","name":"Oikon d.o.o. - Institut za primijenjenu ekologiju","alternateName":"OIKON","url":"https:\/\/oikon.hr\/","logo":{"@type":"ImageObject","inLanguage":"hr-HR","@id":"https:\/\/oikon.hr\/#\/schema\/logo\/image\/","url":"https:\/\/oikon.hr\/cms\/wp-content\/uploads\/2021\/01\/OIKON_R_logo_transparent.png","contentUrl":"https:\/\/oikon.hr\/cms\/wp-content\/uploads\/2021\/01\/OIKON_R_logo_transparent.png","width":1660,"height":541,"caption":"Oikon d.o.o. - Institut za primijenjenu ekologiju"},"image":{"@id":"https:\/\/oikon.hr\/#\/schema\/logo\/image\/"},"sameAs":["http:\/\/www.facebook.com\/OikonLtd\/","https:\/\/x.com\/OikonLtd","https:\/\/www.instagram.com\/oikon_ltd\/","https:\/\/www.linkedin.com\/company\/oikon---institute-for-applied-technology\/","https:\/\/www.youtube.com\/channel\/UCu_eJ0ct90AEN8D85KWcRHQ"]}]}},"_links":{"self":[{"href":"https:\/\/oikon.hr\/hr\/wp-json\/wp\/v2\/pages\/2090","targetHints":{"allow":["GET"]}}],"collection":[{"href":"https:\/\/oikon.hr\/hr\/wp-json\/wp\/v2\/pages"}],"about":[{"href":"https:\/\/oikon.hr\/hr\/wp-json\/wp\/v2\/types\/page"}],"author":[{"embeddable":true,"href":"https:\/\/oikon.hr\/hr\/wp-json\/wp\/v2\/users\/2"}],"replies":[{"embeddable":true,"href":"https:\/\/oikon.hr\/hr\/wp-json\/wp\/v2\/comments?post=2090"}],"version-history":[{"count":1,"href":"https:\/\/oikon.hr\/hr\/wp-json\/wp\/v2\/pages\/2090\/revisions"}],"predecessor-version":[{"id":8492,"href":"https:\/\/oikon.hr\/hr\/wp-json\/wp\/v2\/pages\/2090\/revisions\/8492"}],"up":[{"embeddable":true,"href":"https:\/\/oikon.hr\/hr\/wp-json\/wp\/v2\/pages\/2086"}],"wp:attachment":[{"href":"https:\/\/oikon.hr\/hr\/wp-json\/wp\/v2\/media?parent=2090"}],"curies":[{"name":"wp","href":"https:\/\/api.w.org\/{rel}","templated":true}]}}