{"id":2614,"date":"2018-07-04T15:13:27","date_gmt":"2018-07-04T13:13:27","guid":{"rendered":"https:\/\/oikon.hr\/?page_id=2614"},"modified":"2024-09-03T14:11:17","modified_gmt":"2024-09-03T12:11:17","slug":"ladigis-laboratorij-za-daljinska-istrazivanja-i-gis","status":"publish","type":"page","link":"https:\/\/oikon.hr\/hr\/zavodi\/ladigis-laboratorij-za-daljinska-istrazivanja-i-gis\/","title":{"rendered":"Laboratorij za daljinska istra\u017eivanja i GIS &#8211; LaDIGIS"},"content":{"rendered":"\n<figure class=\"wp-block-image is-resized\"><a href=\"https:\/\/oikon.hr\/cms\/wp-content\/uploads\/2019\/09\/GIS-logo-text.png\" data-rel=\"lightbox-gallery-57BH7R1A\" data-rl_title=\"\" data-rl_caption=\"\" title=\"\"><img loading=\"lazy\" decoding=\"async\" width=\"1024\" height=\"184\" src=\"https:\/\/oikon.hr\/cms\/wp-content\/uploads\/2019\/09\/GIS-logo-text-1024x184.png\" alt=\"\" class=\"wp-image-3696\" style=\"width:500px\" srcset=\"https:\/\/oikon.hr\/cms\/wp-content\/uploads\/2019\/09\/GIS-logo-text-1024x184.png 1024w, https:\/\/oikon.hr\/cms\/wp-content\/uploads\/2019\/09\/GIS-logo-text-150x27.png 150w, https:\/\/oikon.hr\/cms\/wp-content\/uploads\/2019\/09\/GIS-logo-text-300x54.png 300w, https:\/\/oikon.hr\/cms\/wp-content\/uploads\/2019\/09\/GIS-logo-text-768x138.png 768w, https:\/\/oikon.hr\/cms\/wp-content\/uploads\/2019\/09\/GIS-logo-text.png 2000w\" sizes=\"auto, (max-width: 1024px) 100vw, 1024px\" \/><\/a><\/figure>\n\n\n\n<p><strong>LaDIGIS <\/strong>je Oikonov&nbsp;laboratorij za daljinska istra\u017eivanja i GIS koji&nbsp;svojim radom omogu\u0107uje bolju horizontalnu povezanost izme\u0111u odjela&nbsp;Oikona, uspje\u0161niji prijenos i primjenu znanja te poja\u010dani razvojno-istra\u017eiva\u010dki rad vezan uz primjenu metoda daljinskih istra\u017eivanja na&nbsp;Oikonovim&nbsp;i partnerskim projektima.<\/p>\n\n\n\n<p>Kori\u0161tenje&nbsp;najnovijih tehnologija i senzora iz domene daljinskih istra\u017eivanja, poput LIDARa, multispektralnih i radarskih satelitskih&nbsp;snimki, omogu\u0107ava efektivno kartiranje promjena u kori\u0161tenju zemlji\u0161ta, opo\u017earenih podru\u010dja,&nbsp;boniteta tla i \u0161uma, zdravstvenog stanja,&nbsp;prostornog rasporeda vrsta drve\u0107a\/tipa \u0161uma\/poljoprivrednih kultura ili pri&nbsp;odre\u0111ivanju koli\u010dine biomase u nedostupnim podru\u010djima. Sve ovo je ve\u0107 uspje\u0161no implementirano u sklopu provedenih ili teku\u0107ih projekata. Tako\u0111er, pru\u017eamo potporu unutar tvrtke u vidu izrade podloga&nbsp;pokrova zemlji\u0161ta vi\u0161ih&nbsp;rezolucija potrebnih za bolju procjenu utjecaja na okoli\u0161.<\/p>\n\n\n\n<p>Svjesni brzog razvoja tehnologija i \u0161irenja njihove primjene, \u010dlanovi na\u0161eg Laboratorija redovno poha\u0111aju relevantne obuke (ESA\/NASA\/EARSEL) i konferencije gdje usvajaju nova znanja i vr\u0161e diseminaciju postoje\u0107eg.<\/p>\n\n\n\n<p>Voditeljica Laboratorija je Ivona \u017di\u017ea, mag. ing. agr.<\/p>\n\n\n\n<figure class=\"wp-block-image\"><a href=\"https:\/\/oikon.hr\/cms\/wp-content\/uploads\/2017\/10\/LaDIGIS.gif\" data-rel=\"lightbox-gallery-57BH7R1A\" data-rl_title=\"\" data-rl_caption=\"\" title=\"\"><img loading=\"lazy\" decoding=\"async\" width=\"300\" height=\"216\" src=\"https:\/\/oikon.hr\/cms\/wp-content\/uploads\/2017\/10\/LaDIGIS-300x216.gif\" alt=\"\" class=\"wp-image-1392\" srcset=\"https:\/\/oikon.hr\/cms\/wp-content\/uploads\/2017\/10\/LaDIGIS-300x216.gif 300w, https:\/\/oikon.hr\/cms\/wp-content\/uploads\/2017\/10\/LaDIGIS-150x108.gif 150w\" sizes=\"auto, (max-width: 300px) 100vw, 300px\" \/><\/a><\/figure>\n\n\n\n<p><\/p>\n\n\n\n<p><strong>U okviru Laboratorija provo\u0111eni su\/provode se sljede\u0107i projekti:<\/strong><\/p>\n\n\n\n<ul class=\"wp-block-list\">\n<li><a href=\"https:\/\/oikon.hr\/hr\/carbon-sink-assessment-in-dead-organic-matter-and-average-wood-stock-assessment-in-maquis-shrubbery-and-first-age-class-stands-in-croatian-forests\/\" target=\"_blank\" rel=\"noopener noreferrer\">Procjena zaliha ugljika u mrtvoj organskoj tvari i procjena prosje\u010dne drvne zalihe u biomasi makija, \u0161ikara, sastojina i dobnog razreda u \u0161umama Republike Hrvatske<\/a><\/li>\n\n\n\n<li><a href=\"https:\/\/oikon.hr\/hr\/primjena-multispektralnih-satelitskih-snimki-visoke-rezolucije-u-odredivanju-stupnja-produktivnosti-i-starosti-raznodobnih-sastojina-suma-sumoposjednika-u-mediteranu-i-submediteranu\/\" target=\"_blank\" rel=\"noopener noreferrer\">Primjena multispektralnih satelitskih snimki visoke rezolucije u odre\u0111ivanju stupnja produktivnosti i starosti raznodobnih sastojina \u0161uma \u0161umoposjednika u Mediteranu i Submediteranu<\/a><\/li>\n\n\n\n<li><a href=\"https:\/\/oikon.hr\/hr\/service-acquisition-upgrade-of-existing-corine-database-validation-of-thematic-database-generated-by-interpretation-on-satellite-images-and-web-gis-browser-creation\/\" target=\"_blank\" rel=\"noopener noreferrer\">Nadogradnja postoje\u0107e CORINE CLC baze podataka, validacija tematske baze podataka nastala tuma\u010denjem satelitskih slika i stvaranje WEB GIS preglednika<\/a><\/li>\n\n\n\n<li>Izrada projekta za odre\u0111ivanje podru\u010dja sa prirodnim ograni\u010denjima ili ostalim posebnim ograni\u010denjima s kalkulacijama uz utvr\u0111ivanje vrijednosti kontekst indikatora broj 41 \u201eOrganska tvar u tlu\u201c i broj 42 \u201eErozija tla vodom\u201c za programsko razdoblje 2021.-2027.<\/li>\n\n\n\n<li>Monitoring \u0161umskih ekosustava za vi\u0161enamjenski kanal Dunav &#8211; Sava<\/li>\n<\/ul>\n\n\n\n<p><strong>Znanstveni i stru\u010dni \u010dlanci objavljeni u okviru tog Laboratorija:<\/strong><\/p>\n\n\n\n<ul class=\"wp-block-list\">\n<li>Ivan Balenovi\u0107, Mateo Ga\u0161parovi\u0107, Anita Simic Milas, Alen Berta, Ante Seletkovi\u0107, (2017), Accuracy assessment of digital terrain models of lowland pedunculate oak forests derived from airborne laser scanning and photogrammetry, CROJFE j. for. eng. 39(2018)1 p.117-128<\/li>\n\n\n\n<li>Ante Seletkovi\u0107, Ivan Balenovi\u0107, Alen Berta, Mario An\u010di\u0107, Martina Ki\u010di\u0107 (2017) Using LIDAR and field data survey in measuring tree height in urban areas, New Forestry Mechanisation 38 p. 43-56<\/li>\n\n\n\n<li>Mateo Ga\u0161parovi\u0107, Ante Seletkovi\u0107, Alen Berta, Ivan Balenovi\u0107 (2017): The Vertical Agreement Assessment of Photogrammetric-Based DSM from Low-Cost UAV with LiDAR-Based DSM, South-east Eur for 8 (2): early view. DOI: https:\/\/doi.org\/10.15177\/seefor.17-16<\/li>\n<\/ul>\n\n\n\n<p><strong>Prezentacije po konferencijama:<\/strong><\/p>\n\n\n\n<ul class=\"wp-block-list\">\n<li>Alen Berta, Vladimir Ku\u0161an, Roman Danko, Dalibor Hati\u0107, Oleg Antoni\u0107\u00a0(2014): Methods for forest carbon pool measurement, Natural resources, green technology and sustainable development (poster presentation, 26th-28th November 2014, Zagreb)<\/li>\n\n\n\n<li>Alen Berta, Vladimir Ku\u0161an, Vi\u0161nja \u0160teko\u00a0(2015): Evaluation of vegetation as landscape element, Case study Veli Brijun island, Second regional conference on environmental impact assessment (Oral presentation, September 2017, Selce)<\/li>\n\n\n\n<li>Nikolina Bak\u0161i\u0107, Alen Berta, Vi\u0161nja \u0160teko (2015): GIS based landslide risk assessment: Vara\u017edin-Krapina motorway, 5th Croatian geological congress (oral presentation, September 2015, Osijek)<\/li>\n\n\n\n<li>\u0160kunca M., Mesi\u0107 Z., \u0160teko V., Berta A., Peternel H.\u00a0\u2013 Area evaluation from the aspect of biodiversity: method designed for overcoming data gaps, 6th Balkan botanical congress\u00a0 (oral presentation, September 2015, Rijeka)<\/li>\n\n\n\n<li>Alen Berta, Vladimir Ku\u0161an, Zrinka Mesi\u0107, Denis Stojsavljevi\u0107, Dalibor Hati\u0107; Use of high resolution multispectral satellite images in determining the degree of productivity and age of uneven-aged stands of private forest owners in the Mediterranean and Submediterranean, ESA EO Summer School, (Poster presentation, October 2016, Rome)<\/li>\n\n\n\n<li>Alen Berta, Vladimir Ku\u0161an, Zrinka Mesi\u0107, Dino Kri\u017enjak ; New findings for GHG National Inventory Report- woodstocks of the scrublands and maquies in the Croatian Mediterranean and sub-Mediterranean, Croatia, Third regional conference on environmental impact assessment (Oral presentation, September 2017, Vodice)<\/li>\n\n\n\n<li>Ivona \u017di\u017ea, Vladimir Ku\u0161an, Alen Berta, Tena Birov, Ana Ostoji\u0107, Zrinka Mesi\u0107; CLC inventory 2012, verification and enhancement of HRL products for Croatia, Hungary (ESA EO Land Training, September 2017, Budapest)<\/li>\n\n\n\n<li>Alen Berta, Vladimir Ku\u0161an, Zrinka Mesi\u0107,\u00a0 Davor Korman,\u00a0 Ivona \u017di\u017ea, Nela Jantol (2017): First applications of multispectral satellite imagery from Sentinel 2 in Croatia for forestry, agriculture and ecology, GEOMeetup (lecture, 13 December 2017, Zagreb)<\/li>\n\n\n\n<li>Alen Berta, Zrinka Mesi\u0107, Tom Levani\u0107, Ivona \u017di\u017ea, Davor Korman, Nela Jantol, Dalibor Hati\u0107, Vladimir Ku\u0161an (2018): Monitoring age of private owned Holm oak (Quercus ilex L.) and Pubescent oak (Quercus pubescens Willd.) forests in Croatian Mediterranean and sub-Mediterranean with Sentinel 2 multispectral satellite, EGU 2018 (Oral presentation, 9-13 April 2018, Vienna, Austria)<\/li>\n\n\n\n<li>Alen Berta, Tom Levani\u010d, Zrinka Mesi\u0107, Davor Korman, Ivona \u017di\u017ea, Nela Jantol, Vladimir Ku\u0161an (2018): Investigation of age and site index in unevenaged private forests in Croatian Mediterranean and Submediterranean with dendrochronological methods and multispectral satellite images, TRACE2018 (Oral presentation,23-27 April 2018, Greifswald, Germany)<\/li>\n\n\n\n<li>Davor Korman, Alen Berta, Nela Jantol, Zrinka Mesi\u0107, Ana Ostoji\u0107, Vladimir Ku\u0161an (2018): Improving Accuracy Of Sentinel 2 Based Forest Biomass Assessment Models By Integrating Sentinel 1 Data And Additional Environmental Variables Using Various Machine Learning Algorithms, NATURAL RESOURCES, GREEN TECHNOLOGY &amp; SUSTAINABLE DEVELOPMENT-GREEN\/3 (Oral presentation,5-8 June 2018, Zagreb, Croatia)<\/li>\n\n\n\n<li>Nela Jantol, Alen Berta, Davor Korman , Zrinka Mesi\u0107, Vladimir Ku\u0161an (2018): REMOTE SENSING OF BURNED FOREST AREAS USING SENTINEL 2 IMAGERY \u2013 COMPARISON OF DIFFERENT APPROACHES, NATURAL RESOURCES, GREEN TECHNOLOGY &amp; SUSTAINABLE DEVELOPMENT-GREEN\/3 (Oral presentation,5-8 June 2018, Zagreb, Croatia)<\/li>\n\n\n\n<li>Alen Berta, Ante Seletkovi\u0107, Ivan Balenovi\u0107, Zrinka Mesi\u0107, Ivona \u017di\u017ea, Davor Korman, Nela Jantol, Vladimir Ku\u0161an (2018): Tree species classification in forests of Central Croatia using Sentinel 2 data and data mining, NATURAL RESOURCES, GREEN TECHNOLOGY &amp; SUSTAINABLE DEVELOPMENT-GREEN\/3 (Oral presentation,5-8 June 2018, Zagreb, Croatia)<\/li>\n\n\n\n<li>Ivan Balenovi\u0107, Luka Jurjevi\u0107, Anita Simic Milas, Mateo Ga\u0161parovi\u0107, Ante Seletkovi\u0107, Goran Tijan, Danijela Ivankovi\u0107, Alen Berta, Hrvoje Marjanovi\u0107 (2018): THE INFLUENCE OF DTM TYPE ON MEAN TREE HEIGHT ESTIMATES FROM UAV-BASED IMAGES, NATURAL RESOURCES, GREEN TECHNOLOGY &amp; SUSTAINABLE DEVELOPMENT-GREEN\/3 (Poster presentation,5-8 June 2018, Zagreb, Croatia)<\/li>\n\n\n\n<li>Davor Korman, Alen Berta, Zrinka Mesi\u0107, Ivona \u017di\u017ea, Nela Jantol, Dino Kri\u017enjak, Ana Ostoji\u0107, Vladimir Ku\u0161an (2018): Handling and extraction of Sentinel 2 data for the comparison of seasonal and monthly models for biomass assessment \u2013 Case study: continental first age class forests and (sub-) Mediterranean thickets and maquis in Croatia, GI Forum-Big Earth Data: From Data to Information (Oral presentation-accepted,3-6 July 2018, Salzburg, Austria)<\/li>\n<\/ul>\n","protected":false},"excerpt":{"rendered":"<p>LaDIGIS je Oikonov&nbsp;laboratorij za daljinska istra\u017eivanja i GIS koji&nbsp;svojim radom omogu\u0107uje bolju horizontalnu povezanost izme\u0111u odjela&nbsp;Oikona, uspje\u0161niji prijenos i primjenu znanja te poja\u010dani razvojno-istra\u017eiva\u010dki rad vezan uz primjenu metoda daljinskih istra\u017eivanja na&nbsp;Oikonovim&nbsp;i partnerskim projektima. Kori\u0161tenje&nbsp;najnovijih tehnologija i senzora iz domene daljinskih istra\u017eivanja, poput LIDARa, multispektralnih i radarskih satelitskih&nbsp;snimki, omogu\u0107ava efektivno kartiranje promjena u kori\u0161tenju zemlji\u0161ta, &hellip; <a href=\"https:\/\/oikon.hr\/hr\/zavodi\/ladigis-laboratorij-za-daljinska-istrazivanja-i-gis\/\">Saznajte vi\u0161e<\/a><\/p>\n","protected":false},"author":2,"featured_media":0,"parent":2063,"menu_order":0,"comment_status":"closed","ping_status":"closed","template":"","meta":{"_acf_changed":false,"footnotes":""},"class_list":["post-2614","page","type-page","status-publish","hentry"],"acf":[],"yoast_head":"<!-- This site is optimized with the Yoast SEO plugin v27.0 - https:\/\/yoast.com\/product\/yoast-seo-wordpress\/ -->\n<title>Laboratorij za daljinska istra\u017eivanja i GIS - LaDIGIS &#8211; Oikon d.o.o.<\/title>\n<meta name=\"description\" content=\"LaDIGIS je Oikonov&nbsp;laboratorij za daljinska istra\u017eivanja i GIS koji&nbsp;svojim radom omogu\u0107uje bolju horizontalnu povezanost izme\u0111u\" \/>\n<meta name=\"robots\" content=\"index, follow, max-snippet:-1, max-image-preview:large, max-video-preview:-1\" \/>\n<link rel=\"canonical\" href=\"https:\/\/oikon.hr\/hr\/zavodi\/ladigis-laboratorij-za-daljinska-istrazivanja-i-gis\/\" \/>\n<meta property=\"og:locale\" content=\"hr_HR\" \/>\n<meta property=\"og:type\" content=\"article\" \/>\n<meta property=\"og:title\" content=\"Laboratorij za daljinska istra\u017eivanja i GIS - LaDIGIS &#8211; Oikon d.o.o.\" \/>\n<meta property=\"og:description\" content=\"LaDIGIS je Oikonov&nbsp;laboratorij za daljinska istra\u017eivanja i GIS koji&nbsp;svojim radom omogu\u0107uje bolju horizontalnu povezanost izme\u0111u\" \/>\n<meta property=\"og:url\" content=\"https:\/\/oikon.hr\/hr\/zavodi\/ladigis-laboratorij-za-daljinska-istrazivanja-i-gis\/\" \/>\n<meta property=\"og:site_name\" content=\"Oikon d.o.o.\" \/>\n<meta property=\"article:publisher\" content=\"http:\/\/www.facebook.com\/OikonLtd\/\" \/>\n<meta property=\"article:modified_time\" content=\"2024-09-03T12:11:17+00:00\" \/>\n<meta property=\"og:image\" content=\"https:\/\/oikon.hr\/cms\/wp-content\/uploads\/2019\/09\/GIS-logo-text-1024x184.png\" \/>\n<meta name=\"twitter:card\" content=\"summary_large_image\" \/>\n<meta name=\"twitter:site\" content=\"@OikonLtd\" \/>\n<meta name=\"twitter:label1\" content=\"Est. reading time\" \/>\n\t<meta name=\"twitter:data1\" content=\"5 minutes\" \/>\n<script type=\"application\/ld+json\" class=\"yoast-schema-graph\">{\"@context\":\"https:\/\/schema.org\",\"@graph\":[{\"@type\":\"WebPage\",\"@id\":\"https:\/\/oikon.hr\/hr\/zavodi\/ladigis-laboratorij-za-daljinska-istrazivanja-i-gis\/\",\"url\":\"https:\/\/oikon.hr\/hr\/zavodi\/ladigis-laboratorij-za-daljinska-istrazivanja-i-gis\/\",\"name\":\"Laboratorij za daljinska istra\u017eivanja i GIS - LaDIGIS &#8211; Oikon d.o.o.\",\"isPartOf\":{\"@id\":\"https:\/\/oikon.hr\/#website\"},\"primaryImageOfPage\":{\"@id\":\"https:\/\/oikon.hr\/hr\/zavodi\/ladigis-laboratorij-za-daljinska-istrazivanja-i-gis\/#primaryimage\"},\"image\":{\"@id\":\"https:\/\/oikon.hr\/hr\/zavodi\/ladigis-laboratorij-za-daljinska-istrazivanja-i-gis\/#primaryimage\"},\"thumbnailUrl\":\"https:\/\/oikon.hr\/cms\/wp-content\/uploads\/2019\/09\/GIS-logo-text-1024x184.png\",\"datePublished\":\"2018-07-04T13:13:27+00:00\",\"dateModified\":\"2024-09-03T12:11:17+00:00\",\"description\":\"LaDIGIS je Oikonov&nbsp;laboratorij za daljinska istra\u017eivanja i GIS koji&nbsp;svojim radom omogu\u0107uje bolju horizontalnu povezanost izme\u0111u\",\"breadcrumb\":{\"@id\":\"https:\/\/oikon.hr\/hr\/zavodi\/ladigis-laboratorij-za-daljinska-istrazivanja-i-gis\/#breadcrumb\"},\"inLanguage\":\"hr-HR\",\"potentialAction\":[{\"@type\":\"ReadAction\",\"target\":[\"https:\/\/oikon.hr\/hr\/zavodi\/ladigis-laboratorij-za-daljinska-istrazivanja-i-gis\/\"]}]},{\"@type\":\"ImageObject\",\"inLanguage\":\"hr-HR\",\"@id\":\"https:\/\/oikon.hr\/hr\/zavodi\/ladigis-laboratorij-za-daljinska-istrazivanja-i-gis\/#primaryimage\",\"url\":\"https:\/\/oikon.hr\/cms\/wp-content\/uploads\/2019\/09\/GIS-logo-text-1024x184.png\",\"contentUrl\":\"https:\/\/oikon.hr\/cms\/wp-content\/uploads\/2019\/09\/GIS-logo-text-1024x184.png\"},{\"@type\":\"BreadcrumbList\",\"@id\":\"https:\/\/oikon.hr\/hr\/zavodi\/ladigis-laboratorij-za-daljinska-istrazivanja-i-gis\/#breadcrumb\",\"itemListElement\":[{\"@type\":\"ListItem\",\"position\":1,\"name\":\"\",\"item\":\"https:\/\/oikon.hr\/hr\/\"},{\"@type\":\"ListItem\",\"position\":2,\"name\":\"ZAVODI\",\"item\":\"https:\/\/oikon.hr\/hr\/zavodi\/\"},{\"@type\":\"ListItem\",\"position\":3,\"name\":\"Laboratorij za daljinska istra\u017eivanja i GIS &#8211; LaDIGIS\"}]},{\"@type\":\"WebSite\",\"@id\":\"https:\/\/oikon.hr\/#website\",\"url\":\"https:\/\/oikon.hr\/\",\"name\":\"Oikon d.o.o.\",\"description\":\"Institut za primijenjenu ekologiju\",\"publisher\":{\"@id\":\"https:\/\/oikon.hr\/#organization\"},\"alternateName\":\"OIKON\",\"potentialAction\":[{\"@type\":\"SearchAction\",\"target\":{\"@type\":\"EntryPoint\",\"urlTemplate\":\"https:\/\/oikon.hr\/?s={search_term_string}\"},\"query-input\":{\"@type\":\"PropertyValueSpecification\",\"valueRequired\":true,\"valueName\":\"search_term_string\"}}],\"inLanguage\":\"hr-HR\"},{\"@type\":\"Organization\",\"@id\":\"https:\/\/oikon.hr\/#organization\",\"name\":\"Oikon d.o.o. - Institut za primijenjenu ekologiju\",\"alternateName\":\"OIKON\",\"url\":\"https:\/\/oikon.hr\/\",\"logo\":{\"@type\":\"ImageObject\",\"inLanguage\":\"hr-HR\",\"@id\":\"https:\/\/oikon.hr\/#\/schema\/logo\/image\/\",\"url\":\"https:\/\/oikon.hr\/cms\/wp-content\/uploads\/2021\/01\/OIKON_R_logo_transparent.png\",\"contentUrl\":\"https:\/\/oikon.hr\/cms\/wp-content\/uploads\/2021\/01\/OIKON_R_logo_transparent.png\",\"width\":1660,\"height\":541,\"caption\":\"Oikon d.o.o. - Institut za primijenjenu ekologiju\"},\"image\":{\"@id\":\"https:\/\/oikon.hr\/#\/schema\/logo\/image\/\"},\"sameAs\":[\"http:\/\/www.facebook.com\/OikonLtd\/\",\"https:\/\/x.com\/OikonLtd\",\"https:\/\/www.instagram.com\/oikon_ltd\/\",\"https:\/\/www.linkedin.com\/company\/oikon---institute-for-applied-technology\/\",\"https:\/\/www.youtube.com\/channel\/UCu_eJ0ct90AEN8D85KWcRHQ\"]}]}<\/script>\n<!-- \/ Yoast SEO plugin. -->","yoast_head_json":{"title":"Laboratorij za daljinska istra\u017eivanja i GIS - LaDIGIS &#8211; Oikon d.o.o.","description":"LaDIGIS je Oikonov&nbsp;laboratorij za daljinska istra\u017eivanja i GIS koji&nbsp;svojim radom omogu\u0107uje bolju horizontalnu povezanost izme\u0111u","robots":{"index":"index","follow":"follow","max-snippet":"max-snippet:-1","max-image-preview":"max-image-preview:large","max-video-preview":"max-video-preview:-1"},"canonical":"https:\/\/oikon.hr\/hr\/zavodi\/ladigis-laboratorij-za-daljinska-istrazivanja-i-gis\/","og_locale":"hr_HR","og_type":"article","og_title":"Laboratorij za daljinska istra\u017eivanja i GIS - LaDIGIS &#8211; Oikon d.o.o.","og_description":"LaDIGIS je Oikonov&nbsp;laboratorij za daljinska istra\u017eivanja i GIS koji&nbsp;svojim radom omogu\u0107uje bolju horizontalnu povezanost izme\u0111u","og_url":"https:\/\/oikon.hr\/hr\/zavodi\/ladigis-laboratorij-za-daljinska-istrazivanja-i-gis\/","og_site_name":"Oikon d.o.o.","article_publisher":"http:\/\/www.facebook.com\/OikonLtd\/","article_modified_time":"2024-09-03T12:11:17+00:00","og_image":[{"url":"https:\/\/oikon.hr\/cms\/wp-content\/uploads\/2019\/09\/GIS-logo-text-1024x184.png","type":"","width":"","height":""}],"twitter_card":"summary_large_image","twitter_site":"@OikonLtd","twitter_misc":{"Est. reading time":"5 minutes"},"schema":{"@context":"https:\/\/schema.org","@graph":[{"@type":"WebPage","@id":"https:\/\/oikon.hr\/hr\/zavodi\/ladigis-laboratorij-za-daljinska-istrazivanja-i-gis\/","url":"https:\/\/oikon.hr\/hr\/zavodi\/ladigis-laboratorij-za-daljinska-istrazivanja-i-gis\/","name":"Laboratorij za daljinska istra\u017eivanja i GIS - LaDIGIS &#8211; Oikon d.o.o.","isPartOf":{"@id":"https:\/\/oikon.hr\/#website"},"primaryImageOfPage":{"@id":"https:\/\/oikon.hr\/hr\/zavodi\/ladigis-laboratorij-za-daljinska-istrazivanja-i-gis\/#primaryimage"},"image":{"@id":"https:\/\/oikon.hr\/hr\/zavodi\/ladigis-laboratorij-za-daljinska-istrazivanja-i-gis\/#primaryimage"},"thumbnailUrl":"https:\/\/oikon.hr\/cms\/wp-content\/uploads\/2019\/09\/GIS-logo-text-1024x184.png","datePublished":"2018-07-04T13:13:27+00:00","dateModified":"2024-09-03T12:11:17+00:00","description":"LaDIGIS je Oikonov&nbsp;laboratorij za daljinska istra\u017eivanja i GIS koji&nbsp;svojim radom omogu\u0107uje bolju horizontalnu povezanost izme\u0111u","breadcrumb":{"@id":"https:\/\/oikon.hr\/hr\/zavodi\/ladigis-laboratorij-za-daljinska-istrazivanja-i-gis\/#breadcrumb"},"inLanguage":"hr-HR","potentialAction":[{"@type":"ReadAction","target":["https:\/\/oikon.hr\/hr\/zavodi\/ladigis-laboratorij-za-daljinska-istrazivanja-i-gis\/"]}]},{"@type":"ImageObject","inLanguage":"hr-HR","@id":"https:\/\/oikon.hr\/hr\/zavodi\/ladigis-laboratorij-za-daljinska-istrazivanja-i-gis\/#primaryimage","url":"https:\/\/oikon.hr\/cms\/wp-content\/uploads\/2019\/09\/GIS-logo-text-1024x184.png","contentUrl":"https:\/\/oikon.hr\/cms\/wp-content\/uploads\/2019\/09\/GIS-logo-text-1024x184.png"},{"@type":"BreadcrumbList","@id":"https:\/\/oikon.hr\/hr\/zavodi\/ladigis-laboratorij-za-daljinska-istrazivanja-i-gis\/#breadcrumb","itemListElement":[{"@type":"ListItem","position":1,"name":"","item":"https:\/\/oikon.hr\/hr\/"},{"@type":"ListItem","position":2,"name":"ZAVODI","item":"https:\/\/oikon.hr\/hr\/zavodi\/"},{"@type":"ListItem","position":3,"name":"Laboratorij za daljinska istra\u017eivanja i GIS &#8211; LaDIGIS"}]},{"@type":"WebSite","@id":"https:\/\/oikon.hr\/#website","url":"https:\/\/oikon.hr\/","name":"Oikon d.o.o.","description":"Institut za primijenjenu ekologiju","publisher":{"@id":"https:\/\/oikon.hr\/#organization"},"alternateName":"OIKON","potentialAction":[{"@type":"SearchAction","target":{"@type":"EntryPoint","urlTemplate":"https:\/\/oikon.hr\/?s={search_term_string}"},"query-input":{"@type":"PropertyValueSpecification","valueRequired":true,"valueName":"search_term_string"}}],"inLanguage":"hr-HR"},{"@type":"Organization","@id":"https:\/\/oikon.hr\/#organization","name":"Oikon d.o.o. - Institut za primijenjenu ekologiju","alternateName":"OIKON","url":"https:\/\/oikon.hr\/","logo":{"@type":"ImageObject","inLanguage":"hr-HR","@id":"https:\/\/oikon.hr\/#\/schema\/logo\/image\/","url":"https:\/\/oikon.hr\/cms\/wp-content\/uploads\/2021\/01\/OIKON_R_logo_transparent.png","contentUrl":"https:\/\/oikon.hr\/cms\/wp-content\/uploads\/2021\/01\/OIKON_R_logo_transparent.png","width":1660,"height":541,"caption":"Oikon d.o.o. - Institut za primijenjenu ekologiju"},"image":{"@id":"https:\/\/oikon.hr\/#\/schema\/logo\/image\/"},"sameAs":["http:\/\/www.facebook.com\/OikonLtd\/","https:\/\/x.com\/OikonLtd","https:\/\/www.instagram.com\/oikon_ltd\/","https:\/\/www.linkedin.com\/company\/oikon---institute-for-applied-technology\/","https:\/\/www.youtube.com\/channel\/UCu_eJ0ct90AEN8D85KWcRHQ"]}]}},"_links":{"self":[{"href":"https:\/\/oikon.hr\/hr\/wp-json\/wp\/v2\/pages\/2614","targetHints":{"allow":["GET"]}}],"collection":[{"href":"https:\/\/oikon.hr\/hr\/wp-json\/wp\/v2\/pages"}],"about":[{"href":"https:\/\/oikon.hr\/hr\/wp-json\/wp\/v2\/types\/page"}],"author":[{"embeddable":true,"href":"https:\/\/oikon.hr\/hr\/wp-json\/wp\/v2\/users\/2"}],"replies":[{"embeddable":true,"href":"https:\/\/oikon.hr\/hr\/wp-json\/wp\/v2\/comments?post=2614"}],"version-history":[{"count":2,"href":"https:\/\/oikon.hr\/hr\/wp-json\/wp\/v2\/pages\/2614\/revisions"}],"predecessor-version":[{"id":11295,"href":"https:\/\/oikon.hr\/hr\/wp-json\/wp\/v2\/pages\/2614\/revisions\/11295"}],"up":[{"embeddable":true,"href":"https:\/\/oikon.hr\/hr\/wp-json\/wp\/v2\/pages\/2063"}],"wp:attachment":[{"href":"https:\/\/oikon.hr\/hr\/wp-json\/wp\/v2\/media?parent=2614"}],"curies":[{"name":"wp","href":"https:\/\/api.w.org\/{rel}","templated":true}]}}