{"id":2644,"date":"2018-07-09T16:02:34","date_gmt":"2018-07-09T14:02:34","guid":{"rendered":"https:\/\/oikon.hr\/?page_id=2644"},"modified":"2019-09-11T10:39:21","modified_gmt":"2019-09-11T08:39:21","slug":"laboratorij-za-istrazivanje-i-monitoring-velikih-zvijeri","status":"publish","type":"page","link":"https:\/\/oikon.hr\/hr\/zavodi\/laboratorij-za-istrazivanje-i-monitoring-velikih-zvijeri\/","title":{"rendered":"Laboratorij za monitoring i istra\u017eivanje velikih zvijeri i ekologiju kralje\u017enjaka"},"content":{"rendered":"<p><a href=\"https:\/\/oikon.hr\/cms\/wp-content\/uploads\/2019\/09\/ZVIJERI-logo-text.png\" data-rel=\"lightbox-gallery-xcAGfxJn\" data-rl_title=\"\" data-rl_caption=\"\" title=\"\"><img loading=\"lazy\" decoding=\"async\" class=\"alignnone size-large wp-image-3700\" src=\"https:\/\/oikon.hr\/cms\/wp-content\/uploads\/2019\/09\/ZVIJERI-logo-text-1024x131.png\" alt=\"\" width=\"1024\" height=\"131\" srcset=\"https:\/\/oikon.hr\/cms\/wp-content\/uploads\/2019\/09\/ZVIJERI-logo-text-1024x131.png 1024w, https:\/\/oikon.hr\/cms\/wp-content\/uploads\/2019\/09\/ZVIJERI-logo-text-150x19.png 150w, https:\/\/oikon.hr\/cms\/wp-content\/uploads\/2019\/09\/ZVIJERI-logo-text-300x38.png 300w, https:\/\/oikon.hr\/cms\/wp-content\/uploads\/2019\/09\/ZVIJERI-logo-text-768x98.png 768w, https:\/\/oikon.hr\/cms\/wp-content\/uploads\/2019\/09\/ZVIJERI-logo-text.png 2000w\" sizes=\"auto, (max-width: 1024px) 100vw, 1024px\" \/><\/a><\/p>\n<p style=\"text-align: justify;\">Laboratorij za monitoring i istra\u017eivanje velikih zvijeri i ekologiju kralje\u017enjaka provodi razli\u010dite aktivnosti s ciljem utvr\u0111ivanja antropogenih utjecaja na populacije velikih zvijeri, medvjeda, vuka i risa, ali i na \u010ditav niz drugih skupina srednjih i velikih sisavaca.<\/p>\n<p style=\"text-align: justify;\">U tom smislu Laboratorij provodi monitoringe prijelaza divljih \u017eivotinja preko struktura posebno izgra\u0111enih za prijelaz divljih \u017eivotinja, posebice velikih zvijeri, preko autocesta, stradavanja divljih \u017eivotinja od prometa, prati utjecaj ostalih linijskih struktura (plinovodi, \u017eeljezni\u010dke pruge i dr.) izgra\u0111enih u stani\u0161tima velikih zvijeri kao i utjecaj drugih antropogenih struktura (vjetroelektrane, odlagali\u0161ta otpada i dr.) na njihove populacije.<\/p>\n<p style=\"text-align: justify;\">Istra\u017eivanja koja se provode u okviru Laboratorija usmjerena su na utvr\u0111ivanje rasprostranjenosti, podru\u010dja kretanja, fragmentacije stani\u0161ta, brojnosti te prehrambene strukture srednjih i velikih sisavaca, posebice velikih zvijeri.<\/p>\n<p style=\"text-align: justify;\">Dobiveni rezultati primjenjuju se u analizama indeksa sklonosti pojedinih vrsta \u017eivotinja prema odre\u0111enom tipu stani\u0161ta kao osnove za utvr\u0111ivanje va\u017enosti pojedinih podru\u010dja za o\u010duvanje stabilnih populacija istra\u017eivanih vrsta. Rezultati navedenih istra\u017eivanja i monitoringa primjenjuju se u procjenama utjecaja zahvata pri izradi dokumenata kao \u0161to su Studija glavne ocjene prihvatljivosti zahvata, Ocjena prihvatljivosti za prirodu, Procjena utjecaja na okoli\u0161, itd.<\/p>\n<p style=\"text-align: justify;\">Za provo\u0111enje navedenih istra\u017eivanja i monitoringa koristimo suvremene metode kao \u0161to su telemetrijska pra\u0107enja \u017eivotinja pomo\u0107u GPS\/VHF ogrlica, metode digitalnih foto zamki, GIS analize dobivenih podataka i dr.<\/p>\n<p style=\"text-align: justify;\">Voditelj Laboratorija je dr. sc. Goran Gu\u017evica, dipl. ing. geol.<\/p>\n<div id='gallery-1' class='gallery galleryid-2644 gallery-columns-3 gallery-size-wordpress-medium-gallery'><figure class='gallery-item'>\n\t\t\t<div class='gallery-icon portrait'>\n\t\t\t\t<a href='https:\/\/oikon.hr\/cms\/wp-content\/uploads\/2018\/07\/DSC_0060.jpg' title=\"\" data-rl_title=\"\" class=\"rl-gallery-link\" data-rl_caption=\"\" data-rel=\"lightbox-gallery-1\"><img loading=\"lazy\" decoding=\"async\" width=\"500\" height=\"250\" src=\"https:\/\/oikon.hr\/cms\/wp-content\/uploads\/2018\/07\/DSC_0060-500x250.jpg\" class=\"attachment-wordpress-medium-gallery size-wordpress-medium-gallery\" alt=\"\" \/><\/a>\n\t\t\t<\/div><\/figure><figure class='gallery-item'>\n\t\t\t<div class='gallery-icon landscape'>\n\t\t\t\t<a href='https:\/\/oikon.hr\/cms\/wp-content\/uploads\/2017\/07\/overpass.jpg' title=\"\" data-rl_title=\"\" class=\"rl-gallery-link\" data-rl_caption=\"\" data-rel=\"lightbox-gallery-1\"><img loading=\"lazy\" decoding=\"async\" width=\"500\" height=\"250\" src=\"https:\/\/oikon.hr\/cms\/wp-content\/uploads\/2017\/07\/overpass-500x250.jpg\" class=\"attachment-wordpress-medium-gallery size-wordpress-medium-gallery\" alt=\"\" \/><\/a>\n\t\t\t<\/div><\/figure><figure class='gallery-item'>\n\t\t\t<div class='gallery-icon landscape'>\n\t\t\t\t<a href='https:\/\/oikon.hr\/cms\/wp-content\/uploads\/2017\/07\/bear.jpg' title=\"\" data-rl_title=\"\" class=\"rl-gallery-link\" data-rl_caption=\"\" data-rel=\"lightbox-gallery-1\"><img loading=\"lazy\" decoding=\"async\" width=\"500\" height=\"250\" src=\"https:\/\/oikon.hr\/cms\/wp-content\/uploads\/2017\/07\/bear-500x250.jpg\" class=\"attachment-wordpress-medium-gallery size-wordpress-medium-gallery\" alt=\"\" \/><\/a>\n\t\t\t<\/div><\/figure><figure class='gallery-item'>\n\t\t\t<div class='gallery-icon landscape'>\n\t\t\t\t<a href='https:\/\/oikon.hr\/cms\/wp-content\/uploads\/2018\/07\/P1010184.jpg' title=\"\" data-rl_title=\"\" class=\"rl-gallery-link\" data-rl_caption=\"\" data-rel=\"lightbox-gallery-1\"><img loading=\"lazy\" decoding=\"async\" width=\"500\" height=\"250\" src=\"https:\/\/oikon.hr\/cms\/wp-content\/uploads\/2018\/07\/P1010184-500x250.jpg\" class=\"attachment-wordpress-medium-gallery size-wordpress-medium-gallery\" alt=\"\" \/><\/a>\n\t\t\t<\/div><\/figure><figure class='gallery-item'>\n\t\t\t<div class='gallery-icon landscape'>\n\t\t\t\t<a href='https:\/\/oikon.hr\/cms\/wp-content\/uploads\/2018\/07\/P1010036.jpg' title=\"\" data-rl_title=\"\" class=\"rl-gallery-link\" data-rl_caption=\"\" data-rel=\"lightbox-gallery-1\"><img loading=\"lazy\" decoding=\"async\" width=\"500\" height=\"250\" src=\"https:\/\/oikon.hr\/cms\/wp-content\/uploads\/2018\/07\/P1010036-500x250.jpg\" class=\"attachment-wordpress-medium-gallery size-wordpress-medium-gallery\" alt=\"\" \/><\/a>\n\t\t\t<\/div><\/figure><figure class='gallery-item'>\n\t\t\t<div class='gallery-icon landscape'>\n\t\t\t\t<a href='https:\/\/oikon.hr\/cms\/wp-content\/uploads\/2018\/07\/DSC_0040.jpg' title=\"\" data-rl_title=\"\" class=\"rl-gallery-link\" data-rl_caption=\"\" data-rel=\"lightbox-gallery-1\"><img loading=\"lazy\" decoding=\"async\" width=\"500\" height=\"250\" src=\"https:\/\/oikon.hr\/cms\/wp-content\/uploads\/2018\/07\/DSC_0040-500x250.jpg\" class=\"attachment-wordpress-medium-gallery size-wordpress-medium-gallery\" alt=\"\" \/><\/a>\n\t\t\t<\/div><\/figure>\n\t\t<\/div>\n\n<p style=\"text-align: justify;\">U okviru Laboratorija provo\u0111eni su\/provode se sljede\u0107i projekti:<\/p>\n<ul style=\"text-align: justify;\">\n<li>Monitoring propusnosti autoceste za divlje \u017eivotinje, Hrvatske autoceste d.o.o., 2017. \u2013 2018.<\/li>\n<li>Monitoring propusnosti autoceste za divlje \u017eivotinje, Hrvatske autoceste d.o.o., 2015. \u2013 2016.<\/li>\n<li><a href=\"https:\/\/oikon.hr\/hr\/istrazivanje-i-monitoring-vukova-u-parku-prirode-biokovo\/\" target=\"_blank\" rel=\"noopener noreferrer\">Istra\u017eivanje i monitoring vukova u Parku prirode Biokovo, Naru\u010ditelj: JUPP Biokovo, 2013. \u2013 2015.<\/a><\/li>\n<li><a href=\"https:\/\/oikon.hr\/hr\/monitoring-propusnosti-autoceste-za-zivotinje\/\" target=\"_blank\" rel=\"noopener noreferrer\">Monitoring propusnosti autoceste za divlje \u017eivotinje, Hrvatske autoceste d.o.o., 2013. \u2013 2014.<\/a><\/li>\n<li><a href=\"https:\/\/oikon.hr\/hr\/pracenje-utjecaja-odlagalista-otpada-na-populaciju-cagljeva-canis-aureus-na-podrucju-parka-prirode-lonjsko-polje\/\" target=\"_blank\" rel=\"noopener noreferrer\">Pra\u0107enje utjecaja odlagali\u0161ta otpada na populaciju \u010daglja (<em>Canis aureus<\/em>) u Parku prirode Lonjsko polje, JUPP Lonjsko polje, 2011. \u2013 2016.<\/a><\/li>\n<li>Antropogeni utjecaji na kopnenu makrofaunu s te\u017ei\u0161tem na za\u0161ti\u0107enim svojtama u RH (ZIN2\/08), Oikon d.o.o., 2009.<\/li>\n<li>Monitoring za\u0161ti\u0107enih \u017eivotinjskih vrsta na podru\u010dju Dravskih ritova, autocesta Beli Manastir \u2013 Osijek \u2013 Svilaj \u2013 Plo\u010de, dionica Beli Manastir \u2013 Osijek, Hrvatske autoceste d.o.o., 2009. \u2013 2010.<\/li>\n<li><a href=\"https:\/\/oikon.hr\/hr\/monitoring-of-water-air-noise-fauna-forest-ecosystems-and-soil-along-croatian-motorw\/\" target=\"_blank\" rel=\"noopener noreferrer\">Monitoring voda, zraka, buke, propusnosti autoceste za \u017eivotinje, \u0161umskih ekosustava, tla i ihtiofaune, Suradnja: Bioinstitut d.o.o., Darh2 d.o.o., Dvokut Ecro d.o.o., Hudec Plan d.o.o., Hrvatske autoceste d.o.o., 2009.<\/a><\/li>\n<li>Monitoring i izrada studije propusnosti prijelaza i prolaza za \u017eivotinje na autocesti Zagreb \u2013 Split \u2013 Dubrovnik, dionica Bosiljevo \u2013 \u0160estanovac, Hrvatske autoceste d.o.o., 2008.<\/li>\n<li>Monitoring prijelaza divljih \u017eivotinja preko zelenih mostova i drugih prolaza I. kategorije na trasi plinovodnog sustava Like i Dalmacije (II dio sustava \u2013 od BS 2 Josipdol do M\u010cS 3 Gospi\u0107, III dio sustava \u2013 od M\u010cS 3 Gospi\u0107 do P\u010c\/MRS Benkovac, IV dio sustava \u2013 od P\u010c\/MRS Benkovac do P\u010c\/MRS Split), PLINACRO d.o.o., 2008.<\/li>\n<li>Monitoring prijelaza divlja\u010di na trasi 1. dijela plinovodnog sustava Like i Dalmacije, PLINACRO d.o.o., 2008.<\/li>\n<li>Utvr\u0111ivanje i prijedlog mjera za smanjenje negativnih antropogenih utjecaja na populacije kopnenih zvijeri u Hrvatskoj, Fond za za\u0161titu okoli\u0161a i energetsku u\u010dinkovitost, 2007. \u2013 2008.<\/li>\n<\/ul>\n<p style=\"text-align: justify;\">Znanstveni radovi objavljeni u okviru Laboratorija:<\/p>\n<ol style=\"text-align: justify;\">\n<li>Gomer\u010di\u0107 T., Gu\u017evica G., \u0110uras-Gomer\u010di\u0107 M., Frkovi\u0107 A., Pavlovi\u0107 D., Kusak J., Sindi\u010di\u0107 M., Huber \u0110. (2009): Variation in teeth number, teeth and skull disorders in Eurasian lynx, Lynx lynx from Croatia.- Folia Zool. 58(1): 57-65.<\/li>\n<\/ol>\n<ol style=\"text-align: justify;\" start=\"2\">\n<li>Gu\u017evica G, Bo\u0161njak I, Bielen A, Babi\u0107 D, Radanovi\u0107-Gu\u017evica B, \u0160ver L (2014) Comparative Analysis of Three Different Methods for Monitoring the Use of Green Bridges by Wildlife. PLoS ONE 9(8): e106194. doi:10.1371\/journal.pone.0106194<\/li>\n<\/ol>\n<ol style=\"text-align: justify;\" start=\"3\">\n<li>Jelaska S.D., Nikoli\u0107 T., \u0160eri\u0107-Jelaska L., Ku\u0161an V., Peternel H., Gu\u017evica G., Major Z.(2010): Biodiversity Analyses in Dalmatia (Croatia): A Complementary Approach Using Diversity and Rarity.- Environmental Management.<\/li>\n<\/ol>\n<ol style=\"text-align: justify;\" start=\"4\">\n<li>Kusak, J., Huber, \u0110., Gomer\u010di\u0107, T., Schwaderer, G., Gu\u017evica, G. (2009): The permeability of highway in Gorski kotar (Croatia) for large mammals.- Eur J Wildl Res (2009) 55: 7-21.<\/li>\n<\/ol>\n<ol style=\"text-align: justify;\" start=\"5\">\n<li>\u0160ver, L., Bielen, A., Kri\u017ean, J., Gu\u017evica, G. (2016): <a href=\"https:\/\/bib.irb.hr\/prikazi-rad?&amp;rad=817624\">Camera Traps on Wildlife Crossing Structures as a Tool in Gray Wolf (<em>Canis lupus<\/em>) Management &#8211; Five- Years Monitoring of Wolf Abundance Trends in Croatia<\/a>. <em>PLoS ONE<\/em>. 11(6): doi:10.1371\/journal.pone.0156748<\/li>\n<\/ol>\n<p style=\"text-align: justify;\">Izlaganja na kongresima:<\/p>\n<ol style=\"text-align: justify;\">\n<li>Gu\u017evica G., Bo\u0161njak I, Bielen A., Babi\u0107 D., Radanovi\u0107-Gu\u017evica B., \u0160ver L. (2015) Analysis of methods for wildlife monitoring on green bridges. Book of Abstracts. 12th Croatian Biological Congress with International Participation. Sveti Martin na Muri, Croatia, September 18 \u2013 23, 2015. p 144. [Gu\u017evica, G., poster]<\/li>\n<li>Gu\u017evica G, Gabri\u0107 I., Protrka K., Grguri\u0107 Z., \u0160ver L. (2015) The research of wolves in the Nature Park Biokovo \u2013 preliminary results. Book of Abstracts. 12th Croatian Biological Congress with International Participation. Sveti Martin na Muri, Croatia, September 18 \u2013 23, 2015. p 145. [Gu\u017evica, G., poster]<\/li>\n<\/ol>\n<ol style=\"text-align: justify;\" start=\"3\">\n<li>Gu\u017evica G, \u0160ver L (2012) Pra\u0107enje negativnog utjecaja izgradnje plinovodnog sustava na funkcionalnost zelenih mostova u Hrvatskoj \/ Monitoring of the negative impact of the gas pipeline construction on the functionality of green bridges in Croatia. Knjiga sa\u017eetaka, 11. Hrvatski biolo\u0161ki kongres, \u0160ibenik, Hrvatska, 16. &#8211; 21. 9. 2012. p. 214.<\/li>\n<li>Gu\u017evica G, Tomai\u0107 J, \u0160ver L (2012) Prvi rezultati istra\u017eivanja prisutnosti risa na podru\u010dju sjevernog Velebita metodom digitalnih fotozamki \/ The first results of lynx presence in the area of the northern Velebit using digital camera traps. Knjiga sa\u017eetaka, 11. Hrvatski biolo\u0161ki kongres \u0160ibenik, Hrvatska, 16. &#8211; 21. rujna 2012., 106-107.<\/li>\n<\/ol>\n<p style=\"text-align: justify;\">\n","protected":false},"excerpt":{"rendered":"<p>Laboratorij za monitoring i istra\u017eivanje velikih zvijeri i ekologiju kralje\u017enjaka provodi razli\u010dite aktivnosti s ciljem utvr\u0111ivanja antropogenih utjecaja na populacije velikih zvijeri, medvjeda, vuka i risa, ali i na \u010ditav niz drugih skupina srednjih i velikih sisavaca. U tom smislu Laboratorij provodi monitoringe prijelaza divljih \u017eivotinja preko struktura posebno izgra\u0111enih za prijelaz divljih \u017eivotinja, posebice &hellip; <a href=\"https:\/\/oikon.hr\/hr\/zavodi\/laboratorij-za-istrazivanje-i-monitoring-velikih-zvijeri\/\">Saznajte vi\u0161e<\/a><\/p>\n","protected":false},"author":2,"featured_media":0,"parent":2063,"menu_order":0,"comment_status":"closed","ping_status":"closed","template":"","meta":{"_acf_changed":false,"footnotes":""},"class_list":["post-2644","page","type-page","status-publish","hentry"],"acf":[],"yoast_head":"<!-- This site is optimized with the Yoast SEO plugin v27.0 - https:\/\/yoast.com\/product\/yoast-seo-wordpress\/ -->\n<title>Laboratorij za monitoring i istra\u017eivanje velikih zvijeri i ekologiju kralje\u017enjaka &#8211; Oikon d.o.o.<\/title>\n<meta name=\"description\" content=\"Laboratorij za monitoring i istra\u017eivanje velikih zvijeri i ekologiju kralje\u017enjaka provodi razli\u010dite aktivnosti s ciljem utvr\u0111ivanja antropogenih utjecaja\" \/>\n<meta name=\"robots\" content=\"index, follow, max-snippet:-1, max-image-preview:large, max-video-preview:-1\" \/>\n<link rel=\"canonical\" href=\"https:\/\/oikon.hr\/hr\/zavodi\/laboratorij-za-istrazivanje-i-monitoring-velikih-zvijeri\/\" \/>\n<meta property=\"og:locale\" content=\"hr_HR\" \/>\n<meta property=\"og:type\" content=\"article\" \/>\n<meta property=\"og:title\" content=\"Laboratorij za monitoring i istra\u017eivanje velikih zvijeri i ekologiju kralje\u017enjaka &#8211; Oikon d.o.o.\" \/>\n<meta property=\"og:description\" content=\"Laboratorij za monitoring i istra\u017eivanje velikih zvijeri i ekologiju kralje\u017enjaka provodi razli\u010dite aktivnosti s ciljem utvr\u0111ivanja antropogenih utjecaja\" \/>\n<meta property=\"og:url\" content=\"https:\/\/oikon.hr\/hr\/zavodi\/laboratorij-za-istrazivanje-i-monitoring-velikih-zvijeri\/\" \/>\n<meta property=\"og:site_name\" content=\"Oikon d.o.o.\" \/>\n<meta property=\"article:publisher\" content=\"http:\/\/www.facebook.com\/OikonLtd\/\" \/>\n<meta property=\"article:modified_time\" content=\"2019-09-11T08:39:21+00:00\" \/>\n<meta property=\"og:image\" content=\"https:\/\/oikon.hr\/cms\/wp-content\/uploads\/2018\/07\/DSC_0060-500x250.jpg\" \/>\n<meta name=\"twitter:card\" content=\"summary_large_image\" \/>\n<meta name=\"twitter:site\" content=\"@OikonLtd\" \/>\n<meta name=\"twitter:label1\" content=\"Est. reading time\" \/>\n\t<meta name=\"twitter:data1\" content=\"5 minutes\" \/>\n<script type=\"application\/ld+json\" class=\"yoast-schema-graph\">{\"@context\":\"https:\/\/schema.org\",\"@graph\":[{\"@type\":\"WebPage\",\"@id\":\"https:\/\/oikon.hr\/hr\/zavodi\/laboratorij-za-istrazivanje-i-monitoring-velikih-zvijeri\/\",\"url\":\"https:\/\/oikon.hr\/hr\/zavodi\/laboratorij-za-istrazivanje-i-monitoring-velikih-zvijeri\/\",\"name\":\"Laboratorij za monitoring i istra\u017eivanje velikih zvijeri i ekologiju kralje\u017enjaka &#8211; Oikon d.o.o.\",\"isPartOf\":{\"@id\":\"https:\/\/oikon.hr\/#website\"},\"primaryImageOfPage\":{\"@id\":\"https:\/\/oikon.hr\/hr\/zavodi\/laboratorij-za-istrazivanje-i-monitoring-velikih-zvijeri\/#primaryimage\"},\"image\":{\"@id\":\"https:\/\/oikon.hr\/hr\/zavodi\/laboratorij-za-istrazivanje-i-monitoring-velikih-zvijeri\/#primaryimage\"},\"thumbnailUrl\":\"https:\/\/oikon.hr\/cms\/wp-content\/uploads\/2019\/09\/ZVIJERI-logo-text-1024x131.png\",\"datePublished\":\"2018-07-09T14:02:34+00:00\",\"dateModified\":\"2019-09-11T08:39:21+00:00\",\"description\":\"Laboratorij za monitoring i istra\u017eivanje velikih zvijeri i ekologiju kralje\u017enjaka provodi razli\u010dite aktivnosti s ciljem utvr\u0111ivanja antropogenih utjecaja\",\"breadcrumb\":{\"@id\":\"https:\/\/oikon.hr\/hr\/zavodi\/laboratorij-za-istrazivanje-i-monitoring-velikih-zvijeri\/#breadcrumb\"},\"inLanguage\":\"hr-HR\",\"potentialAction\":[{\"@type\":\"ReadAction\",\"target\":[\"https:\/\/oikon.hr\/hr\/zavodi\/laboratorij-za-istrazivanje-i-monitoring-velikih-zvijeri\/\"]}]},{\"@type\":\"ImageObject\",\"inLanguage\":\"hr-HR\",\"@id\":\"https:\/\/oikon.hr\/hr\/zavodi\/laboratorij-za-istrazivanje-i-monitoring-velikih-zvijeri\/#primaryimage\",\"url\":\"https:\/\/oikon.hr\/cms\/wp-content\/uploads\/2019\/09\/ZVIJERI-logo-text-1024x131.png\",\"contentUrl\":\"https:\/\/oikon.hr\/cms\/wp-content\/uploads\/2019\/09\/ZVIJERI-logo-text-1024x131.png\"},{\"@type\":\"BreadcrumbList\",\"@id\":\"https:\/\/oikon.hr\/hr\/zavodi\/laboratorij-za-istrazivanje-i-monitoring-velikih-zvijeri\/#breadcrumb\",\"itemListElement\":[{\"@type\":\"ListItem\",\"position\":1,\"name\":\"\",\"item\":\"https:\/\/oikon.hr\/hr\/\"},{\"@type\":\"ListItem\",\"position\":2,\"name\":\"ZAVODI\",\"item\":\"https:\/\/oikon.hr\/hr\/zavodi\/\"},{\"@type\":\"ListItem\",\"position\":3,\"name\":\"Laboratorij za monitoring i istra\u017eivanje velikih zvijeri i ekologiju kralje\u017enjaka\"}]},{\"@type\":\"WebSite\",\"@id\":\"https:\/\/oikon.hr\/#website\",\"url\":\"https:\/\/oikon.hr\/\",\"name\":\"Oikon d.o.o.\",\"description\":\"Institut za primijenjenu ekologiju\",\"publisher\":{\"@id\":\"https:\/\/oikon.hr\/#organization\"},\"alternateName\":\"OIKON\",\"potentialAction\":[{\"@type\":\"SearchAction\",\"target\":{\"@type\":\"EntryPoint\",\"urlTemplate\":\"https:\/\/oikon.hr\/?s={search_term_string}\"},\"query-input\":{\"@type\":\"PropertyValueSpecification\",\"valueRequired\":true,\"valueName\":\"search_term_string\"}}],\"inLanguage\":\"hr-HR\"},{\"@type\":\"Organization\",\"@id\":\"https:\/\/oikon.hr\/#organization\",\"name\":\"Oikon d.o.o. - Institut za primijenjenu ekologiju\",\"alternateName\":\"OIKON\",\"url\":\"https:\/\/oikon.hr\/\",\"logo\":{\"@type\":\"ImageObject\",\"inLanguage\":\"hr-HR\",\"@id\":\"https:\/\/oikon.hr\/#\/schema\/logo\/image\/\",\"url\":\"https:\/\/oikon.hr\/cms\/wp-content\/uploads\/2021\/01\/OIKON_R_logo_transparent.png\",\"contentUrl\":\"https:\/\/oikon.hr\/cms\/wp-content\/uploads\/2021\/01\/OIKON_R_logo_transparent.png\",\"width\":1660,\"height\":541,\"caption\":\"Oikon d.o.o. - Institut za primijenjenu ekologiju\"},\"image\":{\"@id\":\"https:\/\/oikon.hr\/#\/schema\/logo\/image\/\"},\"sameAs\":[\"http:\/\/www.facebook.com\/OikonLtd\/\",\"https:\/\/x.com\/OikonLtd\",\"https:\/\/www.instagram.com\/oikon_ltd\/\",\"https:\/\/www.linkedin.com\/company\/oikon---institute-for-applied-technology\/\",\"https:\/\/www.youtube.com\/channel\/UCu_eJ0ct90AEN8D85KWcRHQ\"]}]}<\/script>\n<!-- \/ Yoast SEO plugin. -->","yoast_head_json":{"title":"Laboratorij za monitoring i istra\u017eivanje velikih zvijeri i ekologiju kralje\u017enjaka &#8211; Oikon d.o.o.","description":"Laboratorij za monitoring i istra\u017eivanje velikih zvijeri i ekologiju kralje\u017enjaka provodi razli\u010dite aktivnosti s ciljem utvr\u0111ivanja antropogenih utjecaja","robots":{"index":"index","follow":"follow","max-snippet":"max-snippet:-1","max-image-preview":"max-image-preview:large","max-video-preview":"max-video-preview:-1"},"canonical":"https:\/\/oikon.hr\/hr\/zavodi\/laboratorij-za-istrazivanje-i-monitoring-velikih-zvijeri\/","og_locale":"hr_HR","og_type":"article","og_title":"Laboratorij za monitoring i istra\u017eivanje velikih zvijeri i ekologiju kralje\u017enjaka &#8211; Oikon d.o.o.","og_description":"Laboratorij za monitoring i istra\u017eivanje velikih zvijeri i ekologiju kralje\u017enjaka provodi razli\u010dite aktivnosti s ciljem utvr\u0111ivanja antropogenih utjecaja","og_url":"https:\/\/oikon.hr\/hr\/zavodi\/laboratorij-za-istrazivanje-i-monitoring-velikih-zvijeri\/","og_site_name":"Oikon d.o.o.","article_publisher":"http:\/\/www.facebook.com\/OikonLtd\/","article_modified_time":"2019-09-11T08:39:21+00:00","og_image":[{"url":"https:\/\/oikon.hr\/cms\/wp-content\/uploads\/2018\/07\/DSC_0060-500x250.jpg","type":"","width":"","height":""}],"twitter_card":"summary_large_image","twitter_site":"@OikonLtd","twitter_misc":{"Est. reading time":"5 minutes"},"schema":{"@context":"https:\/\/schema.org","@graph":[{"@type":"WebPage","@id":"https:\/\/oikon.hr\/hr\/zavodi\/laboratorij-za-istrazivanje-i-monitoring-velikih-zvijeri\/","url":"https:\/\/oikon.hr\/hr\/zavodi\/laboratorij-za-istrazivanje-i-monitoring-velikih-zvijeri\/","name":"Laboratorij za monitoring i istra\u017eivanje velikih zvijeri i ekologiju kralje\u017enjaka &#8211; Oikon d.o.o.","isPartOf":{"@id":"https:\/\/oikon.hr\/#website"},"primaryImageOfPage":{"@id":"https:\/\/oikon.hr\/hr\/zavodi\/laboratorij-za-istrazivanje-i-monitoring-velikih-zvijeri\/#primaryimage"},"image":{"@id":"https:\/\/oikon.hr\/hr\/zavodi\/laboratorij-za-istrazivanje-i-monitoring-velikih-zvijeri\/#primaryimage"},"thumbnailUrl":"https:\/\/oikon.hr\/cms\/wp-content\/uploads\/2019\/09\/ZVIJERI-logo-text-1024x131.png","datePublished":"2018-07-09T14:02:34+00:00","dateModified":"2019-09-11T08:39:21+00:00","description":"Laboratorij za monitoring i istra\u017eivanje velikih zvijeri i ekologiju kralje\u017enjaka provodi razli\u010dite aktivnosti s ciljem utvr\u0111ivanja antropogenih utjecaja","breadcrumb":{"@id":"https:\/\/oikon.hr\/hr\/zavodi\/laboratorij-za-istrazivanje-i-monitoring-velikih-zvijeri\/#breadcrumb"},"inLanguage":"hr-HR","potentialAction":[{"@type":"ReadAction","target":["https:\/\/oikon.hr\/hr\/zavodi\/laboratorij-za-istrazivanje-i-monitoring-velikih-zvijeri\/"]}]},{"@type":"ImageObject","inLanguage":"hr-HR","@id":"https:\/\/oikon.hr\/hr\/zavodi\/laboratorij-za-istrazivanje-i-monitoring-velikih-zvijeri\/#primaryimage","url":"https:\/\/oikon.hr\/cms\/wp-content\/uploads\/2019\/09\/ZVIJERI-logo-text-1024x131.png","contentUrl":"https:\/\/oikon.hr\/cms\/wp-content\/uploads\/2019\/09\/ZVIJERI-logo-text-1024x131.png"},{"@type":"BreadcrumbList","@id":"https:\/\/oikon.hr\/hr\/zavodi\/laboratorij-za-istrazivanje-i-monitoring-velikih-zvijeri\/#breadcrumb","itemListElement":[{"@type":"ListItem","position":1,"name":"","item":"https:\/\/oikon.hr\/hr\/"},{"@type":"ListItem","position":2,"name":"ZAVODI","item":"https:\/\/oikon.hr\/hr\/zavodi\/"},{"@type":"ListItem","position":3,"name":"Laboratorij za monitoring i istra\u017eivanje velikih zvijeri i ekologiju kralje\u017enjaka"}]},{"@type":"WebSite","@id":"https:\/\/oikon.hr\/#website","url":"https:\/\/oikon.hr\/","name":"Oikon d.o.o.","description":"Institut za primijenjenu ekologiju","publisher":{"@id":"https:\/\/oikon.hr\/#organization"},"alternateName":"OIKON","potentialAction":[{"@type":"SearchAction","target":{"@type":"EntryPoint","urlTemplate":"https:\/\/oikon.hr\/?s={search_term_string}"},"query-input":{"@type":"PropertyValueSpecification","valueRequired":true,"valueName":"search_term_string"}}],"inLanguage":"hr-HR"},{"@type":"Organization","@id":"https:\/\/oikon.hr\/#organization","name":"Oikon d.o.o. - Institut za primijenjenu ekologiju","alternateName":"OIKON","url":"https:\/\/oikon.hr\/","logo":{"@type":"ImageObject","inLanguage":"hr-HR","@id":"https:\/\/oikon.hr\/#\/schema\/logo\/image\/","url":"https:\/\/oikon.hr\/cms\/wp-content\/uploads\/2021\/01\/OIKON_R_logo_transparent.png","contentUrl":"https:\/\/oikon.hr\/cms\/wp-content\/uploads\/2021\/01\/OIKON_R_logo_transparent.png","width":1660,"height":541,"caption":"Oikon d.o.o. - Institut za primijenjenu ekologiju"},"image":{"@id":"https:\/\/oikon.hr\/#\/schema\/logo\/image\/"},"sameAs":["http:\/\/www.facebook.com\/OikonLtd\/","https:\/\/x.com\/OikonLtd","https:\/\/www.instagram.com\/oikon_ltd\/","https:\/\/www.linkedin.com\/company\/oikon---institute-for-applied-technology\/","https:\/\/www.youtube.com\/channel\/UCu_eJ0ct90AEN8D85KWcRHQ"]}]}},"_links":{"self":[{"href":"https:\/\/oikon.hr\/hr\/wp-json\/wp\/v2\/pages\/2644","targetHints":{"allow":["GET"]}}],"collection":[{"href":"https:\/\/oikon.hr\/hr\/wp-json\/wp\/v2\/pages"}],"about":[{"href":"https:\/\/oikon.hr\/hr\/wp-json\/wp\/v2\/types\/page"}],"author":[{"embeddable":true,"href":"https:\/\/oikon.hr\/hr\/wp-json\/wp\/v2\/users\/2"}],"replies":[{"embeddable":true,"href":"https:\/\/oikon.hr\/hr\/wp-json\/wp\/v2\/comments?post=2644"}],"version-history":[{"count":0,"href":"https:\/\/oikon.hr\/hr\/wp-json\/wp\/v2\/pages\/2644\/revisions"}],"up":[{"embeddable":true,"href":"https:\/\/oikon.hr\/hr\/wp-json\/wp\/v2\/pages\/2063"}],"wp:attachment":[{"href":"https:\/\/oikon.hr\/hr\/wp-json\/wp\/v2\/media?parent=2644"}],"curies":[{"name":"wp","href":"https:\/\/api.w.org\/{rel}","templated":true}]}}