{"id":3283,"date":"2019-05-10T14:06:39","date_gmt":"2019-05-10T12:06:39","guid":{"rendered":"https:\/\/oikon.hr\/?page_id=3283"},"modified":"2024-09-03T14:08:47","modified_gmt":"2024-09-03T12:08:47","slug":"laboratorij-za-ribe-i-vodene-ekosustave","status":"publish","type":"page","link":"https:\/\/oikon.hr\/hr\/zavodi\/laboratorij-za-ribe-i-vodene-ekosustave\/","title":{"rendered":"Laboratorij za ribe i vodene ekosustave"},"content":{"rendered":"\n<figure class=\"wp-block-image is-resized\"><img loading=\"lazy\" decoding=\"async\" width=\"1024\" height=\"217\" src=\"https:\/\/oikon.hr\/cms\/wp-content\/uploads\/2019\/09\/RIBE-logo-text-1024x217.png\" alt=\"\" class=\"wp-image-3698\" style=\"width:500px\" srcset=\"https:\/\/oikon.hr\/cms\/wp-content\/uploads\/2019\/09\/RIBE-logo-text-1024x217.png 1024w, https:\/\/oikon.hr\/cms\/wp-content\/uploads\/2019\/09\/RIBE-logo-text-150x32.png 150w, https:\/\/oikon.hr\/cms\/wp-content\/uploads\/2019\/09\/RIBE-logo-text-300x64.png 300w, https:\/\/oikon.hr\/cms\/wp-content\/uploads\/2019\/09\/RIBE-logo-text-768x163.png 768w, https:\/\/oikon.hr\/cms\/wp-content\/uploads\/2019\/09\/RIBE-logo-text.png 2000w\" sizes=\"auto, (max-width: 1024px) 100vw, 1024px\" \/><\/figure>\n\n\n\n<p>Laboratorij za ribe i vodene ekosustave provodi istra\u017eivanja u ribarstvu, te odr\u017eavanju i obnavljanju vodenih ekosustava.<\/p>\n\n\n\n<p>Naj\u010de\u0161\u0107e\ndjelatnosti Laboratorija vezane su uz procjene stanja ekosustava, pra\u0107enje\ngospodarskih aktivnosti, obnavljanje naru\u0161enih vodnih ekosustava, biomanipulacija\nihtiofaunom i sli\u010dno. Istra\u017eivanja su usmjerena na procjenu prihvatljivog\nprotoka, obnavljanje ribljih zajednica, razli\u010dite teme unutar ribarstvene\nproblematike i obilje\u017eja vodenog ekosistema, kao i biomanipulaciju radi opskrbe\npitkom vodom.&nbsp;&nbsp; <\/p>\n\n\n\n<p>Rezultati\nnavedenih istra\u017eivanja i pra\u0107enja primjenjuju se u razli\u010ditim gospodarskim\naktivnostima te procjenama utjecaja zahvata pri izradi dokumenata kao \u0161to su studija\nglavne ocjene prihvatljivosti zahvata za prirodu, procjena utjecaja na okoli\u0161,\nribarske studije, nulta stanja okoli\u0161a,&nbsp;\nitd.<\/p>\n\n\n\n<p>Za provo\u0111enje navedenih istra\u017eivanja i pra\u0107enja,\nstru\u010dnjaci koriste razli\u010dite ribarske i limnolo\u0161ke metode, dok im najnovije tehnologije i senzori za daljinska istra\u017eivanja omogu\u0107uju\nefektivno kartiranje promjena pri&nbsp;odre\u0111ivanju biomasa, zaga\u0111enja, i\nbioprodukcije.<\/p>\n\n\n\n<p>Voditelj Laboratorija za ribe i vodene ekosustave je prof. dr. sc. Milorad Mrakov\u010di\u0107, dipl. ing. biol.<\/p>\n\n\n\n<p>Zamjenik voditelja Laboratorija je Matija Kresonja, mag. prot. nat. et amb.<\/p>\n\n\n\n<p>Projekti:<\/p>\n\n\n\n<ul class=\"wp-block-list\">\n<li><span style=\"text-decoration: underline;\"><a href=\"https:\/\/oikon.hr\/hr\/study-of-interstitial-fauna-in-the-sava-river-in-slovenia\/\" target=\"_blank\" rel=\"noreferrer noopener\">Istra\u017eivanje intersticijske faune u Sloveniji na Savi<\/a><\/span><\/li>\n\n\n\n<li>Usluga razvoja programa pra\u0107enja za vrste i stani\u0161ne tipove od interesa za EU u sklopu OPKK projekta \u201eRazvoj sustava pra\u0107enja stanja vrsta i stani\u0161nih tipova\u201c za grupu 8: Izrada i razvoj programa pra\u0107enja za slatkovodne ribe s ja\u010danjem kapaciteta dionika sustava pra\u0107enja i izvje\u0161\u0107ivanja<\/li>\n\n\n\n<li>Istra\u017eivanje ihtiofaune na podru\u010dju MHE Ilovac kod Ozlja<\/li>\n\n\n\n<li>Izvedba usmjerenog ihtiolo\u0161kog monitoringa na podru\u010dju HE Mokrice u Sloveniji<\/li>\n\n\n\n<li>Usluga pra\u0107enja u\u010dinkovitosti mjera o\u010duvanja slatkovodnih ekosustava<\/li>\n\n\n\n<li>Istra\u017eivanje ihtiofaune na lijevoj obali rijeke Save u Krate\u010dkom<\/li>\n\n\n\n<li>Istra\u017eivanje faune riba i rakova na potoku Ratkovi\u0107 u Donjem Zagorju kod Ogulina<\/li>\n\n\n\n<li>Istra\u017eivanje vijuna na podru\u010dju Nacionalnog parka Plitvi\u010dka jezera<\/li>\n\n\n\n<li>Istra\u017eivanje faune riba i rakova na podru\u010dju rijeke Mirne u Istarskoj \u017eupaniji<\/li>\n\n\n\n<li>Istra\u017eivanje ihtiofaune na rijeci Muri kod naselja Donja Dubrava<\/li>\n\n\n\n<li>Monitoring ihtiofaune na lokaciji Hala\u0161evo u Osje\u010dko-baranjskoj \u017eupaniji<\/li>\n<\/ul>\n\n\n\n<figure class=\"wp-block-gallery has-nested-images columns-default is-cropped wp-block-gallery-1 is-layout-flex wp-block-gallery-is-layout-flex\">\n<figure class=\"wp-block-image size-large\"><img loading=\"lazy\" decoding=\"async\" width=\"1024\" height=\"682\" data-id=\"3279\" src=\"https:\/\/oikon.hr\/cms\/wp-content\/uploads\/2019\/05\/Datoteka_000-1024x682.jpeg\" alt=\"\" class=\"wp-image-3279\" srcset=\"https:\/\/oikon.hr\/cms\/wp-content\/uploads\/2019\/05\/Datoteka_000-1024x682.jpeg 1024w, https:\/\/oikon.hr\/cms\/wp-content\/uploads\/2019\/05\/Datoteka_000-150x100.jpeg 150w, https:\/\/oikon.hr\/cms\/wp-content\/uploads\/2019\/05\/Datoteka_000-300x200.jpeg 300w, https:\/\/oikon.hr\/cms\/wp-content\/uploads\/2019\/05\/Datoteka_000-768x512.jpeg 768w, https:\/\/oikon.hr\/cms\/wp-content\/uploads\/2019\/05\/Datoteka_000-272x182.jpeg 272w, https:\/\/oikon.hr\/cms\/wp-content\/uploads\/2019\/05\/Datoteka_000.jpeg 2000w\" sizes=\"auto, (max-width: 1024px) 100vw, 1024px\" \/><\/figure>\n\n\n\n<figure class=\"wp-block-image size-large\"><img loading=\"lazy\" decoding=\"async\" width=\"1024\" height=\"682\" data-id=\"3280\" src=\"https:\/\/oikon.hr\/cms\/wp-content\/uploads\/2019\/05\/hidroel-Korana02-1024x682.jpg\" alt=\"\" class=\"wp-image-3280\" srcset=\"https:\/\/oikon.hr\/cms\/wp-content\/uploads\/2019\/05\/hidroel-Korana02-1024x682.jpg 1024w, https:\/\/oikon.hr\/cms\/wp-content\/uploads\/2019\/05\/hidroel-Korana02-150x100.jpg 150w, https:\/\/oikon.hr\/cms\/wp-content\/uploads\/2019\/05\/hidroel-Korana02-300x200.jpg 300w, https:\/\/oikon.hr\/cms\/wp-content\/uploads\/2019\/05\/hidroel-Korana02-768x512.jpg 768w, https:\/\/oikon.hr\/cms\/wp-content\/uploads\/2019\/05\/hidroel-Korana02-272x182.jpg 272w, https:\/\/oikon.hr\/cms\/wp-content\/uploads\/2019\/05\/hidroel-Korana02.jpg 2000w\" sizes=\"auto, (max-width: 1024px) 100vw, 1024px\" \/><\/figure>\n\n\n\n<figure class=\"wp-block-image size-large\"><img loading=\"lazy\" decoding=\"async\" width=\"1024\" height=\"683\" data-id=\"3281\" src=\"https:\/\/oikon.hr\/cms\/wp-content\/uploads\/2019\/05\/COAST_Krka01-1-1024x683.jpg\" alt=\"\" class=\"wp-image-3281\" srcset=\"https:\/\/oikon.hr\/cms\/wp-content\/uploads\/2019\/05\/COAST_Krka01-1-1024x683.jpg 1024w, https:\/\/oikon.hr\/cms\/wp-content\/uploads\/2019\/05\/COAST_Krka01-1-150x100.jpg 150w, https:\/\/oikon.hr\/cms\/wp-content\/uploads\/2019\/05\/COAST_Krka01-1-300x200.jpg 300w, https:\/\/oikon.hr\/cms\/wp-content\/uploads\/2019\/05\/COAST_Krka01-1-768x512.jpg 768w, https:\/\/oikon.hr\/cms\/wp-content\/uploads\/2019\/05\/COAST_Krka01-1-272x182.jpg 272w, https:\/\/oikon.hr\/cms\/wp-content\/uploads\/2019\/05\/COAST_Krka01-1.jpg 2000w\" sizes=\"auto, (max-width: 1024px) 100vw, 1024px\" \/><\/figure>\n<\/figure>\n","protected":false},"excerpt":{"rendered":"<p>Laboratorij za ribe i vodene ekosustave provodi istra\u017eivanja u ribarstvu, te odr\u017eavanju i obnavljanju vodenih ekosustava. Naj\u010de\u0161\u0107e djelatnosti Laboratorija vezane su uz procjene stanja ekosustava, pra\u0107enje gospodarskih aktivnosti, obnavljanje naru\u0161enih vodnih ekosustava, biomanipulacija ihtiofaunom i sli\u010dno. Istra\u017eivanja su usmjerena na procjenu prihvatljivog protoka, obnavljanje ribljih zajednica, razli\u010dite teme unutar ribarstvene problematike i obilje\u017eja vodenog ekosistema, &hellip; <a href=\"https:\/\/oikon.hr\/hr\/zavodi\/laboratorij-za-ribe-i-vodene-ekosustave\/\">Saznajte vi\u0161e<\/a><\/p>\n","protected":false},"author":2,"featured_media":0,"parent":2063,"menu_order":6,"comment_status":"closed","ping_status":"closed","template":"","meta":{"_acf_changed":false,"footnotes":""},"class_list":["post-3283","page","type-page","status-publish","hentry"],"acf":[],"yoast_head":"<!-- This site is optimized with the Yoast SEO plugin v27.0 - https:\/\/yoast.com\/product\/yoast-seo-wordpress\/ -->\n<title>Laboratorij za ribe i vodene ekosustave &#8211; Oikon d.o.o.<\/title>\n<meta name=\"description\" content=\"Laboratorij za ribe i vodene ekosustave provodi istra\u017eivanja u ribarstvu, te odr\u017eavanju i obnavljanju vodenih ekosustava. Naj\u010de\u0161\u0107e djelatnosti\" \/>\n<meta name=\"robots\" content=\"index, follow, max-snippet:-1, max-image-preview:large, max-video-preview:-1\" \/>\n<link rel=\"canonical\" href=\"https:\/\/oikon.hr\/hr\/zavodi\/laboratorij-za-ribe-i-vodene-ekosustave\/\" \/>\n<meta property=\"og:locale\" content=\"hr_HR\" \/>\n<meta property=\"og:type\" content=\"article\" \/>\n<meta property=\"og:title\" content=\"Laboratorij za ribe i vodene ekosustave &#8211; Oikon d.o.o.\" \/>\n<meta property=\"og:description\" content=\"Laboratorij za ribe i vodene ekosustave provodi istra\u017eivanja u ribarstvu, te odr\u017eavanju i obnavljanju vodenih ekosustava. Naj\u010de\u0161\u0107e djelatnosti\" \/>\n<meta property=\"og:url\" content=\"https:\/\/oikon.hr\/hr\/zavodi\/laboratorij-za-ribe-i-vodene-ekosustave\/\" \/>\n<meta property=\"og:site_name\" content=\"Oikon d.o.o.\" \/>\n<meta property=\"article:publisher\" content=\"http:\/\/www.facebook.com\/OikonLtd\/\" \/>\n<meta property=\"article:modified_time\" content=\"2024-09-03T12:08:47+00:00\" \/>\n<meta property=\"og:image\" content=\"https:\/\/oikon.hr\/cms\/wp-content\/uploads\/2019\/09\/RIBE-logo-text-1024x217.png\" \/>\n<meta name=\"twitter:card\" content=\"summary_large_image\" \/>\n<meta name=\"twitter:site\" content=\"@OikonLtd\" \/>\n<meta name=\"twitter:label1\" content=\"Est. reading time\" \/>\n\t<meta name=\"twitter:data1\" content=\"3 minutes\" \/>\n<script type=\"application\/ld+json\" class=\"yoast-schema-graph\">{\"@context\":\"https:\/\/schema.org\",\"@graph\":[{\"@type\":\"WebPage\",\"@id\":\"https:\/\/oikon.hr\/hr\/zavodi\/laboratorij-za-ribe-i-vodene-ekosustave\/\",\"url\":\"https:\/\/oikon.hr\/hr\/zavodi\/laboratorij-za-ribe-i-vodene-ekosustave\/\",\"name\":\"Laboratorij za ribe i vodene ekosustave &#8211; Oikon d.o.o.\",\"isPartOf\":{\"@id\":\"https:\/\/oikon.hr\/#website\"},\"primaryImageOfPage\":{\"@id\":\"https:\/\/oikon.hr\/hr\/zavodi\/laboratorij-za-ribe-i-vodene-ekosustave\/#primaryimage\"},\"image\":{\"@id\":\"https:\/\/oikon.hr\/hr\/zavodi\/laboratorij-za-ribe-i-vodene-ekosustave\/#primaryimage\"},\"thumbnailUrl\":\"https:\/\/oikon.hr\/cms\/wp-content\/uploads\/2019\/09\/RIBE-logo-text-1024x217.png\",\"datePublished\":\"2019-05-10T12:06:39+00:00\",\"dateModified\":\"2024-09-03T12:08:47+00:00\",\"description\":\"Laboratorij za ribe i vodene ekosustave provodi istra\u017eivanja u ribarstvu, te odr\u017eavanju i obnavljanju vodenih ekosustava. Naj\u010de\u0161\u0107e djelatnosti\",\"breadcrumb\":{\"@id\":\"https:\/\/oikon.hr\/hr\/zavodi\/laboratorij-za-ribe-i-vodene-ekosustave\/#breadcrumb\"},\"inLanguage\":\"hr-HR\",\"potentialAction\":[{\"@type\":\"ReadAction\",\"target\":[\"https:\/\/oikon.hr\/hr\/zavodi\/laboratorij-za-ribe-i-vodene-ekosustave\/\"]}]},{\"@type\":\"ImageObject\",\"inLanguage\":\"hr-HR\",\"@id\":\"https:\/\/oikon.hr\/hr\/zavodi\/laboratorij-za-ribe-i-vodene-ekosustave\/#primaryimage\",\"url\":\"https:\/\/oikon.hr\/cms\/wp-content\/uploads\/2019\/09\/RIBE-logo-text-1024x217.png\",\"contentUrl\":\"https:\/\/oikon.hr\/cms\/wp-content\/uploads\/2019\/09\/RIBE-logo-text-1024x217.png\"},{\"@type\":\"BreadcrumbList\",\"@id\":\"https:\/\/oikon.hr\/hr\/zavodi\/laboratorij-za-ribe-i-vodene-ekosustave\/#breadcrumb\",\"itemListElement\":[{\"@type\":\"ListItem\",\"position\":1,\"name\":\"\",\"item\":\"https:\/\/oikon.hr\/hr\/\"},{\"@type\":\"ListItem\",\"position\":2,\"name\":\"ZAVODI\",\"item\":\"https:\/\/oikon.hr\/hr\/zavodi\/\"},{\"@type\":\"ListItem\",\"position\":3,\"name\":\"Laboratorij za ribe i vodene ekosustave\"}]},{\"@type\":\"WebSite\",\"@id\":\"https:\/\/oikon.hr\/#website\",\"url\":\"https:\/\/oikon.hr\/\",\"name\":\"Oikon d.o.o.\",\"description\":\"Institut za primijenjenu ekologiju\",\"publisher\":{\"@id\":\"https:\/\/oikon.hr\/#organization\"},\"alternateName\":\"OIKON\",\"potentialAction\":[{\"@type\":\"SearchAction\",\"target\":{\"@type\":\"EntryPoint\",\"urlTemplate\":\"https:\/\/oikon.hr\/?s={search_term_string}\"},\"query-input\":{\"@type\":\"PropertyValueSpecification\",\"valueRequired\":true,\"valueName\":\"search_term_string\"}}],\"inLanguage\":\"hr-HR\"},{\"@type\":\"Organization\",\"@id\":\"https:\/\/oikon.hr\/#organization\",\"name\":\"Oikon d.o.o. - Institut za primijenjenu ekologiju\",\"alternateName\":\"OIKON\",\"url\":\"https:\/\/oikon.hr\/\",\"logo\":{\"@type\":\"ImageObject\",\"inLanguage\":\"hr-HR\",\"@id\":\"https:\/\/oikon.hr\/#\/schema\/logo\/image\/\",\"url\":\"https:\/\/oikon.hr\/cms\/wp-content\/uploads\/2021\/01\/OIKON_R_logo_transparent.png\",\"contentUrl\":\"https:\/\/oikon.hr\/cms\/wp-content\/uploads\/2021\/01\/OIKON_R_logo_transparent.png\",\"width\":1660,\"height\":541,\"caption\":\"Oikon d.o.o. - Institut za primijenjenu ekologiju\"},\"image\":{\"@id\":\"https:\/\/oikon.hr\/#\/schema\/logo\/image\/\"},\"sameAs\":[\"http:\/\/www.facebook.com\/OikonLtd\/\",\"https:\/\/x.com\/OikonLtd\",\"https:\/\/www.instagram.com\/oikon_ltd\/\",\"https:\/\/www.linkedin.com\/company\/oikon---institute-for-applied-technology\/\",\"https:\/\/www.youtube.com\/channel\/UCu_eJ0ct90AEN8D85KWcRHQ\"]}]}<\/script>\n<!-- \/ Yoast SEO plugin. -->","yoast_head_json":{"title":"Laboratorij za ribe i vodene ekosustave &#8211; Oikon d.o.o.","description":"Laboratorij za ribe i vodene ekosustave provodi istra\u017eivanja u ribarstvu, te odr\u017eavanju i obnavljanju vodenih ekosustava. Naj\u010de\u0161\u0107e djelatnosti","robots":{"index":"index","follow":"follow","max-snippet":"max-snippet:-1","max-image-preview":"max-image-preview:large","max-video-preview":"max-video-preview:-1"},"canonical":"https:\/\/oikon.hr\/hr\/zavodi\/laboratorij-za-ribe-i-vodene-ekosustave\/","og_locale":"hr_HR","og_type":"article","og_title":"Laboratorij za ribe i vodene ekosustave &#8211; Oikon d.o.o.","og_description":"Laboratorij za ribe i vodene ekosustave provodi istra\u017eivanja u ribarstvu, te odr\u017eavanju i obnavljanju vodenih ekosustava. Naj\u010de\u0161\u0107e djelatnosti","og_url":"https:\/\/oikon.hr\/hr\/zavodi\/laboratorij-za-ribe-i-vodene-ekosustave\/","og_site_name":"Oikon d.o.o.","article_publisher":"http:\/\/www.facebook.com\/OikonLtd\/","article_modified_time":"2024-09-03T12:08:47+00:00","og_image":[{"url":"https:\/\/oikon.hr\/cms\/wp-content\/uploads\/2019\/09\/RIBE-logo-text-1024x217.png","type":"","width":"","height":""}],"twitter_card":"summary_large_image","twitter_site":"@OikonLtd","twitter_misc":{"Est. reading time":"3 minutes"},"schema":{"@context":"https:\/\/schema.org","@graph":[{"@type":"WebPage","@id":"https:\/\/oikon.hr\/hr\/zavodi\/laboratorij-za-ribe-i-vodene-ekosustave\/","url":"https:\/\/oikon.hr\/hr\/zavodi\/laboratorij-za-ribe-i-vodene-ekosustave\/","name":"Laboratorij za ribe i vodene ekosustave &#8211; Oikon d.o.o.","isPartOf":{"@id":"https:\/\/oikon.hr\/#website"},"primaryImageOfPage":{"@id":"https:\/\/oikon.hr\/hr\/zavodi\/laboratorij-za-ribe-i-vodene-ekosustave\/#primaryimage"},"image":{"@id":"https:\/\/oikon.hr\/hr\/zavodi\/laboratorij-za-ribe-i-vodene-ekosustave\/#primaryimage"},"thumbnailUrl":"https:\/\/oikon.hr\/cms\/wp-content\/uploads\/2019\/09\/RIBE-logo-text-1024x217.png","datePublished":"2019-05-10T12:06:39+00:00","dateModified":"2024-09-03T12:08:47+00:00","description":"Laboratorij za ribe i vodene ekosustave provodi istra\u017eivanja u ribarstvu, te odr\u017eavanju i obnavljanju vodenih ekosustava. Naj\u010de\u0161\u0107e djelatnosti","breadcrumb":{"@id":"https:\/\/oikon.hr\/hr\/zavodi\/laboratorij-za-ribe-i-vodene-ekosustave\/#breadcrumb"},"inLanguage":"hr-HR","potentialAction":[{"@type":"ReadAction","target":["https:\/\/oikon.hr\/hr\/zavodi\/laboratorij-za-ribe-i-vodene-ekosustave\/"]}]},{"@type":"ImageObject","inLanguage":"hr-HR","@id":"https:\/\/oikon.hr\/hr\/zavodi\/laboratorij-za-ribe-i-vodene-ekosustave\/#primaryimage","url":"https:\/\/oikon.hr\/cms\/wp-content\/uploads\/2019\/09\/RIBE-logo-text-1024x217.png","contentUrl":"https:\/\/oikon.hr\/cms\/wp-content\/uploads\/2019\/09\/RIBE-logo-text-1024x217.png"},{"@type":"BreadcrumbList","@id":"https:\/\/oikon.hr\/hr\/zavodi\/laboratorij-za-ribe-i-vodene-ekosustave\/#breadcrumb","itemListElement":[{"@type":"ListItem","position":1,"name":"","item":"https:\/\/oikon.hr\/hr\/"},{"@type":"ListItem","position":2,"name":"ZAVODI","item":"https:\/\/oikon.hr\/hr\/zavodi\/"},{"@type":"ListItem","position":3,"name":"Laboratorij za ribe i vodene ekosustave"}]},{"@type":"WebSite","@id":"https:\/\/oikon.hr\/#website","url":"https:\/\/oikon.hr\/","name":"Oikon d.o.o.","description":"Institut za primijenjenu ekologiju","publisher":{"@id":"https:\/\/oikon.hr\/#organization"},"alternateName":"OIKON","potentialAction":[{"@type":"SearchAction","target":{"@type":"EntryPoint","urlTemplate":"https:\/\/oikon.hr\/?s={search_term_string}"},"query-input":{"@type":"PropertyValueSpecification","valueRequired":true,"valueName":"search_term_string"}}],"inLanguage":"hr-HR"},{"@type":"Organization","@id":"https:\/\/oikon.hr\/#organization","name":"Oikon d.o.o. - Institut za primijenjenu ekologiju","alternateName":"OIKON","url":"https:\/\/oikon.hr\/","logo":{"@type":"ImageObject","inLanguage":"hr-HR","@id":"https:\/\/oikon.hr\/#\/schema\/logo\/image\/","url":"https:\/\/oikon.hr\/cms\/wp-content\/uploads\/2021\/01\/OIKON_R_logo_transparent.png","contentUrl":"https:\/\/oikon.hr\/cms\/wp-content\/uploads\/2021\/01\/OIKON_R_logo_transparent.png","width":1660,"height":541,"caption":"Oikon d.o.o. - Institut za primijenjenu ekologiju"},"image":{"@id":"https:\/\/oikon.hr\/#\/schema\/logo\/image\/"},"sameAs":["http:\/\/www.facebook.com\/OikonLtd\/","https:\/\/x.com\/OikonLtd","https:\/\/www.instagram.com\/oikon_ltd\/","https:\/\/www.linkedin.com\/company\/oikon---institute-for-applied-technology\/","https:\/\/www.youtube.com\/channel\/UCu_eJ0ct90AEN8D85KWcRHQ"]}]}},"_links":{"self":[{"href":"https:\/\/oikon.hr\/hr\/wp-json\/wp\/v2\/pages\/3283","targetHints":{"allow":["GET"]}}],"collection":[{"href":"https:\/\/oikon.hr\/hr\/wp-json\/wp\/v2\/pages"}],"about":[{"href":"https:\/\/oikon.hr\/hr\/wp-json\/wp\/v2\/types\/page"}],"author":[{"embeddable":true,"href":"https:\/\/oikon.hr\/hr\/wp-json\/wp\/v2\/users\/2"}],"replies":[{"embeddable":true,"href":"https:\/\/oikon.hr\/hr\/wp-json\/wp\/v2\/comments?post=3283"}],"version-history":[{"count":3,"href":"https:\/\/oikon.hr\/hr\/wp-json\/wp\/v2\/pages\/3283\/revisions"}],"predecessor-version":[{"id":11290,"href":"https:\/\/oikon.hr\/hr\/wp-json\/wp\/v2\/pages\/3283\/revisions\/11290"}],"up":[{"embeddable":true,"href":"https:\/\/oikon.hr\/hr\/wp-json\/wp\/v2\/pages\/2063"}],"wp:attachment":[{"href":"https:\/\/oikon.hr\/hr\/wp-json\/wp\/v2\/media?parent=3283"}],"curies":[{"name":"wp","href":"https:\/\/api.w.org\/{rel}","templated":true}]}}