{"id":3308,"date":"2019-05-15T10:23:12","date_gmt":"2019-05-15T08:23:12","guid":{"rendered":"https:\/\/oikon.hr\/?page_id=3308"},"modified":"2019-06-17T13:46:43","modified_gmt":"2019-06-17T11:46:43","slug":"zavod-za-pravo-politiku-i-ekonomiju-okolisa","status":"publish","type":"page","link":"https:\/\/oikon.hr\/hr\/zavodi\/zavod-za-pravo-politiku-i-ekonomiju-okolisa\/","title":{"rendered":"Zavod za pravo, politiku i ekonomiju okoli\u0161a"},"content":{"rendered":"\n<p><strong>Voditeljica Zavoda:&nbsp;<\/strong>Alida Ban Pavlovi\u0107<\/p>\n\n\n\n<p><strong>Kontakt:&nbsp;<\/strong><a rel=\"noreferrer noopener\" href=\"mailto:abanpavlovic@oikon.hr\" target=\"_blank\">e-mail<\/a><\/p>\n\n\n\n<hr class=\"wp-block-separator\"\/>\n\n\n\n<div class=\"wp-block-image\"><figure class=\"alignleft is-resized\"><a href=\"https:\/\/oikon.hr\/cms\/wp-content\/uploads\/2019\/05\/environment-vector-day-6.png\" data-rel=\"lightbox-gallery-o2D3DW0G\" data-rl_title=\"\" data-rl_caption=\"\" title=\"\"><img loading=\"lazy\" decoding=\"async\" src=\"https:\/\/oikon.hr\/cms\/wp-content\/uploads\/2019\/05\/environment-vector-day-6.png\" alt=\"\" class=\"wp-image-3290\" width=\"166\" height=\"166\" srcset=\"https:\/\/oikon.hr\/cms\/wp-content\/uploads\/2019\/05\/environment-vector-day-6.png 665w, https:\/\/oikon.hr\/cms\/wp-content\/uploads\/2019\/05\/environment-vector-day-6-150x150.png 150w, https:\/\/oikon.hr\/cms\/wp-content\/uploads\/2019\/05\/environment-vector-day-6-300x300.png 300w, https:\/\/oikon.hr\/cms\/wp-content\/uploads\/2019\/05\/environment-vector-day-6-500x500.png 500w\" sizes=\"auto, (max-width: 166px) 100vw, 166px\" \/><\/a><\/figure><\/div>\n\n\n\n<p>Zavod za pravo, politiku i ekonomiju okoli\u0161a prvenstveno se bavi pravnim savjetovanjem na podru\u010dju okoli\u0161nog zakonodavstva u obliku tuma\u010denja pravnih praznina i uskla\u0111ivanja nacionalnog zakonodavstva, kao i ocjenjivanjem stanja uskla\u0111enosti nacionalnog zakonodavstva s pravnom ste\u010devinom EU-a o okoli\u0161u.<\/p>\n\n\n\n<p>Na\ntemelju izra\u0111ene analize stru\u010dnjaci Zavoda pru\u017eaju pravnu i institucionalnu\npomo\u0107 u izradi novih nacionalnih zakona i podzakonskih akata koji su u\npotpunosti u skladu s okoli\u0161nim zahtjevima EU i me\u0111unarodnog prava.<\/p>\n\n\n\n<p>Zavod\nizra\u0111uje nacionalna izvje\u0161\u0107a i stajali\u0161ta o razli\u010ditim pitanjima u podru\u010dju\nza\u0161tite okoli\u0161a i njihovoj provedbi u zemlji na temelju iscrpnih pravnih i\ninstitucionalnih istra\u017eivanja kako bi se svim dionicima omogu\u0107ilo da pobolj\u0161aju\nprovedbu zakonskih zahtjeva, kao i ja\u010danje njihovih kapaciteta.<\/p>\n\n\n\n<p>Tako\u0111er\npru\u017ea detaljnu analizu i potporu u ekonomiji okoli\u0161a i mogu\u0107nosti modula financiranja,\nkao i iskusnu i stru\u010dnu pomo\u0107 malim i srednjim poduze\u0107ima u osiguravanju\npo\u010detnih bespovratnih sredstava ili dugoro\u010dnog financiranja u sektoru za\u0161tite\nokoli\u0161a.<\/p>\n\n\n\n<p>Usluge Zavoda uklju\u010duju:<\/p>\n\n\n\n<ul class=\"wp-block-list\"><li>tuma\u010denje pravnih praznina i uskla\u0111ivanje nacionalnog zakonodavstva<\/li><li>provjeru uskla\u0111enosti sa zahtjevima EU\/me\u0111unarodnog prava <\/li><li>izradu zakona i podzakonskih akata<\/li><li>izradu nacrta izvje\u0161\u0107a o pitanjima okoli\u0161a<\/li><li>institucionalnu analizu<\/li><li>ja\u010danje kapaciteta vlasti na nacionalnoj, regionalnoj i lokalnoj razini<\/li><li>razvoj strategija, planova i programa<\/li><li>izradu ugovora<\/li><li>ekonomiju okoli\u0161a i module financiranja<\/li><li>pomo\u0107 u dodjeli bespovratnih sredstava i osiguravanje sredstava za mala i srednja poduze\u0107a u sektoru za\u0161tite okoli\u0161a<\/li><li>projekti edukacije u podru\u010dju za\u0161tite okoli\u0161a.<\/li><\/ul>\n","protected":false},"excerpt":{"rendered":"<p>Voditeljica Zavoda:&nbsp;Alida Ban Pavlovi\u0107 Kontakt:&nbsp;e-mail Zavod za pravo, politiku i ekonomiju okoli\u0161a prvenstveno se bavi pravnim savjetovanjem na podru\u010dju okoli\u0161nog zakonodavstva u obliku tuma\u010denja pravnih praznina i uskla\u0111ivanja nacionalnog zakonodavstva, kao i ocjenjivanjem stanja uskla\u0111enosti nacionalnog zakonodavstva s pravnom ste\u010devinom EU-a o okoli\u0161u. Na temelju izra\u0111ene analize stru\u010dnjaci Zavoda pru\u017eaju pravnu i institucionalnu pomo\u0107 u &hellip; <a href=\"https:\/\/oikon.hr\/hr\/zavodi\/zavod-za-pravo-politiku-i-ekonomiju-okolisa\/\">Saznajte vi\u0161e<\/a><\/p>\n","protected":false},"author":2,"featured_media":0,"parent":2063,"menu_order":0,"comment_status":"closed","ping_status":"closed","template":"","meta":{"_acf_changed":false,"footnotes":""},"class_list":["post-3308","page","type-page","status-publish","hentry"],"acf":[],"yoast_head":"<!-- This site is optimized with the Yoast SEO plugin v27.0 - https:\/\/yoast.com\/product\/yoast-seo-wordpress\/ -->\n<title>Zavod za pravo, politiku i ekonomiju okoli\u0161a &#8211; Oikon d.o.o.<\/title>\n<meta name=\"description\" content=\"Voditeljica Zavoda:&nbsp;Alida Ban Pavlovi\u0107 Kontakt:&nbsp;e-mail Zavod za pravo, politiku i ekonomiju okoli\u0161a prvenstveno se bavi pravnim savjetovanjem na\" \/>\n<meta name=\"robots\" content=\"index, follow, max-snippet:-1, max-image-preview:large, max-video-preview:-1\" \/>\n<link rel=\"canonical\" href=\"https:\/\/oikon.hr\/hr\/zavodi\/zavod-za-pravo-politiku-i-ekonomiju-okolisa\/\" \/>\n<meta property=\"og:locale\" content=\"hr_HR\" \/>\n<meta property=\"og:type\" content=\"article\" \/>\n<meta property=\"og:title\" content=\"Zavod za pravo, politiku i ekonomiju okoli\u0161a &#8211; Oikon d.o.o.\" \/>\n<meta property=\"og:description\" content=\"Voditeljica Zavoda:&nbsp;Alida Ban Pavlovi\u0107 Kontakt:&nbsp;e-mail Zavod za pravo, politiku i ekonomiju okoli\u0161a prvenstveno se bavi pravnim savjetovanjem na\" \/>\n<meta property=\"og:url\" content=\"https:\/\/oikon.hr\/hr\/zavodi\/zavod-za-pravo-politiku-i-ekonomiju-okolisa\/\" \/>\n<meta property=\"og:site_name\" content=\"Oikon d.o.o.\" \/>\n<meta property=\"article:publisher\" content=\"http:\/\/www.facebook.com\/OikonLtd\/\" \/>\n<meta property=\"article:modified_time\" content=\"2019-06-17T11:46:43+00:00\" \/>\n<meta property=\"og:image\" content=\"https:\/\/oikon.hr\/cms\/wp-content\/uploads\/2019\/05\/environment-vector-day-6.png\" \/>\n<meta name=\"twitter:card\" content=\"summary_large_image\" \/>\n<meta name=\"twitter:site\" content=\"@OikonLtd\" \/>\n<meta name=\"twitter:label1\" content=\"Est. reading time\" \/>\n\t<meta name=\"twitter:data1\" content=\"1 minute\" \/>\n<script type=\"application\/ld+json\" class=\"yoast-schema-graph\">{\"@context\":\"https:\/\/schema.org\",\"@graph\":[{\"@type\":\"WebPage\",\"@id\":\"https:\/\/oikon.hr\/hr\/zavodi\/zavod-za-pravo-politiku-i-ekonomiju-okolisa\/\",\"url\":\"https:\/\/oikon.hr\/hr\/zavodi\/zavod-za-pravo-politiku-i-ekonomiju-okolisa\/\",\"name\":\"Zavod za pravo, politiku i ekonomiju okoli\u0161a &#8211; Oikon d.o.o.\",\"isPartOf\":{\"@id\":\"https:\/\/oikon.hr\/#website\"},\"primaryImageOfPage\":{\"@id\":\"https:\/\/oikon.hr\/hr\/zavodi\/zavod-za-pravo-politiku-i-ekonomiju-okolisa\/#primaryimage\"},\"image\":{\"@id\":\"https:\/\/oikon.hr\/hr\/zavodi\/zavod-za-pravo-politiku-i-ekonomiju-okolisa\/#primaryimage\"},\"thumbnailUrl\":\"https:\/\/oikon.hr\/cms\/wp-content\/uploads\/2019\/05\/environment-vector-day-6.png\",\"datePublished\":\"2019-05-15T08:23:12+00:00\",\"dateModified\":\"2019-06-17T11:46:43+00:00\",\"description\":\"Voditeljica Zavoda:&nbsp;Alida Ban Pavlovi\u0107 Kontakt:&nbsp;e-mail Zavod za pravo, politiku i ekonomiju okoli\u0161a prvenstveno se bavi pravnim savjetovanjem na\",\"breadcrumb\":{\"@id\":\"https:\/\/oikon.hr\/hr\/zavodi\/zavod-za-pravo-politiku-i-ekonomiju-okolisa\/#breadcrumb\"},\"inLanguage\":\"hr-HR\",\"potentialAction\":[{\"@type\":\"ReadAction\",\"target\":[\"https:\/\/oikon.hr\/hr\/zavodi\/zavod-za-pravo-politiku-i-ekonomiju-okolisa\/\"]}]},{\"@type\":\"ImageObject\",\"inLanguage\":\"hr-HR\",\"@id\":\"https:\/\/oikon.hr\/hr\/zavodi\/zavod-za-pravo-politiku-i-ekonomiju-okolisa\/#primaryimage\",\"url\":\"https:\/\/oikon.hr\/cms\/wp-content\/uploads\/2019\/05\/environment-vector-day-6.png\",\"contentUrl\":\"https:\/\/oikon.hr\/cms\/wp-content\/uploads\/2019\/05\/environment-vector-day-6.png\"},{\"@type\":\"BreadcrumbList\",\"@id\":\"https:\/\/oikon.hr\/hr\/zavodi\/zavod-za-pravo-politiku-i-ekonomiju-okolisa\/#breadcrumb\",\"itemListElement\":[{\"@type\":\"ListItem\",\"position\":1,\"name\":\"\",\"item\":\"https:\/\/oikon.hr\/hr\/\"},{\"@type\":\"ListItem\",\"position\":2,\"name\":\"ZAVODI\",\"item\":\"https:\/\/oikon.hr\/hr\/zavodi\/\"},{\"@type\":\"ListItem\",\"position\":3,\"name\":\"Zavod za pravo, politiku i ekonomiju okoli\u0161a\"}]},{\"@type\":\"WebSite\",\"@id\":\"https:\/\/oikon.hr\/#website\",\"url\":\"https:\/\/oikon.hr\/\",\"name\":\"Oikon d.o.o.\",\"description\":\"Institut za primijenjenu ekologiju\",\"publisher\":{\"@id\":\"https:\/\/oikon.hr\/#organization\"},\"alternateName\":\"OIKON\",\"potentialAction\":[{\"@type\":\"SearchAction\",\"target\":{\"@type\":\"EntryPoint\",\"urlTemplate\":\"https:\/\/oikon.hr\/?s={search_term_string}\"},\"query-input\":{\"@type\":\"PropertyValueSpecification\",\"valueRequired\":true,\"valueName\":\"search_term_string\"}}],\"inLanguage\":\"hr-HR\"},{\"@type\":\"Organization\",\"@id\":\"https:\/\/oikon.hr\/#organization\",\"name\":\"Oikon d.o.o. - Institut za primijenjenu ekologiju\",\"alternateName\":\"OIKON\",\"url\":\"https:\/\/oikon.hr\/\",\"logo\":{\"@type\":\"ImageObject\",\"inLanguage\":\"hr-HR\",\"@id\":\"https:\/\/oikon.hr\/#\/schema\/logo\/image\/\",\"url\":\"https:\/\/oikon.hr\/cms\/wp-content\/uploads\/2021\/01\/OIKON_R_logo_transparent.png\",\"contentUrl\":\"https:\/\/oikon.hr\/cms\/wp-content\/uploads\/2021\/01\/OIKON_R_logo_transparent.png\",\"width\":1660,\"height\":541,\"caption\":\"Oikon d.o.o. - Institut za primijenjenu ekologiju\"},\"image\":{\"@id\":\"https:\/\/oikon.hr\/#\/schema\/logo\/image\/\"},\"sameAs\":[\"http:\/\/www.facebook.com\/OikonLtd\/\",\"https:\/\/x.com\/OikonLtd\",\"https:\/\/www.instagram.com\/oikon_ltd\/\",\"https:\/\/www.linkedin.com\/company\/oikon---institute-for-applied-technology\/\",\"https:\/\/www.youtube.com\/channel\/UCu_eJ0ct90AEN8D85KWcRHQ\"]}]}<\/script>\n<!-- \/ Yoast SEO plugin. -->","yoast_head_json":{"title":"Zavod za pravo, politiku i ekonomiju okoli\u0161a &#8211; Oikon d.o.o.","description":"Voditeljica Zavoda:&nbsp;Alida Ban Pavlovi\u0107 Kontakt:&nbsp;e-mail Zavod za pravo, politiku i ekonomiju okoli\u0161a prvenstveno se bavi pravnim savjetovanjem na","robots":{"index":"index","follow":"follow","max-snippet":"max-snippet:-1","max-image-preview":"max-image-preview:large","max-video-preview":"max-video-preview:-1"},"canonical":"https:\/\/oikon.hr\/hr\/zavodi\/zavod-za-pravo-politiku-i-ekonomiju-okolisa\/","og_locale":"hr_HR","og_type":"article","og_title":"Zavod za pravo, politiku i ekonomiju okoli\u0161a &#8211; Oikon d.o.o.","og_description":"Voditeljica Zavoda:&nbsp;Alida Ban Pavlovi\u0107 Kontakt:&nbsp;e-mail Zavod za pravo, politiku i ekonomiju okoli\u0161a prvenstveno se bavi pravnim savjetovanjem na","og_url":"https:\/\/oikon.hr\/hr\/zavodi\/zavod-za-pravo-politiku-i-ekonomiju-okolisa\/","og_site_name":"Oikon d.o.o.","article_publisher":"http:\/\/www.facebook.com\/OikonLtd\/","article_modified_time":"2019-06-17T11:46:43+00:00","og_image":[{"url":"https:\/\/oikon.hr\/cms\/wp-content\/uploads\/2019\/05\/environment-vector-day-6.png","type":"","width":"","height":""}],"twitter_card":"summary_large_image","twitter_site":"@OikonLtd","twitter_misc":{"Est. reading time":"1 minute"},"schema":{"@context":"https:\/\/schema.org","@graph":[{"@type":"WebPage","@id":"https:\/\/oikon.hr\/hr\/zavodi\/zavod-za-pravo-politiku-i-ekonomiju-okolisa\/","url":"https:\/\/oikon.hr\/hr\/zavodi\/zavod-za-pravo-politiku-i-ekonomiju-okolisa\/","name":"Zavod za pravo, politiku i ekonomiju okoli\u0161a &#8211; Oikon d.o.o.","isPartOf":{"@id":"https:\/\/oikon.hr\/#website"},"primaryImageOfPage":{"@id":"https:\/\/oikon.hr\/hr\/zavodi\/zavod-za-pravo-politiku-i-ekonomiju-okolisa\/#primaryimage"},"image":{"@id":"https:\/\/oikon.hr\/hr\/zavodi\/zavod-za-pravo-politiku-i-ekonomiju-okolisa\/#primaryimage"},"thumbnailUrl":"https:\/\/oikon.hr\/cms\/wp-content\/uploads\/2019\/05\/environment-vector-day-6.png","datePublished":"2019-05-15T08:23:12+00:00","dateModified":"2019-06-17T11:46:43+00:00","description":"Voditeljica Zavoda:&nbsp;Alida Ban Pavlovi\u0107 Kontakt:&nbsp;e-mail Zavod za pravo, politiku i ekonomiju okoli\u0161a prvenstveno se bavi pravnim savjetovanjem na","breadcrumb":{"@id":"https:\/\/oikon.hr\/hr\/zavodi\/zavod-za-pravo-politiku-i-ekonomiju-okolisa\/#breadcrumb"},"inLanguage":"hr-HR","potentialAction":[{"@type":"ReadAction","target":["https:\/\/oikon.hr\/hr\/zavodi\/zavod-za-pravo-politiku-i-ekonomiju-okolisa\/"]}]},{"@type":"ImageObject","inLanguage":"hr-HR","@id":"https:\/\/oikon.hr\/hr\/zavodi\/zavod-za-pravo-politiku-i-ekonomiju-okolisa\/#primaryimage","url":"https:\/\/oikon.hr\/cms\/wp-content\/uploads\/2019\/05\/environment-vector-day-6.png","contentUrl":"https:\/\/oikon.hr\/cms\/wp-content\/uploads\/2019\/05\/environment-vector-day-6.png"},{"@type":"BreadcrumbList","@id":"https:\/\/oikon.hr\/hr\/zavodi\/zavod-za-pravo-politiku-i-ekonomiju-okolisa\/#breadcrumb","itemListElement":[{"@type":"ListItem","position":1,"name":"","item":"https:\/\/oikon.hr\/hr\/"},{"@type":"ListItem","position":2,"name":"ZAVODI","item":"https:\/\/oikon.hr\/hr\/zavodi\/"},{"@type":"ListItem","position":3,"name":"Zavod za pravo, politiku i ekonomiju okoli\u0161a"}]},{"@type":"WebSite","@id":"https:\/\/oikon.hr\/#website","url":"https:\/\/oikon.hr\/","name":"Oikon d.o.o.","description":"Institut za primijenjenu ekologiju","publisher":{"@id":"https:\/\/oikon.hr\/#organization"},"alternateName":"OIKON","potentialAction":[{"@type":"SearchAction","target":{"@type":"EntryPoint","urlTemplate":"https:\/\/oikon.hr\/?s={search_term_string}"},"query-input":{"@type":"PropertyValueSpecification","valueRequired":true,"valueName":"search_term_string"}}],"inLanguage":"hr-HR"},{"@type":"Organization","@id":"https:\/\/oikon.hr\/#organization","name":"Oikon d.o.o. - Institut za primijenjenu ekologiju","alternateName":"OIKON","url":"https:\/\/oikon.hr\/","logo":{"@type":"ImageObject","inLanguage":"hr-HR","@id":"https:\/\/oikon.hr\/#\/schema\/logo\/image\/","url":"https:\/\/oikon.hr\/cms\/wp-content\/uploads\/2021\/01\/OIKON_R_logo_transparent.png","contentUrl":"https:\/\/oikon.hr\/cms\/wp-content\/uploads\/2021\/01\/OIKON_R_logo_transparent.png","width":1660,"height":541,"caption":"Oikon d.o.o. - Institut za primijenjenu ekologiju"},"image":{"@id":"https:\/\/oikon.hr\/#\/schema\/logo\/image\/"},"sameAs":["http:\/\/www.facebook.com\/OikonLtd\/","https:\/\/x.com\/OikonLtd","https:\/\/www.instagram.com\/oikon_ltd\/","https:\/\/www.linkedin.com\/company\/oikon---institute-for-applied-technology\/","https:\/\/www.youtube.com\/channel\/UCu_eJ0ct90AEN8D85KWcRHQ"]}]}},"_links":{"self":[{"href":"https:\/\/oikon.hr\/hr\/wp-json\/wp\/v2\/pages\/3308","targetHints":{"allow":["GET"]}}],"collection":[{"href":"https:\/\/oikon.hr\/hr\/wp-json\/wp\/v2\/pages"}],"about":[{"href":"https:\/\/oikon.hr\/hr\/wp-json\/wp\/v2\/types\/page"}],"author":[{"embeddable":true,"href":"https:\/\/oikon.hr\/hr\/wp-json\/wp\/v2\/users\/2"}],"replies":[{"embeddable":true,"href":"https:\/\/oikon.hr\/hr\/wp-json\/wp\/v2\/comments?post=3308"}],"version-history":[{"count":0,"href":"https:\/\/oikon.hr\/hr\/wp-json\/wp\/v2\/pages\/3308\/revisions"}],"up":[{"embeddable":true,"href":"https:\/\/oikon.hr\/hr\/wp-json\/wp\/v2\/pages\/2063"}],"wp:attachment":[{"href":"https:\/\/oikon.hr\/hr\/wp-json\/wp\/v2\/media?parent=3308"}],"curies":[{"name":"wp","href":"https:\/\/api.w.org\/{rel}","templated":true}]}}