{"id":3397,"date":"2019-05-24T14:59:09","date_gmt":"2019-05-24T12:59:09","guid":{"rendered":"https:\/\/oikon.hr\/?page_id=3397"},"modified":"2024-02-27T11:11:57","modified_gmt":"2024-02-27T10:11:57","slug":"kodeks-poslovne-etike","status":"publish","type":"page","link":"https:\/\/oikon.hr\/hr\/kodeks-poslovne-etike\/","title":{"rendered":"Kodeks poslovne etike"},"content":{"rendered":"\n<p>Oikon je potpisnik Kodeksa poslovne etike Hrvatske gospodarske komore  kojim su utvr\u0111ene osnovne smjernice eti\u010dkoga pona\u0161anja poslovnih subjekata u okviru hrvatskoga gospodarstva. <\/p>\n\n\n\n<p>Prihva\u0107amo obvezu djelovanja u skladu s na\u010delima odgovornosti, istinitosti, u\u010dinkovitosti, transparentnosti, kvalitete, postupanja u dobroj vjeri i po\u0161tovanja dobrih poslovnih obi\u010daja prema poslovnim partnerima, poslovnom i dru\u0161tvenom okru\u017eenju te vlastitim zaposlenicima.<\/p>\n\n\n\n<p>Vi\u0161e informacija o Kodeksu poslovne etike prona\u0107i \u0107ete na poveznici: <a href=\"https:\/\/www.hgk.hr\/kodeks-etike\">www.hgk.hr\/kodeks-etike<\/a><\/p>\n","protected":false},"excerpt":{"rendered":"<p>Oikon je potpisnik Kodeksa poslovne etike Hrvatske gospodarske komore kojim su utvr\u0111ene osnovne smjernice eti\u010dkoga pona\u0161anja poslovnih subjekata u okviru hrvatskoga gospodarstva. Prihva\u0107amo obvezu djelovanja u skladu s na\u010delima odgovornosti, istinitosti, u\u010dinkovitosti, transparentnosti, kvalitete, postupanja u dobroj vjeri i po\u0161tovanja dobrih poslovnih obi\u010daja prema poslovnim partnerima, poslovnom i dru\u0161tvenom okru\u017eenju te vlastitim zaposlenicima. Vi\u0161e informacija &hellip; <a href=\"https:\/\/oikon.hr\/hr\/kodeks-poslovne-etike\/\">Saznajte vi\u0161e<\/a><\/p>\n","protected":false},"author":2,"featured_media":0,"parent":0,"menu_order":0,"comment_status":"closed","ping_status":"closed","template":"","meta":{"_acf_changed":false,"footnotes":""},"class_list":["post-3397","page","type-page","status-publish","hentry"],"acf":[],"yoast_head":"<!-- This site is optimized with the Yoast SEO plugin v27.0 - https:\/\/yoast.com\/product\/yoast-seo-wordpress\/ -->\n<title>Kodeks poslovne etike &#8211; Oikon d.o.o.<\/title>\n<meta name=\"description\" content=\"Oikon je potpisnik Kodeksa poslovne etike Hrvatske gospodarske komore kojim su utvr\u0111ene osnovne smjernice eti\u010dkoga pona\u0161anja poslovnih subjekata u okviru\" \/>\n<meta name=\"robots\" content=\"index, follow, max-snippet:-1, max-image-preview:large, max-video-preview:-1\" \/>\n<link rel=\"canonical\" href=\"https:\/\/oikon.hr\/hr\/kodeks-poslovne-etike\/\" \/>\n<meta property=\"og:locale\" content=\"hr_HR\" \/>\n<meta property=\"og:type\" content=\"article\" \/>\n<meta property=\"og:title\" content=\"Kodeks poslovne etike &#8211; Oikon d.o.o.\" \/>\n<meta property=\"og:description\" content=\"Oikon je potpisnik Kodeksa poslovne etike Hrvatske gospodarske komore kojim su utvr\u0111ene osnovne smjernice eti\u010dkoga pona\u0161anja poslovnih subjekata u okviru\" \/>\n<meta property=\"og:url\" content=\"https:\/\/oikon.hr\/hr\/kodeks-poslovne-etike\/\" \/>\n<meta property=\"og:site_name\" content=\"Oikon d.o.o.\" \/>\n<meta property=\"article:publisher\" content=\"http:\/\/www.facebook.com\/OikonLtd\/\" \/>\n<meta property=\"article:modified_time\" content=\"2024-02-27T10:11:57+00:00\" \/>\n<meta name=\"twitter:card\" content=\"summary_large_image\" \/>\n<meta name=\"twitter:site\" content=\"@OikonLtd\" \/>\n<script type=\"application\/ld+json\" class=\"yoast-schema-graph\">{\"@context\":\"https:\/\/schema.org\",\"@graph\":[{\"@type\":\"WebPage\",\"@id\":\"https:\/\/oikon.hr\/hr\/kodeks-poslovne-etike\/\",\"url\":\"https:\/\/oikon.hr\/hr\/kodeks-poslovne-etike\/\",\"name\":\"Kodeks poslovne etike &#8211; Oikon d.o.o.\",\"isPartOf\":{\"@id\":\"https:\/\/oikon.hr\/#website\"},\"datePublished\":\"2019-05-24T12:59:09+00:00\",\"dateModified\":\"2024-02-27T10:11:57+00:00\",\"description\":\"Oikon je potpisnik Kodeksa poslovne etike Hrvatske gospodarske komore kojim su utvr\u0111ene osnovne smjernice eti\u010dkoga pona\u0161anja poslovnih subjekata u okviru\",\"breadcrumb\":{\"@id\":\"https:\/\/oikon.hr\/hr\/kodeks-poslovne-etike\/#breadcrumb\"},\"inLanguage\":\"hr-HR\",\"potentialAction\":[{\"@type\":\"ReadAction\",\"target\":[\"https:\/\/oikon.hr\/hr\/kodeks-poslovne-etike\/\"]}]},{\"@type\":\"BreadcrumbList\",\"@id\":\"https:\/\/oikon.hr\/hr\/kodeks-poslovne-etike\/#breadcrumb\",\"itemListElement\":[{\"@type\":\"ListItem\",\"position\":1,\"name\":\"\",\"item\":\"https:\/\/oikon.hr\/hr\/\"},{\"@type\":\"ListItem\",\"position\":2,\"name\":\"Kodeks poslovne etike\"}]},{\"@type\":\"WebSite\",\"@id\":\"https:\/\/oikon.hr\/#website\",\"url\":\"https:\/\/oikon.hr\/\",\"name\":\"Oikon d.o.o.\",\"description\":\"Institut za primijenjenu ekologiju\",\"publisher\":{\"@id\":\"https:\/\/oikon.hr\/#organization\"},\"alternateName\":\"OIKON\",\"potentialAction\":[{\"@type\":\"SearchAction\",\"target\":{\"@type\":\"EntryPoint\",\"urlTemplate\":\"https:\/\/oikon.hr\/?s={search_term_string}\"},\"query-input\":{\"@type\":\"PropertyValueSpecification\",\"valueRequired\":true,\"valueName\":\"search_term_string\"}}],\"inLanguage\":\"hr-HR\"},{\"@type\":\"Organization\",\"@id\":\"https:\/\/oikon.hr\/#organization\",\"name\":\"Oikon d.o.o. - Institut za primijenjenu ekologiju\",\"alternateName\":\"OIKON\",\"url\":\"https:\/\/oikon.hr\/\",\"logo\":{\"@type\":\"ImageObject\",\"inLanguage\":\"hr-HR\",\"@id\":\"https:\/\/oikon.hr\/#\/schema\/logo\/image\/\",\"url\":\"https:\/\/oikon.hr\/cms\/wp-content\/uploads\/2021\/01\/OIKON_R_logo_transparent.png\",\"contentUrl\":\"https:\/\/oikon.hr\/cms\/wp-content\/uploads\/2021\/01\/OIKON_R_logo_transparent.png\",\"width\":1660,\"height\":541,\"caption\":\"Oikon d.o.o. - Institut za primijenjenu ekologiju\"},\"image\":{\"@id\":\"https:\/\/oikon.hr\/#\/schema\/logo\/image\/\"},\"sameAs\":[\"http:\/\/www.facebook.com\/OikonLtd\/\",\"https:\/\/x.com\/OikonLtd\",\"https:\/\/www.instagram.com\/oikon_ltd\/\",\"https:\/\/www.linkedin.com\/company\/oikon---institute-for-applied-technology\/\",\"https:\/\/www.youtube.com\/channel\/UCu_eJ0ct90AEN8D85KWcRHQ\"]}]}<\/script>\n<!-- \/ Yoast SEO plugin. -->","yoast_head_json":{"title":"Kodeks poslovne etike &#8211; Oikon d.o.o.","description":"Oikon je potpisnik Kodeksa poslovne etike Hrvatske gospodarske komore kojim su utvr\u0111ene osnovne smjernice eti\u010dkoga pona\u0161anja poslovnih subjekata u okviru","robots":{"index":"index","follow":"follow","max-snippet":"max-snippet:-1","max-image-preview":"max-image-preview:large","max-video-preview":"max-video-preview:-1"},"canonical":"https:\/\/oikon.hr\/hr\/kodeks-poslovne-etike\/","og_locale":"hr_HR","og_type":"article","og_title":"Kodeks poslovne etike &#8211; Oikon d.o.o.","og_description":"Oikon je potpisnik Kodeksa poslovne etike Hrvatske gospodarske komore kojim su utvr\u0111ene osnovne smjernice eti\u010dkoga pona\u0161anja poslovnih subjekata u okviru","og_url":"https:\/\/oikon.hr\/hr\/kodeks-poslovne-etike\/","og_site_name":"Oikon d.o.o.","article_publisher":"http:\/\/www.facebook.com\/OikonLtd\/","article_modified_time":"2024-02-27T10:11:57+00:00","twitter_card":"summary_large_image","twitter_site":"@OikonLtd","schema":{"@context":"https:\/\/schema.org","@graph":[{"@type":"WebPage","@id":"https:\/\/oikon.hr\/hr\/kodeks-poslovne-etike\/","url":"https:\/\/oikon.hr\/hr\/kodeks-poslovne-etike\/","name":"Kodeks poslovne etike &#8211; Oikon d.o.o.","isPartOf":{"@id":"https:\/\/oikon.hr\/#website"},"datePublished":"2019-05-24T12:59:09+00:00","dateModified":"2024-02-27T10:11:57+00:00","description":"Oikon je potpisnik Kodeksa poslovne etike Hrvatske gospodarske komore kojim su utvr\u0111ene osnovne smjernice eti\u010dkoga pona\u0161anja poslovnih subjekata u okviru","breadcrumb":{"@id":"https:\/\/oikon.hr\/hr\/kodeks-poslovne-etike\/#breadcrumb"},"inLanguage":"hr-HR","potentialAction":[{"@type":"ReadAction","target":["https:\/\/oikon.hr\/hr\/kodeks-poslovne-etike\/"]}]},{"@type":"BreadcrumbList","@id":"https:\/\/oikon.hr\/hr\/kodeks-poslovne-etike\/#breadcrumb","itemListElement":[{"@type":"ListItem","position":1,"name":"","item":"https:\/\/oikon.hr\/hr\/"},{"@type":"ListItem","position":2,"name":"Kodeks poslovne etike"}]},{"@type":"WebSite","@id":"https:\/\/oikon.hr\/#website","url":"https:\/\/oikon.hr\/","name":"Oikon d.o.o.","description":"Institut za primijenjenu ekologiju","publisher":{"@id":"https:\/\/oikon.hr\/#organization"},"alternateName":"OIKON","potentialAction":[{"@type":"SearchAction","target":{"@type":"EntryPoint","urlTemplate":"https:\/\/oikon.hr\/?s={search_term_string}"},"query-input":{"@type":"PropertyValueSpecification","valueRequired":true,"valueName":"search_term_string"}}],"inLanguage":"hr-HR"},{"@type":"Organization","@id":"https:\/\/oikon.hr\/#organization","name":"Oikon d.o.o. - Institut za primijenjenu ekologiju","alternateName":"OIKON","url":"https:\/\/oikon.hr\/","logo":{"@type":"ImageObject","inLanguage":"hr-HR","@id":"https:\/\/oikon.hr\/#\/schema\/logo\/image\/","url":"https:\/\/oikon.hr\/cms\/wp-content\/uploads\/2021\/01\/OIKON_R_logo_transparent.png","contentUrl":"https:\/\/oikon.hr\/cms\/wp-content\/uploads\/2021\/01\/OIKON_R_logo_transparent.png","width":1660,"height":541,"caption":"Oikon d.o.o. - Institut za primijenjenu ekologiju"},"image":{"@id":"https:\/\/oikon.hr\/#\/schema\/logo\/image\/"},"sameAs":["http:\/\/www.facebook.com\/OikonLtd\/","https:\/\/x.com\/OikonLtd","https:\/\/www.instagram.com\/oikon_ltd\/","https:\/\/www.linkedin.com\/company\/oikon---institute-for-applied-technology\/","https:\/\/www.youtube.com\/channel\/UCu_eJ0ct90AEN8D85KWcRHQ"]}]}},"_links":{"self":[{"href":"https:\/\/oikon.hr\/hr\/wp-json\/wp\/v2\/pages\/3397","targetHints":{"allow":["GET"]}}],"collection":[{"href":"https:\/\/oikon.hr\/hr\/wp-json\/wp\/v2\/pages"}],"about":[{"href":"https:\/\/oikon.hr\/hr\/wp-json\/wp\/v2\/types\/page"}],"author":[{"embeddable":true,"href":"https:\/\/oikon.hr\/hr\/wp-json\/wp\/v2\/users\/2"}],"replies":[{"embeddable":true,"href":"https:\/\/oikon.hr\/hr\/wp-json\/wp\/v2\/comments?post=3397"}],"version-history":[{"count":1,"href":"https:\/\/oikon.hr\/hr\/wp-json\/wp\/v2\/pages\/3397\/revisions"}],"predecessor-version":[{"id":10477,"href":"https:\/\/oikon.hr\/hr\/wp-json\/wp\/v2\/pages\/3397\/revisions\/10477"}],"wp:attachment":[{"href":"https:\/\/oikon.hr\/hr\/wp-json\/wp\/v2\/media?parent=3397"}],"curies":[{"name":"wp","href":"https:\/\/api.w.org\/{rel}","templated":true}]}}