{"id":4244,"date":"2020-01-15T14:49:07","date_gmt":"2020-01-15T13:49:07","guid":{"rendered":"https:\/\/oikon.hr\/laboratory-for-data-science\/"},"modified":"2024-09-03T14:07:32","modified_gmt":"2024-09-03T12:07:32","slug":"laboratory-for-data-science","status":"publish","type":"page","link":"https:\/\/oikon.hr\/hr\/laboratory-for-data-science\/","title":{"rendered":"Laboratorij za znanost o podacima"},"content":{"rendered":"\n<figure class=\"wp-block-image size-large is-resized\"><img loading=\"lazy\" decoding=\"async\" width=\"1024\" height=\"254\" src=\"https:\/\/oikon.hr\/cms\/wp-content\/uploads\/2020\/01\/ZNANOST-logo-text-ENG-1024x254.png\" alt=\"\" class=\"wp-image-4214\" style=\"width:500px\" srcset=\"https:\/\/oikon.hr\/cms\/wp-content\/uploads\/2020\/01\/ZNANOST-logo-text-ENG-1024x254.png 1024w, https:\/\/oikon.hr\/cms\/wp-content\/uploads\/2020\/01\/ZNANOST-logo-text-ENG-150x37.png 150w, https:\/\/oikon.hr\/cms\/wp-content\/uploads\/2020\/01\/ZNANOST-logo-text-ENG-300x75.png 300w, https:\/\/oikon.hr\/cms\/wp-content\/uploads\/2020\/01\/ZNANOST-logo-text-ENG-768x191.png 768w, https:\/\/oikon.hr\/cms\/wp-content\/uploads\/2020\/01\/ZNANOST-logo-text-ENG.png 2000w\" sizes=\"auto, (max-width: 1024px) 100vw, 1024px\" \/><\/figure>\n\n\n\n<p>Imaju\u0107i na umu da je u proteklom desetlje\u0107u prikupljeno vi\u0161e podataka nego u cijeloj dotada\u0161njoj ljudskoj povijesti, u sije\u010dnju 2020. Oikon je osnovao Laboratorij za znanost o podacima koji se bavi metodama dohvata, transformacije i obrade raznorodnih podataka.<\/p>\n\n\n\n<p>Podaci uklju\u010duju: rezultate mjerenja instrumenata ili procjena: brojeve, tekstove, slike i filmove.<\/p>\n\n\n\n<p>Metode uklju\u010duju: statisti\u010dke obrade, matemati\u010dko modeliranje, umjetnu inteligenciju, &nbsp;strojno u\u010denje i ostale tehnologije obrade velikih koli\u010dina podataka.<\/p>\n\n\n\n<p>Tako\u0111er, laboratorij organizira i odr\u017eava podu\u010davanja suradnika o metodama obrade podataka i modeliranju.<\/p>\n\n\n\n<p>Cilj je omogu\u0107iti intuitivniju interakciju izme\u0111u klijenata i tvrtke.<\/p>\n","protected":false},"excerpt":{"rendered":"<p>Imaju\u0107i na umu da je u proteklom desetlje\u0107u prikupljeno vi\u0161e podataka nego u cijeloj dotada\u0161njoj ljudskoj povijesti, u sije\u010dnju 2020. Oikon je osnovao Laboratorij za znanost o podacima koji se bavi metodama dohvata, transformacije i obrade raznorodnih podataka. Podaci uklju\u010duju: rezultate mjerenja instrumenata ili procjena: brojeve, tekstove, slike i filmove. Metode uklju\u010duju: statisti\u010dke obrade, matemati\u010dko &hellip; <a href=\"https:\/\/oikon.hr\/hr\/laboratory-for-data-science\/\">Saznajte vi\u0161e<\/a><\/p>\n","protected":false},"author":2,"featured_media":0,"parent":0,"menu_order":0,"comment_status":"closed","ping_status":"closed","template":"","meta":{"_acf_changed":false,"footnotes":""},"class_list":["post-4244","page","type-page","status-publish","hentry"],"acf":[],"yoast_head":"<!-- This site is optimized with the Yoast SEO plugin v27.0 - https:\/\/yoast.com\/product\/yoast-seo-wordpress\/ -->\n<title>Laboratorij za znanost o podacima &#8211; Oikon d.o.o.<\/title>\n<meta name=\"description\" content=\"Imaju\u0107i na umu da je u proteklom desetlje\u0107u prikupljeno vi\u0161e podataka nego u cijeloj dotada\u0161njoj ljudskoj povijesti, u sije\u010dnju 2020. Oikon je osnovao\" \/>\n<meta name=\"robots\" content=\"index, follow, max-snippet:-1, max-image-preview:large, max-video-preview:-1\" \/>\n<link rel=\"canonical\" href=\"https:\/\/oikon.hr\/hr\/laboratory-for-data-science\/\" \/>\n<meta property=\"og:locale\" content=\"hr_HR\" \/>\n<meta property=\"og:type\" content=\"article\" \/>\n<meta property=\"og:title\" content=\"Laboratorij za znanost o podacima &#8211; Oikon d.o.o.\" \/>\n<meta property=\"og:description\" content=\"Imaju\u0107i na umu da je u proteklom desetlje\u0107u prikupljeno vi\u0161e podataka nego u cijeloj dotada\u0161njoj ljudskoj povijesti, u sije\u010dnju 2020. Oikon je osnovao\" \/>\n<meta property=\"og:url\" content=\"https:\/\/oikon.hr\/hr\/laboratory-for-data-science\/\" \/>\n<meta property=\"og:site_name\" content=\"Oikon d.o.o.\" \/>\n<meta property=\"article:publisher\" content=\"http:\/\/www.facebook.com\/OikonLtd\/\" \/>\n<meta property=\"article:modified_time\" content=\"2024-09-03T12:07:32+00:00\" \/>\n<meta property=\"og:image\" content=\"https:\/\/oikon.hr\/cms\/wp-content\/uploads\/2020\/01\/ZNANOST-logo-text-ENG-1024x254.png\" \/>\n<meta name=\"twitter:card\" content=\"summary_large_image\" \/>\n<meta name=\"twitter:site\" content=\"@OikonLtd\" \/>\n<meta name=\"twitter:label1\" content=\"Est. reading time\" \/>\n\t<meta name=\"twitter:data1\" content=\"1 minute\" \/>\n<script type=\"application\/ld+json\" class=\"yoast-schema-graph\">{\"@context\":\"https:\/\/schema.org\",\"@graph\":[{\"@type\":\"WebPage\",\"@id\":\"https:\/\/oikon.hr\/hr\/laboratory-for-data-science\/\",\"url\":\"https:\/\/oikon.hr\/hr\/laboratory-for-data-science\/\",\"name\":\"Laboratorij za znanost o podacima &#8211; Oikon d.o.o.\",\"isPartOf\":{\"@id\":\"https:\/\/oikon.hr\/#website\"},\"primaryImageOfPage\":{\"@id\":\"https:\/\/oikon.hr\/hr\/laboratory-for-data-science\/#primaryimage\"},\"image\":{\"@id\":\"https:\/\/oikon.hr\/hr\/laboratory-for-data-science\/#primaryimage\"},\"thumbnailUrl\":\"https:\/\/oikon.hr\/cms\/wp-content\/uploads\/2020\/01\/ZNANOST-logo-text-ENG-1024x254.png\",\"datePublished\":\"2020-01-15T13:49:07+00:00\",\"dateModified\":\"2024-09-03T12:07:32+00:00\",\"description\":\"Imaju\u0107i na umu da je u proteklom desetlje\u0107u prikupljeno vi\u0161e podataka nego u cijeloj dotada\u0161njoj ljudskoj povijesti, u sije\u010dnju 2020. Oikon je osnovao\",\"breadcrumb\":{\"@id\":\"https:\/\/oikon.hr\/hr\/laboratory-for-data-science\/#breadcrumb\"},\"inLanguage\":\"hr-HR\",\"potentialAction\":[{\"@type\":\"ReadAction\",\"target\":[\"https:\/\/oikon.hr\/hr\/laboratory-for-data-science\/\"]}]},{\"@type\":\"ImageObject\",\"inLanguage\":\"hr-HR\",\"@id\":\"https:\/\/oikon.hr\/hr\/laboratory-for-data-science\/#primaryimage\",\"url\":\"https:\/\/oikon.hr\/cms\/wp-content\/uploads\/2020\/01\/ZNANOST-logo-text-ENG-1024x254.png\",\"contentUrl\":\"https:\/\/oikon.hr\/cms\/wp-content\/uploads\/2020\/01\/ZNANOST-logo-text-ENG-1024x254.png\"},{\"@type\":\"BreadcrumbList\",\"@id\":\"https:\/\/oikon.hr\/hr\/laboratory-for-data-science\/#breadcrumb\",\"itemListElement\":[{\"@type\":\"ListItem\",\"position\":1,\"name\":\"\",\"item\":\"https:\/\/oikon.hr\/hr\/\"},{\"@type\":\"ListItem\",\"position\":2,\"name\":\"Laboratorij za znanost o podacima\"}]},{\"@type\":\"WebSite\",\"@id\":\"https:\/\/oikon.hr\/#website\",\"url\":\"https:\/\/oikon.hr\/\",\"name\":\"Oikon d.o.o.\",\"description\":\"Institut za primijenjenu ekologiju\",\"publisher\":{\"@id\":\"https:\/\/oikon.hr\/#organization\"},\"alternateName\":\"OIKON\",\"potentialAction\":[{\"@type\":\"SearchAction\",\"target\":{\"@type\":\"EntryPoint\",\"urlTemplate\":\"https:\/\/oikon.hr\/?s={search_term_string}\"},\"query-input\":{\"@type\":\"PropertyValueSpecification\",\"valueRequired\":true,\"valueName\":\"search_term_string\"}}],\"inLanguage\":\"hr-HR\"},{\"@type\":\"Organization\",\"@id\":\"https:\/\/oikon.hr\/#organization\",\"name\":\"Oikon d.o.o. - Institut za primijenjenu ekologiju\",\"alternateName\":\"OIKON\",\"url\":\"https:\/\/oikon.hr\/\",\"logo\":{\"@type\":\"ImageObject\",\"inLanguage\":\"hr-HR\",\"@id\":\"https:\/\/oikon.hr\/#\/schema\/logo\/image\/\",\"url\":\"https:\/\/oikon.hr\/cms\/wp-content\/uploads\/2021\/01\/OIKON_R_logo_transparent.png\",\"contentUrl\":\"https:\/\/oikon.hr\/cms\/wp-content\/uploads\/2021\/01\/OIKON_R_logo_transparent.png\",\"width\":1660,\"height\":541,\"caption\":\"Oikon d.o.o. - Institut za primijenjenu ekologiju\"},\"image\":{\"@id\":\"https:\/\/oikon.hr\/#\/schema\/logo\/image\/\"},\"sameAs\":[\"http:\/\/www.facebook.com\/OikonLtd\/\",\"https:\/\/x.com\/OikonLtd\",\"https:\/\/www.instagram.com\/oikon_ltd\/\",\"https:\/\/www.linkedin.com\/company\/oikon---institute-for-applied-technology\/\",\"https:\/\/www.youtube.com\/channel\/UCu_eJ0ct90AEN8D85KWcRHQ\"]}]}<\/script>\n<!-- \/ Yoast SEO plugin. -->","yoast_head_json":{"title":"Laboratorij za znanost o podacima &#8211; Oikon d.o.o.","description":"Imaju\u0107i na umu da je u proteklom desetlje\u0107u prikupljeno vi\u0161e podataka nego u cijeloj dotada\u0161njoj ljudskoj povijesti, u sije\u010dnju 2020. Oikon je osnovao","robots":{"index":"index","follow":"follow","max-snippet":"max-snippet:-1","max-image-preview":"max-image-preview:large","max-video-preview":"max-video-preview:-1"},"canonical":"https:\/\/oikon.hr\/hr\/laboratory-for-data-science\/","og_locale":"hr_HR","og_type":"article","og_title":"Laboratorij za znanost o podacima &#8211; Oikon d.o.o.","og_description":"Imaju\u0107i na umu da je u proteklom desetlje\u0107u prikupljeno vi\u0161e podataka nego u cijeloj dotada\u0161njoj ljudskoj povijesti, u sije\u010dnju 2020. Oikon je osnovao","og_url":"https:\/\/oikon.hr\/hr\/laboratory-for-data-science\/","og_site_name":"Oikon d.o.o.","article_publisher":"http:\/\/www.facebook.com\/OikonLtd\/","article_modified_time":"2024-09-03T12:07:32+00:00","og_image":[{"url":"https:\/\/oikon.hr\/cms\/wp-content\/uploads\/2020\/01\/ZNANOST-logo-text-ENG-1024x254.png","type":"","width":"","height":""}],"twitter_card":"summary_large_image","twitter_site":"@OikonLtd","twitter_misc":{"Est. reading time":"1 minute"},"schema":{"@context":"https:\/\/schema.org","@graph":[{"@type":"WebPage","@id":"https:\/\/oikon.hr\/hr\/laboratory-for-data-science\/","url":"https:\/\/oikon.hr\/hr\/laboratory-for-data-science\/","name":"Laboratorij za znanost o podacima &#8211; Oikon d.o.o.","isPartOf":{"@id":"https:\/\/oikon.hr\/#website"},"primaryImageOfPage":{"@id":"https:\/\/oikon.hr\/hr\/laboratory-for-data-science\/#primaryimage"},"image":{"@id":"https:\/\/oikon.hr\/hr\/laboratory-for-data-science\/#primaryimage"},"thumbnailUrl":"https:\/\/oikon.hr\/cms\/wp-content\/uploads\/2020\/01\/ZNANOST-logo-text-ENG-1024x254.png","datePublished":"2020-01-15T13:49:07+00:00","dateModified":"2024-09-03T12:07:32+00:00","description":"Imaju\u0107i na umu da je u proteklom desetlje\u0107u prikupljeno vi\u0161e podataka nego u cijeloj dotada\u0161njoj ljudskoj povijesti, u sije\u010dnju 2020. Oikon je osnovao","breadcrumb":{"@id":"https:\/\/oikon.hr\/hr\/laboratory-for-data-science\/#breadcrumb"},"inLanguage":"hr-HR","potentialAction":[{"@type":"ReadAction","target":["https:\/\/oikon.hr\/hr\/laboratory-for-data-science\/"]}]},{"@type":"ImageObject","inLanguage":"hr-HR","@id":"https:\/\/oikon.hr\/hr\/laboratory-for-data-science\/#primaryimage","url":"https:\/\/oikon.hr\/cms\/wp-content\/uploads\/2020\/01\/ZNANOST-logo-text-ENG-1024x254.png","contentUrl":"https:\/\/oikon.hr\/cms\/wp-content\/uploads\/2020\/01\/ZNANOST-logo-text-ENG-1024x254.png"},{"@type":"BreadcrumbList","@id":"https:\/\/oikon.hr\/hr\/laboratory-for-data-science\/#breadcrumb","itemListElement":[{"@type":"ListItem","position":1,"name":"","item":"https:\/\/oikon.hr\/hr\/"},{"@type":"ListItem","position":2,"name":"Laboratorij za znanost o podacima"}]},{"@type":"WebSite","@id":"https:\/\/oikon.hr\/#website","url":"https:\/\/oikon.hr\/","name":"Oikon d.o.o.","description":"Institut za primijenjenu ekologiju","publisher":{"@id":"https:\/\/oikon.hr\/#organization"},"alternateName":"OIKON","potentialAction":[{"@type":"SearchAction","target":{"@type":"EntryPoint","urlTemplate":"https:\/\/oikon.hr\/?s={search_term_string}"},"query-input":{"@type":"PropertyValueSpecification","valueRequired":true,"valueName":"search_term_string"}}],"inLanguage":"hr-HR"},{"@type":"Organization","@id":"https:\/\/oikon.hr\/#organization","name":"Oikon d.o.o. - Institut za primijenjenu ekologiju","alternateName":"OIKON","url":"https:\/\/oikon.hr\/","logo":{"@type":"ImageObject","inLanguage":"hr-HR","@id":"https:\/\/oikon.hr\/#\/schema\/logo\/image\/","url":"https:\/\/oikon.hr\/cms\/wp-content\/uploads\/2021\/01\/OIKON_R_logo_transparent.png","contentUrl":"https:\/\/oikon.hr\/cms\/wp-content\/uploads\/2021\/01\/OIKON_R_logo_transparent.png","width":1660,"height":541,"caption":"Oikon d.o.o. - Institut za primijenjenu ekologiju"},"image":{"@id":"https:\/\/oikon.hr\/#\/schema\/logo\/image\/"},"sameAs":["http:\/\/www.facebook.com\/OikonLtd\/","https:\/\/x.com\/OikonLtd","https:\/\/www.instagram.com\/oikon_ltd\/","https:\/\/www.linkedin.com\/company\/oikon---institute-for-applied-technology\/","https:\/\/www.youtube.com\/channel\/UCu_eJ0ct90AEN8D85KWcRHQ"]}]}},"_links":{"self":[{"href":"https:\/\/oikon.hr\/hr\/wp-json\/wp\/v2\/pages\/4244","targetHints":{"allow":["GET"]}}],"collection":[{"href":"https:\/\/oikon.hr\/hr\/wp-json\/wp\/v2\/pages"}],"about":[{"href":"https:\/\/oikon.hr\/hr\/wp-json\/wp\/v2\/types\/page"}],"author":[{"embeddable":true,"href":"https:\/\/oikon.hr\/hr\/wp-json\/wp\/v2\/users\/2"}],"replies":[{"embeddable":true,"href":"https:\/\/oikon.hr\/hr\/wp-json\/wp\/v2\/comments?post=4244"}],"version-history":[{"count":2,"href":"https:\/\/oikon.hr\/hr\/wp-json\/wp\/v2\/pages\/4244\/revisions"}],"predecessor-version":[{"id":11288,"href":"https:\/\/oikon.hr\/hr\/wp-json\/wp\/v2\/pages\/4244\/revisions\/11288"}],"wp:attachment":[{"href":"https:\/\/oikon.hr\/hr\/wp-json\/wp\/v2\/media?parent=4244"}],"curies":[{"name":"wp","href":"https:\/\/api.w.org\/{rel}","templated":true}]}}