{"id":6474,"date":"2021-08-16T09:14:46","date_gmt":"2021-08-16T07:14:46","guid":{"rendered":"https:\/\/oikon.hr\/?page_id=6474"},"modified":"2024-10-18T11:33:20","modified_gmt":"2024-10-18T09:33:20","slug":"rad-u-oikonu","status":"publish","type":"page","link":"https:\/\/oikon.hr\/hr\/zaposljavanje\/rad-u-oikonu\/","title":{"rendered":"Rad u Oikonu"},"content":{"rendered":"<section style=\"background-color:#1e664d; padding-top:0;padding-bottom:0;padding-left:0;padding-right:0;\" class=\"align wp-block-acf-herosegment has-text-color has-white-color has-background\" >\n<figure>\n<img decoding=\"async\" style=\"opacity:0.1;\" src=\"https:\/\/oikon.hr\/cms\/wp-content\/uploads\/2023\/08\/Picture14.jpg\" \/>\n<\/figure>\n<div class=\"headerWrap\">\n<div class=\"header\">\n<h1>Rad u Oikonu<\/h1>\n<\/div><!--\/.header-->\n<\/div><!--\/.headerWrap-->\n<\/section>\n\n\n<div style=\"height:30px\" aria-hidden=\"true\" class=\"wp-block-spacer\"><\/div>\n\n\n<style>\nsection[class*=\"fotkalijevotekstdesno\"] {\n    width: 1600px;\n    margin: 0 auto;\n    max-width: 100%;\n}\n<\/style>\n<section class=\"align wp-block-acf-fotkalijevotekstdesno\" >\n<div class=\"row justify-content-center\">\n<div class=\"col-lg-6 col-md-6 col-12 outer fotka\">\n<div class=\"innerWrap\">\n<figure><img decoding=\"async\" src=\"https:\/\/oikon.hr\/cms\/wp-content\/uploads\/2023\/11\/20210709_100403-e1700228383324.jpg\" \/><\/figure>\n<\/div><!--\/.innerWrap-->\n<\/div><!--\/.outer-->\n<div class=\"col-lg-6 col-md-6 col-12 outer tekst\">\n<div class=\"innerWrap\">\n<div class=\"tekstWrap\">\n<h2><!-- wp:list --><\/h2>\n<h3>ZAPOSLI SE KOD NAS<\/h3>\n<h5>Postani dio OIKON tima<\/h5>\n<ul>\n<li>U Oikonu zapo\u0161ljavamo stru\u010dnjake koji pokrivaju mnoga strukovna podru\u010dja \u010dime posti\u017eemo <strong>interdisciplinaran pristup<\/strong> pronalasku optimalnih rje\u0161enja.<!-- \/wp:list-item --> <!-- wp:list-item --><\/li>\n<li>Svojim djelovanjem <strong>doprinosimo provedbi ciljeva odr\u017eivog razvoja<\/strong>, ambicioznih i prakti\u010dnih ciljeva UN-a za postizanje prosperitetnog, pravednog i okoli\u0161no odr\u017eivog svijeta do 2030. godine.<\/li>\n<li>Vjerujemo i poti\u010demo <strong>uspjeh temeljen na znanju i izvrsnosti <\/strong>na\u0161ih zaposlenika, a ulo\u017eene napore, doprinose i postignu\u0107a prepoznajemo i nagra\u0111ujemo.<\/li>\n<li>U na\u0161oj se radnoj sredini radi <strong>marljivo, timski, s veseljem i usmjereno ka rezultatima<\/strong>, po\u0161tuju\u0107i pritom va\u017ee\u0107e zakone, sporazume i preporuke iz na\u0161eg podru\u010dja.<\/li>\n<li>Na\u0161i stru\u010dnjaci koriste <strong>modernu, vrhunsku, profesionalnu i specijaliziranu opremu<\/strong>, hardver i softver, \u010dime mogu odraditi zahtjevna istra\u017eivanja te pru\u017eiti visokostru\u010dne usluge.<\/li>\n<li>Kontinuirano ula\u017eemo u formalne i neformalne <strong>edukacije zaposlenika<\/strong>, kao \u0161to su sudjelovanja na konferencijama, te\u010dajevima, ljetnim \u0161kolama.<\/li>\n<li>Kao institut, poti\u010demo zaposlenike i poma\u017eemo im u <strong>znanstvenom radu<\/strong> i radu na doktorskim studijima.<\/li>\n<li>Progla\u0161eni smo finalistima natje\u010daja 24 sata i partnera <a style=\"background-color: #ffffff;\" href=\"https:\/\/oikon.hr\/hr\/oikon-among-the-best-employers\/\" target=\"_blank\" rel=\"noreferrer noopener\">\u201e<strong>Poslodavac za 5<\/strong>\u201c<\/a>.<\/li>\n<\/ul>\n<\/div><!--\/.tekstWrap-->\n<\/div><!--\/.innerWrap-->\n<\/div><!--\/.outer-->\n<\/div><!--\/.row-->\n<\/section>\n\n\n<div style=\"height:150px\" aria-hidden=\"true\" class=\"wp-block-spacer\"><\/div>\n\n\n<style>\nsection[class*=\"tristupcasfotkama\"] {\n    width: 1200px;\n    margin: 0 auto;\n    max-width: 100%;\n}\n<\/style>\n<section style=\"padding-top:var(--wp--preset--spacing--50);padding-bottom:var(--wp--preset--spacing--50);\" class=\"align wp-block-acf-tristupcasfotkama\" >\n<div class=\"row justify-content-center\">\n<div class=\"col-lg-4 col-md-6 col-12 outer\">\n<div class=\"innerWrap\">\n<div class=\"fotka\">\n<img decoding=\"async\" src=\"https:\/\/oikon.hr\/cms\/wp-content\/uploads\/2023\/11\/Oikon_teren_2-e1700226487543-500x500.jpg\" \/>\n<\/div><!--\/.fotka-->\n<div class=\"naslov\">\n<h3>Kako je raditi u Oikonu?<\/h3>\n<\/div><!--\/.naslov-->\n<div class=\"opis\">\nMo\u017eete saznati iz objava na dru\u0161tvenim mre\u017eama.<\/div><!--\/.opis-->\n<div class=\"tipkaWrap\">\n<a class=\"tipke\" href=\"https:\/\/www.facebook.com\/OikonLtd\">\nProvjeri<\/a>\n<\/div><!--\/.tipkaWrap-->\n<\/div><!--\/.innerWrap-->\n<\/div><!--\/.outer-->\n<div class=\"col-lg-4 col-md-6 col-12 outer\">\n<div class=\"innerWrap\">\n<div class=\"fotka\">\n<img decoding=\"async\" src=\"https:\/\/oikon.hr\/cms\/wp-content\/uploads\/2023\/11\/Oikon_multispektralna-kamera_teren-e1700225881229.jpg\" \/>\n<\/div><!--\/.fotka-->\n<div class=\"naslov\">\n<h3>Otvorena radna mjesta<\/h3>\n<\/div><!--\/.naslov-->\n<div class=\"opis\">\nSaznajte odgovarate li vi profilu zaposlenika koje tra\u017eimo.<\/div><!--\/.opis-->\n<div class=\"tipkaWrap\">\n<a class=\"tipke\" href=\"https:\/\/oikon.hr\/hr\/zaposljavanje\/otvorena-radna-mjesta\/\">\nProvjeri<\/a>\n<\/div><!--\/.tipkaWrap-->\n<\/div><!--\/.innerWrap-->\n<\/div><!--\/.outer-->\n<div class=\"col-lg-4 col-md-6 col-12 outer\">\n<div class=\"innerWrap\">\n<div class=\"fotka\">\n<img decoding=\"async\" src=\"https:\/\/oikon.hr\/cms\/wp-content\/uploads\/2023\/11\/Oikon_rad-u-GISu_23_square-500x500.jpg\" \/>\n<\/div><!--\/.fotka-->\n<div class=\"naslov\">\n<h3>Prijavite se za posao<\/h3>\n<\/div><!--\/.naslov-->\n<div class=\"opis\">\nUvijek primamo otvorene molbe za posao i rado \u0107emo Vas upoznati. \ud83d\ude42<\/div><!--\/.opis-->\n<div class=\"tipkaWrap\">\n<a class=\"tipke\" href=\"https:\/\/oikon.hr\/hr\/zaposljavanje\/prijava-za-posao\/\">\nPrijava<\/a>\n<\/div><!--\/.tipkaWrap-->\n<\/div><!--\/.innerWrap-->\n<\/div><!--\/.outer-->\n<\/div><!--\/.row-->\n<\/section>\n\n\n<p class=\"has-text-align-center\">Prijave primamo u Europass formatu. Predlo\u017eak preuzmite <a href=\"https:\/\/www.eea.europa.eu\/about-us\/jobs\/application-documents\/europass_cv_template.doc\"><span style=\"text-decoration: underline;\">ovdje<\/span><\/a>.<\/p>\n\n\n\n<div style=\"height:100px\" aria-hidden=\"true\" class=\"wp-block-spacer\"><\/div>\n\n\n<style>\nsection[class*=\"sliderlijevotekstdesno\"] {\n    width: 1600px;\n    margin: 0 auto;\n    max-width: 100%;\n}\n<\/style>\n<section style=\"padding-top:50px;padding-bottom:50px;padding-left:50px;padding-right:50px;\" class=\"align wp-block-acf-sliderlijevotekstdesno has-background has-white-background-color\" >\n<div class=\"row\">\n<div class=\"col-lg-6 col-md-6 col-12 outer slider\">\n    <div class=\"innerWrap\">\n    <div class=\"swiper sliderFotografija\">\n  <div class=\"swiper-wrapper\">\n<div class=\"singleSlide swiper-slide\">\n<div class=\"sliderContent\">\n<figure data-swiper-parallax=\"-900\">\n    <img decoding=\"async\" src=\"https:\/\/oikon.hr\/cms\/wp-content\/uploads\/2023\/11\/Teren_2.jpg\">\n<\/figure>\n<\/div><!--\/.sliderContent-->\n<\/div><!--\/.singleSlide--> \n <div class=\"singleSlide swiper-slide\">\n<div class=\"sliderContent\">\n<figure data-swiper-parallax=\"-900\">\n    <img decoding=\"async\" src=\"https:\/\/oikon.hr\/cms\/wp-content\/uploads\/2023\/11\/Teren_3-2.jpg\">\n<\/figure>\n<\/div><!--\/.sliderContent-->\n<\/div><!--\/.singleSlide--> \n <div class=\"singleSlide swiper-slide\">\n<div class=\"sliderContent\">\n<figure data-swiper-parallax=\"-900\">\n    <img decoding=\"async\" src=\"https:\/\/oikon.hr\/cms\/wp-content\/uploads\/2023\/11\/Teren_voda.jpg\">\n<\/figure>\n<\/div><!--\/.sliderContent-->\n<\/div><!--\/.singleSlide--> \n  <\/div><!--\/.swiper-wrapper-->\n<\/div>\n    <\/div><!--\/.innerWrap-->\n<\/div><!--\/.outer-->\n<div class=\"col-lg-6 col-md-6 col-12 outer tekst\">\n    <div class=\"innerWrap\">\n        <div class=\"naslov\">\n            <h2>TERENSKA ISTRA\u017dIVANJA<\/h2>\n        <\/div><!--\/.naslov-->\n        <div class=\"opis\">\n            Zanima li vas kako izgledaju terenska istra\u017eivanja biologa\/ekologa?\u00a0Biste li \u017eeljeli biti dio na\u0161e ekipe na terenu i iskusiti kako izgleda biologija u praksi?\u00a0Ako je odgovor da, onda ste na pravom mjestu jer Oikon najboljim kandidatima sada pru\u017ea tu priliku!\r\n\r\nNudimo 1-2 dana terenskih istra\u017eivanja\u00a0na projektima prema dogovoru na kojima se trenutno radi u Hrvatskoj, uklju\u010duju\u0107i prakti\u010dan rad i edukaciju, a uvjet je da studirate ili ste zavr\u0161ili Prirodoslovno-matemati\u010dki fakultet \u2013 Biolo\u0161ki odsjek, \u0160umarski fakultet ili Agronomski fakultet.\r\n\r\nSve \u0161to trebate u\u010diniti kako bismo vas odabrali jest popuniti formular\u00a0s naznakom\u00a0\u201eTerenska istra\u017eivanja\u201c i uvjeriti nas za\u0161to ste ba\u0161 vi prava osoba za sudjelovanje u terenskim istra\u017eivanjima zajedno s Oikonovim stru\u010dnjacima. To mo\u017eete u\u010diniti na na\u010din koji sami odaberete \u2013motivacijskim pismom, fotografijom, videom\u2026 Svakako prilo\u017eite i svoj\u00a0\u017eivotopis u Europass formatu. \r\n\r\nNekoliko puta godi\u0161nje, ovisno o planiranim terenima, na\u0161 tim stru\u010dnjaka prou\u010dit \u0107e prijave kandidata te odabrati dvije osobe koje \u0107e pozvati da im se pridru\u017ee u terenskim istra\u017eivanjima. Oikon pokriva sve putne tro\u0161kove unutar Republike Hrvatske.\r\n\r\nVeselimo se va\u0161im prijavama! \ud83d\ude42        <\/div><!--\/.opis-->\n        <div class=\"tipkaWrap\">\n            <a class=\"tipke\" href=\"https:\/\/oikon.hr\/hr\/zaposljavanje\/prijava-za-posao\/\">PRIJAVA<\/a>\n        <\/div><!--\/.tipkaWrap-->\n    <\/div><!--\/.innerWrap-->\n<\/div><!--\/.outer-->\n<\/div><!--\/.row-->\n<\/section>","protected":false},"excerpt":{"rendered":"<p>Prijave primamo u Europass formatu. Predlo\u017eak preuzmite ovdje.<\/p>\n","protected":false},"author":2,"featured_media":0,"parent":2086,"menu_order":0,"comment_status":"closed","ping_status":"closed","template":"template-gutenberg.php","meta":{"_acf_changed":false,"footnotes":""},"class_list":["post-6474","page","type-page","status-publish","hentry"],"acf":[],"yoast_head":"<!-- This site is optimized with the Yoast SEO plugin v27.0 - https:\/\/yoast.com\/product\/yoast-seo-wordpress\/ -->\n<title>Rad u Oikonu &#8211; Oikon d.o.o.<\/title>\n<meta name=\"description\" content=\"Prijave primamo u Europass formatu. Predlo\u017eak preuzmite ovdje.\" \/>\n<meta name=\"robots\" content=\"index, follow, max-snippet:-1, max-image-preview:large, max-video-preview:-1\" \/>\n<link rel=\"canonical\" href=\"https:\/\/oikon.hr\/hr\/zaposljavanje\/rad-u-oikonu\/\" \/>\n<meta property=\"og:locale\" content=\"hr_HR\" \/>\n<meta property=\"og:type\" content=\"article\" \/>\n<meta property=\"og:title\" content=\"Rad u Oikonu &#8211; Oikon d.o.o.\" \/>\n<meta property=\"og:description\" content=\"Prijave primamo u Europass formatu. Predlo\u017eak preuzmite ovdje.\" \/>\n<meta property=\"og:url\" content=\"https:\/\/oikon.hr\/hr\/zaposljavanje\/rad-u-oikonu\/\" \/>\n<meta property=\"og:site_name\" content=\"Oikon d.o.o.\" \/>\n<meta property=\"article:publisher\" content=\"http:\/\/www.facebook.com\/OikonLtd\/\" \/>\n<meta property=\"article:modified_time\" content=\"2024-10-18T09:33:20+00:00\" \/>\n<meta name=\"twitter:card\" content=\"summary_large_image\" \/>\n<meta name=\"twitter:site\" content=\"@OikonLtd\" \/>\n<meta name=\"twitter:label1\" content=\"Est. reading time\" \/>\n\t<meta name=\"twitter:data1\" content=\"1 minute\" \/>\n<script type=\"application\/ld+json\" class=\"yoast-schema-graph\">{\"@context\":\"https:\/\/schema.org\",\"@graph\":[{\"@type\":\"WebPage\",\"@id\":\"https:\/\/oikon.hr\/hr\/zaposljavanje\/rad-u-oikonu\/\",\"url\":\"https:\/\/oikon.hr\/hr\/zaposljavanje\/rad-u-oikonu\/\",\"name\":\"Rad u Oikonu &#8211; Oikon d.o.o.\",\"isPartOf\":{\"@id\":\"https:\/\/oikon.hr\/#website\"},\"datePublished\":\"2021-08-16T07:14:46+00:00\",\"dateModified\":\"2024-10-18T09:33:20+00:00\",\"description\":\"Prijave primamo u Europass formatu. Predlo\u017eak preuzmite ovdje.\",\"breadcrumb\":{\"@id\":\"https:\/\/oikon.hr\/hr\/zaposljavanje\/rad-u-oikonu\/#breadcrumb\"},\"inLanguage\":\"hr-HR\",\"potentialAction\":[{\"@type\":\"ReadAction\",\"target\":[\"https:\/\/oikon.hr\/hr\/zaposljavanje\/rad-u-oikonu\/\"]}]},{\"@type\":\"BreadcrumbList\",\"@id\":\"https:\/\/oikon.hr\/hr\/zaposljavanje\/rad-u-oikonu\/#breadcrumb\",\"itemListElement\":[{\"@type\":\"ListItem\",\"position\":1,\"name\":\"\",\"item\":\"https:\/\/oikon.hr\/hr\/\"},{\"@type\":\"ListItem\",\"position\":2,\"name\":\"ZAPO\u0160LJAVANJE\",\"item\":\"https:\/\/oikon.hr\/hr\/zaposljavanje\/\"},{\"@type\":\"ListItem\",\"position\":3,\"name\":\"Rad u Oikonu\"}]},{\"@type\":\"WebSite\",\"@id\":\"https:\/\/oikon.hr\/#website\",\"url\":\"https:\/\/oikon.hr\/\",\"name\":\"Oikon d.o.o.\",\"description\":\"Institut za primijenjenu ekologiju\",\"publisher\":{\"@id\":\"https:\/\/oikon.hr\/#organization\"},\"alternateName\":\"OIKON\",\"potentialAction\":[{\"@type\":\"SearchAction\",\"target\":{\"@type\":\"EntryPoint\",\"urlTemplate\":\"https:\/\/oikon.hr\/?s={search_term_string}\"},\"query-input\":{\"@type\":\"PropertyValueSpecification\",\"valueRequired\":true,\"valueName\":\"search_term_string\"}}],\"inLanguage\":\"hr-HR\"},{\"@type\":\"Organization\",\"@id\":\"https:\/\/oikon.hr\/#organization\",\"name\":\"Oikon d.o.o. - Institut za primijenjenu ekologiju\",\"alternateName\":\"OIKON\",\"url\":\"https:\/\/oikon.hr\/\",\"logo\":{\"@type\":\"ImageObject\",\"inLanguage\":\"hr-HR\",\"@id\":\"https:\/\/oikon.hr\/#\/schema\/logo\/image\/\",\"url\":\"https:\/\/oikon.hr\/cms\/wp-content\/uploads\/2021\/01\/OIKON_R_logo_transparent.png\",\"contentUrl\":\"https:\/\/oikon.hr\/cms\/wp-content\/uploads\/2021\/01\/OIKON_R_logo_transparent.png\",\"width\":1660,\"height\":541,\"caption\":\"Oikon d.o.o. - Institut za primijenjenu ekologiju\"},\"image\":{\"@id\":\"https:\/\/oikon.hr\/#\/schema\/logo\/image\/\"},\"sameAs\":[\"http:\/\/www.facebook.com\/OikonLtd\/\",\"https:\/\/x.com\/OikonLtd\",\"https:\/\/www.instagram.com\/oikon_ltd\/\",\"https:\/\/www.linkedin.com\/company\/oikon---institute-for-applied-technology\/\",\"https:\/\/www.youtube.com\/channel\/UCu_eJ0ct90AEN8D85KWcRHQ\"]}]}<\/script>\n<!-- \/ Yoast SEO plugin. -->","yoast_head_json":{"title":"Rad u Oikonu &#8211; Oikon d.o.o.","description":"Prijave primamo u Europass formatu. Predlo\u017eak preuzmite ovdje.","robots":{"index":"index","follow":"follow","max-snippet":"max-snippet:-1","max-image-preview":"max-image-preview:large","max-video-preview":"max-video-preview:-1"},"canonical":"https:\/\/oikon.hr\/hr\/zaposljavanje\/rad-u-oikonu\/","og_locale":"hr_HR","og_type":"article","og_title":"Rad u Oikonu &#8211; Oikon d.o.o.","og_description":"Prijave primamo u Europass formatu. Predlo\u017eak preuzmite ovdje.","og_url":"https:\/\/oikon.hr\/hr\/zaposljavanje\/rad-u-oikonu\/","og_site_name":"Oikon d.o.o.","article_publisher":"http:\/\/www.facebook.com\/OikonLtd\/","article_modified_time":"2024-10-18T09:33:20+00:00","twitter_card":"summary_large_image","twitter_site":"@OikonLtd","twitter_misc":{"Est. reading time":"1 minute"},"schema":{"@context":"https:\/\/schema.org","@graph":[{"@type":"WebPage","@id":"https:\/\/oikon.hr\/hr\/zaposljavanje\/rad-u-oikonu\/","url":"https:\/\/oikon.hr\/hr\/zaposljavanje\/rad-u-oikonu\/","name":"Rad u Oikonu &#8211; Oikon d.o.o.","isPartOf":{"@id":"https:\/\/oikon.hr\/#website"},"datePublished":"2021-08-16T07:14:46+00:00","dateModified":"2024-10-18T09:33:20+00:00","description":"Prijave primamo u Europass formatu. Predlo\u017eak preuzmite ovdje.","breadcrumb":{"@id":"https:\/\/oikon.hr\/hr\/zaposljavanje\/rad-u-oikonu\/#breadcrumb"},"inLanguage":"hr-HR","potentialAction":[{"@type":"ReadAction","target":["https:\/\/oikon.hr\/hr\/zaposljavanje\/rad-u-oikonu\/"]}]},{"@type":"BreadcrumbList","@id":"https:\/\/oikon.hr\/hr\/zaposljavanje\/rad-u-oikonu\/#breadcrumb","itemListElement":[{"@type":"ListItem","position":1,"name":"","item":"https:\/\/oikon.hr\/hr\/"},{"@type":"ListItem","position":2,"name":"ZAPO\u0160LJAVANJE","item":"https:\/\/oikon.hr\/hr\/zaposljavanje\/"},{"@type":"ListItem","position":3,"name":"Rad u Oikonu"}]},{"@type":"WebSite","@id":"https:\/\/oikon.hr\/#website","url":"https:\/\/oikon.hr\/","name":"Oikon d.o.o.","description":"Institut za primijenjenu ekologiju","publisher":{"@id":"https:\/\/oikon.hr\/#organization"},"alternateName":"OIKON","potentialAction":[{"@type":"SearchAction","target":{"@type":"EntryPoint","urlTemplate":"https:\/\/oikon.hr\/?s={search_term_string}"},"query-input":{"@type":"PropertyValueSpecification","valueRequired":true,"valueName":"search_term_string"}}],"inLanguage":"hr-HR"},{"@type":"Organization","@id":"https:\/\/oikon.hr\/#organization","name":"Oikon d.o.o. - Institut za primijenjenu ekologiju","alternateName":"OIKON","url":"https:\/\/oikon.hr\/","logo":{"@type":"ImageObject","inLanguage":"hr-HR","@id":"https:\/\/oikon.hr\/#\/schema\/logo\/image\/","url":"https:\/\/oikon.hr\/cms\/wp-content\/uploads\/2021\/01\/OIKON_R_logo_transparent.png","contentUrl":"https:\/\/oikon.hr\/cms\/wp-content\/uploads\/2021\/01\/OIKON_R_logo_transparent.png","width":1660,"height":541,"caption":"Oikon d.o.o. - Institut za primijenjenu ekologiju"},"image":{"@id":"https:\/\/oikon.hr\/#\/schema\/logo\/image\/"},"sameAs":["http:\/\/www.facebook.com\/OikonLtd\/","https:\/\/x.com\/OikonLtd","https:\/\/www.instagram.com\/oikon_ltd\/","https:\/\/www.linkedin.com\/company\/oikon---institute-for-applied-technology\/","https:\/\/www.youtube.com\/channel\/UCu_eJ0ct90AEN8D85KWcRHQ"]}]}},"_links":{"self":[{"href":"https:\/\/oikon.hr\/hr\/wp-json\/wp\/v2\/pages\/6474","targetHints":{"allow":["GET"]}}],"collection":[{"href":"https:\/\/oikon.hr\/hr\/wp-json\/wp\/v2\/pages"}],"about":[{"href":"https:\/\/oikon.hr\/hr\/wp-json\/wp\/v2\/types\/page"}],"author":[{"embeddable":true,"href":"https:\/\/oikon.hr\/hr\/wp-json\/wp\/v2\/users\/2"}],"replies":[{"embeddable":true,"href":"https:\/\/oikon.hr\/hr\/wp-json\/wp\/v2\/comments?post=6474"}],"version-history":[{"count":38,"href":"https:\/\/oikon.hr\/hr\/wp-json\/wp\/v2\/pages\/6474\/revisions"}],"predecessor-version":[{"id":11476,"href":"https:\/\/oikon.hr\/hr\/wp-json\/wp\/v2\/pages\/6474\/revisions\/11476"}],"up":[{"embeddable":true,"href":"https:\/\/oikon.hr\/hr\/wp-json\/wp\/v2\/pages\/2086"}],"wp:attachment":[{"href":"https:\/\/oikon.hr\/hr\/wp-json\/wp\/v2\/media?parent=6474"}],"curies":[{"name":"wp","href":"https:\/\/api.w.org\/{rel}","templated":true}]}}