{"id":7505,"date":"2022-04-25T16:59:34","date_gmt":"2022-04-25T14:59:34","guid":{"rendered":"https:\/\/oikon.hr\/alos-2-satellite-imagery\/"},"modified":"2022-04-25T17:04:16","modified_gmt":"2022-04-25T15:04:16","slug":"alos-2-satelitske-snimke","status":"publish","type":"page","link":"https:\/\/oikon.hr\/hr\/alos-2-satelitske-snimke\/","title":{"rendered":"ALOS-2 satelitske snimke"},"content":{"rendered":"\n<figure class=\"wp-block-image size-full is-resized\"><img loading=\"lazy\" decoding=\"async\" src=\"https:\/\/oikon.hr\/cms\/wp-content\/uploads\/2022\/04\/logo_alos2.png\" alt=\"\" class=\"wp-image-7491\" width=\"226\" height=\"74\" srcset=\"https:\/\/oikon.hr\/cms\/wp-content\/uploads\/2022\/04\/logo_alos2.png 301w, https:\/\/oikon.hr\/cms\/wp-content\/uploads\/2022\/04\/logo_alos2-150x49.png 150w\" sizes=\"auto, (max-width: 226px) 100vw, 226px\" \/><\/figure>\n\n\n\n<p>Daljinsko istra\u017eivanje sve vi\u0161e dobiva na va\u017enosti zbog rastu\u0107e potrebe za promatranjem promjena u okoli\u0161u i&nbsp; pobolj\u0161anja u satelitskoj tehnologiji. Kako u Oikonu pratimo najnovije trendove i tehnologiju, prepoznali smo pove\u0107anu potra\u017enju te smo uz postoje\u0107a rje\u0161enja ponudili snimke satelita ALOS-2. Od o\u017eujka 2022. godine OIKON je slu\u017ebeni distributer snimaka satelita ALOS-2 za Hrvatsku.<\/p>\n\n\n\n<p><a href=\"https:\/\/www.eorc.jaxa.jp\/ALOS\/en\/alos-2\/a2_about_e.htm\" target=\"_blank\" rel=\"noreferrer noopener\"><strong><span style=\"text-decoration: underline;\">ALOS-2<\/span><\/strong><\/a> \u2013 Satelit za napredno promatranje Zemlje, japanski je satelit lansiran 2014. godine. Pru\u017ea satelitske snimke visoke rezolucije koje se koriste u niz svrha, uklju\u010duju\u0107i prikupljanje informacija o uvjetima katastrofe, poljoprivredi, \u0161umarstvu, promatranju mora i istra\u017eivanju resursa.<\/p>\n\n\n\n<p>Najsuvremeniji L-band radar sa sinteti\u010dkim otvorom <strong>PALSAR-2<\/strong> u sklopu satelita ALOS-2 mikrovalni je senzor visokih performansi<strong> koji mo\u017ee motriti danju i no\u0107u i u svim vremenskim uvjetima<\/strong>. Velikom to\u010dno\u0161\u0107u i brzinom otkriva kretanje na tlu ispod vegetacije te je trenutno jedan od rijetkih satelita na svijetu koji pru\u017ea ovu vrstu podataka.<\/p>\n\n\n\n<figure class=\"wp-block-image size-full is-resized\"><img loading=\"lazy\" decoding=\"async\" src=\"https:\/\/oikon.hr\/cms\/wp-content\/uploads\/2022\/04\/ALOS-2_satellite_JAXA.png\" alt=\"\" class=\"wp-image-7500\" width=\"540\" height=\"311\" srcset=\"https:\/\/oikon.hr\/cms\/wp-content\/uploads\/2022\/04\/ALOS-2_satellite_JAXA.png 720w, https:\/\/oikon.hr\/cms\/wp-content\/uploads\/2022\/04\/ALOS-2_satellite_JAXA-300x173.png 300w, https:\/\/oikon.hr\/cms\/wp-content\/uploads\/2022\/04\/ALOS-2_satellite_JAXA-150x86.png 150w\" sizes=\"auto, (max-width: 540px) 100vw, 540px\" \/><figcaption><sub>Izvor: JAXA<\/sub><\/figcaption><\/figure>\n\n\n\n<p><strong>Tri karakteristike satelita ALOS-2:<\/strong><\/p>\n\n\n\n<ol class=\"wp-block-list\" type=\"1\"><li>Promatranje \u0161irokih podru\u010dja na Zemlji<\/li><li>Promatranje visoke rezolucije danju, no\u0107i i u svim vremenskim uvjetima<\/li><li>Hitno promatranje za pomo\u0107 kod katastrofa<\/li><\/ol>\n\n\n\n<p><strong>Primjeri ALOS-2 \/ PALSAR-2 snimaka:<\/strong><\/p>\n\n\n\n<figure class=\"wp-block-gallery columns-2 is-cropped wp-block-gallery-1 is-layout-flex wp-block-gallery-is-layout-flex\"><ul class=\"blocks-gallery-grid\"><li class=\"blocks-gallery-item\"><figure><img loading=\"lazy\" decoding=\"async\" width=\"701\" height=\"677\" src=\"https:\/\/oikon.hr\/cms\/wp-content\/uploads\/2022\/04\/Alos-2_sample.jpg\" alt=\"\" data-id=\"7487\" data-full-url=\"https:\/\/oikon.hr\/cms\/wp-content\/uploads\/2022\/04\/Alos-2_sample.jpg\" data-link=\"https:\/\/oikon.hr\/oikon-alos-2-distributor\/alos-2_sample\/\" class=\"wp-image-7487\" srcset=\"https:\/\/oikon.hr\/cms\/wp-content\/uploads\/2022\/04\/Alos-2_sample.jpg 701w, https:\/\/oikon.hr\/cms\/wp-content\/uploads\/2022\/04\/Alos-2_sample-300x290.jpg 300w, https:\/\/oikon.hr\/cms\/wp-content\/uploads\/2022\/04\/Alos-2_sample-150x145.jpg 150w\" sizes=\"auto, (max-width: 701px) 100vw, 701px\" \/><figcaption class=\"blocks-gallery-item__caption\">Source: JAXA<\/figcaption><\/figure><\/li><li class=\"blocks-gallery-item\"><figure><img loading=\"lazy\" decoding=\"async\" width=\"753\" height=\"528\" src=\"https:\/\/oikon.hr\/cms\/wp-content\/uploads\/2022\/04\/Palsar-2_sample.jpg\" alt=\"\" data-id=\"7485\" data-full-url=\"https:\/\/oikon.hr\/cms\/wp-content\/uploads\/2022\/04\/Palsar-2_sample.jpg\" data-link=\"https:\/\/oikon.hr\/oikon-alos-2-distributor\/palsar-2_sample\/\" class=\"wp-image-7485\" srcset=\"https:\/\/oikon.hr\/cms\/wp-content\/uploads\/2022\/04\/Palsar-2_sample.jpg 753w, https:\/\/oikon.hr\/cms\/wp-content\/uploads\/2022\/04\/Palsar-2_sample-300x210.jpg 300w, https:\/\/oikon.hr\/cms\/wp-content\/uploads\/2022\/04\/Palsar-2_sample-150x105.jpg 150w\" sizes=\"auto, (max-width: 753px) 100vw, 753px\" \/><figcaption class=\"blocks-gallery-item__caption\">Source: JAXA<\/figcaption><\/figure><\/li><\/ul><\/figure>\n\n\n\n<p>Za vi\u0161e oglednih snimaka posjetite: <span style=\"text-decoration: underline;\"><a href=\"https:\/\/www.eorc.jaxa.jp\/ALOS\/en\/alos-2\/datause\/a2_sample_e.htm\" target=\"_blank\" rel=\"noreferrer noopener\">link<\/a><\/span><\/p>\n\n\n\n<h2 class=\"wp-block-heading\"><strong>Kako vam mo\u017eemo pomo\u0107i?<\/strong><strong><\/strong><\/h2>\n\n\n\n<p>Ako ste tvrtka ili istra\u017eiva\u010d koji radi analizu i obradu podataka promatranja Zemlje i potreban vam je brz pristup pouzdanim SAR slikama visoke rezolucije za:<\/p>\n\n\n\n<ul class=\"wp-block-list\"><li>pra\u0107enje deformacija zemlji\u0161ta te nakon potresa<\/li><li>pra\u0107enje poplava i klizi\u0161ta<\/li><li>pra\u0107enje morskog leda<\/li><li>pra\u0107enje kr\u010denja \u0161uma i \u0161umskih ekosustava<\/li><li>analizu smanjenja polarnog leda<\/li><li>pra\u0107enje poljoprivrednog zemlji\u0161ta<\/li><li>&#8230;<\/li><\/ul>\n\n\n\n<p>ALOS-2 je savr\u0161en izvor podataka promatranja Zemlje za va\u0161a istra\u017eivanja i projekte.<\/p>\n\n\n\n<p>Ako vam je potreban brz pristup visoko detaljnim SAR slikama razlu\u010divosti do 1m x 3m, neovisnim o vremenskim uvjetima, s mogu\u0107nostima InSAR-a i ogromnom arhivom snimaka, mo\u017eemo vam pomo\u0107i. Slobodno nas kontaktirajte u bilo kojem trenutku.<\/p>\n\n\n\n<h2 class=\"wp-block-heading\"><strong>Kako mogu naru\u010diti satelitske snimke ALOS-2?<\/strong><\/h2>\n\n\n\n<p>Satelitske snimke ALOS-2 mo\u017eete potra\u017eiti <span style=\"text-decoration: underline;\"><a href=\"https:\/\/satpf.jp\/spf\/?lang=en\" target=\"_blank\" rel=\"noreferrer noopener\">ovdje<\/a><\/span><\/p>\n\n\n\n<p>Nakon \u0161to prona\u0111ete snimke, morate nas kontaktirati <a href=\"mailto:oikon@oikon.hr?subject=ALOS-2%20images%20order\"><span style=\"text-decoration: underline;\">ovdje<\/span><\/a> te \u0107emo vam poslati ponudu.<\/p>\n\n\n\n<h2 class=\"wp-block-heading\"><strong>Cijena<\/strong><strong><\/strong><\/h2>\n\n\n\n<p>Cijena ove usluge ovisi o mnogim \u010dimbenicima i odre\u0111uje se od slu\u010daja do slu\u010daja.<\/p>\n\n\n\n<p><strong>Molimo vas da nas <\/strong><a href=\"mailto:oikon@oikon.hr?subject=ALOS-2%20images%20order\"><strong>kontaktirate <span style=\"text-decoration: underline;\">ovdje<\/span><\/strong><\/a><strong> za konzultacije i ponudu.<\/strong><\/p>\n\n\n\n<p>Saznajte vi\u0161e o satelitu ALOS-2 i njegovim mogu\u0107nostima iz bro\u0161ure Japanske agencije za istra\u017eivanje svemira JAXA: <span style=\"text-decoration: underline;\"><a href=\"https:\/\/global.jaxa.jp\/projects\/sat\/alos2\/pdf\/daichi2_SolutionBook_3rd_En.pdf\" target=\"_blank\" rel=\"noreferrer noopener\">link<\/a><\/span><\/p>\n","protected":false},"excerpt":{"rendered":"<p>Daljinsko istra\u017eivanje sve vi\u0161e dobiva na va\u017enosti zbog rastu\u0107e potrebe za promatranjem promjena u okoli\u0161u i&nbsp; pobolj\u0161anja u satelitskoj tehnologiji. Kako u Oikonu pratimo najnovije trendove i tehnologiju, prepoznali smo pove\u0107anu potra\u017enju te smo uz postoje\u0107a rje\u0161enja ponudili snimke satelita ALOS-2. Od o\u017eujka 2022. godine OIKON je slu\u017ebeni distributer snimaka satelita ALOS-2 za Hrvatsku. ALOS-2 &hellip; <a href=\"https:\/\/oikon.hr\/hr\/alos-2-satelitske-snimke\/\">Saznajte vi\u0161e<\/a><\/p>\n","protected":false},"author":2,"featured_media":7488,"parent":0,"menu_order":0,"comment_status":"closed","ping_status":"closed","template":"","meta":{"_acf_changed":false,"footnotes":""},"class_list":["post-7505","page","type-page","status-publish","has-post-thumbnail","hentry"],"acf":[],"yoast_head":"<!-- This site is optimized with the Yoast SEO plugin v27.0 - https:\/\/yoast.com\/product\/yoast-seo-wordpress\/ -->\n<title>ALOS-2 satelitske snimke &#8211; Oikon d.o.o.<\/title>\n<meta name=\"description\" content=\"Daljinsko istra\u017eivanje sve vi\u0161e dobiva na va\u017enosti zbog rastu\u0107e potrebe za promatranjem promjena u okoli\u0161u i&nbsp; pobolj\u0161anja u satelitskoj tehnologiji.\" \/>\n<meta name=\"robots\" content=\"index, follow, max-snippet:-1, max-image-preview:large, max-video-preview:-1\" \/>\n<link rel=\"canonical\" href=\"https:\/\/oikon.hr\/hr\/alos-2-satelitske-snimke\/\" \/>\n<meta property=\"og:locale\" content=\"hr_HR\" \/>\n<meta property=\"og:type\" content=\"article\" \/>\n<meta property=\"og:title\" content=\"ALOS-2 satelitske snimke &#8211; Oikon d.o.o.\" \/>\n<meta property=\"og:description\" content=\"Daljinsko istra\u017eivanje sve vi\u0161e dobiva na va\u017enosti zbog rastu\u0107e potrebe za promatranjem promjena u okoli\u0161u i&nbsp; pobolj\u0161anja u satelitskoj tehnologiji.\" \/>\n<meta property=\"og:url\" content=\"https:\/\/oikon.hr\/hr\/alos-2-satelitske-snimke\/\" \/>\n<meta property=\"og:site_name\" content=\"Oikon d.o.o.\" \/>\n<meta property=\"article:publisher\" content=\"http:\/\/www.facebook.com\/OikonLtd\/\" \/>\n<meta property=\"article:modified_time\" content=\"2022-04-25T15:04:16+00:00\" \/>\n<meta property=\"og:image\" content=\"https:\/\/oikon.hr\/cms\/wp-content\/uploads\/2022\/04\/Alos-2_sample.jpg\" \/>\n\t<meta property=\"og:image:width\" content=\"701\" \/>\n\t<meta property=\"og:image:height\" content=\"677\" \/>\n\t<meta property=\"og:image:type\" content=\"image\/jpeg\" \/>\n<meta name=\"twitter:card\" content=\"summary_large_image\" \/>\n<meta name=\"twitter:site\" content=\"@OikonLtd\" \/>\n<meta name=\"twitter:label1\" content=\"Est. reading time\" \/>\n\t<meta name=\"twitter:data1\" content=\"3 minutes\" \/>\n<script type=\"application\/ld+json\" class=\"yoast-schema-graph\">{\"@context\":\"https:\/\/schema.org\",\"@graph\":[{\"@type\":\"WebPage\",\"@id\":\"https:\/\/oikon.hr\/hr\/alos-2-satelitske-snimke\/\",\"url\":\"https:\/\/oikon.hr\/hr\/alos-2-satelitske-snimke\/\",\"name\":\"ALOS-2 satelitske snimke &#8211; Oikon d.o.o.\",\"isPartOf\":{\"@id\":\"https:\/\/oikon.hr\/#website\"},\"primaryImageOfPage\":{\"@id\":\"https:\/\/oikon.hr\/hr\/alos-2-satelitske-snimke\/#primaryimage\"},\"image\":{\"@id\":\"https:\/\/oikon.hr\/hr\/alos-2-satelitske-snimke\/#primaryimage\"},\"thumbnailUrl\":\"https:\/\/oikon.hr\/cms\/wp-content\/uploads\/2022\/04\/Alos-2_sample.jpg\",\"datePublished\":\"2022-04-25T14:59:34+00:00\",\"dateModified\":\"2022-04-25T15:04:16+00:00\",\"description\":\"Daljinsko istra\u017eivanje sve vi\u0161e dobiva na va\u017enosti zbog rastu\u0107e potrebe za promatranjem promjena u okoli\u0161u i&nbsp; pobolj\u0161anja u satelitskoj tehnologiji.\",\"breadcrumb\":{\"@id\":\"https:\/\/oikon.hr\/hr\/alos-2-satelitske-snimke\/#breadcrumb\"},\"inLanguage\":\"hr-HR\",\"potentialAction\":[{\"@type\":\"ReadAction\",\"target\":[\"https:\/\/oikon.hr\/hr\/alos-2-satelitske-snimke\/\"]}]},{\"@type\":\"ImageObject\",\"inLanguage\":\"hr-HR\",\"@id\":\"https:\/\/oikon.hr\/hr\/alos-2-satelitske-snimke\/#primaryimage\",\"url\":\"https:\/\/oikon.hr\/cms\/wp-content\/uploads\/2022\/04\/Alos-2_sample.jpg\",\"contentUrl\":\"https:\/\/oikon.hr\/cms\/wp-content\/uploads\/2022\/04\/Alos-2_sample.jpg\",\"width\":701,\"height\":677},{\"@type\":\"BreadcrumbList\",\"@id\":\"https:\/\/oikon.hr\/hr\/alos-2-satelitske-snimke\/#breadcrumb\",\"itemListElement\":[{\"@type\":\"ListItem\",\"position\":1,\"name\":\"\",\"item\":\"https:\/\/oikon.hr\/hr\/\"},{\"@type\":\"ListItem\",\"position\":2,\"name\":\"ALOS-2 satelitske snimke\"}]},{\"@type\":\"WebSite\",\"@id\":\"https:\/\/oikon.hr\/#website\",\"url\":\"https:\/\/oikon.hr\/\",\"name\":\"Oikon d.o.o.\",\"description\":\"Institut za primijenjenu ekologiju\",\"publisher\":{\"@id\":\"https:\/\/oikon.hr\/#organization\"},\"alternateName\":\"OIKON\",\"potentialAction\":[{\"@type\":\"SearchAction\",\"target\":{\"@type\":\"EntryPoint\",\"urlTemplate\":\"https:\/\/oikon.hr\/?s={search_term_string}\"},\"query-input\":{\"@type\":\"PropertyValueSpecification\",\"valueRequired\":true,\"valueName\":\"search_term_string\"}}],\"inLanguage\":\"hr-HR\"},{\"@type\":\"Organization\",\"@id\":\"https:\/\/oikon.hr\/#organization\",\"name\":\"Oikon d.o.o. - Institut za primijenjenu ekologiju\",\"alternateName\":\"OIKON\",\"url\":\"https:\/\/oikon.hr\/\",\"logo\":{\"@type\":\"ImageObject\",\"inLanguage\":\"hr-HR\",\"@id\":\"https:\/\/oikon.hr\/#\/schema\/logo\/image\/\",\"url\":\"https:\/\/oikon.hr\/cms\/wp-content\/uploads\/2021\/01\/OIKON_R_logo_transparent.png\",\"contentUrl\":\"https:\/\/oikon.hr\/cms\/wp-content\/uploads\/2021\/01\/OIKON_R_logo_transparent.png\",\"width\":1660,\"height\":541,\"caption\":\"Oikon d.o.o. - Institut za primijenjenu ekologiju\"},\"image\":{\"@id\":\"https:\/\/oikon.hr\/#\/schema\/logo\/image\/\"},\"sameAs\":[\"http:\/\/www.facebook.com\/OikonLtd\/\",\"https:\/\/x.com\/OikonLtd\",\"https:\/\/www.instagram.com\/oikon_ltd\/\",\"https:\/\/www.linkedin.com\/company\/oikon---institute-for-applied-technology\/\",\"https:\/\/www.youtube.com\/channel\/UCu_eJ0ct90AEN8D85KWcRHQ\"]}]}<\/script>\n<!-- \/ Yoast SEO plugin. -->","yoast_head_json":{"title":"ALOS-2 satelitske snimke &#8211; Oikon d.o.o.","description":"Daljinsko istra\u017eivanje sve vi\u0161e dobiva na va\u017enosti zbog rastu\u0107e potrebe za promatranjem promjena u okoli\u0161u i&nbsp; pobolj\u0161anja u satelitskoj tehnologiji.","robots":{"index":"index","follow":"follow","max-snippet":"max-snippet:-1","max-image-preview":"max-image-preview:large","max-video-preview":"max-video-preview:-1"},"canonical":"https:\/\/oikon.hr\/hr\/alos-2-satelitske-snimke\/","og_locale":"hr_HR","og_type":"article","og_title":"ALOS-2 satelitske snimke &#8211; Oikon d.o.o.","og_description":"Daljinsko istra\u017eivanje sve vi\u0161e dobiva na va\u017enosti zbog rastu\u0107e potrebe za promatranjem promjena u okoli\u0161u i&nbsp; pobolj\u0161anja u satelitskoj tehnologiji.","og_url":"https:\/\/oikon.hr\/hr\/alos-2-satelitske-snimke\/","og_site_name":"Oikon d.o.o.","article_publisher":"http:\/\/www.facebook.com\/OikonLtd\/","article_modified_time":"2022-04-25T15:04:16+00:00","og_image":[{"width":701,"height":677,"url":"https:\/\/oikon.hr\/cms\/wp-content\/uploads\/2022\/04\/Alos-2_sample.jpg","type":"image\/jpeg"}],"twitter_card":"summary_large_image","twitter_site":"@OikonLtd","twitter_misc":{"Est. reading time":"3 minutes"},"schema":{"@context":"https:\/\/schema.org","@graph":[{"@type":"WebPage","@id":"https:\/\/oikon.hr\/hr\/alos-2-satelitske-snimke\/","url":"https:\/\/oikon.hr\/hr\/alos-2-satelitske-snimke\/","name":"ALOS-2 satelitske snimke &#8211; Oikon d.o.o.","isPartOf":{"@id":"https:\/\/oikon.hr\/#website"},"primaryImageOfPage":{"@id":"https:\/\/oikon.hr\/hr\/alos-2-satelitske-snimke\/#primaryimage"},"image":{"@id":"https:\/\/oikon.hr\/hr\/alos-2-satelitske-snimke\/#primaryimage"},"thumbnailUrl":"https:\/\/oikon.hr\/cms\/wp-content\/uploads\/2022\/04\/Alos-2_sample.jpg","datePublished":"2022-04-25T14:59:34+00:00","dateModified":"2022-04-25T15:04:16+00:00","description":"Daljinsko istra\u017eivanje sve vi\u0161e dobiva na va\u017enosti zbog rastu\u0107e potrebe za promatranjem promjena u okoli\u0161u i&nbsp; pobolj\u0161anja u satelitskoj tehnologiji.","breadcrumb":{"@id":"https:\/\/oikon.hr\/hr\/alos-2-satelitske-snimke\/#breadcrumb"},"inLanguage":"hr-HR","potentialAction":[{"@type":"ReadAction","target":["https:\/\/oikon.hr\/hr\/alos-2-satelitske-snimke\/"]}]},{"@type":"ImageObject","inLanguage":"hr-HR","@id":"https:\/\/oikon.hr\/hr\/alos-2-satelitske-snimke\/#primaryimage","url":"https:\/\/oikon.hr\/cms\/wp-content\/uploads\/2022\/04\/Alos-2_sample.jpg","contentUrl":"https:\/\/oikon.hr\/cms\/wp-content\/uploads\/2022\/04\/Alos-2_sample.jpg","width":701,"height":677},{"@type":"BreadcrumbList","@id":"https:\/\/oikon.hr\/hr\/alos-2-satelitske-snimke\/#breadcrumb","itemListElement":[{"@type":"ListItem","position":1,"name":"","item":"https:\/\/oikon.hr\/hr\/"},{"@type":"ListItem","position":2,"name":"ALOS-2 satelitske snimke"}]},{"@type":"WebSite","@id":"https:\/\/oikon.hr\/#website","url":"https:\/\/oikon.hr\/","name":"Oikon d.o.o.","description":"Institut za primijenjenu ekologiju","publisher":{"@id":"https:\/\/oikon.hr\/#organization"},"alternateName":"OIKON","potentialAction":[{"@type":"SearchAction","target":{"@type":"EntryPoint","urlTemplate":"https:\/\/oikon.hr\/?s={search_term_string}"},"query-input":{"@type":"PropertyValueSpecification","valueRequired":true,"valueName":"search_term_string"}}],"inLanguage":"hr-HR"},{"@type":"Organization","@id":"https:\/\/oikon.hr\/#organization","name":"Oikon d.o.o. - Institut za primijenjenu ekologiju","alternateName":"OIKON","url":"https:\/\/oikon.hr\/","logo":{"@type":"ImageObject","inLanguage":"hr-HR","@id":"https:\/\/oikon.hr\/#\/schema\/logo\/image\/","url":"https:\/\/oikon.hr\/cms\/wp-content\/uploads\/2021\/01\/OIKON_R_logo_transparent.png","contentUrl":"https:\/\/oikon.hr\/cms\/wp-content\/uploads\/2021\/01\/OIKON_R_logo_transparent.png","width":1660,"height":541,"caption":"Oikon d.o.o. - Institut za primijenjenu ekologiju"},"image":{"@id":"https:\/\/oikon.hr\/#\/schema\/logo\/image\/"},"sameAs":["http:\/\/www.facebook.com\/OikonLtd\/","https:\/\/x.com\/OikonLtd","https:\/\/www.instagram.com\/oikon_ltd\/","https:\/\/www.linkedin.com\/company\/oikon---institute-for-applied-technology\/","https:\/\/www.youtube.com\/channel\/UCu_eJ0ct90AEN8D85KWcRHQ"]}]}},"_links":{"self":[{"href":"https:\/\/oikon.hr\/hr\/wp-json\/wp\/v2\/pages\/7505","targetHints":{"allow":["GET"]}}],"collection":[{"href":"https:\/\/oikon.hr\/hr\/wp-json\/wp\/v2\/pages"}],"about":[{"href":"https:\/\/oikon.hr\/hr\/wp-json\/wp\/v2\/types\/page"}],"author":[{"embeddable":true,"href":"https:\/\/oikon.hr\/hr\/wp-json\/wp\/v2\/users\/2"}],"replies":[{"embeddable":true,"href":"https:\/\/oikon.hr\/hr\/wp-json\/wp\/v2\/comments?post=7505"}],"version-history":[{"count":0,"href":"https:\/\/oikon.hr\/hr\/wp-json\/wp\/v2\/pages\/7505\/revisions"}],"wp:featuredmedia":[{"embeddable":true,"href":"https:\/\/oikon.hr\/hr\/wp-json\/wp\/v2\/media\/7488"}],"wp:attachment":[{"href":"https:\/\/oikon.hr\/hr\/wp-json\/wp\/v2\/media?parent=7505"}],"curies":[{"name":"wp","href":"https:\/\/api.w.org\/{rel}","templated":true}]}}