{"id":8077,"date":"2022-10-11T16:02:40","date_gmt":"2022-10-11T14:02:40","guid":{"rendered":"https:\/\/oikon.hr\/?page_id=8077"},"modified":"2024-09-03T14:10:05","modified_gmt":"2024-09-03T12:10:05","slug":"laboratorij-za-bioraznolikost-i-populacijsku-genetiku","status":"publish","type":"page","link":"https:\/\/oikon.hr\/hr\/laboratorij-za-bioraznolikost-i-populacijsku-genetiku\/","title":{"rendered":"Laboratorij za bioraznolikost i populacijsku genetiku"},"content":{"rendered":"\n<figure class=\"wp-block-image size-large is-resized\"><img loading=\"lazy\" decoding=\"async\" width=\"1024\" height=\"213\" src=\"https:\/\/oikon.hr\/cms\/wp-content\/uploads\/2022\/10\/Lab-za-bioraznolikost_logo_hrv-1-1024x213.png\" alt=\"\" class=\"wp-image-8094\" style=\"width:500px\" srcset=\"https:\/\/oikon.hr\/cms\/wp-content\/uploads\/2022\/10\/Lab-za-bioraznolikost_logo_hrv-1-1024x213.png 1024w, https:\/\/oikon.hr\/cms\/wp-content\/uploads\/2022\/10\/Lab-za-bioraznolikost_logo_hrv-1-300x62.png 300w, https:\/\/oikon.hr\/cms\/wp-content\/uploads\/2022\/10\/Lab-za-bioraznolikost_logo_hrv-1-150x31.png 150w, https:\/\/oikon.hr\/cms\/wp-content\/uploads\/2022\/10\/Lab-za-bioraznolikost_logo_hrv-1-768x160.png 768w, https:\/\/oikon.hr\/cms\/wp-content\/uploads\/2022\/10\/Lab-za-bioraznolikost_logo_hrv-1-1536x320.png 1536w, https:\/\/oikon.hr\/cms\/wp-content\/uploads\/2022\/10\/Lab-za-bioraznolikost_logo_hrv-1.png 1889w\" sizes=\"auto, (max-width: 1024px) 100vw, 1024px\" \/><\/figure>\n\n\n\n<p>Laboratorij provodi istra\u017eivanja usmjerena na bioraznolikost i populacijsku genetiku.<\/p>\n\n\n\n<p>Jedan od ciljeva Laboratorija je doprinijeti sastavljanju DNA barkodova poznatih i novootkrivenih biljnih i \u017eivotinjskih vrsta te podi\u0107i razinu znanja o prirodnoj ba\u0161tini Hrvatske, regije i svijeta i doprinijeti njenoj u\u010dinkovitoj za\u0161titi. Nadalje, cilj je istra\u017eivati i razvijati testove za okoli\u0161nu DNA radi odre\u0111ivanja vrsta koje otkrivaju kvalitetu vode, tla i zraka.<\/p>\n\n\n\n<p>U laboratoriju se koriste komplementarni pristupi na genomskoj, ekolo\u0161koj i okoli\u0161noj razini kako bi se potkrijepili novootkriveni nalazi. Primjena istra\u017eivanja koja se provodi u laboratoriju u odr\u017eivom je razvoju, o\u010duvanju biolo\u0161ke raznolikosti, upravljanju vodom i divljim \u017eivotinjama, poljoprivredi, ribarstvu i akvakulturi.<\/p>\n\n\n\n<p>Cilj Oikonovog instituta za primijenjenu ekologiju da istra\u017euje bioraznolikost i populacijsku genetiku uskla\u0111en je sa Strategijom EU-a za o\u010duvanje bioraznolikosti do 2030. koja uklju\u010duje i o\u010duvanje genetske raznolikosti (eng. Inclusion of Genetic Diversity in the Post-2020 Global Biodiversity Framework: Scientific and Technical Knowledge). Istra\u017eivanjem genetske raznolikosti, doprinijet \u0107e se cilju 2 Strategije EU-a: Smanjiti direktne pritiske na prirodu i poticati odr\u017eivo kori\u0161tenje prirodnih dobara aktivnosti i cilju 2.4 iz Akcijskog plana za\u0161tite prirode Republike Hrvatske za razdoblje od 2017. do 2025. godine: Za\u0161titi genetsku raznolikost i odr\u017eivo koristiti genetske izvore.<\/p>\n\n\n\n<p>Voditeljica Laboratorija je dr. sc. Jelena Mlinarec Novosel, mag. ecol.<\/p>\n\n\n\n<figure class=\"wp-block-image size-wordpress-medium-gallery\"><img loading=\"lazy\" decoding=\"async\" width=\"500\" height=\"250\" src=\"https:\/\/oikon.hr\/cms\/wp-content\/uploads\/2022\/10\/Oikon_lab_Jelena_2-1-500x250.jpg\" alt=\"\" class=\"wp-image-8087\" srcset=\"https:\/\/oikon.hr\/cms\/wp-content\/uploads\/2022\/10\/Oikon_lab_Jelena_2-1-500x250.jpg 500w, https:\/\/oikon.hr\/cms\/wp-content\/uploads\/2022\/10\/Oikon_lab_Jelena_2-1-2000x1000.jpg 2000w\" sizes=\"auto, (max-width: 500px) 100vw, 500px\" \/><\/figure>\n","protected":false},"excerpt":{"rendered":"<p>Laboratorij provodi istra\u017eivanja usmjerena na bioraznolikost i populacijsku genetiku. Jedan od ciljeva Laboratorija je doprinijeti sastavljanju DNA barkodova poznatih i novootkrivenih biljnih i \u017eivotinjskih vrsta te podi\u0107i razinu znanja o prirodnoj ba\u0161tini Hrvatske, regije i svijeta i doprinijeti njenoj u\u010dinkovitoj za\u0161titi. Nadalje, cilj je istra\u017eivati i razvijati testove za okoli\u0161nu DNA radi odre\u0111ivanja vrsta koje &hellip; <a href=\"https:\/\/oikon.hr\/hr\/laboratorij-za-bioraznolikost-i-populacijsku-genetiku\/\">Saznajte vi\u0161e<\/a><\/p>\n","protected":false},"author":2,"featured_media":8094,"parent":0,"menu_order":0,"comment_status":"closed","ping_status":"closed","template":"","meta":{"_acf_changed":false,"footnotes":""},"class_list":["post-8077","page","type-page","status-publish","has-post-thumbnail","hentry"],"acf":[],"yoast_head":"<!-- This site is optimized with the Yoast SEO plugin v27.0 - https:\/\/yoast.com\/product\/yoast-seo-wordpress\/ -->\n<title>Laboratorij za bioraznolikost i populacijsku genetiku &#8211; Oikon d.o.o.<\/title>\n<meta name=\"description\" content=\"Laboratorij provodi istra\u017eivanja usmjerena na bioraznolikost i populacijsku genetiku. Jedan od ciljeva Laboratorija je doprinijeti sastavljanju DNA\" \/>\n<meta name=\"robots\" content=\"index, follow, max-snippet:-1, max-image-preview:large, max-video-preview:-1\" \/>\n<link rel=\"canonical\" href=\"https:\/\/oikon.hr\/hr\/laboratorij-za-bioraznolikost-i-populacijsku-genetiku\/\" \/>\n<meta property=\"og:locale\" content=\"hr_HR\" \/>\n<meta property=\"og:type\" content=\"article\" \/>\n<meta property=\"og:title\" content=\"Laboratorij za bioraznolikost i populacijsku genetiku &#8211; Oikon d.o.o.\" \/>\n<meta property=\"og:description\" content=\"Laboratorij provodi istra\u017eivanja usmjerena na bioraznolikost i populacijsku genetiku. Jedan od ciljeva Laboratorija je doprinijeti sastavljanju DNA\" \/>\n<meta property=\"og:url\" content=\"https:\/\/oikon.hr\/hr\/laboratorij-za-bioraznolikost-i-populacijsku-genetiku\/\" \/>\n<meta property=\"og:site_name\" content=\"Oikon d.o.o.\" \/>\n<meta property=\"article:publisher\" content=\"http:\/\/www.facebook.com\/OikonLtd\/\" \/>\n<meta property=\"article:modified_time\" content=\"2024-09-03T12:10:05+00:00\" \/>\n<meta property=\"og:image\" content=\"https:\/\/oikon.hr\/cms\/wp-content\/uploads\/2022\/10\/Lab-za-bioraznolikost_logo_hrv-1.png\" \/>\n\t<meta property=\"og:image:width\" content=\"1889\" \/>\n\t<meta property=\"og:image:height\" content=\"393\" \/>\n\t<meta property=\"og:image:type\" content=\"image\/png\" \/>\n<meta name=\"twitter:card\" content=\"summary_large_image\" \/>\n<meta name=\"twitter:site\" content=\"@OikonLtd\" \/>\n<meta name=\"twitter:label1\" content=\"Est. reading time\" \/>\n\t<meta name=\"twitter:data1\" content=\"2 minutes\" \/>\n<script type=\"application\/ld+json\" class=\"yoast-schema-graph\">{\"@context\":\"https:\/\/schema.org\",\"@graph\":[{\"@type\":\"WebPage\",\"@id\":\"https:\/\/oikon.hr\/hr\/laboratorij-za-bioraznolikost-i-populacijsku-genetiku\/\",\"url\":\"https:\/\/oikon.hr\/hr\/laboratorij-za-bioraznolikost-i-populacijsku-genetiku\/\",\"name\":\"Laboratorij za bioraznolikost i populacijsku genetiku &#8211; Oikon d.o.o.\",\"isPartOf\":{\"@id\":\"https:\/\/oikon.hr\/#website\"},\"primaryImageOfPage\":{\"@id\":\"https:\/\/oikon.hr\/hr\/laboratorij-za-bioraznolikost-i-populacijsku-genetiku\/#primaryimage\"},\"image\":{\"@id\":\"https:\/\/oikon.hr\/hr\/laboratorij-za-bioraznolikost-i-populacijsku-genetiku\/#primaryimage\"},\"thumbnailUrl\":\"https:\/\/oikon.hr\/cms\/wp-content\/uploads\/2022\/10\/Lab-za-bioraznolikost_logo_hrv-1.png\",\"datePublished\":\"2022-10-11T14:02:40+00:00\",\"dateModified\":\"2024-09-03T12:10:05+00:00\",\"description\":\"Laboratorij provodi istra\u017eivanja usmjerena na bioraznolikost i populacijsku genetiku. Jedan od ciljeva Laboratorija je doprinijeti sastavljanju DNA\",\"breadcrumb\":{\"@id\":\"https:\/\/oikon.hr\/hr\/laboratorij-za-bioraznolikost-i-populacijsku-genetiku\/#breadcrumb\"},\"inLanguage\":\"hr-HR\",\"potentialAction\":[{\"@type\":\"ReadAction\",\"target\":[\"https:\/\/oikon.hr\/hr\/laboratorij-za-bioraznolikost-i-populacijsku-genetiku\/\"]}]},{\"@type\":\"ImageObject\",\"inLanguage\":\"hr-HR\",\"@id\":\"https:\/\/oikon.hr\/hr\/laboratorij-za-bioraznolikost-i-populacijsku-genetiku\/#primaryimage\",\"url\":\"https:\/\/oikon.hr\/cms\/wp-content\/uploads\/2022\/10\/Lab-za-bioraznolikost_logo_hrv-1.png\",\"contentUrl\":\"https:\/\/oikon.hr\/cms\/wp-content\/uploads\/2022\/10\/Lab-za-bioraznolikost_logo_hrv-1.png\",\"width\":1889,\"height\":393},{\"@type\":\"BreadcrumbList\",\"@id\":\"https:\/\/oikon.hr\/hr\/laboratorij-za-bioraznolikost-i-populacijsku-genetiku\/#breadcrumb\",\"itemListElement\":[{\"@type\":\"ListItem\",\"position\":1,\"name\":\"\",\"item\":\"https:\/\/oikon.hr\/hr\/\"},{\"@type\":\"ListItem\",\"position\":2,\"name\":\"Laboratorij za bioraznolikost i populacijsku genetiku\"}]},{\"@type\":\"WebSite\",\"@id\":\"https:\/\/oikon.hr\/#website\",\"url\":\"https:\/\/oikon.hr\/\",\"name\":\"Oikon d.o.o.\",\"description\":\"Institut za primijenjenu ekologiju\",\"publisher\":{\"@id\":\"https:\/\/oikon.hr\/#organization\"},\"alternateName\":\"OIKON\",\"potentialAction\":[{\"@type\":\"SearchAction\",\"target\":{\"@type\":\"EntryPoint\",\"urlTemplate\":\"https:\/\/oikon.hr\/?s={search_term_string}\"},\"query-input\":{\"@type\":\"PropertyValueSpecification\",\"valueRequired\":true,\"valueName\":\"search_term_string\"}}],\"inLanguage\":\"hr-HR\"},{\"@type\":\"Organization\",\"@id\":\"https:\/\/oikon.hr\/#organization\",\"name\":\"Oikon d.o.o. - Institut za primijenjenu ekologiju\",\"alternateName\":\"OIKON\",\"url\":\"https:\/\/oikon.hr\/\",\"logo\":{\"@type\":\"ImageObject\",\"inLanguage\":\"hr-HR\",\"@id\":\"https:\/\/oikon.hr\/#\/schema\/logo\/image\/\",\"url\":\"https:\/\/oikon.hr\/cms\/wp-content\/uploads\/2021\/01\/OIKON_R_logo_transparent.png\",\"contentUrl\":\"https:\/\/oikon.hr\/cms\/wp-content\/uploads\/2021\/01\/OIKON_R_logo_transparent.png\",\"width\":1660,\"height\":541,\"caption\":\"Oikon d.o.o. - Institut za primijenjenu ekologiju\"},\"image\":{\"@id\":\"https:\/\/oikon.hr\/#\/schema\/logo\/image\/\"},\"sameAs\":[\"http:\/\/www.facebook.com\/OikonLtd\/\",\"https:\/\/x.com\/OikonLtd\",\"https:\/\/www.instagram.com\/oikon_ltd\/\",\"https:\/\/www.linkedin.com\/company\/oikon---institute-for-applied-technology\/\",\"https:\/\/www.youtube.com\/channel\/UCu_eJ0ct90AEN8D85KWcRHQ\"]}]}<\/script>\n<!-- \/ Yoast SEO plugin. -->","yoast_head_json":{"title":"Laboratorij za bioraznolikost i populacijsku genetiku &#8211; Oikon d.o.o.","description":"Laboratorij provodi istra\u017eivanja usmjerena na bioraznolikost i populacijsku genetiku. Jedan od ciljeva Laboratorija je doprinijeti sastavljanju DNA","robots":{"index":"index","follow":"follow","max-snippet":"max-snippet:-1","max-image-preview":"max-image-preview:large","max-video-preview":"max-video-preview:-1"},"canonical":"https:\/\/oikon.hr\/hr\/laboratorij-za-bioraznolikost-i-populacijsku-genetiku\/","og_locale":"hr_HR","og_type":"article","og_title":"Laboratorij za bioraznolikost i populacijsku genetiku &#8211; Oikon d.o.o.","og_description":"Laboratorij provodi istra\u017eivanja usmjerena na bioraznolikost i populacijsku genetiku. Jedan od ciljeva Laboratorija je doprinijeti sastavljanju DNA","og_url":"https:\/\/oikon.hr\/hr\/laboratorij-za-bioraznolikost-i-populacijsku-genetiku\/","og_site_name":"Oikon d.o.o.","article_publisher":"http:\/\/www.facebook.com\/OikonLtd\/","article_modified_time":"2024-09-03T12:10:05+00:00","og_image":[{"width":1889,"height":393,"url":"https:\/\/oikon.hr\/cms\/wp-content\/uploads\/2022\/10\/Lab-za-bioraznolikost_logo_hrv-1.png","type":"image\/png"}],"twitter_card":"summary_large_image","twitter_site":"@OikonLtd","twitter_misc":{"Est. reading time":"2 minutes"},"schema":{"@context":"https:\/\/schema.org","@graph":[{"@type":"WebPage","@id":"https:\/\/oikon.hr\/hr\/laboratorij-za-bioraznolikost-i-populacijsku-genetiku\/","url":"https:\/\/oikon.hr\/hr\/laboratorij-za-bioraznolikost-i-populacijsku-genetiku\/","name":"Laboratorij za bioraznolikost i populacijsku genetiku &#8211; Oikon d.o.o.","isPartOf":{"@id":"https:\/\/oikon.hr\/#website"},"primaryImageOfPage":{"@id":"https:\/\/oikon.hr\/hr\/laboratorij-za-bioraznolikost-i-populacijsku-genetiku\/#primaryimage"},"image":{"@id":"https:\/\/oikon.hr\/hr\/laboratorij-za-bioraznolikost-i-populacijsku-genetiku\/#primaryimage"},"thumbnailUrl":"https:\/\/oikon.hr\/cms\/wp-content\/uploads\/2022\/10\/Lab-za-bioraznolikost_logo_hrv-1.png","datePublished":"2022-10-11T14:02:40+00:00","dateModified":"2024-09-03T12:10:05+00:00","description":"Laboratorij provodi istra\u017eivanja usmjerena na bioraznolikost i populacijsku genetiku. Jedan od ciljeva Laboratorija je doprinijeti sastavljanju DNA","breadcrumb":{"@id":"https:\/\/oikon.hr\/hr\/laboratorij-za-bioraznolikost-i-populacijsku-genetiku\/#breadcrumb"},"inLanguage":"hr-HR","potentialAction":[{"@type":"ReadAction","target":["https:\/\/oikon.hr\/hr\/laboratorij-za-bioraznolikost-i-populacijsku-genetiku\/"]}]},{"@type":"ImageObject","inLanguage":"hr-HR","@id":"https:\/\/oikon.hr\/hr\/laboratorij-za-bioraznolikost-i-populacijsku-genetiku\/#primaryimage","url":"https:\/\/oikon.hr\/cms\/wp-content\/uploads\/2022\/10\/Lab-za-bioraznolikost_logo_hrv-1.png","contentUrl":"https:\/\/oikon.hr\/cms\/wp-content\/uploads\/2022\/10\/Lab-za-bioraznolikost_logo_hrv-1.png","width":1889,"height":393},{"@type":"BreadcrumbList","@id":"https:\/\/oikon.hr\/hr\/laboratorij-za-bioraznolikost-i-populacijsku-genetiku\/#breadcrumb","itemListElement":[{"@type":"ListItem","position":1,"name":"","item":"https:\/\/oikon.hr\/hr\/"},{"@type":"ListItem","position":2,"name":"Laboratorij za bioraznolikost i populacijsku genetiku"}]},{"@type":"WebSite","@id":"https:\/\/oikon.hr\/#website","url":"https:\/\/oikon.hr\/","name":"Oikon d.o.o.","description":"Institut za primijenjenu ekologiju","publisher":{"@id":"https:\/\/oikon.hr\/#organization"},"alternateName":"OIKON","potentialAction":[{"@type":"SearchAction","target":{"@type":"EntryPoint","urlTemplate":"https:\/\/oikon.hr\/?s={search_term_string}"},"query-input":{"@type":"PropertyValueSpecification","valueRequired":true,"valueName":"search_term_string"}}],"inLanguage":"hr-HR"},{"@type":"Organization","@id":"https:\/\/oikon.hr\/#organization","name":"Oikon d.o.o. - Institut za primijenjenu ekologiju","alternateName":"OIKON","url":"https:\/\/oikon.hr\/","logo":{"@type":"ImageObject","inLanguage":"hr-HR","@id":"https:\/\/oikon.hr\/#\/schema\/logo\/image\/","url":"https:\/\/oikon.hr\/cms\/wp-content\/uploads\/2021\/01\/OIKON_R_logo_transparent.png","contentUrl":"https:\/\/oikon.hr\/cms\/wp-content\/uploads\/2021\/01\/OIKON_R_logo_transparent.png","width":1660,"height":541,"caption":"Oikon d.o.o. - Institut za primijenjenu ekologiju"},"image":{"@id":"https:\/\/oikon.hr\/#\/schema\/logo\/image\/"},"sameAs":["http:\/\/www.facebook.com\/OikonLtd\/","https:\/\/x.com\/OikonLtd","https:\/\/www.instagram.com\/oikon_ltd\/","https:\/\/www.linkedin.com\/company\/oikon---institute-for-applied-technology\/","https:\/\/www.youtube.com\/channel\/UCu_eJ0ct90AEN8D85KWcRHQ"]}]}},"_links":{"self":[{"href":"https:\/\/oikon.hr\/hr\/wp-json\/wp\/v2\/pages\/8077","targetHints":{"allow":["GET"]}}],"collection":[{"href":"https:\/\/oikon.hr\/hr\/wp-json\/wp\/v2\/pages"}],"about":[{"href":"https:\/\/oikon.hr\/hr\/wp-json\/wp\/v2\/types\/page"}],"author":[{"embeddable":true,"href":"https:\/\/oikon.hr\/hr\/wp-json\/wp\/v2\/users\/2"}],"replies":[{"embeddable":true,"href":"https:\/\/oikon.hr\/hr\/wp-json\/wp\/v2\/comments?post=8077"}],"version-history":[{"count":4,"href":"https:\/\/oikon.hr\/hr\/wp-json\/wp\/v2\/pages\/8077\/revisions"}],"predecessor-version":[{"id":11293,"href":"https:\/\/oikon.hr\/hr\/wp-json\/wp\/v2\/pages\/8077\/revisions\/11293"}],"wp:featuredmedia":[{"embeddable":true,"href":"https:\/\/oikon.hr\/hr\/wp-json\/wp\/v2\/media\/8094"}],"wp:attachment":[{"href":"https:\/\/oikon.hr\/hr\/wp-json\/wp\/v2\/media?parent=8077"}],"curies":[{"name":"wp","href":"https:\/\/api.w.org\/{rel}","templated":true}]}}