{"id":9839,"date":"2023-11-23T15:39:31","date_gmt":"2023-11-23T14:39:31","guid":{"rendered":"https:\/\/oikon.hr\/sustainability-services\/company-level-services\/"},"modified":"2024-03-05T09:28:01","modified_gmt":"2024-03-05T08:28:01","slug":"usluge-na-razini-poduzeca","status":"publish","type":"page","link":"https:\/\/oikon.hr\/hr\/usluge-za-odrzivost\/usluge-na-razini-poduzeca\/","title":{"rendered":"Usluge na razini poduze\u0107a"},"content":{"rendered":"\n<ul class=\"wp-block-list\">\n<li>Izvje\u0161tavanje o odr\u017eivosti i izrada strategija o odr\u017eivosti (ESG strategija) \u2013 na temelju CSRD\/ESRS, prijelaz s izvje\u0161tavanja na temelju GRI standarda na ESRS i\/ili ISSB\/IFRS<\/li>\n\n\n\n<li>izrada izvje\u0161taja o odr\u017eivosti (ESG izvje\u0161taja)<\/li>\n\n\n\n<li>analiza uglji\u010dnog otiska<\/li>\n\n\n\n<li>procjene \u017eivotnog ciklusa proizvoda (LCA)<\/li>\n\n\n\n<li>kartiranje lanca vrijednosti poduze\u0107a<\/li>\n\n\n\n<li>du\u017ena pa\u017enja (<em>due dilligence<\/em>)<\/li>\n\n\n\n<li>procjena dvostruke materijalnosti (utjecaja, rizika i prilika) s utvr\u0111ivanjem kvalitativnih i kvantitativnih pragova<\/li>\n\n\n\n<li>uklju\u010divanje dionika u procjenu dvostruke materijalnosti, preporuke za upravlja\u010dka i nadzorna tijela<\/li>\n\n\n\n<li>sveobuhvatna procjena ne\u010dinjenja zna\u010dajne \u0161tete (DNSH na\u010delo) gospodarskih djelatnosti (provjera naziva)<\/li>\n\n\n\n<li>procjena taksonomski prihvatljivih i uskla\u0111enih gospodarskih djelatnosti\/aktivnosti<\/li>\n\n\n\n<li>izrada plana kapitalnih ulaganja (CapEx) za pro\u0161irenje taksonomski uskla\u0111enih djelatnosti i\/ili uskla\u0111ivanje taksonomski prihvatljivih djelatnosti<\/li>\n\n\n\n<li>edukativne radionice (CSRD\/ESRS, ESRS za mala i srednja poduze\u0107a, Taksonomija EU-a, uglji\u010dni otisak, bioraznolikost i ekosustavi, odr\u017eivo kori\u0161tenje i za\u0161tita voda i morskih resursa, prijelaz na kru\u017eno gospodarstvo, &#8230;)<\/li>\n<\/ul>\n","protected":false},"excerpt":{"rendered":"","protected":false},"author":2,"featured_media":0,"parent":9717,"menu_order":0,"comment_status":"closed","ping_status":"closed","template":"","meta":{"_acf_changed":false,"footnotes":""},"class_list":["post-9839","page","type-page","status-publish","hentry"],"acf":[],"yoast_head":"<!-- This site is optimized with the Yoast SEO plugin v27.0 - https:\/\/yoast.com\/product\/yoast-seo-wordpress\/ -->\n<title>Usluge na razini poduze\u0107a &#8211; Oikon d.o.o.<\/title>\n<meta name=\"description\" content=\"Izvje\u0161tavanje o odr\u017eivosti i izrada strategija o odr\u017eivosti (ESG strategija) \u2013 na temelju CSRD\/ESRS, prijelaz s izvje\u0161tavanja na temelju GRI standarda na\" \/>\n<meta name=\"robots\" content=\"index, follow, max-snippet:-1, max-image-preview:large, max-video-preview:-1\" \/>\n<link rel=\"canonical\" href=\"https:\/\/oikon.hr\/hr\/usluge-za-odrzivost\/usluge-na-razini-poduzeca\/\" \/>\n<meta property=\"og:locale\" content=\"hr_HR\" \/>\n<meta property=\"og:type\" content=\"article\" \/>\n<meta property=\"og:title\" content=\"Usluge na razini poduze\u0107a &#8211; Oikon d.o.o.\" \/>\n<meta property=\"og:description\" content=\"Izvje\u0161tavanje o odr\u017eivosti i izrada strategija o odr\u017eivosti (ESG strategija) \u2013 na temelju CSRD\/ESRS, prijelaz s izvje\u0161tavanja na temelju GRI standarda na\" \/>\n<meta property=\"og:url\" content=\"https:\/\/oikon.hr\/hr\/usluge-za-odrzivost\/usluge-na-razini-poduzeca\/\" \/>\n<meta property=\"og:site_name\" content=\"Oikon d.o.o.\" \/>\n<meta property=\"article:publisher\" content=\"http:\/\/www.facebook.com\/OikonLtd\/\" \/>\n<meta property=\"article:modified_time\" content=\"2024-03-05T08:28:01+00:00\" \/>\n<meta name=\"twitter:card\" content=\"summary_large_image\" \/>\n<meta name=\"twitter:site\" content=\"@OikonLtd\" \/>\n<meta name=\"twitter:label1\" content=\"Est. reading time\" \/>\n\t<meta name=\"twitter:data1\" content=\"1 minute\" \/>\n<script type=\"application\/ld+json\" class=\"yoast-schema-graph\">{\"@context\":\"https:\/\/schema.org\",\"@graph\":[{\"@type\":\"WebPage\",\"@id\":\"https:\/\/oikon.hr\/hr\/usluge-za-odrzivost\/usluge-na-razini-poduzeca\/\",\"url\":\"https:\/\/oikon.hr\/hr\/usluge-za-odrzivost\/usluge-na-razini-poduzeca\/\",\"name\":\"Usluge na razini poduze\u0107a &#8211; Oikon d.o.o.\",\"isPartOf\":{\"@id\":\"https:\/\/oikon.hr\/#website\"},\"datePublished\":\"2023-11-23T14:39:31+00:00\",\"dateModified\":\"2024-03-05T08:28:01+00:00\",\"description\":\"Izvje\u0161tavanje o odr\u017eivosti i izrada strategija o odr\u017eivosti (ESG strategija) \u2013 na temelju CSRD\/ESRS, prijelaz s izvje\u0161tavanja na temelju GRI standarda na\",\"breadcrumb\":{\"@id\":\"https:\/\/oikon.hr\/hr\/usluge-za-odrzivost\/usluge-na-razini-poduzeca\/#breadcrumb\"},\"inLanguage\":\"hr-HR\",\"potentialAction\":[{\"@type\":\"ReadAction\",\"target\":[\"https:\/\/oikon.hr\/hr\/usluge-za-odrzivost\/usluge-na-razini-poduzeca\/\"]}]},{\"@type\":\"BreadcrumbList\",\"@id\":\"https:\/\/oikon.hr\/hr\/usluge-za-odrzivost\/usluge-na-razini-poduzeca\/#breadcrumb\",\"itemListElement\":[{\"@type\":\"ListItem\",\"position\":1,\"name\":\"\",\"item\":\"https:\/\/oikon.hr\/hr\/\"},{\"@type\":\"ListItem\",\"position\":2,\"name\":\"Usluge za odr\u017eivost\",\"item\":\"https:\/\/oikon.hr\/hr\/usluge-za-odrzivost\/\"},{\"@type\":\"ListItem\",\"position\":3,\"name\":\"Usluge na razini poduze\u0107a\"}]},{\"@type\":\"WebSite\",\"@id\":\"https:\/\/oikon.hr\/#website\",\"url\":\"https:\/\/oikon.hr\/\",\"name\":\"Oikon d.o.o.\",\"description\":\"Institut za primijenjenu ekologiju\",\"publisher\":{\"@id\":\"https:\/\/oikon.hr\/#organization\"},\"alternateName\":\"OIKON\",\"potentialAction\":[{\"@type\":\"SearchAction\",\"target\":{\"@type\":\"EntryPoint\",\"urlTemplate\":\"https:\/\/oikon.hr\/?s={search_term_string}\"},\"query-input\":{\"@type\":\"PropertyValueSpecification\",\"valueRequired\":true,\"valueName\":\"search_term_string\"}}],\"inLanguage\":\"hr-HR\"},{\"@type\":\"Organization\",\"@id\":\"https:\/\/oikon.hr\/#organization\",\"name\":\"Oikon d.o.o. - Institut za primijenjenu ekologiju\",\"alternateName\":\"OIKON\",\"url\":\"https:\/\/oikon.hr\/\",\"logo\":{\"@type\":\"ImageObject\",\"inLanguage\":\"hr-HR\",\"@id\":\"https:\/\/oikon.hr\/#\/schema\/logo\/image\/\",\"url\":\"https:\/\/oikon.hr\/cms\/wp-content\/uploads\/2021\/01\/OIKON_R_logo_transparent.png\",\"contentUrl\":\"https:\/\/oikon.hr\/cms\/wp-content\/uploads\/2021\/01\/OIKON_R_logo_transparent.png\",\"width\":1660,\"height\":541,\"caption\":\"Oikon d.o.o. - Institut za primijenjenu ekologiju\"},\"image\":{\"@id\":\"https:\/\/oikon.hr\/#\/schema\/logo\/image\/\"},\"sameAs\":[\"http:\/\/www.facebook.com\/OikonLtd\/\",\"https:\/\/x.com\/OikonLtd\",\"https:\/\/www.instagram.com\/oikon_ltd\/\",\"https:\/\/www.linkedin.com\/company\/oikon---institute-for-applied-technology\/\",\"https:\/\/www.youtube.com\/channel\/UCu_eJ0ct90AEN8D85KWcRHQ\"]}]}<\/script>\n<!-- \/ Yoast SEO plugin. -->","yoast_head_json":{"title":"Usluge na razini poduze\u0107a &#8211; Oikon d.o.o.","description":"Izvje\u0161tavanje o odr\u017eivosti i izrada strategija o odr\u017eivosti (ESG strategija) \u2013 na temelju CSRD\/ESRS, prijelaz s izvje\u0161tavanja na temelju GRI standarda na","robots":{"index":"index","follow":"follow","max-snippet":"max-snippet:-1","max-image-preview":"max-image-preview:large","max-video-preview":"max-video-preview:-1"},"canonical":"https:\/\/oikon.hr\/hr\/usluge-za-odrzivost\/usluge-na-razini-poduzeca\/","og_locale":"hr_HR","og_type":"article","og_title":"Usluge na razini poduze\u0107a &#8211; Oikon d.o.o.","og_description":"Izvje\u0161tavanje o odr\u017eivosti i izrada strategija o odr\u017eivosti (ESG strategija) \u2013 na temelju CSRD\/ESRS, prijelaz s izvje\u0161tavanja na temelju GRI standarda na","og_url":"https:\/\/oikon.hr\/hr\/usluge-za-odrzivost\/usluge-na-razini-poduzeca\/","og_site_name":"Oikon d.o.o.","article_publisher":"http:\/\/www.facebook.com\/OikonLtd\/","article_modified_time":"2024-03-05T08:28:01+00:00","twitter_card":"summary_large_image","twitter_site":"@OikonLtd","twitter_misc":{"Est. reading time":"1 minute"},"schema":{"@context":"https:\/\/schema.org","@graph":[{"@type":"WebPage","@id":"https:\/\/oikon.hr\/hr\/usluge-za-odrzivost\/usluge-na-razini-poduzeca\/","url":"https:\/\/oikon.hr\/hr\/usluge-za-odrzivost\/usluge-na-razini-poduzeca\/","name":"Usluge na razini poduze\u0107a &#8211; Oikon d.o.o.","isPartOf":{"@id":"https:\/\/oikon.hr\/#website"},"datePublished":"2023-11-23T14:39:31+00:00","dateModified":"2024-03-05T08:28:01+00:00","description":"Izvje\u0161tavanje o odr\u017eivosti i izrada strategija o odr\u017eivosti (ESG strategija) \u2013 na temelju CSRD\/ESRS, prijelaz s izvje\u0161tavanja na temelju GRI standarda na","breadcrumb":{"@id":"https:\/\/oikon.hr\/hr\/usluge-za-odrzivost\/usluge-na-razini-poduzeca\/#breadcrumb"},"inLanguage":"hr-HR","potentialAction":[{"@type":"ReadAction","target":["https:\/\/oikon.hr\/hr\/usluge-za-odrzivost\/usluge-na-razini-poduzeca\/"]}]},{"@type":"BreadcrumbList","@id":"https:\/\/oikon.hr\/hr\/usluge-za-odrzivost\/usluge-na-razini-poduzeca\/#breadcrumb","itemListElement":[{"@type":"ListItem","position":1,"name":"","item":"https:\/\/oikon.hr\/hr\/"},{"@type":"ListItem","position":2,"name":"Usluge za odr\u017eivost","item":"https:\/\/oikon.hr\/hr\/usluge-za-odrzivost\/"},{"@type":"ListItem","position":3,"name":"Usluge na razini poduze\u0107a"}]},{"@type":"WebSite","@id":"https:\/\/oikon.hr\/#website","url":"https:\/\/oikon.hr\/","name":"Oikon d.o.o.","description":"Institut za primijenjenu ekologiju","publisher":{"@id":"https:\/\/oikon.hr\/#organization"},"alternateName":"OIKON","potentialAction":[{"@type":"SearchAction","target":{"@type":"EntryPoint","urlTemplate":"https:\/\/oikon.hr\/?s={search_term_string}"},"query-input":{"@type":"PropertyValueSpecification","valueRequired":true,"valueName":"search_term_string"}}],"inLanguage":"hr-HR"},{"@type":"Organization","@id":"https:\/\/oikon.hr\/#organization","name":"Oikon d.o.o. - Institut za primijenjenu ekologiju","alternateName":"OIKON","url":"https:\/\/oikon.hr\/","logo":{"@type":"ImageObject","inLanguage":"hr-HR","@id":"https:\/\/oikon.hr\/#\/schema\/logo\/image\/","url":"https:\/\/oikon.hr\/cms\/wp-content\/uploads\/2021\/01\/OIKON_R_logo_transparent.png","contentUrl":"https:\/\/oikon.hr\/cms\/wp-content\/uploads\/2021\/01\/OIKON_R_logo_transparent.png","width":1660,"height":541,"caption":"Oikon d.o.o. - Institut za primijenjenu ekologiju"},"image":{"@id":"https:\/\/oikon.hr\/#\/schema\/logo\/image\/"},"sameAs":["http:\/\/www.facebook.com\/OikonLtd\/","https:\/\/x.com\/OikonLtd","https:\/\/www.instagram.com\/oikon_ltd\/","https:\/\/www.linkedin.com\/company\/oikon---institute-for-applied-technology\/","https:\/\/www.youtube.com\/channel\/UCu_eJ0ct90AEN8D85KWcRHQ"]}]}},"_links":{"self":[{"href":"https:\/\/oikon.hr\/hr\/wp-json\/wp\/v2\/pages\/9839","targetHints":{"allow":["GET"]}}],"collection":[{"href":"https:\/\/oikon.hr\/hr\/wp-json\/wp\/v2\/pages"}],"about":[{"href":"https:\/\/oikon.hr\/hr\/wp-json\/wp\/v2\/types\/page"}],"author":[{"embeddable":true,"href":"https:\/\/oikon.hr\/hr\/wp-json\/wp\/v2\/users\/2"}],"replies":[{"embeddable":true,"href":"https:\/\/oikon.hr\/hr\/wp-json\/wp\/v2\/comments?post=9839"}],"version-history":[{"count":2,"href":"https:\/\/oikon.hr\/hr\/wp-json\/wp\/v2\/pages\/9839\/revisions"}],"predecessor-version":[{"id":10532,"href":"https:\/\/oikon.hr\/hr\/wp-json\/wp\/v2\/pages\/9839\/revisions\/10532"}],"up":[{"embeddable":true,"href":"https:\/\/oikon.hr\/hr\/wp-json\/wp\/v2\/pages\/9717"}],"wp:attachment":[{"href":"https:\/\/oikon.hr\/hr\/wp-json\/wp\/v2\/media?parent=9839"}],"curies":[{"name":"wp","href":"https:\/\/api.w.org\/{rel}","templated":true}]}}