{"id":9841,"date":"2023-11-23T15:43:08","date_gmt":"2023-11-23T14:43:08","guid":{"rendered":"https:\/\/oikon.hr\/sustainability-services\/highly-specialised-services\/"},"modified":"2023-12-13T11:06:36","modified_gmt":"2023-12-13T10:06:36","slug":"visokospecijalizirane-usluge","status":"publish","type":"page","link":"https:\/\/oikon.hr\/hr\/usluge-za-odrzivost\/visokospecijalizirane-usluge\/","title":{"rendered":"Visokospecijalizirane usluge"},"content":{"rendered":"\n<ul class=\"wp-block-list\">\n<li>Procjena fizi\u010dkih i tranzicijskih rizika klime u lancu vrijednosti uz kori\u0161tenje i analizu razli\u010ditih klimatskih scenarija (ESRS 2 IRO-1)<\/li>\n\n\n\n<li>Procjena otpornosti poslovnog modela i strategije u odnosu na klimatske promjene, uklju\u010duju\u0107i i kori\u0161tenje klimatskih scenarija <strong><em>&nbsp;<\/em><\/strong>(ESRS 2 SBM-3)<\/li>\n\n\n\n<li>Daljinsko promatranje kao podr\u0161ka procjeni otpornosti poslovnog modela i strategije na klimatske promjene (ESRS 2 SBM-3)<\/li>\n\n\n\n<li>Uspostava sustava za odre\u0111ivanje interne cijene ugljika (ESRS&nbsp; E1)<\/li>\n\n\n\n<li>Izrada tranzicijskog plana za ubla\u017eavanje klimatskih promjena (ESRS E1-1)<\/li>\n\n\n\n<li>Procjena otpornosti poslovnog modela i strategije u odnosu na bioraznolikost i ekosustave i izrada tranzicijskog plana za bioraznolikost i ekosustave (ESRS E4-1)<\/li>\n\n\n\n<li>Daljinsko promatranje kao podr\u0161ka procjeni otpornosti poslovnog modela i strategije u odnosu na bioraznolikost i ekosustave (ESRS E4-1)<\/li>\n\n\n\n<li>Podr\u0161ka u pronalasku izvora sredstva za financiranje tranzicije na niskouglji\u010dno poslovanje.<\/li>\n<\/ul>\n","protected":false},"excerpt":{"rendered":"","protected":false},"author":2,"featured_media":0,"parent":9717,"menu_order":0,"comment_status":"closed","ping_status":"closed","template":"","meta":{"_acf_changed":false,"footnotes":""},"class_list":["post-9841","page","type-page","status-publish","hentry"],"acf":[],"yoast_head":"<!-- This site is optimized with the Yoast SEO plugin v27.0 - https:\/\/yoast.com\/product\/yoast-seo-wordpress\/ -->\n<title>Visokospecijalizirane usluge &#8211; Oikon d.o.o.<\/title>\n<meta name=\"description\" content=\"Procjena fizi\u010dkih i tranzicijskih rizika klime u lancu vrijednosti uz kori\u0161tenje i analizu razli\u010ditih klimatskih scenarija (ESRS 2 IRO-1) Procjena\" \/>\n<meta name=\"robots\" content=\"index, follow, max-snippet:-1, max-image-preview:large, max-video-preview:-1\" \/>\n<link rel=\"canonical\" href=\"https:\/\/oikon.hr\/hr\/usluge-za-odrzivost\/visokospecijalizirane-usluge\/\" \/>\n<meta property=\"og:locale\" content=\"hr_HR\" \/>\n<meta property=\"og:type\" content=\"article\" \/>\n<meta property=\"og:title\" content=\"Visokospecijalizirane usluge &#8211; Oikon d.o.o.\" \/>\n<meta property=\"og:description\" content=\"Procjena fizi\u010dkih i tranzicijskih rizika klime u lancu vrijednosti uz kori\u0161tenje i analizu razli\u010ditih klimatskih scenarija (ESRS 2 IRO-1) Procjena\" \/>\n<meta property=\"og:url\" content=\"https:\/\/oikon.hr\/hr\/usluge-za-odrzivost\/visokospecijalizirane-usluge\/\" \/>\n<meta property=\"og:site_name\" content=\"Oikon d.o.o.\" \/>\n<meta property=\"article:publisher\" content=\"http:\/\/www.facebook.com\/OikonLtd\/\" \/>\n<meta property=\"article:modified_time\" content=\"2023-12-13T10:06:36+00:00\" \/>\n<meta name=\"twitter:card\" content=\"summary_large_image\" \/>\n<meta name=\"twitter:site\" content=\"@OikonLtd\" \/>\n<meta name=\"twitter:label1\" content=\"Est. reading time\" \/>\n\t<meta name=\"twitter:data1\" content=\"1 minute\" \/>\n<script type=\"application\/ld+json\" class=\"yoast-schema-graph\">{\"@context\":\"https:\/\/schema.org\",\"@graph\":[{\"@type\":\"WebPage\",\"@id\":\"https:\/\/oikon.hr\/hr\/usluge-za-odrzivost\/visokospecijalizirane-usluge\/\",\"url\":\"https:\/\/oikon.hr\/hr\/usluge-za-odrzivost\/visokospecijalizirane-usluge\/\",\"name\":\"Visokospecijalizirane usluge &#8211; Oikon d.o.o.\",\"isPartOf\":{\"@id\":\"https:\/\/oikon.hr\/#website\"},\"datePublished\":\"2023-11-23T14:43:08+00:00\",\"dateModified\":\"2023-12-13T10:06:36+00:00\",\"description\":\"Procjena fizi\u010dkih i tranzicijskih rizika klime u lancu vrijednosti uz kori\u0161tenje i analizu razli\u010ditih klimatskih scenarija (ESRS 2 IRO-1) Procjena\",\"breadcrumb\":{\"@id\":\"https:\/\/oikon.hr\/hr\/usluge-za-odrzivost\/visokospecijalizirane-usluge\/#breadcrumb\"},\"inLanguage\":\"hr-HR\",\"potentialAction\":[{\"@type\":\"ReadAction\",\"target\":[\"https:\/\/oikon.hr\/hr\/usluge-za-odrzivost\/visokospecijalizirane-usluge\/\"]}]},{\"@type\":\"BreadcrumbList\",\"@id\":\"https:\/\/oikon.hr\/hr\/usluge-za-odrzivost\/visokospecijalizirane-usluge\/#breadcrumb\",\"itemListElement\":[{\"@type\":\"ListItem\",\"position\":1,\"name\":\"\",\"item\":\"https:\/\/oikon.hr\/hr\/\"},{\"@type\":\"ListItem\",\"position\":2,\"name\":\"Usluge za odr\u017eivost\",\"item\":\"https:\/\/oikon.hr\/hr\/usluge-za-odrzivost\/\"},{\"@type\":\"ListItem\",\"position\":3,\"name\":\"Visokospecijalizirane usluge\"}]},{\"@type\":\"WebSite\",\"@id\":\"https:\/\/oikon.hr\/#website\",\"url\":\"https:\/\/oikon.hr\/\",\"name\":\"Oikon d.o.o.\",\"description\":\"Institut za primijenjenu ekologiju\",\"publisher\":{\"@id\":\"https:\/\/oikon.hr\/#organization\"},\"alternateName\":\"OIKON\",\"potentialAction\":[{\"@type\":\"SearchAction\",\"target\":{\"@type\":\"EntryPoint\",\"urlTemplate\":\"https:\/\/oikon.hr\/?s={search_term_string}\"},\"query-input\":{\"@type\":\"PropertyValueSpecification\",\"valueRequired\":true,\"valueName\":\"search_term_string\"}}],\"inLanguage\":\"hr-HR\"},{\"@type\":\"Organization\",\"@id\":\"https:\/\/oikon.hr\/#organization\",\"name\":\"Oikon d.o.o. - Institut za primijenjenu ekologiju\",\"alternateName\":\"OIKON\",\"url\":\"https:\/\/oikon.hr\/\",\"logo\":{\"@type\":\"ImageObject\",\"inLanguage\":\"hr-HR\",\"@id\":\"https:\/\/oikon.hr\/#\/schema\/logo\/image\/\",\"url\":\"https:\/\/oikon.hr\/cms\/wp-content\/uploads\/2021\/01\/OIKON_R_logo_transparent.png\",\"contentUrl\":\"https:\/\/oikon.hr\/cms\/wp-content\/uploads\/2021\/01\/OIKON_R_logo_transparent.png\",\"width\":1660,\"height\":541,\"caption\":\"Oikon d.o.o. - Institut za primijenjenu ekologiju\"},\"image\":{\"@id\":\"https:\/\/oikon.hr\/#\/schema\/logo\/image\/\"},\"sameAs\":[\"http:\/\/www.facebook.com\/OikonLtd\/\",\"https:\/\/x.com\/OikonLtd\",\"https:\/\/www.instagram.com\/oikon_ltd\/\",\"https:\/\/www.linkedin.com\/company\/oikon---institute-for-applied-technology\/\",\"https:\/\/www.youtube.com\/channel\/UCu_eJ0ct90AEN8D85KWcRHQ\"]}]}<\/script>\n<!-- \/ Yoast SEO plugin. -->","yoast_head_json":{"title":"Visokospecijalizirane usluge &#8211; Oikon d.o.o.","description":"Procjena fizi\u010dkih i tranzicijskih rizika klime u lancu vrijednosti uz kori\u0161tenje i analizu razli\u010ditih klimatskih scenarija (ESRS 2 IRO-1) Procjena","robots":{"index":"index","follow":"follow","max-snippet":"max-snippet:-1","max-image-preview":"max-image-preview:large","max-video-preview":"max-video-preview:-1"},"canonical":"https:\/\/oikon.hr\/hr\/usluge-za-odrzivost\/visokospecijalizirane-usluge\/","og_locale":"hr_HR","og_type":"article","og_title":"Visokospecijalizirane usluge &#8211; Oikon d.o.o.","og_description":"Procjena fizi\u010dkih i tranzicijskih rizika klime u lancu vrijednosti uz kori\u0161tenje i analizu razli\u010ditih klimatskih scenarija (ESRS 2 IRO-1) Procjena","og_url":"https:\/\/oikon.hr\/hr\/usluge-za-odrzivost\/visokospecijalizirane-usluge\/","og_site_name":"Oikon d.o.o.","article_publisher":"http:\/\/www.facebook.com\/OikonLtd\/","article_modified_time":"2023-12-13T10:06:36+00:00","twitter_card":"summary_large_image","twitter_site":"@OikonLtd","twitter_misc":{"Est. reading time":"1 minute"},"schema":{"@context":"https:\/\/schema.org","@graph":[{"@type":"WebPage","@id":"https:\/\/oikon.hr\/hr\/usluge-za-odrzivost\/visokospecijalizirane-usluge\/","url":"https:\/\/oikon.hr\/hr\/usluge-za-odrzivost\/visokospecijalizirane-usluge\/","name":"Visokospecijalizirane usluge &#8211; Oikon d.o.o.","isPartOf":{"@id":"https:\/\/oikon.hr\/#website"},"datePublished":"2023-11-23T14:43:08+00:00","dateModified":"2023-12-13T10:06:36+00:00","description":"Procjena fizi\u010dkih i tranzicijskih rizika klime u lancu vrijednosti uz kori\u0161tenje i analizu razli\u010ditih klimatskih scenarija (ESRS 2 IRO-1) Procjena","breadcrumb":{"@id":"https:\/\/oikon.hr\/hr\/usluge-za-odrzivost\/visokospecijalizirane-usluge\/#breadcrumb"},"inLanguage":"hr-HR","potentialAction":[{"@type":"ReadAction","target":["https:\/\/oikon.hr\/hr\/usluge-za-odrzivost\/visokospecijalizirane-usluge\/"]}]},{"@type":"BreadcrumbList","@id":"https:\/\/oikon.hr\/hr\/usluge-za-odrzivost\/visokospecijalizirane-usluge\/#breadcrumb","itemListElement":[{"@type":"ListItem","position":1,"name":"","item":"https:\/\/oikon.hr\/hr\/"},{"@type":"ListItem","position":2,"name":"Usluge za odr\u017eivost","item":"https:\/\/oikon.hr\/hr\/usluge-za-odrzivost\/"},{"@type":"ListItem","position":3,"name":"Visokospecijalizirane usluge"}]},{"@type":"WebSite","@id":"https:\/\/oikon.hr\/#website","url":"https:\/\/oikon.hr\/","name":"Oikon d.o.o.","description":"Institut za primijenjenu ekologiju","publisher":{"@id":"https:\/\/oikon.hr\/#organization"},"alternateName":"OIKON","potentialAction":[{"@type":"SearchAction","target":{"@type":"EntryPoint","urlTemplate":"https:\/\/oikon.hr\/?s={search_term_string}"},"query-input":{"@type":"PropertyValueSpecification","valueRequired":true,"valueName":"search_term_string"}}],"inLanguage":"hr-HR"},{"@type":"Organization","@id":"https:\/\/oikon.hr\/#organization","name":"Oikon d.o.o. - Institut za primijenjenu ekologiju","alternateName":"OIKON","url":"https:\/\/oikon.hr\/","logo":{"@type":"ImageObject","inLanguage":"hr-HR","@id":"https:\/\/oikon.hr\/#\/schema\/logo\/image\/","url":"https:\/\/oikon.hr\/cms\/wp-content\/uploads\/2021\/01\/OIKON_R_logo_transparent.png","contentUrl":"https:\/\/oikon.hr\/cms\/wp-content\/uploads\/2021\/01\/OIKON_R_logo_transparent.png","width":1660,"height":541,"caption":"Oikon d.o.o. - Institut za primijenjenu ekologiju"},"image":{"@id":"https:\/\/oikon.hr\/#\/schema\/logo\/image\/"},"sameAs":["http:\/\/www.facebook.com\/OikonLtd\/","https:\/\/x.com\/OikonLtd","https:\/\/www.instagram.com\/oikon_ltd\/","https:\/\/www.linkedin.com\/company\/oikon---institute-for-applied-technology\/","https:\/\/www.youtube.com\/channel\/UCu_eJ0ct90AEN8D85KWcRHQ"]}]}},"_links":{"self":[{"href":"https:\/\/oikon.hr\/hr\/wp-json\/wp\/v2\/pages\/9841","targetHints":{"allow":["GET"]}}],"collection":[{"href":"https:\/\/oikon.hr\/hr\/wp-json\/wp\/v2\/pages"}],"about":[{"href":"https:\/\/oikon.hr\/hr\/wp-json\/wp\/v2\/types\/page"}],"author":[{"embeddable":true,"href":"https:\/\/oikon.hr\/hr\/wp-json\/wp\/v2\/users\/2"}],"replies":[{"embeddable":true,"href":"https:\/\/oikon.hr\/hr\/wp-json\/wp\/v2\/comments?post=9841"}],"version-history":[{"count":1,"href":"https:\/\/oikon.hr\/hr\/wp-json\/wp\/v2\/pages\/9841\/revisions"}],"predecessor-version":[{"id":9842,"href":"https:\/\/oikon.hr\/hr\/wp-json\/wp\/v2\/pages\/9841\/revisions\/9842"}],"up":[{"embeddable":true,"href":"https:\/\/oikon.hr\/hr\/wp-json\/wp\/v2\/pages\/9717"}],"wp:attachment":[{"href":"https:\/\/oikon.hr\/hr\/wp-json\/wp\/v2\/media?parent=9841"}],"curies":[{"name":"wp","href":"https:\/\/api.w.org\/{rel}","templated":true}]}}