{"id":9846,"date":"2023-11-23T15:44:12","date_gmt":"2023-11-23T14:44:12","guid":{"rendered":"https:\/\/oikon.hr\/sustainability-services\/usluge-oikon-mea\/"},"modified":"2024-03-05T09:28:47","modified_gmt":"2024-03-05T08:28:47","slug":"usluge-oikon-mea","status":"publish","type":"page","link":"https:\/\/oikon.hr\/hr\/usluge-za-odrzivost\/usluge-oikon-mea\/","title":{"rendered":"Usluge Oikon MEA"},"content":{"rendered":"\n<ul class=\"wp-block-list\">\n<li>GAP analiza zahtjeva ISSB-a\/IFRS standarda i\/ili regulatornih zahtjeva EU-a u pogledu odr\u017eivosti i sada\u0161njeg stanja izvje\u0161tavanja (na primjer, izvje\u0161tavanje na temelju GRI standarda)<\/li>\n\n\n\n<li>Izrada strategija o odr\u017eivosti (ESG strategija) \u2013 na temelju me\u0111unarodno priznatih okvira i standarda, kao na primjer, GRI, ISSB\/IFRS, SASB, ESRS, itd.<\/li>\n\n\n\n<li>Priprema izvje\u0161taja o odr\u017eivosti (ESG izvje\u0161taj) \u2013 na temelju me\u0111unarodno priznatih okvira i standarda, kao na primjer, GRI, ISSB\/IFRS, SASB, ESRS, itd.<\/li>\n\n\n\n<li>Analiza uglji\u010dnog otiska<\/li>\n\n\n\n<li>Procjene \u017eivotnog ciklusa proizvoda (LCA)<\/li>\n\n\n\n<li>GAP analiza i provjera uskla\u0111enosti s propisima<\/li>\n\n\n\n<li>Priprema propisa I drugih zakona<\/li>\n\n\n\n<li>Pravna mi\u0161ljenja<\/li>\n\n\n\n<li>Oblikovanje i pregled politika<\/li>\n\n\n\n<li>Priprema pravnih dokumenata I pregled<\/li>\n\n\n\n<li>Analiza sudske prakse<\/li>\n\n\n\n<li>Odnosi s tijelima vlastima<\/li>\n\n\n\n<li>Edukacija i izgradnja kapaciteta<\/li>\n\n\n\n<li>Inicijative za odr\u017eivost<\/li>\n\n\n\n<li>Odr\u017eivo financiranje<\/li>\n<\/ul>\n\n\n\n<div style=\"height:60px\" aria-hidden=\"true\" class=\"wp-block-spacer\"><\/div>\n\n\n\n<figure class=\"wp-block-image size-medium\"><img loading=\"lazy\" decoding=\"async\" width=\"300\" height=\"87\" src=\"https:\/\/oikon.hr\/cms\/wp-content\/uploads\/2023\/12\/OIKON-MEA-RGB-300x87.png\" alt=\"\" class=\"wp-image-9745\" srcset=\"https:\/\/oikon.hr\/cms\/wp-content\/uploads\/2023\/12\/OIKON-MEA-RGB-300x87.png 300w, https:\/\/oikon.hr\/cms\/wp-content\/uploads\/2023\/12\/OIKON-MEA-RGB-1024x295.png 1024w, https:\/\/oikon.hr\/cms\/wp-content\/uploads\/2023\/12\/OIKON-MEA-RGB-150x43.png 150w, https:\/\/oikon.hr\/cms\/wp-content\/uploads\/2023\/12\/OIKON-MEA-RGB-768x222.png 768w, https:\/\/oikon.hr\/cms\/wp-content\/uploads\/2023\/12\/OIKON-MEA-RGB-1536x443.png 1536w, https:\/\/oikon.hr\/cms\/wp-content\/uploads\/2023\/12\/OIKON-MEA-RGB.png 2000w\" sizes=\"auto, (max-width: 300px) 100vw, 300px\" \/><\/figure>\n\n\n\n<p>Oikon MEA Ltd. je konzultantska tvrtka za odr\u017eivi razvoj i ekologiju sa sjedi\u0161tem u Dubaiju, UAE, koja pokriva podru\u010dje Bliskog istoka i Afrike. Za vi\u0161e informacija, posjetite: <strong><a href=\"https:\/\/oikonmea.ae\/\" target=\"_blank\" rel=\"noreferrer noopener\">https:\/\/oikonmea.ae\/<\/a><\/strong> <\/p>\n","protected":false},"excerpt":{"rendered":"<p>Oikon MEA Ltd. je konzultantska tvrtka za odr\u017eivi razvoj i ekologiju sa sjedi\u0161tem u Dubaiju, UAE, koja pokriva podru\u010dje Bliskog istoka i Afrike. Za vi\u0161e informacija, posjetite: https:\/\/oikonmea.ae\/<\/p>\n","protected":false},"author":2,"featured_media":0,"parent":9717,"menu_order":0,"comment_status":"closed","ping_status":"closed","template":"","meta":{"_acf_changed":false,"footnotes":""},"class_list":["post-9846","page","type-page","status-publish","hentry"],"acf":[],"yoast_head":"<!-- This site is optimized with the Yoast SEO plugin v27.0 - https:\/\/yoast.com\/product\/yoast-seo-wordpress\/ -->\n<title>Usluge Oikon MEA &#8211; Oikon d.o.o.<\/title>\n<meta name=\"description\" content=\"GAP analiza zahtjeva ISSB-a\/IFRS standarda i\/ili regulatornih zahtjeva EU-a u pogledu odr\u017eivosti i sada\u0161njeg stanja izvje\u0161tavanja (na primjer,\" \/>\n<meta name=\"robots\" content=\"index, follow, max-snippet:-1, max-image-preview:large, max-video-preview:-1\" \/>\n<link rel=\"canonical\" href=\"https:\/\/oikon.hr\/hr\/usluge-za-odrzivost\/usluge-oikon-mea\/\" \/>\n<meta property=\"og:locale\" content=\"hr_HR\" \/>\n<meta property=\"og:type\" content=\"article\" \/>\n<meta property=\"og:title\" content=\"Usluge Oikon MEA &#8211; Oikon d.o.o.\" \/>\n<meta property=\"og:description\" content=\"GAP analiza zahtjeva ISSB-a\/IFRS standarda i\/ili regulatornih zahtjeva EU-a u pogledu odr\u017eivosti i sada\u0161njeg stanja izvje\u0161tavanja (na primjer,\" \/>\n<meta property=\"og:url\" content=\"https:\/\/oikon.hr\/hr\/usluge-za-odrzivost\/usluge-oikon-mea\/\" \/>\n<meta property=\"og:site_name\" content=\"Oikon d.o.o.\" \/>\n<meta property=\"article:publisher\" content=\"http:\/\/www.facebook.com\/OikonLtd\/\" \/>\n<meta property=\"article:modified_time\" content=\"2024-03-05T08:28:47+00:00\" \/>\n<meta property=\"og:image\" content=\"https:\/\/oikon.hr\/cms\/wp-content\/uploads\/2023\/12\/OIKON-MEA-RGB-300x87.png\" \/>\n<meta name=\"twitter:card\" content=\"summary_large_image\" \/>\n<meta name=\"twitter:site\" content=\"@OikonLtd\" \/>\n<meta name=\"twitter:label1\" content=\"Est. reading time\" \/>\n\t<meta name=\"twitter:data1\" content=\"1 minute\" \/>\n<script type=\"application\/ld+json\" class=\"yoast-schema-graph\">{\"@context\":\"https:\/\/schema.org\",\"@graph\":[{\"@type\":\"WebPage\",\"@id\":\"https:\/\/oikon.hr\/hr\/usluge-za-odrzivost\/usluge-oikon-mea\/\",\"url\":\"https:\/\/oikon.hr\/hr\/usluge-za-odrzivost\/usluge-oikon-mea\/\",\"name\":\"Usluge Oikon MEA &#8211; Oikon d.o.o.\",\"isPartOf\":{\"@id\":\"https:\/\/oikon.hr\/#website\"},\"primaryImageOfPage\":{\"@id\":\"https:\/\/oikon.hr\/hr\/usluge-za-odrzivost\/usluge-oikon-mea\/#primaryimage\"},\"image\":{\"@id\":\"https:\/\/oikon.hr\/hr\/usluge-za-odrzivost\/usluge-oikon-mea\/#primaryimage\"},\"thumbnailUrl\":\"https:\/\/oikon.hr\/cms\/wp-content\/uploads\/2023\/12\/OIKON-MEA-RGB-300x87.png\",\"datePublished\":\"2023-11-23T14:44:12+00:00\",\"dateModified\":\"2024-03-05T08:28:47+00:00\",\"description\":\"GAP analiza zahtjeva ISSB-a\/IFRS standarda i\/ili regulatornih zahtjeva EU-a u pogledu odr\u017eivosti i sada\u0161njeg stanja izvje\u0161tavanja (na primjer,\",\"breadcrumb\":{\"@id\":\"https:\/\/oikon.hr\/hr\/usluge-za-odrzivost\/usluge-oikon-mea\/#breadcrumb\"},\"inLanguage\":\"hr-HR\",\"potentialAction\":[{\"@type\":\"ReadAction\",\"target\":[\"https:\/\/oikon.hr\/hr\/usluge-za-odrzivost\/usluge-oikon-mea\/\"]}]},{\"@type\":\"ImageObject\",\"inLanguage\":\"hr-HR\",\"@id\":\"https:\/\/oikon.hr\/hr\/usluge-za-odrzivost\/usluge-oikon-mea\/#primaryimage\",\"url\":\"https:\/\/oikon.hr\/cms\/wp-content\/uploads\/2023\/12\/OIKON-MEA-RGB-300x87.png\",\"contentUrl\":\"https:\/\/oikon.hr\/cms\/wp-content\/uploads\/2023\/12\/OIKON-MEA-RGB-300x87.png\"},{\"@type\":\"BreadcrumbList\",\"@id\":\"https:\/\/oikon.hr\/hr\/usluge-za-odrzivost\/usluge-oikon-mea\/#breadcrumb\",\"itemListElement\":[{\"@type\":\"ListItem\",\"position\":1,\"name\":\"\",\"item\":\"https:\/\/oikon.hr\/hr\/\"},{\"@type\":\"ListItem\",\"position\":2,\"name\":\"Usluge za odr\u017eivost\",\"item\":\"https:\/\/oikon.hr\/hr\/usluge-za-odrzivost\/\"},{\"@type\":\"ListItem\",\"position\":3,\"name\":\"Usluge Oikon MEA\"}]},{\"@type\":\"WebSite\",\"@id\":\"https:\/\/oikon.hr\/#website\",\"url\":\"https:\/\/oikon.hr\/\",\"name\":\"Oikon d.o.o.\",\"description\":\"Institut za primijenjenu ekologiju\",\"publisher\":{\"@id\":\"https:\/\/oikon.hr\/#organization\"},\"alternateName\":\"OIKON\",\"potentialAction\":[{\"@type\":\"SearchAction\",\"target\":{\"@type\":\"EntryPoint\",\"urlTemplate\":\"https:\/\/oikon.hr\/?s={search_term_string}\"},\"query-input\":{\"@type\":\"PropertyValueSpecification\",\"valueRequired\":true,\"valueName\":\"search_term_string\"}}],\"inLanguage\":\"hr-HR\"},{\"@type\":\"Organization\",\"@id\":\"https:\/\/oikon.hr\/#organization\",\"name\":\"Oikon d.o.o. - Institut za primijenjenu ekologiju\",\"alternateName\":\"OIKON\",\"url\":\"https:\/\/oikon.hr\/\",\"logo\":{\"@type\":\"ImageObject\",\"inLanguage\":\"hr-HR\",\"@id\":\"https:\/\/oikon.hr\/#\/schema\/logo\/image\/\",\"url\":\"https:\/\/oikon.hr\/cms\/wp-content\/uploads\/2021\/01\/OIKON_R_logo_transparent.png\",\"contentUrl\":\"https:\/\/oikon.hr\/cms\/wp-content\/uploads\/2021\/01\/OIKON_R_logo_transparent.png\",\"width\":1660,\"height\":541,\"caption\":\"Oikon d.o.o. - Institut za primijenjenu ekologiju\"},\"image\":{\"@id\":\"https:\/\/oikon.hr\/#\/schema\/logo\/image\/\"},\"sameAs\":[\"http:\/\/www.facebook.com\/OikonLtd\/\",\"https:\/\/x.com\/OikonLtd\",\"https:\/\/www.instagram.com\/oikon_ltd\/\",\"https:\/\/www.linkedin.com\/company\/oikon---institute-for-applied-technology\/\",\"https:\/\/www.youtube.com\/channel\/UCu_eJ0ct90AEN8D85KWcRHQ\"]}]}<\/script>\n<!-- \/ Yoast SEO plugin. -->","yoast_head_json":{"title":"Usluge Oikon MEA &#8211; Oikon d.o.o.","description":"GAP analiza zahtjeva ISSB-a\/IFRS standarda i\/ili regulatornih zahtjeva EU-a u pogledu odr\u017eivosti i sada\u0161njeg stanja izvje\u0161tavanja (na primjer,","robots":{"index":"index","follow":"follow","max-snippet":"max-snippet:-1","max-image-preview":"max-image-preview:large","max-video-preview":"max-video-preview:-1"},"canonical":"https:\/\/oikon.hr\/hr\/usluge-za-odrzivost\/usluge-oikon-mea\/","og_locale":"hr_HR","og_type":"article","og_title":"Usluge Oikon MEA &#8211; Oikon d.o.o.","og_description":"GAP analiza zahtjeva ISSB-a\/IFRS standarda i\/ili regulatornih zahtjeva EU-a u pogledu odr\u017eivosti i sada\u0161njeg stanja izvje\u0161tavanja (na primjer,","og_url":"https:\/\/oikon.hr\/hr\/usluge-za-odrzivost\/usluge-oikon-mea\/","og_site_name":"Oikon d.o.o.","article_publisher":"http:\/\/www.facebook.com\/OikonLtd\/","article_modified_time":"2024-03-05T08:28:47+00:00","og_image":[{"url":"https:\/\/oikon.hr\/cms\/wp-content\/uploads\/2023\/12\/OIKON-MEA-RGB-300x87.png","type":"","width":"","height":""}],"twitter_card":"summary_large_image","twitter_site":"@OikonLtd","twitter_misc":{"Est. reading time":"1 minute"},"schema":{"@context":"https:\/\/schema.org","@graph":[{"@type":"WebPage","@id":"https:\/\/oikon.hr\/hr\/usluge-za-odrzivost\/usluge-oikon-mea\/","url":"https:\/\/oikon.hr\/hr\/usluge-za-odrzivost\/usluge-oikon-mea\/","name":"Usluge Oikon MEA &#8211; Oikon d.o.o.","isPartOf":{"@id":"https:\/\/oikon.hr\/#website"},"primaryImageOfPage":{"@id":"https:\/\/oikon.hr\/hr\/usluge-za-odrzivost\/usluge-oikon-mea\/#primaryimage"},"image":{"@id":"https:\/\/oikon.hr\/hr\/usluge-za-odrzivost\/usluge-oikon-mea\/#primaryimage"},"thumbnailUrl":"https:\/\/oikon.hr\/cms\/wp-content\/uploads\/2023\/12\/OIKON-MEA-RGB-300x87.png","datePublished":"2023-11-23T14:44:12+00:00","dateModified":"2024-03-05T08:28:47+00:00","description":"GAP analiza zahtjeva ISSB-a\/IFRS standarda i\/ili regulatornih zahtjeva EU-a u pogledu odr\u017eivosti i sada\u0161njeg stanja izvje\u0161tavanja (na primjer,","breadcrumb":{"@id":"https:\/\/oikon.hr\/hr\/usluge-za-odrzivost\/usluge-oikon-mea\/#breadcrumb"},"inLanguage":"hr-HR","potentialAction":[{"@type":"ReadAction","target":["https:\/\/oikon.hr\/hr\/usluge-za-odrzivost\/usluge-oikon-mea\/"]}]},{"@type":"ImageObject","inLanguage":"hr-HR","@id":"https:\/\/oikon.hr\/hr\/usluge-za-odrzivost\/usluge-oikon-mea\/#primaryimage","url":"https:\/\/oikon.hr\/cms\/wp-content\/uploads\/2023\/12\/OIKON-MEA-RGB-300x87.png","contentUrl":"https:\/\/oikon.hr\/cms\/wp-content\/uploads\/2023\/12\/OIKON-MEA-RGB-300x87.png"},{"@type":"BreadcrumbList","@id":"https:\/\/oikon.hr\/hr\/usluge-za-odrzivost\/usluge-oikon-mea\/#breadcrumb","itemListElement":[{"@type":"ListItem","position":1,"name":"","item":"https:\/\/oikon.hr\/hr\/"},{"@type":"ListItem","position":2,"name":"Usluge za odr\u017eivost","item":"https:\/\/oikon.hr\/hr\/usluge-za-odrzivost\/"},{"@type":"ListItem","position":3,"name":"Usluge Oikon MEA"}]},{"@type":"WebSite","@id":"https:\/\/oikon.hr\/#website","url":"https:\/\/oikon.hr\/","name":"Oikon d.o.o.","description":"Institut za primijenjenu ekologiju","publisher":{"@id":"https:\/\/oikon.hr\/#organization"},"alternateName":"OIKON","potentialAction":[{"@type":"SearchAction","target":{"@type":"EntryPoint","urlTemplate":"https:\/\/oikon.hr\/?s={search_term_string}"},"query-input":{"@type":"PropertyValueSpecification","valueRequired":true,"valueName":"search_term_string"}}],"inLanguage":"hr-HR"},{"@type":"Organization","@id":"https:\/\/oikon.hr\/#organization","name":"Oikon d.o.o. - Institut za primijenjenu ekologiju","alternateName":"OIKON","url":"https:\/\/oikon.hr\/","logo":{"@type":"ImageObject","inLanguage":"hr-HR","@id":"https:\/\/oikon.hr\/#\/schema\/logo\/image\/","url":"https:\/\/oikon.hr\/cms\/wp-content\/uploads\/2021\/01\/OIKON_R_logo_transparent.png","contentUrl":"https:\/\/oikon.hr\/cms\/wp-content\/uploads\/2021\/01\/OIKON_R_logo_transparent.png","width":1660,"height":541,"caption":"Oikon d.o.o. - Institut za primijenjenu ekologiju"},"image":{"@id":"https:\/\/oikon.hr\/#\/schema\/logo\/image\/"},"sameAs":["http:\/\/www.facebook.com\/OikonLtd\/","https:\/\/x.com\/OikonLtd","https:\/\/www.instagram.com\/oikon_ltd\/","https:\/\/www.linkedin.com\/company\/oikon---institute-for-applied-technology\/","https:\/\/www.youtube.com\/channel\/UCu_eJ0ct90AEN8D85KWcRHQ"]}]}},"_links":{"self":[{"href":"https:\/\/oikon.hr\/hr\/wp-json\/wp\/v2\/pages\/9846","targetHints":{"allow":["GET"]}}],"collection":[{"href":"https:\/\/oikon.hr\/hr\/wp-json\/wp\/v2\/pages"}],"about":[{"href":"https:\/\/oikon.hr\/hr\/wp-json\/wp\/v2\/types\/page"}],"author":[{"embeddable":true,"href":"https:\/\/oikon.hr\/hr\/wp-json\/wp\/v2\/users\/2"}],"replies":[{"embeddable":true,"href":"https:\/\/oikon.hr\/hr\/wp-json\/wp\/v2\/comments?post=9846"}],"version-history":[{"count":2,"href":"https:\/\/oikon.hr\/hr\/wp-json\/wp\/v2\/pages\/9846\/revisions"}],"predecessor-version":[{"id":10533,"href":"https:\/\/oikon.hr\/hr\/wp-json\/wp\/v2\/pages\/9846\/revisions\/10533"}],"up":[{"embeddable":true,"href":"https:\/\/oikon.hr\/hr\/wp-json\/wp\/v2\/pages\/9717"}],"wp:attachment":[{"href":"https:\/\/oikon.hr\/hr\/wp-json\/wp\/v2\/media?parent=9846"}],"curies":[{"name":"wp","href":"https:\/\/api.w.org\/{rel}","templated":true}]}}